{"id":1379,"date":"2025-03-24T09:17:22","date_gmt":"2025-03-24T07:17:22","guid":{"rendered":"https:\/\/elicsgroup.com\/?post_type=product&#038;p=1379"},"modified":"2025-07-31T17:16:19","modified_gmt":"2025-07-31T14:16:19","slug":"simatic-s7-1500f-cpu-1515f-2-pn-6es7515-2fn03-0ab0","status":"publish","type":"product","link":"https:\/\/elicsgroup.com\/en\/produktas\/simatic-s7-1500f-cpu-1515f-2-pn-6es7515-2fn03-0ab0\/","title":{"rendered":"SIMATIC S7-1500F, CPU 1515F-2 PN 6ES7515-2FN03-0AB0"},"content":{"rendered":"<p>D\u0117l kainos kreipkit\u0117s vytautas.jencius@elicsgroup.com ir pateiksime Jums geriausi\u0105 kainos pasi\u016blym\u0105.<\/p>\n","protected":false},"excerpt":{"rendered":"<p>D\u0117l kainos kreipkit\u0117s vytautas.jencius@elicsgroup.com ir pateiksime Jums geriausi\u0105 kainos pasi\u016blym\u0105.<\/p>\n","protected":false},"featured_media":1394,"menu_order":147,"comment_status":"closed","ping_status":"closed","template":"","meta":{"_acf_changed":false},"product_brand":[],"product_cat":[58],"product_tag":[],"class_list":{"0":"post-1379","1":"product","2":"type-product","3":"status-publish","4":"has-post-thumbnail","6":"product_cat-s-1500","8":"first","9":"onbackorder","10":"shipping-taxable","11":"product-type-simple"},"acf":[],"_links":{"self":[{"href":"https:\/\/elicsgroup.com\/en\/wp-json\/wp\/v2\/product\/1379","targetHints":{"allow":["GET"]}}],"collection":[{"href":"https:\/\/elicsgroup.com\/en\/wp-json\/wp\/v2\/product"}],"about":[{"href":"https:\/\/elicsgroup.com\/en\/wp-json\/wp\/v2\/types\/product"}],"replies":[{"embeddable":true,"href":"https:\/\/elicsgroup.com\/en\/wp-json\/wp\/v2\/comments?post=1379"}],"wp:featuredmedia":[{"embeddable":true,"href":"https:\/\/elicsgroup.com\/en\/wp-json\/wp\/v2\/media\/1394"}],"wp:attachment":[{"href":"https:\/\/elicsgroup.com\/en\/wp-json\/wp\/v2\/media?parent=1379"}],"wp:term":[{"taxonomy":"product_brand","embeddable":true,"href":"https:\/\/elicsgroup.com\/en\/wp-json\/wp\/v2\/product_brand?post=1379"},{"taxonomy":"product_cat","embeddable":true,"href":"https:\/\/elicsgroup.com\/en\/wp-json\/wp\/v2\/product_cat?post=1379"},{"taxonomy":"product_tag","embeddable":true,"href":"https:\/\/elicsgroup.com\/en\/wp-json\/wp\/v2\/product_tag?post=1379"}],"curies":[{"name":"wp","href":"https:\/\/api.w.org\/{rel}","templated":true}]}}