{"id":1367,"date":"2025-03-24T09:17:21","date_gmt":"2025-03-24T07:17:21","guid":{"rendered":"https:\/\/elicsgroup.com\/?post_type=product&#038;p=1367"},"modified":"2025-07-31T17:16:13","modified_gmt":"2025-07-31T14:16:13","slug":"simatic-hmi-ktp700-basic-basic-panel-key-touch-operation-7-tft-display-6av2123-2gb03-0ax0","status":"publish","type":"product","link":"https:\/\/elicsgroup.com\/en\/produktas\/simatic-hmi-ktp700-basic-basic-panel-key-touch-operation-7-tft-display-6av2123-2gb03-0ax0\/","title":{"rendered":"SIMATIC HMI, KTP700 Basic, Basic Panel, Key\/touch operation, 7&#8243; TFT display 6AV2123-2GB03-0AX0"},"content":{"rendered":"<p>D\u0117l kainos kreipkit\u0117s vytautas.jencius@elicsgroup.com ir pateiksime Jums geriausi\u0105 kainos pasi\u016blym\u0105.<\/p>\n","protected":false},"excerpt":{"rendered":"<p>D\u0117l kainos kreipkit\u0117s vytautas.jencius@elicsgroup.com ir pateiksime Jums geriausi\u0105 kainos pasi\u016blym\u0105.<\/p>\n","protected":false},"featured_media":1392,"menu_order":84,"comment_status":"closed","ping_status":"closed","template":"","meta":{"_acf_changed":false},"product_brand":[],"product_cat":[57],"product_tag":[],"class_list":{"0":"post-1367","1":"product","2":"type-product","3":"status-publish","4":"has-post-thumbnail","6":"product_cat-hmi","8":"first","9":"onbackorder","10":"shipping-taxable","11":"product-type-simple"},"acf":[],"_links":{"self":[{"href":"https:\/\/elicsgroup.com\/en\/wp-json\/wp\/v2\/product\/1367","targetHints":{"allow":["GET"]}}],"collection":[{"href":"https:\/\/elicsgroup.com\/en\/wp-json\/wp\/v2\/product"}],"about":[{"href":"https:\/\/elicsgroup.com\/en\/wp-json\/wp\/v2\/types\/product"}],"replies":[{"embeddable":true,"href":"https:\/\/elicsgroup.com\/en\/wp-json\/wp\/v2\/comments?post=1367"}],"wp:featuredmedia":[{"embeddable":true,"href":"https:\/\/elicsgroup.com\/en\/wp-json\/wp\/v2\/media\/1392"}],"wp:attachment":[{"href":"https:\/\/elicsgroup.com\/en\/wp-json\/wp\/v2\/media?parent=1367"}],"wp:term":[{"taxonomy":"product_brand","embeddable":true,"href":"https:\/\/elicsgroup.com\/en\/wp-json\/wp\/v2\/product_brand?post=1367"},{"taxonomy":"product_cat","embeddable":true,"href":"https:\/\/elicsgroup.com\/en\/wp-json\/wp\/v2\/product_cat?post=1367"},{"taxonomy":"product_tag","embeddable":true,"href":"https:\/\/elicsgroup.com\/en\/wp-json\/wp\/v2\/product_tag?post=1367"}],"curies":[{"name":"wp","href":"https:\/\/api.w.org\/{rel}","templated":true}]}}