{"id":1358,"date":"2025-03-24T09:17:21","date_gmt":"2025-03-24T07:17:21","guid":{"rendered":"https:\/\/elicsgroup.com\/?post_type=product&#038;p=1358"},"modified":"2025-07-31T17:16:10","modified_gmt":"2025-07-31T14:16:10","slug":"simatic-et-200mp-profinet-io-device-interface-module-im-155-5-pn-ba-for-et-200mp-electronic-modules-up-to-12-io-modules-6es7155-5aa00-0aa0","status":"publish","type":"product","link":"https:\/\/elicsgroup.com\/en\/produktas\/simatic-et-200mp-profinet-io-device-interface-module-im-155-5-pn-ba-for-et-200mp-electronic-modules-up-to-12-io-modules-6es7155-5aa00-0aa0\/","title":{"rendered":"SIMATIC ET 200MP PROFINET IO device Interface module IM 155-5 PN BA for ET 200MP electronic modules; up to 12 IO modules 6ES7155-5AA00-0AA0"},"content":{"rendered":"<p>D\u0117l kainos kreipkit\u0117s vytautas.jencius@elicsgroup.com ir pateiksime Jums geriausi\u0105 kainos pasi\u016blym\u0105.<\/p>\n","protected":false},"excerpt":{"rendered":"<p>D\u0117l kainos kreipkit\u0117s vytautas.jencius@elicsgroup.com ir pateiksime Jums geriausi\u0105 kainos pasi\u016blym\u0105.<\/p>\n","protected":false},"featured_media":1388,"menu_order":60,"comment_status":"closed","ping_status":"closed","template":"","meta":{"_acf_changed":false},"product_brand":[],"product_cat":[56],"product_tag":[],"class_list":{"0":"post-1358","1":"product","2":"type-product","3":"status-publish","4":"has-post-thumbnail","6":"product_cat-simatic-et-200","8":"first","9":"onbackorder","10":"shipping-taxable","11":"product-type-simple"},"acf":[],"_links":{"self":[{"href":"https:\/\/elicsgroup.com\/en\/wp-json\/wp\/v2\/product\/1358","targetHints":{"allow":["GET"]}}],"collection":[{"href":"https:\/\/elicsgroup.com\/en\/wp-json\/wp\/v2\/product"}],"about":[{"href":"https:\/\/elicsgroup.com\/en\/wp-json\/wp\/v2\/types\/product"}],"replies":[{"embeddable":true,"href":"https:\/\/elicsgroup.com\/en\/wp-json\/wp\/v2\/comments?post=1358"}],"wp:featuredmedia":[{"embeddable":true,"href":"https:\/\/elicsgroup.com\/en\/wp-json\/wp\/v2\/media\/1388"}],"wp:attachment":[{"href":"https:\/\/elicsgroup.com\/en\/wp-json\/wp\/v2\/media?parent=1358"}],"wp:term":[{"taxonomy":"product_brand","embeddable":true,"href":"https:\/\/elicsgroup.com\/en\/wp-json\/wp\/v2\/product_brand?post=1358"},{"taxonomy":"product_cat","embeddable":true,"href":"https:\/\/elicsgroup.com\/en\/wp-json\/wp\/v2\/product_cat?post=1358"},{"taxonomy":"product_tag","embeddable":true,"href":"https:\/\/elicsgroup.com\/en\/wp-json\/wp\/v2\/product_tag?post=1358"}],"curies":[{"name":"wp","href":"https:\/\/api.w.org\/{rel}","templated":true}]}}