{"id":1355,"date":"2025-03-24T09:17:21","date_gmt":"2025-03-24T07:17:21","guid":{"rendered":"https:\/\/elicsgroup.com\/?post_type=product&#038;p=1355"},"modified":"2025-07-31T17:16:10","modified_gmt":"2025-07-31T14:16:10","slug":"simatic-dp-electronic-module-et-200sp-f-dq-8x24vdc-0-5a-pp-hf-15-mm-width-up-to-pl-e-iso-13849-up-to-sil-3-iec-61508-6es7136-6dc00-0ca0","status":"publish","type":"product","link":"https:\/\/elicsgroup.com\/en\/produktas\/simatic-dp-electronic-module-et-200sp-f-dq-8x24vdc-0-5a-pp-hf-15-mm-width-up-to-pl-e-iso-13849-up-to-sil-3-iec-61508-6es7136-6dc00-0ca0\/","title":{"rendered":"SIMATIC DP, electronic module ET 200SP, F-DQ 8x24VDC\/0.5A PP HF, 15 mm width, up to PL E (ISO 13849) up to SIL 3 (IEC 61508)  6ES7136-6DC00-0CA0"},"content":{"rendered":"<p>D\u0117l kainos kreipkit\u0117s vytautas.jencius@elicsgroup.com ir pateiksime Jums geriausi\u0105 kainos pasi\u016blym\u0105.<\/p>\n","protected":false},"excerpt":{"rendered":"<p>D\u0117l kainos kreipkit\u0117s vytautas.jencius@elicsgroup.com ir pateiksime Jums geriausi\u0105 kainos pasi\u016blym\u0105.<\/p>\n","protected":false},"featured_media":1385,"menu_order":58,"comment_status":"closed","ping_status":"closed","template":"","meta":{"_acf_changed":false},"product_brand":[],"product_cat":[56],"product_tag":[],"class_list":{"0":"post-1355","1":"product","2":"type-product","3":"status-publish","4":"has-post-thumbnail","6":"product_cat-simatic-et-200","8":"first","9":"onbackorder","10":"shipping-taxable","11":"product-type-simple"},"acf":[],"_links":{"self":[{"href":"https:\/\/elicsgroup.com\/en\/wp-json\/wp\/v2\/product\/1355","targetHints":{"allow":["GET"]}}],"collection":[{"href":"https:\/\/elicsgroup.com\/en\/wp-json\/wp\/v2\/product"}],"about":[{"href":"https:\/\/elicsgroup.com\/en\/wp-json\/wp\/v2\/types\/product"}],"replies":[{"embeddable":true,"href":"https:\/\/elicsgroup.com\/en\/wp-json\/wp\/v2\/comments?post=1355"}],"wp:featuredmedia":[{"embeddable":true,"href":"https:\/\/elicsgroup.com\/en\/wp-json\/wp\/v2\/media\/1385"}],"wp:attachment":[{"href":"https:\/\/elicsgroup.com\/en\/wp-json\/wp\/v2\/media?parent=1355"}],"wp:term":[{"taxonomy":"product_brand","embeddable":true,"href":"https:\/\/elicsgroup.com\/en\/wp-json\/wp\/v2\/product_brand?post=1355"},{"taxonomy":"product_cat","embeddable":true,"href":"https:\/\/elicsgroup.com\/en\/wp-json\/wp\/v2\/product_cat?post=1355"},{"taxonomy":"product_tag","embeddable":true,"href":"https:\/\/elicsgroup.com\/en\/wp-json\/wp\/v2\/product_tag?post=1355"}],"curies":[{"name":"wp","href":"https:\/\/api.w.org\/{rel}","templated":true}]}}