{"id":1317,"date":"2025-03-24T09:17:11","date_gmt":"2025-03-24T07:17:11","guid":{"rendered":"https:\/\/elicsgroup.com\/?post_type=product&#038;p=1317"},"modified":"2025-07-31T17:16:26","modified_gmt":"2025-07-31T14:16:26","slug":"rysio-modulis-ethernet-ip-fk1300","status":"publish","type":"product","link":"https:\/\/elicsgroup.com\/en\/produktas\/rysio-modulis-ethernet-ip-fk1300\/","title":{"rendered":"Ry\u0161io modulis EtherNet\/IP FK1300"},"content":{"rendered":"<p>Funkcijos:<\/p>\n<p>Efektyvus: visi\u0161kai atnaujinta F-BUS magistral\u0117 su 100 megabit\u0173 ry\u0161io sparta sukuria auk\u0161to lygio realaus laiko ry\u0161io sistem\u0105.<\/p>\n<p>Patikimas: tvirtas sujungimas naudojant aukso padengimo b\u016bd\u0105 u\u017etikrina stabil\u0173 ir patikim\u0105 signalo perdavim\u0105.<\/p>\n<p>Kompakti\u0161kas: itin plonas dizainas padeda sutaupyti vietos spintoje.<\/p>\n<p>Greitas prijungimas be \u012franki\u0173: PUSH IN sujungimo technologija leid\u017eia lengvai montuoti be joki\u0173 \u012franki\u0173, o laid\u0173 efektyvumas 70 % geresnis, palyginti su var\u017etiniais gnybtais, efektyviai suma\u017einant montavimo laik\u0105 ir kartu u\u017etikrinant ger\u0105 patikimum\u0105.<\/p>\n<p>Ai\u0161kus identifikavimas: skirtingi moduliai i\u0161siskiria spalv\u0173 blokais ir pagalbiniais kodais, tod\u0117l identifikavimas ir pad\u0117ties nustatymas yra tikslesnis ir patogesnis.<\/p>\n<p>Kanalo lygio diagnostika\uff1aKiekvienas kanalas turi b\u016bsenos indikatoriaus lemput\u0119, o kiekvienas modulis gali savaranki\u0161kai rodyti savo darbo b\u016bsen\u0105. Veikimo b\u016bsena ir informacija apie gedimus yra ai\u0161ki i\u0161 pirmo \u017evilgsnio.<\/p>\n<p>CE ir RoHS deklaracijos.<\/p>\n<p>Tinka naudoti su \u012fvari\u0173 gamintoj\u0173 valdikliais.<\/p>\n<p>Produkt\u0173 katalogas: <a href=\"https:\/\/eshop.elicsgroup.com\/wp-content\/uploads\/Flex-Series-IO-System-Catalog_V1.5.pdf\">Flex Series IO System Catalog_V1.5<\/a><\/p>\n<p>Technin\u0117 specifikacija: <a href=\"https:\/\/eshop.elicsgroup.com\/wp-content\/uploads\/INVT-Flex-Series-IO-System-Manual-V1.0.pdf\">INVT Flex Series IO System Manual-V1.0<\/a><\/p>\n<table dir=\"ltr\" border=\"1\" cellspacing=\"0\" cellpadding=\"0\" data-sheets-root=\"1\">\n<colgroup>\n<col width=\"138\" \/>\n<col width=\"179\" \/>\n<col width=\"172\" \/>\n<col width=\"352\" \/><\/colgroup>\n<tbody>\n<tr>\n<td style=\"text-align: center;\" colspan=\"4\" rowspan=\"1\" data-sheets-value=\"{&quot;1&quot;:2,&quot;2&quot;:&quot;FK1300&quot;}\">FK1300<\/td>\n<\/tr>\n<tr>\n<td data-sheets-value=\"{&quot;1&quot;:2,&quot;2&quot;:&quot;Product type&quot;}\">Product type<\/td>\n<td colspan=\"3\" rowspan=\"1\" data-sheets-value=\"{&quot;1&quot;:2,&quot;2&quot;:&quot;EtherNet\/IP communication coupler&quot;}\">EtherNet\/IP communication coupler<\/td>\n<\/tr>\n<tr>\n<td colspan=\"1\" rowspan=\"4\" data-sheets-value=\"{&quot;1&quot;:2,&quot;2&quot;:&quot;Power supply&quot;}\">\n<div>Power supply<\/div>\n<\/td>\n<td data-sheets-value=\"{&quot;1&quot;:2,&quot;2&quot;:&quot;Rated voltage&quot;}\">Rated voltage<\/td>\n<td colspan=\"2\" rowspan=\"1\" data-sheets-value=\"{&quot;1&quot;:2,&quot;2&quot;:&quot;24VDC (-15% \u2013 +20%)&quot;}\">24VDC (-15% \u2013 +20%)<\/td>\n<\/tr>\n<tr>\n<td data-sheets-value=\"{&quot;1&quot;:2,&quot;2&quot;:&quot;Power consumption rnof module&quot;}\">Power consumption<br \/>\nof module<\/td>\n<td colspan=\"2\" rowspan=\"1\" data-sheets-value=\"{&quot;1&quot;:2,&quot;2&quot;:&quot;&lt;10W&quot;}\">&lt;10W<\/td>\n<\/tr>\n<tr>\n<td data-sheets-value=\"{&quot;1&quot;:2,&quot;2&quot;:&quot;Isolation&quot;}\">Isolation<\/td>\n<td colspan=\"2\" rowspan=\"1\" data-sheets-value=\"{&quot;1&quot;:2,&quot;2&quot;:&quot;No isolation&quot;}\">No isolation<\/td>\n<\/tr>\n<tr>\n<td data-sheets-value=\"{&quot;1&quot;:2,&quot;2&quot;:&quot;Power supply rnprotection&quot;}\">Power supply<br \/>\nprotection<\/td>\n<td colspan=\"2\" rowspan=\"1\" data-sheets-value=\"{&quot;1&quot;:2,&quot;2&quot;:&quot;Protection against reverse connection, overcurrent, and surges&quot;}\">Protection against reverse connection, overcurrent, and surges<\/td>\n<\/tr>\n<tr>\n<td colspan=\"1\" rowspan=\"18\" data-sheets-value=\"{&quot;1&quot;:2,&quot;2&quot;:&quot;Interface&quot;}\">\n<div>Interface<\/div>\n<\/td>\n<td data-sheets-value=\"{&quot;1&quot;:2,&quot;2&quot;:&quot;USB2.0&quot;}\">USB2.0<\/td>\n<td colspan=\"2\" rowspan=\"1\" data-sheets-value=\"{&quot;1&quot;:2,&quot;2&quot;:&quot;\u00d71,used for module upgrade&quot;}\">\u00d71, used for module upgrade<\/td>\n<\/tr>\n<tr>\n<td data-sheets-value=\"{&quot;1&quot;:2,&quot;2&quot;:&quot;RJ45&quot;}\">RJ45<\/td>\n<td colspan=\"2\" rowspan=\"1\" data-sheets-value=\"{&quot;1&quot;:2,&quot;2&quot;:&quot;\u00d72, EtherNet\/IP P1&amp;P2&quot;}\">\u00d72, EtherNet\/IP P1&amp;P2<\/td>\n<\/tr>\n<tr>\n<td colspan=\"1\" rowspan=\"14\" data-sheets-value=\"{&quot;1&quot;:2,&quot;2&quot;:&quot;EtherNet\/IP slave&quot;}\">\n<div>EtherNet\/IP slave<\/div>\n<\/td>\n<td data-sheets-value=\"{&quot;1&quot;:2,&quot;2&quot;:&quot;Physical layer&quot;}\">Physical layer<\/td>\n<td data-sheets-value=\"{&quot;1&quot;:2,&quot;2&quot;:&quot;100BASE-TX&quot;}\">100BASE-TX<\/td>\n<\/tr>\n<tr>\n<td data-sheets-value=\"{&quot;1&quot;:2,&quot;2&quot;:&quot;Baud rate&quot;}\">Baud rate<\/td>\n<td data-sheets-value=\"{&quot;1&quot;:2,&quot;2&quot;:&quot;100Mbit\/s&quot;}\">100Mbit\/s<\/td>\n<\/tr>\n<tr>\n<td data-sheets-value=\"{&quot;1&quot;:2,&quot;2&quot;:&quot;Output distance&quot;}\">Output distance<\/td>\n<td data-sheets-value=\"{&quot;1&quot;:2,&quot;2&quot;:&quot;Less than 100m between two nodes&quot;}\">Less than 100m between two nodes<\/td>\n<\/tr>\n<tr>\n<td data-sheets-value=\"{&quot;1&quot;:2,&quot;2&quot;:&quot;Transmission mode&quot;}\">Transmission mode<\/td>\n<td data-sheets-value=\"{&quot;1&quot;:2,&quot;2&quot;:&quot;Full duplex&quot;}\">Full duplex<\/td>\n<\/tr>\n<tr>\n<td data-sheets-value=\"{&quot;1&quot;:2,&quot;2&quot;:&quot;Topology structure&quot;}\">Topology structure<\/td>\n<td data-sheets-value=\"{&quot;1&quot;:2,&quot;2&quot;:&quot;Linear, star-shape, tree-shape&quot;}\">Linear, star-shape, tree-shape<\/td>\n<\/tr>\n<tr>\n<td data-sheets-value=\"{&quot;1&quot;:2,&quot;2&quot;:&quot;Communication protocol&quot;}\">Communication protocol<\/td>\n<td data-sheets-value=\"{&quot;1&quot;:2,&quot;2&quot;:&quot;EtherNet\/IP&quot;}\">EtherNet\/IP<\/td>\n<\/tr>\n<tr>\n<td data-sheets-value=\"{&quot;1&quot;:2,&quot;2&quot;:&quot;Max input length&quot;}\">Max input length<\/td>\n<td data-sheets-value=\"{&quot;1&quot;:2,&quot;2&quot;:&quot;504 bytes&quot;}\">504 bytes<\/td>\n<\/tr>\n<tr>\n<td data-sheets-value=\"{&quot;1&quot;:2,&quot;2&quot;:&quot;Max output length&quot;}\">Max output length<\/td>\n<td data-sheets-value=\"{&quot;1&quot;:2,&quot;2&quot;:&quot;504 bytes&quot;}\">504 bytes<\/td>\n<\/tr>\n<tr>\n<td data-sheets-value=\"{&quot;1&quot;:2,&quot;2&quot;:&quot;Process data zone&quot;}\">Process data zone<\/td>\n<td data-sheets-value=\"{&quot;1&quot;:2,&quot;2&quot;:&quot;Input max. 1440 bytes, output max. 1440 bytes; IM0-IM3&quot;}\">Input max. 1440 bytes, output max. 1440 bytes; IM0-IM3<\/td>\n<\/tr>\n<tr>\n<td data-sheets-value=\"{&quot;1&quot;:2,&quot;2&quot;:&quot;Max number of explicit rnmessage connections&quot;}\">Max number of explicit<br \/>\nmessage connections<\/td>\n<td data-sheets-value=\"{&quot;1&quot;:3,&quot;3&quot;:6}\">6<\/td>\n<\/tr>\n<tr>\n<td data-sheets-value=\"{&quot;1&quot;:2,&quot;2&quot;:&quot;Max number of implicit rnmessage connections&quot;}\">Max number of implicit<br \/>\nmessage connections<\/td>\n<td data-sheets-value=\"{&quot;1&quot;:3,&quot;3&quot;:3}\">3<\/td>\n<\/tr>\n<tr>\n<td data-sheets-value=\"{&quot;1&quot;:2,&quot;2&quot;:&quot;Max number of CIP rnconnections&quot;}\">Max number of CIP<br \/>\nconnections<\/td>\n<td data-sheets-value=\"{&quot;1&quot;:3,&quot;3&quot;:6}\">6<\/td>\n<\/tr>\n<tr>\n<td data-sheets-value=\"{&quot;1&quot;:2,&quot;2&quot;:&quot;Min. request packet rninterval (RPI)&quot;}\">Min. request packet<br \/>\ninterval (RPI)<\/td>\n<td data-sheets-value=\"{&quot;1&quot;:2,&quot;2&quot;:&quot;1ms&quot;}\">1ms<\/td>\n<\/tr>\n<tr>\n<td data-sheets-value=\"{&quot;1&quot;:2,&quot;2&quot;:&quot;Alarm\/Diagnosis status rninformation&quot;}\">Alarm\/Diagnosis status<br \/>\ninformation<\/td>\n<td data-sheets-value=\"{&quot;1&quot;:2,&quot;2&quot;:&quot;Supporting the upload of function codes rnfrom the local to the PLC&quot;}\">Supporting the upload of function codes<br \/>\nfrom the local to the PLC<\/td>\n<\/tr>\n<tr>\n<td colspan=\"1\" rowspan=\"2\" data-sheets-value=\"{&quot;1&quot;:2,&quot;2&quot;:&quot;Expansion bus&quot;}\">\n<div>Expansion bus<\/div>\n<\/td>\n<td data-sheets-value=\"{&quot;1&quot;:2,&quot;2&quot;:&quot;Number of I\/O expansions&quot;}\">Number of I\/O expansions<\/td>\n<td data-sheets-value=\"{&quot;1&quot;:2,&quot;2&quot;:&quot;Up to 16,which depends on the actual rnpower consumption calculation&quot;}\">Up to 16, which depends on the actual<br \/>\npower consumption calculation<\/td>\n<\/tr>\n<tr>\n<td data-sheets-value=\"{&quot;1&quot;:2,&quot;2&quot;:&quot;Output power supply&quot;}\">Output power supply<\/td>\n<td data-sheets-value=\"{&quot;1&quot;:2,&quot;2&quot;:&quot;5V\/3.5A&quot;}\">5V\/3.5A<\/td>\n<\/tr>\n<tr>\n<td data-sheets-value=\"{&quot;1&quot;:2,&quot;2&quot;:&quot;Certification&quot;}\">Certification<\/td>\n<td colspan=\"3\" rowspan=\"1\" data-sheets-value=\"{&quot;1&quot;:2,&quot;2&quot;:&quot;CE, RoHS&quot;}\">CE, RoHS<\/td>\n<\/tr>\n<tr>\n<td colspan=\"1\" rowspan=\"11\" data-sheets-value=\"{&quot;1&quot;:2,&quot;2&quot;:&quot;Environment&quot;}\">\n<div>Environment<\/div>\n<\/td>\n<td data-sheets-value=\"{&quot;1&quot;:2,&quot;2&quot;:&quot;IP rating&quot;}\">IP rating<\/td>\n<td colspan=\"2\" rowspan=\"1\" data-sheets-value=\"{&quot;1&quot;:2,&quot;2&quot;:&quot;IP20&quot;}\">IP20<\/td>\n<\/tr>\n<tr>\n<td data-sheets-value=\"{&quot;1&quot;:2,&quot;2&quot;:&quot;Working temperature&quot;}\">Working temperature<\/td>\n<td colspan=\"2\" rowspan=\"1\" data-sheets-value=\"{&quot;1&quot;:2,&quot;2&quot;:&quot;-25\u2103\u201355\u2103&quot;}\">-25\u2103\u201355\u2103<\/td>\n<\/tr>\n<tr>\n<td data-sheets-value=\"{&quot;1&quot;:2,&quot;2&quot;:&quot;Working humidity&quot;}\">Working humidity<\/td>\n<td colspan=\"2\" rowspan=\"1\" data-sheets-value=\"{&quot;1&quot;:2,&quot;2&quot;:&quot;10%\u201395%RH (no condensation)&quot;}\">10%\u201395%RH (no condensation)<\/td>\n<\/tr>\n<tr>\n<td data-sheets-value=\"{&quot;1&quot;:2,&quot;2&quot;:&quot;Air&quot;}\">Air<\/td>\n<td colspan=\"2\" rowspan=\"1\" data-sheets-value=\"{&quot;1&quot;:2,&quot;2&quot;:&quot;No corrosive gas&quot;}\">No corrosive gas<\/td>\n<\/tr>\n<tr>\n<td data-sheets-value=\"{&quot;1&quot;:2,&quot;2&quot;:&quot;Storage temperature&quot;}\">Storage temperature<\/td>\n<td colspan=\"2\" rowspan=\"1\" data-sheets-value=\"{&quot;1&quot;:2,&quot;2&quot;:&quot;-40\u2103\u201370\u2103 (RH&lt;90%RH, no condensation)&quot;}\">-40\u2103\u201370\u2103 (RH&lt;90%RH, no condensation)<\/td>\n<\/tr>\n<tr>\n<td data-sheets-value=\"{&quot;1&quot;:2,&quot;2&quot;:&quot;Altitude&quot;}\">Altitude<\/td>\n<td colspan=\"2\" rowspan=\"1\" data-sheets-value=\"{&quot;1&quot;:2,&quot;2&quot;:&quot;Lower than 3000m&quot;}\">Lower than 3000m<\/td>\n<\/tr>\n<tr>\n<td data-sheets-value=\"{&quot;1&quot;:2,&quot;2&quot;:&quot;Pollution degree&quot;}\">Pollution degree<\/td>\n<td colspan=\"2\" rowspan=\"1\" data-sheets-value=\"{&quot;1&quot;:2,&quot;2&quot;:&quot;Degree 2, compliant with IEC61131-2&quot;}\">Degree 2, compliant with IEC61131-2<\/td>\n<\/tr>\n<tr>\n<td data-sheets-value=\"{&quot;1&quot;:2,&quot;2&quot;:&quot;Anti-interference&quot;}\">Anti-interference<\/td>\n<td colspan=\"2\" rowspan=\"1\" data-sheets-value=\"{&quot;1&quot;:2,&quot;2&quot;:&quot;2kV power cable compliant with IEC61000-4-4&quot;}\">2kV power cable compliant with IEC61000-4-4<\/td>\n<\/tr>\n<tr>\n<td data-sheets-value=\"{&quot;1&quot;:2,&quot;2&quot;:&quot;EMC anti-interference level&quot;}\">EMC anti-interference level<\/td>\n<td colspan=\"2\" rowspan=\"1\" data-sheets-value=\"{&quot;1&quot;:2,&quot;2&quot;:&quot;Zone B, IEC61131-2 (General industrial environment)&quot;}\">Zone B, IEC61131-2 (General industrial environment)<\/td>\n<\/tr>\n<tr>\n<td data-sheets-value=\"{&quot;1&quot;:2,&quot;2&quot;:&quot;Vibration resistant&quot;}\">Vibration resistant<\/td>\n<td colspan=\"2\" rowspan=\"1\" data-sheets-value=\"{&quot;1&quot;:2,&quot;2&quot;:&quot;EC60068-2-6 5Hz\u20138.4Hz, vibration amplitude of 3.5mm, 8.4Hz\u2013150Hz, nacceleration 9.8m\/s2, 100 minutes for each in X, Y, and Z directions n(10 times, 10 minutes each time, a total of 100 minutes)&quot;}\">EC60068-2-6 5Hz\u20138.4Hz, vibration amplitude of 3.5mm, 8.4Hz\u2013150Hz,<br \/>\nacceleration 9.8m\/s2, 100 minutes for each in X, Y, and Z directions<br \/>\n(10 times, 10 minutes each time, a total of 100 minutes)<\/td>\n<\/tr>\n<tr>\n<td data-sheets-value=\"{&quot;1&quot;:2,&quot;2&quot;:&quot;Impact resistance&quot;}\">Impact resistance<\/td>\n<td colspan=\"2\" rowspan=\"1\" data-sheets-value=\"{&quot;1&quot;:2,&quot;2&quot;:&quot;EC60068-2-27, 9.8m\/s2, 11ms, X\/Y\/Z, 3 times for each of 3 axes rnand 6 directions&quot;}\">EC60068-2-27, 9.8m\/s2, 11ms, X\/Y\/Z, 3 times for each of 3 axes<br \/>\nand 6 directions<\/td>\n<\/tr>\n<tr>\n<td data-sheets-value=\"{&quot;1&quot;:2,&quot;2&quot;:&quot;Installation method&quot;}\">Installation method<\/td>\n<td colspan=\"3\" rowspan=\"1\" data-sheets-value=\"{&quot;1&quot;:2,&quot;2&quot;:&quot;35mm standard rail&quot;}\">35mm standard rail<\/td>\n<\/tr>\n<tr>\n<td data-sheets-value=\"{&quot;1&quot;:2,&quot;2&quot;:&quot;Weight (kg)&quot;}\">Weight (kg)<\/td>\n<td colspan=\"3\" rowspan=\"1\" data-sheets-value=\"{&quot;1&quot;:2,&quot;2&quot;:&quot;Net: 0.25 Gross: 0.28&quot;}\">Net: 0.25 Gross: 0.28<\/td>\n<\/tr>\n<tr>\n<td data-sheets-value=\"{&quot;1&quot;:2,&quot;2&quot;:&quot;DimensionsrnW\u00d7H\u00d7D(mm)&quot;}\">Dimensions<br \/>\nW\u00d7H\u00d7D(mm)<\/td>\n<td colspan=\"3\" rowspan=\"1\" data-sheets-value=\"{&quot;1&quot;:2,&quot;2&quot;:&quot;Product dimension: 25\u00d7105\u00d796 Package dimension: 29\u00d7109\u00d7100&quot;}\">Product dimension: 25\u00d7105\u00d796 Package dimension: 29\u00d7109\u00d7100<\/td>\n<\/tr>\n<\/tbody>\n<\/table>\n<p>&nbsp;<\/p>\n","protected":false},"excerpt":{"rendered":"<p>INVT Flex serijos I\/O sistema yra lanksti, patikima ir efektyvi signal\u0173 perdavimo sistema. Sistema gali pasiekti kelis standartinius ry\u0161io tinklus ir apr\u016bpinti gausiais signal\u0173 moduliais, kad b\u016bt\u0173 lengviau diegti individualizuotus sprendimus, kartu sutaupant vietos spintoje.<\/p>\n","protected":false},"featured_media":1345,"menu_order":210,"comment_status":"closed","ping_status":"closed","template":"","meta":{"_acf_changed":false},"product_brand":[],"product_cat":[29],"product_tag":[],"class_list":{"0":"post-1317","1":"product","2":"type-product","3":"status-publish","4":"has-post-thumbnail","6":"product_cat-i-o-moduliai","8":"first","9":"outofstock","10":"shipping-taxable","11":"purchasable","12":"product-type-simple"},"acf":[],"_links":{"self":[{"href":"https:\/\/elicsgroup.com\/en\/wp-json\/wp\/v2\/product\/1317","targetHints":{"allow":["GET"]}}],"collection":[{"href":"https:\/\/elicsgroup.com\/en\/wp-json\/wp\/v2\/product"}],"about":[{"href":"https:\/\/elicsgroup.com\/en\/wp-json\/wp\/v2\/types\/product"}],"replies":[{"embeddable":true,"href":"https:\/\/elicsgroup.com\/en\/wp-json\/wp\/v2\/comments?post=1317"}],"wp:featuredmedia":[{"embeddable":true,"href":"https:\/\/elicsgroup.com\/en\/wp-json\/wp\/v2\/media\/1345"}],"wp:attachment":[{"href":"https:\/\/elicsgroup.com\/en\/wp-json\/wp\/v2\/media?parent=1317"}],"wp:term":[{"taxonomy":"product_brand","embeddable":true,"href":"https:\/\/elicsgroup.com\/en\/wp-json\/wp\/v2\/product_brand?post=1317"},{"taxonomy":"product_cat","embeddable":true,"href":"https:\/\/elicsgroup.com\/en\/wp-json\/wp\/v2\/product_cat?post=1317"},{"taxonomy":"product_tag","embeddable":true,"href":"https:\/\/elicsgroup.com\/en\/wp-json\/wp\/v2\/product_tag?post=1317"}],"curies":[{"name":"wp","href":"https:\/\/api.w.org\/{rel}","templated":true}]}}