{"id":1309,"date":"2025-03-24T09:17:11","date_gmt":"2025-03-24T07:17:11","guid":{"rendered":"https:\/\/elicsgroup.com\/?post_type=product&#038;p=1309"},"modified":"2025-07-31T17:16:27","modified_gmt":"2025-07-31T14:16:27","slug":"8-kanalu-isejimu-modulis-relinis-fl2201","status":"publish","type":"product","link":"https:\/\/elicsgroup.com\/en\/produktas\/8-kanalu-isejimu-modulis-relinis-fl2201\/","title":{"rendered":"8 kanal\u0173 i\u0161\u0117jim\u0173 modulis (r\u0117linis) FL2201"},"content":{"rendered":"<p>Funkcijos:<\/p>\n<p>Efektyvus: visi\u0161kai atnaujinta F-BUS magistral\u0117 su 100 megabit\u0173 ry\u0161io sparta sukuria auk\u0161to lygio realaus laiko ry\u0161io sistem\u0105.<\/p>\n<p>Patikimas: tvirtas sujungimas naudojant aukso padengimo b\u016bd\u0105 u\u017etikrina stabil\u0173 ir patikim\u0105 signalo perdavim\u0105.<\/p>\n<p>Kompakti\u0161kas: itin plonas dizainas padeda sutaupyti vietos spintoje.<\/p>\n<p>Greitas prijungimas be \u012franki\u0173: PUSH IN sujungimo technologija leid\u017eia lengvai montuoti be joki\u0173 \u012franki\u0173, o laid\u0173 efektyvumas 70 % geresnis, palyginti su var\u017etiniais gnybtais, efektyviai suma\u017einant montavimo laik\u0105 ir kartu u\u017etikrinant ger\u0105 patikimum\u0105.<\/p>\n<p>Ai\u0161kus identifikavimas: skirtingi moduliai i\u0161siskiria spalv\u0173 blokais ir pagalbiniais kodais, tod\u0117l identifikavimas ir pad\u0117ties nustatymas yra tikslesnis ir patogesnis.<\/p>\n<p>Kanalo lygio diagnostika\uff1aKiekvienas kanalas turi b\u016bsenos indikatoriaus lemput\u0119, o kiekvienas modulis gali savaranki\u0161kai rodyti savo darbo b\u016bsen\u0105. Veikimo b\u016bsena ir informacija apie gedimus yra ai\u0161ki i\u0161 pirmo \u017evilgsnio.<\/p>\n<p>CE ir RoHS deklaracijos.<\/p>\n<p>Tinka naudoti su \u012fvari\u0173 gamintoj\u0173 valdikliais.<\/p>\n<p>Produkt\u0173 katalogas: <a href=\"https:\/\/eshop.elicsgroup.com\/wp-content\/uploads\/Flex-Series-IO-System-Catalog_V1.5.pdf\">Flex Series IO System Catalog_V1.5<\/a><\/p>\n<p>Technin\u0117 specifikacija: <a href=\"https:\/\/eshop.elicsgroup.com\/wp-content\/uploads\/INVT-Flex-Series-IO-System-Manual-V1.0.pdf\">INVT Flex Series IO System Manual-V1.0<\/a><\/p>\n<table dir=\"ltr\" border=\"1\" cellspacing=\"0\" cellpadding=\"0\" data-sheets-root=\"1\">\n<colgroup>\n<col width=\"230\" \/>\n<col width=\"308\" \/><\/colgroup>\n<tbody>\n<tr>\n<td style=\"text-align: center;\" colspan=\"2\" rowspan=\"1\" data-sheets-value=\"{&quot;1&quot;:2,&quot;2&quot;:&quot;FL2201&quot;}\">FL2201<\/td>\n<\/tr>\n<tr>\n<td data-sheets-value=\"{&quot;1&quot;:2,&quot;2&quot;:&quot;Product type&quot;}\">Product type<\/td>\n<td data-sheets-value=\"{&quot;1&quot;:2,&quot;2&quot;:&quot;Digital output, relay output&quot;}\">Digital output, relay output<\/td>\n<\/tr>\n<tr>\n<td data-sheets-value=\"{&quot;1&quot;:2,&quot;2&quot;:&quot;Power loss&quot;}\">Power loss<\/td>\n<td data-sheets-value=\"{&quot;1&quot;:2,&quot;2&quot;:&quot;1.5W&quot;}\">1.5W<\/td>\n<\/tr>\n<tr>\n<td data-sheets-value=\"{&quot;1&quot;:2,&quot;2&quot;:&quot;Number of channels&quot;}\">Number of channels<\/td>\n<td data-sheets-value=\"{&quot;1&quot;:3,&quot;3&quot;:8}\">8<\/td>\n<\/tr>\n<tr>\n<td data-sheets-value=\"{&quot;1&quot;:2,&quot;2&quot;:&quot;Contact type&quot;}\">Contact type<\/td>\n<td data-sheets-value=\"{&quot;1&quot;:2,&quot;2&quot;:&quot;N.O. contact&quot;}\">N.O. contact<\/td>\n<\/tr>\n<tr>\n<td data-sheets-value=\"{&quot;1&quot;:2,&quot;2&quot;:&quot;Contact load (resistive)&quot;}\">Contact load (resistive)<\/td>\n<td data-sheets-value=\"{&quot;1&quot;:2,&quot;2&quot;:&quot;3A 250VAC\/30VDC&quot;}\">3A 250VAC\/30VDC<\/td>\n<\/tr>\n<tr>\n<td data-sheets-value=\"{&quot;1&quot;:2,&quot;2&quot;:&quot;Max. switching voltage&quot;}\">Max. switching voltage<\/td>\n<td data-sheets-value=\"{&quot;1&quot;:2,&quot;2&quot;:&quot;250VAC\/125VDC@0.3A&quot;}\">250VAC\/125VDC@0.3A<\/td>\n<\/tr>\n<tr>\n<td data-sheets-value=\"{&quot;1&quot;:2,&quot;2&quot;:&quot;Max. switching current&quot;}\">Max. switching current<\/td>\n<td data-sheets-value=\"{&quot;1&quot;:2,&quot;2&quot;:&quot;5A&quot;}\">5A<\/td>\n<\/tr>\n<tr>\n<td colspan=\"1\" rowspan=\"2\" data-sheets-value=\"{&quot;1&quot;:2,&quot;2&quot;:&quot;Service life of relay&quot;}\">\n<div>Service life of relay<\/div>\n<\/td>\n<td data-sheets-value=\"{&quot;1&quot;:2,&quot;2&quot;:&quot;Electrical: 100,000 times&quot;}\">Electrical: 100,000 times<\/td>\n<\/tr>\n<tr>\n<td data-sheets-value=\"{&quot;1&quot;:2,&quot;2&quot;:&quot;Mechanical: 20,000,000 times&quot;}\">Mechanical: 20,000,000 times<\/td>\n<\/tr>\n<tr>\n<td data-sheets-value=\"{&quot;1&quot;:2,&quot;2&quot;:&quot;OFF-ON response time&quot;}\">OFF-ON response time<\/td>\n<td data-sheets-value=\"{&quot;1&quot;:2,&quot;2&quot;:&quot;\u226415ms&quot;}\">\u226415ms<\/td>\n<\/tr>\n<tr>\n<td data-sheets-value=\"{&quot;1&quot;:2,&quot;2&quot;:&quot;ON-OFF response time&quot;}\">ON-OFF response time<\/td>\n<td data-sheets-value=\"{&quot;1&quot;:2,&quot;2&quot;:&quot;\u226410ms &quot;}\">\u226410ms<\/td>\n<\/tr>\n<tr>\n<td data-sheets-value=\"{&quot;1&quot;:2,&quot;2&quot;:&quot;Weight (kg)&quot;}\">Weight (kg)<\/td>\n<td data-sheets-value=\"{&quot;1&quot;:2,&quot;2&quot;:&quot;Net: 0.30 Gross: 0.33&quot;}\">Net: 0.30 Gross: 0.33<\/td>\n<\/tr>\n<tr>\n<td data-sheets-value=\"{&quot;1&quot;:2,&quot;2&quot;:&quot;DimensionsW\u00d7H\u00d7D(mm)&quot;}\">Dimensions W\u00d7H\u00d7D(mm)<\/td>\n<td data-sheets-value=\"{&quot;1&quot;:2,&quot;2&quot;:&quot;Product dimension: 25\u00d7105\u00d796 rnPackage dimension: 29\u00d7109\u00d7100&quot;}\">Product dimension: 25\u00d7105\u00d796<br \/>\nPackage dimension: 29\u00d7109\u00d7100<\/td>\n<\/tr>\n<\/tbody>\n<\/table>\n<p>&nbsp;<\/p>\n","protected":false},"excerpt":{"rendered":"<p>INVT Flex serijos I\/O sistema yra lanksti, patikima ir efektyvi signal\u0173 perdavimo sistema. Sistema gali pasiekti kelis standartinius ry\u0161io tinklus ir apr\u016bpinti gausiais signal\u0173 moduliais, kad b\u016bt\u0173 lengviau diegti individualizuotus sprendimus, kartu sutaupant vietos spintoje.<\/p>\n","protected":false},"featured_media":1339,"menu_order":218,"comment_status":"closed","ping_status":"closed","template":"","meta":{"_acf_changed":false},"product_brand":[],"product_cat":[29],"product_tag":[],"class_list":{"0":"post-1309","1":"product","2":"type-product","3":"status-publish","4":"has-post-thumbnail","6":"product_cat-i-o-moduliai","8":"first","9":"outofstock","10":"shipping-taxable","11":"purchasable","12":"product-type-simple"},"acf":[],"_links":{"self":[{"href":"https:\/\/elicsgroup.com\/en\/wp-json\/wp\/v2\/product\/1309","targetHints":{"allow":["GET"]}}],"collection":[{"href":"https:\/\/elicsgroup.com\/en\/wp-json\/wp\/v2\/product"}],"about":[{"href":"https:\/\/elicsgroup.com\/en\/wp-json\/wp\/v2\/types\/product"}],"replies":[{"embeddable":true,"href":"https:\/\/elicsgroup.com\/en\/wp-json\/wp\/v2\/comments?post=1309"}],"wp:featuredmedia":[{"embeddable":true,"href":"https:\/\/elicsgroup.com\/en\/wp-json\/wp\/v2\/media\/1339"}],"wp:attachment":[{"href":"https:\/\/elicsgroup.com\/en\/wp-json\/wp\/v2\/media?parent=1309"}],"wp:term":[{"taxonomy":"product_brand","embeddable":true,"href":"https:\/\/elicsgroup.com\/en\/wp-json\/wp\/v2\/product_brand?post=1309"},{"taxonomy":"product_cat","embeddable":true,"href":"https:\/\/elicsgroup.com\/en\/wp-json\/wp\/v2\/product_cat?post=1309"},{"taxonomy":"product_tag","embeddable":true,"href":"https:\/\/elicsgroup.com\/en\/wp-json\/wp\/v2\/product_tag?post=1309"}],"curies":[{"name":"wp","href":"https:\/\/api.w.org\/{rel}","templated":true}]}}