{"id":1307,"date":"2025-03-24T09:17:11","date_gmt":"2025-03-24T07:17:11","guid":{"rendered":"https:\/\/elicsgroup.com\/?post_type=product&#038;p=1307"},"modified":"2025-07-31T17:16:26","modified_gmt":"2025-07-31T14:16:26","slug":"16-kanalu-isejimu-modulis-pnp-fl2002","status":"publish","type":"product","link":"https:\/\/elicsgroup.com\/en\/produktas\/16-kanalu-isejimu-modulis-pnp-fl2002\/","title":{"rendered":"16 kanal\u0173 \u012f\u0161\u0117jim\u0173 modulis (PNP) FL2002"},"content":{"rendered":"<p>Funkcijos:<\/p>\n<p>Efektyvus: visi\u0161kai atnaujinta F-BUS magistral\u0117 su 100 megabit\u0173 ry\u0161io sparta sukuria auk\u0161to lygio realaus laiko ry\u0161io sistem\u0105.<\/p>\n<p>Patikimas: tvirtas sujungimas naudojant aukso padengimo b\u016bd\u0105 u\u017etikrina stabil\u0173 ir patikim\u0105 signalo perdavim\u0105.<\/p>\n<p>Kompakti\u0161kas: itin plonas dizainas padeda sutaupyti vietos spintoje.<\/p>\n<p>Greitas prijungimas be \u012franki\u0173: PUSH IN sujungimo technologija leid\u017eia lengvai montuoti be joki\u0173 \u012franki\u0173, o laid\u0173 efektyvumas 70 % geresnis, palyginti su var\u017etiniais gnybtais, efektyviai suma\u017einant montavimo laik\u0105 ir kartu u\u017etikrinant ger\u0105 patikimum\u0105.<\/p>\n<p>Ai\u0161kus identifikavimas: skirtingi moduliai i\u0161siskiria spalv\u0173 blokais ir pagalbiniais kodais, tod\u0117l identifikavimas ir pad\u0117ties nustatymas yra tikslesnis ir patogesnis.<\/p>\n<p>Kanalo lygio diagnostika\uff1aKiekvienas kanalas turi b\u016bsenos indikatoriaus lemput\u0119, o kiekvienas modulis gali savaranki\u0161kai rodyti savo darbo b\u016bsen\u0105. Veikimo b\u016bsena ir informacija apie gedimus yra ai\u0161ki i\u0161 pirmo \u017evilgsnio.<\/p>\n<p>CE ir RoHS deklaracijos.<\/p>\n<p>Tinka naudoti su \u012fvari\u0173 gamintoj\u0173 valdikliais.<\/p>\n<p>Produkt\u0173 katalogas: <a href=\"https:\/\/eshop.elicsgroup.com\/wp-content\/uploads\/Flex-Series-IO-System-Catalog_V1.5.pdf\">Flex Series IO System Catalog_V1.5<\/a><\/p>\n<p>Technin\u0117 specifikacija: <a href=\"https:\/\/eshop.elicsgroup.com\/wp-content\/uploads\/INVT-Flex-Series-IO-System-Manual-V1.0.pdf\">INVT Flex Series IO System Manual-V1.0<\/a><\/p>\n<table dir=\"ltr\" border=\"1\" cellspacing=\"0\" cellpadding=\"0\" data-sheets-root=\"1\">\n<colgroup>\n<col width=\"227\" \/>\n<col width=\"322\" \/><\/colgroup>\n<tbody>\n<tr>\n<td style=\"text-align: center;\" colspan=\"2\" rowspan=\"1\" data-sheets-value=\"{&quot;1&quot;:2,&quot;2&quot;:&quot;FL2002&quot;}\">FL2002<\/td>\n<\/tr>\n<tr>\n<td data-sheets-value=\"{&quot;1&quot;:2,&quot;2&quot;:&quot;Product type&quot;}\">Product type<\/td>\n<td data-sheets-value=\"{&quot;1&quot;:2,&quot;2&quot;:&quot;Digital output, transistor source type rnoutput, active high&quot;}\">Digital output, transistor source type<br \/>\noutput, active high<\/td>\n<\/tr>\n<tr>\n<td data-sheets-value=\"{&quot;1&quot;:2,&quot;2&quot;:&quot;Power loss&quot;}\">Power loss<\/td>\n<td data-sheets-value=\"{&quot;1&quot;:2,&quot;2&quot;:&quot;0.75W&quot;}\">0.75W<\/td>\n<\/tr>\n<tr>\n<td data-sheets-value=\"{&quot;1&quot;:2,&quot;2&quot;:&quot;Number of channels&quot;}\">Number of channels<\/td>\n<td data-sheets-value=\"{&quot;1&quot;:3,&quot;3&quot;:16}\">16<\/td>\n<\/tr>\n<tr>\n<td data-sheets-value=\"{&quot;1&quot;:2,&quot;2&quot;:&quot;External power&quot;}\">External power<\/td>\n<td data-sheets-value=\"{&quot;1&quot;:2,&quot;2&quot;:&quot;DC24V(-15%\uff5e+20%)&quot;}\">DC24V(-15%\uff5e+20%)<\/td>\n<\/tr>\n<tr>\n<td data-sheets-value=\"{&quot;1&quot;:2,&quot;2&quot;:&quot;Output voltage&quot;}\">Output voltage<\/td>\n<td data-sheets-value=\"{&quot;1&quot;:2,&quot;2&quot;:&quot;24V\u00b110%&quot;}\">24V\u00b110%<\/td>\n<\/tr>\n<tr>\n<td data-sheets-value=\"{&quot;1&quot;:2,&quot;2&quot;:&quot;Max. output frequency&quot;}\">Max. output frequency<\/td>\n<td data-sheets-value=\"{&quot;1&quot;:2,&quot;2&quot;:&quot;1kHz&quot;}\">1kHz<\/td>\n<\/tr>\n<tr>\n<td colspan=\"1\" rowspan=\"3\" data-sheets-value=\"{&quot;1&quot;:2,&quot;2&quot;:&quot;Max. load&quot;}\">\n<div>Max. load<\/div>\n<\/td>\n<td data-sheets-value=\"{&quot;1&quot;:2,&quot;2&quot;:&quot;Resistive load: 0.5A\/point\uff1b2A\/module&quot;}\">Resistive load: 0.5A\/point\uff1b2A\/module<\/td>\n<\/tr>\n<tr>\n<td data-sheets-value=\"{&quot;1&quot;:2,&quot;2&quot;:&quot;Inductive load: 7.2W\/point, 12W\/module&quot;}\">Inductive load: 7.2W\/point, 12W\/module<\/td>\n<\/tr>\n<tr>\n<td data-sheets-value=\"{&quot;1&quot;:2,&quot;2&quot;:&quot;Illumination load: 5W\/point, 18W\/module&quot;}\">Illumination load: 5W\/point, 18W\/module<\/td>\n<\/tr>\n<tr>\n<td data-sheets-value=\"{&quot;1&quot;:2,&quot;2&quot;:&quot;Leakage current\/point&quot;}\">Leakage current\/point<\/td>\n<td data-sheets-value=\"{&quot;1&quot;:2,&quot;2&quot;:&quot;&lt;10\u03bcA&quot;}\">&lt;10\u03bcA<\/td>\n<\/tr>\n<tr>\n<td data-sheets-value=\"{&quot;1&quot;:2,&quot;2&quot;:&quot;OFF-ON&quot;}\">OFF-ON<\/td>\n<td data-sheets-value=\"{&quot;1&quot;:2,&quot;2&quot;:&quot;100\u03bcs&quot;}\">100\u03bcs<\/td>\n<\/tr>\n<tr>\n<td data-sheets-value=\"{&quot;1&quot;:2,&quot;2&quot;:&quot;ON-OFF&quot;}\">ON-OFF<\/td>\n<td data-sheets-value=\"{&quot;1&quot;:2,&quot;2&quot;:&quot;100\u03bcs&quot;}\">100\u03bcs<\/td>\n<\/tr>\n<tr>\n<td data-sheets-value=\"{&quot;1&quot;:2,&quot;2&quot;:&quot;Protection against overheat\/rnovercurrent\/overvoltage&quot;}\">Protection against overheat\/<br \/>\novercurrent\/overvoltage<\/td>\n<td data-sheets-value=\"{&quot;1&quot;:2,&quot;2&quot;:&quot;Supported&quot;}\">Supported<\/td>\n<\/tr>\n<tr>\n<td data-sheets-value=\"{&quot;1&quot;:2,&quot;2&quot;:&quot;Exception check of external power&quot;}\">Exception check of external power<\/td>\n<td data-sheets-value=\"{&quot;1&quot;:2,&quot;2&quot;:&quot;Supported&quot;}\">Supported<\/td>\n<\/tr>\n<tr>\n<td data-sheets-value=\"{&quot;1&quot;:2,&quot;2&quot;:&quot;Isolation method&quot;}\">Isolation method<\/td>\n<td data-sheets-value=\"{&quot;1&quot;:2,&quot;2&quot;:&quot;Magnetic&quot;}\">Magnetic<\/td>\n<\/tr>\n<tr>\n<td data-sheets-value=\"{&quot;1&quot;:2,&quot;2&quot;:&quot;Short-circuit protection output&quot;}\">Short-circuit protection output<\/td>\n<td data-sheets-value=\"{&quot;1&quot;:2,&quot;2&quot;:&quot;Yes&quot;}\">Yes<\/td>\n<\/tr>\n<tr>\n<td data-sheets-value=\"{&quot;1&quot;:2,&quot;2&quot;:&quot;Weight (kg)&quot;}\">Weight (kg)<\/td>\n<td data-sheets-value=\"{&quot;1&quot;:2,&quot;2&quot;:&quot;Net: 0.15 Gross: 0.18&quot;}\">Net: 0.15 Gross: 0.18<\/td>\n<\/tr>\n<tr>\n<td data-sheets-value=\"{&quot;1&quot;:2,&quot;2&quot;:&quot;DimensionsW\u00d7H\u00d7D(mm)&quot;}\">DimensionsW\u00d7H\u00d7D(mm)<\/td>\n<td data-sheets-value=\"{&quot;1&quot;:2,&quot;2&quot;:&quot;Product dimension: 12.5\u00d7105\u00d796 rnPackage dimension: 17.5\u00d7109\u00d7100&quot;}\">Product dimension: 12.5\u00d7105\u00d796<br \/>\nPackage dimension: 17.5\u00d7109\u00d7100<\/td>\n<\/tr>\n<\/tbody>\n<\/table>\n<p>&nbsp;<\/p>\n","protected":false},"excerpt":{"rendered":"<p>INVT Flex serijos I\/O sistema yra lanksti, patikima ir efektyvi signal\u0173 perdavimo sistema. Sistema gali pasiekti kelis standartinius ry\u0161io tinklus ir apr\u016bpinti gausiais signal\u0173 moduliais, kad b\u016bt\u0173 lengviau diegti individualizuotus sprendimus, kartu sutaupant vietos spintoje.<\/p>\n","protected":false},"featured_media":1337,"menu_order":213,"comment_status":"closed","ping_status":"closed","template":"","meta":{"_acf_changed":false},"product_brand":[],"product_cat":[29],"product_tag":[],"class_list":{"0":"post-1307","1":"product","2":"type-product","3":"status-publish","4":"has-post-thumbnail","6":"product_cat-i-o-moduliai","8":"first","9":"outofstock","10":"shipping-taxable","11":"purchasable","12":"product-type-simple"},"acf":[],"_links":{"self":[{"href":"https:\/\/elicsgroup.com\/en\/wp-json\/wp\/v2\/product\/1307","targetHints":{"allow":["GET"]}}],"collection":[{"href":"https:\/\/elicsgroup.com\/en\/wp-json\/wp\/v2\/product"}],"about":[{"href":"https:\/\/elicsgroup.com\/en\/wp-json\/wp\/v2\/types\/product"}],"replies":[{"embeddable":true,"href":"https:\/\/elicsgroup.com\/en\/wp-json\/wp\/v2\/comments?post=1307"}],"wp:featuredmedia":[{"embeddable":true,"href":"https:\/\/elicsgroup.com\/en\/wp-json\/wp\/v2\/media\/1337"}],"wp:attachment":[{"href":"https:\/\/elicsgroup.com\/en\/wp-json\/wp\/v2\/media?parent=1307"}],"wp:term":[{"taxonomy":"product_brand","embeddable":true,"href":"https:\/\/elicsgroup.com\/en\/wp-json\/wp\/v2\/product_brand?post=1307"},{"taxonomy":"product_cat","embeddable":true,"href":"https:\/\/elicsgroup.com\/en\/wp-json\/wp\/v2\/product_cat?post=1307"},{"taxonomy":"product_tag","embeddable":true,"href":"https:\/\/elicsgroup.com\/en\/wp-json\/wp\/v2\/product_tag?post=1307"}],"curies":[{"name":"wp","href":"https:\/\/api.w.org\/{rel}","templated":true}]}}