{"id":1303,"date":"2025-03-24T09:17:11","date_gmt":"2025-03-24T07:17:11","guid":{"rendered":"https:\/\/elicsgroup.com\/?post_type=product&#038;p=1303"},"modified":"2025-07-31T17:16:27","modified_gmt":"2025-07-31T14:16:27","slug":"cms210-mikrobangu-lygio-jutiklis","status":"publish","type":"product","link":"https:\/\/elicsgroup.com\/en\/produktas\/cms210-mikrobangu-lygio-jutiklis\/","title":{"rendered":"CMS210 mikrobang\u0173 lygio jutiklis"},"content":{"rendered":"<p>D\u0117l tinkamo produkto parinkimo susisiekite su m\u016bs\u0173 in\u017einieri\u0173 komanda.<\/p>\n<p>Lygio jungiklis pla\u010diai naudojamas visose pramon\u0117s srityse, kur reikalingas labai patikimas, bekontaktis lygio aptikimas. Lygio jungiklis paprastai naudojamas proceso valdymui, stebint produkto buvim\u0105 \/ nebuvim\u0105,\u00a0 ta\u0161ko lygio aptikim\u0105 silosuose. Lygio jungiklis taip pat gali b\u016bti naudojamas kaip artumo jungiklis transporto priemon\u0117ms, pvz., gele\u017einkelio vagonams aptikti. Jis taip pat gali visi\u0161kai patikimai matuoti nuo lengviausi\u0173 iki sunkiausi\u0173 biri\u0173 kiet\u0173j\u0173 med\u017eiag\u0173, net esant dulk\u0117ms ir triuk\u0161mui.<\/p>\n<p>Technin\u0117 specifikacija ir jutiklio konfig\u016bracija: <a href=\"https:\/\/eshop.elicsgroup.com\/wp-content\/uploads\/CMS210-Specification-Sheet.pdf\">CMS210 Specification Sheet<\/a><\/p>\n<table dir=\"ltr\" border=\"1\" cellspacing=\"0\" cellpadding=\"0\" data-sheets-root=\"1\">\n<colgroup>\n<col width=\"249\" \/>\n<col width=\"364\" \/><\/colgroup>\n<tbody>\n<tr>\n<td data-sheets-value=\"{&quot;1&quot;:2,&quot;2&quot;:&quot;Model&quot;}\">Model<\/td>\n<td data-sheets-value=\"{&quot;1&quot;:2,&quot;2&quot;:&quot;CMS210&quot;}\">CMS210<\/td>\n<\/tr>\n<tr>\n<td data-sheets-value=\"{&quot;1&quot;:2,&quot;2&quot;:&quot;Application&quot;}\">Application<\/td>\n<td data-sheets-value=\"{&quot;1&quot;:2,&quot;2&quot;:&quot;powder, granule, bulk solid.&quot;}\">powder, granule, bulk solid.<\/td>\n<\/tr>\n<tr>\n<td data-sheets-value=\"{&quot;1&quot;:2,&quot;2&quot;:&quot;Measuring range&quot;}\">Measuring range<\/td>\n<td data-sheets-value=\"{&quot;1&quot;:2,&quot;2&quot;:&quot;0-200m (optional antenna\uff09&quot;}\">0-200m (optional antenna\uff09<\/td>\n<\/tr>\n<tr>\n<td data-sheets-value=\"{&quot;1&quot;:2,&quot;2&quot;:&quot;power supply&quot;}\">power supply<\/td>\n<td data-sheets-value=\"{&quot;1&quot;:2,&quot;2&quot;:&quot;AC 100~240V\u58eb10%,50\/60Hz or DC 11V~32V&quot;}\">AC 100~240V\u58eb10%,50\/60Hz or DC 11V~32V<\/td>\n<\/tr>\n<tr>\n<td data-sheets-value=\"{&quot;1&quot;:2,&quot;2&quot;:&quot;Frequency&quot;}\">Frequency<\/td>\n<td data-sheets-value=\"{&quot;1&quot;:2,&quot;2&quot;:&quot;24-26GHz&quot;}\">24-26GHz<\/td>\n<\/tr>\n<tr>\n<td data-sheets-value=\"{&quot;1&quot;:2,&quot;2&quot;:&quot;Beam angle&quot;}\">Beam angle<\/td>\n<td data-sheets-value=\"{&quot;1&quot;:2,&quot;2&quot;:&quot;\u58eb30&quot;}\">\u58eb30<\/td>\n<\/tr>\n<tr>\n<td data-sheets-value=\"{&quot;1&quot;:2,&quot;2&quot;:&quot;Delay&quot;}\">Delay<\/td>\n<td data-sheets-value=\"{&quot;1&quot;:2,&quot;2&quot;:&quot;0-99S adjustable&quot;}\">0-99S adjustable<\/td>\n<\/tr>\n<tr>\n<td data-sheets-value=\"{&quot;1&quot;:2,&quot;2&quot;:&quot;power&quot;}\">power<\/td>\n<td data-sheets-value=\"{&quot;1&quot;:2,&quot;2&quot;:&quot;&lt;3w&quot;}\">&lt;3w<\/td>\n<\/tr>\n<tr>\n<td data-sheets-value=\"{&quot;1&quot;:2,&quot;2&quot;:&quot;Channel no.&quot;}\">Channel no.<\/td>\n<td data-sheets-value=\"{&quot;1&quot;:3,&quot;3&quot;:8}\">8<\/td>\n<\/tr>\n<tr>\n<td data-sheets-value=\"{&quot;1&quot;:2,&quot;2&quot;:&quot;Frequency accuracy&quot;}\">Frequency accuracy<\/td>\n<td data-sheets-value=\"{&quot;1&quot;:2,&quot;2&quot;:&quot;\u58eb50KHz&quot;}\">\u58eb50KHz<\/td>\n<\/tr>\n<tr>\n<td data-sheets-value=\"{&quot;1&quot;:2,&quot;2&quot;:&quot;Output&quot;}\">Output<\/td>\n<td data-sheets-value=\"{&quot;1&quot;:2,&quot;2&quot;:&quot;DPDT&quot;}\">DPDT<\/td>\n<\/tr>\n<tr>\n<td data-sheets-value=\"{&quot;1&quot;:2,&quot;2&quot;:&quot;Contact rating&quot;}\">Contact rating<\/td>\n<td data-sheets-value=\"{&quot;1&quot;:2,&quot;2&quot;:&quot;250VAC 2A&quot;}\">250VAC 2A<\/td>\n<\/tr>\n<tr>\n<td data-sheets-value=\"{&quot;1&quot;:2,&quot;2&quot;:&quot;Process fitting&quot;}\">Process fitting<\/td>\n<td data-sheets-value=\"{&quot;1&quot;:2,&quot;2&quot;:&quot;Thread or flange&quot;}\">Thread or flange<\/td>\n<\/tr>\n<tr>\n<td data-sheets-value=\"{&quot;1&quot;:2,&quot;2&quot;:&quot;Sealing&quot;}\">Sealing<\/td>\n<td data-sheets-value=\"{&quot;1&quot;:2,&quot;2&quot;:&quot;FKM (Viton\uff09&quot;}\">FKM (Viton\uff09<\/td>\n<\/tr>\n<tr>\n<td data-sheets-value=\"{&quot;1&quot;:2,&quot;2&quot;:&quot;Antenna material&quot;}\">Antenna material<\/td>\n<td data-sheets-value=\"{&quot;1&quot;:2,&quot;2&quot;:&quot;PTFE&quot;}\">PTFE<\/td>\n<\/tr>\n<tr>\n<td data-sheets-value=\"{&quot;1&quot;:2,&quot;2&quot;:&quot;Process temperature&quot;}\">Process temperature<\/td>\n<td data-sheets-value=\"{&quot;1&quot;:2,&quot;2&quot;:&quot;-40 ~ 120(up to 500\u6c14 with adapter)&quot;}\">-40 ~ 120 (up to 500\u00baC with adapter)<\/td>\n<\/tr>\n<tr>\n<td data-sheets-value=\"{&quot;1&quot;:2,&quot;2&quot;:&quot;Process pressure&quot;}\">Process pressure<\/td>\n<td data-sheets-value=\"{&quot;1&quot;:2,&quot;2&quot;:&quot;-1~4bar(up to 40bar with adapter\uff09&quot;}\">-1~4bar (up to 40 bar with adapter\uff09<\/td>\n<\/tr>\n<tr>\n<td data-sheets-value=\"{&quot;1&quot;:2,&quot;2&quot;:&quot;Ambient temperature&quot;}\">Ambient temperature<\/td>\n<td data-sheets-value=\"{&quot;1&quot;:2,&quot;2&quot;:&quot;-40 ~ 70\u6c14&quot;}\">-40 ~ 70\u00baC<\/td>\n<\/tr>\n<tr>\n<td data-sheets-value=\"{&quot;1&quot;:2,&quot;2&quot;:&quot;Protection&quot;}\">Protection<\/td>\n<td data-sheets-value=\"{&quot;1&quot;:2,&quot;2&quot;:&quot;lp67&quot;}\">lp67<\/td>\n<\/tr>\n<tr>\n<td data-sheets-value=\"{&quot;1&quot;:2,&quot;2&quot;:&quot;Cable entry&quot;}\">Cable entry<\/td>\n<td data-sheets-value=\"{&quot;1&quot;:2,&quot;2&quot;:&quot;2xM20*1.5 (diameter 9~13mm) 2xM16*1.5 (diameter6~9mm)&quot;}\">2xM20*1.5 (diameter 9~13mm) 2xM16*1.5 (diameter6~9mm)<\/td>\n<\/tr>\n<tr>\n<td data-sheets-value=\"{&quot;1&quot;:2,&quot;2&quot;:&quot;Ex certificate&quot;}\">Ex certificate<\/td>\n<td data-sheets-value=\"{&quot;1&quot;:2,&quot;2&quot;:&quot;Ex d\u2161C T6 Gb , Ex tD A21 lp67 T80\u00baC&quot;}\">Ex d\u2161C T6 Gb , Ex tD A21 lp67 T80\u00baC<\/td>\n<\/tr>\n<tr>\n<td data-sheets-value=\"{&quot;1&quot;:2,&quot;2&quot;:&quot;Dimension&quot;}\">Dimension<\/td>\n<td data-sheets-value=\"{&quot;1&quot;:2,&quot;2&quot;:&quot;130*240*265mm&quot;}\">130*240*265mm<\/td>\n<\/tr>\n<tr>\n<td data-sheets-value=\"{&quot;1&quot;:2,&quot;2&quot;:&quot;Weight&quot;}\">Weight<\/td>\n<td data-sheets-value=\"{&quot;1&quot;:2,&quot;2&quot;:&quot;5Kg&quot;}\">5Kg<\/td>\n<\/tr>\n<\/tbody>\n<\/table>\n<p>&nbsp;<\/p>\n","protected":false},"excerpt":{"rendered":"<p>CMS210 yra lygio jungiklis, susidedantis i\u0161 si\u0173stuvo ir imtuvo. Si\u0173stuvas skleid\u017eia nuolatin\u012f ma\u017eos galios mikrobang\u0173 spindul\u012f imtuvo link. Jei tarp skleid\u017eian\u010dio \u012frenginio ir pri\u0117mimo \u012frenginio yra terp\u0117, signalas slopinamas. Integruotas elektronikos modulis \u0161\u012f pakitim\u0105 paver\u010dia perjungimo komanda.<\/p>\n","protected":false},"featured_media":1333,"menu_order":221,"comment_status":"closed","ping_status":"closed","template":"","meta":{"_acf_changed":false},"product_brand":[],"product_cat":[54],"product_tag":[],"class_list":{"0":"post-1303","1":"product","2":"type-product","3":"status-publish","4":"has-post-thumbnail","6":"product_cat-ribinio-lygio-jutikliai","8":"first","9":"onbackorder","10":"shipping-taxable","11":"product-type-simple"},"acf":[],"_links":{"self":[{"href":"https:\/\/elicsgroup.com\/en\/wp-json\/wp\/v2\/product\/1303","targetHints":{"allow":["GET"]}}],"collection":[{"href":"https:\/\/elicsgroup.com\/en\/wp-json\/wp\/v2\/product"}],"about":[{"href":"https:\/\/elicsgroup.com\/en\/wp-json\/wp\/v2\/types\/product"}],"replies":[{"embeddable":true,"href":"https:\/\/elicsgroup.com\/en\/wp-json\/wp\/v2\/comments?post=1303"}],"wp:featuredmedia":[{"embeddable":true,"href":"https:\/\/elicsgroup.com\/en\/wp-json\/wp\/v2\/media\/1333"}],"wp:attachment":[{"href":"https:\/\/elicsgroup.com\/en\/wp-json\/wp\/v2\/media?parent=1303"}],"wp:term":[{"taxonomy":"product_brand","embeddable":true,"href":"https:\/\/elicsgroup.com\/en\/wp-json\/wp\/v2\/product_brand?post=1303"},{"taxonomy":"product_cat","embeddable":true,"href":"https:\/\/elicsgroup.com\/en\/wp-json\/wp\/v2\/product_cat?post=1303"},{"taxonomy":"product_tag","embeddable":true,"href":"https:\/\/elicsgroup.com\/en\/wp-json\/wp\/v2\/product_tag?post=1303"}],"curies":[{"name":"wp","href":"https:\/\/api.w.org\/{rel}","templated":true}]}}