{"id":1302,"date":"2025-03-24T09:17:11","date_gmt":"2025-03-24T07:17:11","guid":{"rendered":"https:\/\/elicsgroup.com\/?post_type=product&#038;p=1302"},"modified":"2025-07-31T17:16:30","modified_gmt":"2025-07-31T14:16:30","slug":"ctf312-lygio-jutiklis-hygieninio-ispildymo","status":"publish","type":"product","link":"https:\/\/elicsgroup.com\/en\/produktas\/ctf312-lygio-jutiklis-hygieninio-ispildymo\/","title":{"rendered":"CTF312 lygio jutiklis (hygieninio i\u0161pildymo)"},"content":{"rendered":"<p>D\u0117l tinkamo produkto parinkimo susisiekite su m\u016bs\u0173 in\u017einieri\u0173 komanda.<\/p>\n<p>Taikymas:<\/p>\n<p>Tinka visoms pramon\u0117s \u0161akoms<\/p>\n<p>Auk\u0161to\/\u017eemo skys\u010di\u0173 ar kiet\u0173 med\u017eiag\u0173 lygio nustatymui<\/p>\n<p>Technin\u0117 specifikacija ir konfig\u016bracija: <a href=\"https:\/\/eshop.elicsgroup.com\/wp-content\/uploads\/CTF312-Series-Tuning-Fork-Level-Switch-Specification-Sheet.pdf\">CTF312 Series Tuning Fork Level Switch Specification Sheet<\/a><\/p>\n<table dir=\"ltr\" border=\"1\" cellspacing=\"0\" cellpadding=\"0\" data-sheets-root=\"1\">\n<colgroup>\n<col width=\"141\" \/>\n<col width=\"367\" \/><\/colgroup>\n<tbody>\n<tr>\n<td style=\"text-align: center;\" colspan=\"2\" rowspan=\"1\" data-sheets-value=\"{&quot;1&quot;:2,&quot;2&quot;:&quot;CTF312 Hygienic Tuning Fork Level Switch&quot;}\">CTF312 Hygienic Tuning Fork Level Switch<\/td>\n<\/tr>\n<tr>\n<td data-sheets-value=\"{&quot;1&quot;:2,&quot;2&quot;:&quot;Power supply&quot;}\">Power supply<\/td>\n<td data-sheets-value=\"{&quot;1&quot;:2,&quot;2&quot;:&quot;20...250VAC\/VDC &quot;}\">20&#8230;250VAC\/VDC<\/td>\n<\/tr>\n<tr>\n<td data-sheets-value=\"{&quot;1&quot;:2,&quot;2&quot;:&quot;Power supply&quot;}\">Power supply<\/td>\n<td data-sheets-value=\"{&quot;1&quot;:2,&quot;2&quot;:&quot;Max. 10VA&quot;}\">Max. 10VA<\/td>\n<\/tr>\n<tr>\n<td data-sheets-value=\"{&quot;1&quot;:2,&quot;2&quot;:&quot;Sensitivity&quot;}\">Sensitivity<\/td>\n<td data-sheets-value=\"{&quot;1&quot;:2,&quot;2&quot;:&quot;High \/ Low&quot;}\">High \/ Low<\/td>\n<\/tr>\n<tr>\n<td data-sheets-value=\"{&quot;1&quot;:2,&quot;2&quot;:&quot;Cable entry&quot;}\">Cable entry<\/td>\n<td data-sheets-value=\"{&quot;1&quot;:2,&quot;2&quot;:&quot;1\/2&quot;NPT\u00d72 holes&quot;}\">1\/2&#8243;NPT\u00d72 holes<\/td>\n<\/tr>\n<tr>\n<td data-sheets-value=\"{&quot;1&quot;:2,&quot;2&quot;:&quot;Process connectionr&quot;}\">Process connection<\/td>\n<td data-sheets-value=\"{&quot;1&quot;:2,&quot;2&quot;:&quot;Hygienic joint 2&quot;}\">Hygienic joint 2<\/td>\n<\/tr>\n<tr>\n<td data-sheets-value=\"{&quot;1&quot;:2,&quot;2&quot;:&quot;Process pressurer&quot;}\">Process pressure<\/td>\n<td data-sheets-value=\"{&quot;1&quot;:2,&quot;2&quot;:&quot;Vacuum\u202620bar&quot;}\">Vacuum\u202620bar<\/td>\n<\/tr>\n<tr>\n<td data-sheets-value=\"{&quot;1&quot;:2,&quot;2&quot;:&quot;Ambient temperature&quot;}\">Ambient temperature<\/td>\n<td data-sheets-value=\"{&quot;1&quot;:2,&quot;2&quot;:&quot;-40\u00b0C ~ 70\u00b0C&quot;}\">-40\u00b0C ~ 70\u00b0C<\/td>\n<\/tr>\n<tr>\n<td data-sheets-value=\"{&quot;1&quot;:2,&quot;2&quot;:&quot;Process temperature&quot;}\">Process temperature<\/td>\n<td data-sheets-value=\"{&quot;1&quot;:2,&quot;2&quot;:&quot;-40\u00b0C ~ + 130\u00b0C&quot;}\">-40\u00b0C ~ + 130\u00b0C<\/td>\n<\/tr>\n<tr>\n<td data-sheets-value=\"{&quot;1&quot;:2,&quot;2&quot;:&quot;Output&quot;}\">Output<\/td>\n<td data-sheets-value=\"{&quot;1&quot;:2,&quot;2&quot;:&quot;Relay, SPDT, 2A\/250VAC Max. or NPN\/PNP or NAMUR&quot;}\">Relay, SPDT, 2A\/250VAC Max. or NPN\/PNP or NAMUR<\/td>\n<\/tr>\n<tr>\n<td data-sheets-value=\"{&quot;1&quot;:2,&quot;2&quot;:&quot;Delay&quot;}\">Delay<\/td>\n<td data-sheets-value=\"{&quot;1&quot;:2,&quot;2&quot;:&quot;0.6S action; 1S\u20263S reset&quot;}\">0.6S action; 1S\u20263S reset<\/td>\n<\/tr>\n<tr>\n<td data-sheets-value=\"{&quot;1&quot;:2,&quot;2&quot;:&quot;Vibrational frequency&quot;}\">Vibrational frequency<\/td>\n<td data-sheets-value=\"{&quot;1&quot;:2,&quot;2&quot;:&quot;355HZ\u2026365HZ&quot;}\">355HZ\u2026365HZ<\/td>\n<\/tr>\n<tr>\n<td data-sheets-value=\"{&quot;1&quot;:2,&quot;2&quot;:&quot;Tine material&quot;}\">Tine material<\/td>\n<td data-sheets-value=\"{&quot;1&quot;:2,&quot;2&quot;:&quot;SUS 304 \/ 316&quot;}\">SUS 304 \/ 316<\/td>\n<\/tr>\n<tr>\n<td data-sheets-value=\"{&quot;1&quot;:2,&quot;2&quot;:&quot;Fail safe modes&quot;}\">Fail safe modes<\/td>\n<td data-sheets-value=\"{&quot;1&quot;:2,&quot;2&quot;:&quot;High \/ Low&quot;}\">High \/ Low<\/td>\n<\/tr>\n<tr>\n<td data-sheets-value=\"{&quot;1&quot;:2,&quot;2&quot;:&quot;Housing\/Protection&quot;}\">Housing\/Protection<\/td>\n<td data-sheets-value=\"{&quot;1&quot;:2,&quot;2&quot;:&quot;Aluminium \/ IP65&quot;}\">Aluminum \/ IP65<\/td>\n<\/tr>\n<tr>\n<td data-sheets-value=\"{&quot;1&quot;:2,&quot;2&quot;:&quot;Max. vertical bearingrnforce of the induction rodrn&quot;}\">Max. vertical bearing<br \/>\nforce of the induction rod<\/td>\n<td data-sheets-value=\"{&quot;1&quot;:2,&quot;2&quot;:&quot;20Nm&quot;}\">20Nm<\/td>\n<\/tr>\n<tr>\n<td data-sheets-value=\"{&quot;1&quot;:2,&quot;2&quot;:&quot;Min. induction density of the induction rodrn&quot;}\">Min. induction density of the induction rod<\/td>\n<td data-sheets-value=\"{&quot;1&quot;:2,&quot;2&quot;:&quot;Powder: 0.23g\/cm3 ; Liquid: 0.8g\/cm3&quot;}\">Powder: 0.23g\/cm3 ; Liquid: 0.8g\/cm3<\/td>\n<\/tr>\n<\/tbody>\n<\/table>\n<p>&nbsp;<\/p>\n","protected":false},"excerpt":{"rendered":"<p>D\u0117l tinkamo produkto parinkimo susisiekite su m\u016bs\u0173 in\u017einieri\u0173 komanda. Taikymas: Tinka visoms pramon\u0117s \u0161akoms Auk\u0161to\/\u017eemo skys\u010di\u0173 ar kiet\u0173 med\u017eiag\u0173 lygio nustatymui Technin\u0117 specifikacija ir konfig\u016bracija: CTF312 Series Tuning Fork Level Switch Specification Sheet CTF312 Hygienic Tuning Fork Level Switch Power supply 20&#8230;250VAC\/VDC Power supply Max. 10VA Sensitivity High \/ Low Cable entry 1\/2&#8243;NPT\u00d72 holes Process [&hellip;]<\/p>\n","protected":false},"featured_media":1332,"menu_order":240,"comment_status":"closed","ping_status":"closed","template":"","meta":{"_acf_changed":false},"product_brand":[],"product_cat":[54],"product_tag":[],"class_list":{"0":"post-1302","1":"product","2":"type-product","3":"status-publish","4":"has-post-thumbnail","6":"product_cat-ribinio-lygio-jutikliai","8":"first","9":"onbackorder","10":"shipping-taxable","11":"product-type-simple"},"acf":[],"_links":{"self":[{"href":"https:\/\/elicsgroup.com\/en\/wp-json\/wp\/v2\/product\/1302","targetHints":{"allow":["GET"]}}],"collection":[{"href":"https:\/\/elicsgroup.com\/en\/wp-json\/wp\/v2\/product"}],"about":[{"href":"https:\/\/elicsgroup.com\/en\/wp-json\/wp\/v2\/types\/product"}],"replies":[{"embeddable":true,"href":"https:\/\/elicsgroup.com\/en\/wp-json\/wp\/v2\/comments?post=1302"}],"wp:featuredmedia":[{"embeddable":true,"href":"https:\/\/elicsgroup.com\/en\/wp-json\/wp\/v2\/media\/1332"}],"wp:attachment":[{"href":"https:\/\/elicsgroup.com\/en\/wp-json\/wp\/v2\/media?parent=1302"}],"wp:term":[{"taxonomy":"product_brand","embeddable":true,"href":"https:\/\/elicsgroup.com\/en\/wp-json\/wp\/v2\/product_brand?post=1302"},{"taxonomy":"product_cat","embeddable":true,"href":"https:\/\/elicsgroup.com\/en\/wp-json\/wp\/v2\/product_cat?post=1302"},{"taxonomy":"product_tag","embeddable":true,"href":"https:\/\/elicsgroup.com\/en\/wp-json\/wp\/v2\/product_tag?post=1302"}],"curies":[{"name":"wp","href":"https:\/\/api.w.org\/{rel}","templated":true}]}}