{"id":1298,"date":"2025-03-24T09:17:11","date_gmt":"2025-03-24T07:17:11","guid":{"rendered":"https:\/\/elicsgroup.com\/?post_type=product&#038;p=1298"},"modified":"2025-07-31T17:16:29","modified_gmt":"2025-07-31T14:16:29","slug":"cpr6800s-kietu-medziagu-lygio-matavimui","status":"publish","type":"product","link":"https:\/\/elicsgroup.com\/en\/produktas\/cpr6800s-kietu-medziagu-lygio-matavimui\/","title":{"rendered":"CPR6800S kiet\u0173 med\u017eiag\u0173 lygio matavimui"},"content":{"rendered":"<p>D\u0117l tinkamo produkto parinkimo susisiekite su m\u016bs\u0173 in\u017einieri\u0173 komanda.<\/p>\n<p>Taikymas:<\/p>\n<p>Cemento, gr\u016bdo, med\u017eio dro\u017eli\u0173, granuli\u0173, sm\u0117lio, u\u017epild\u0173 arba plastiko gamyboje<\/p>\n<p>Tinkamas naudoti talpyklose, kuriose didelis dulk\u0117tumas ir auk\u0161ta temperat\u016bra<\/p>\n<p>&nbsp;<\/p>\n<table dir=\"ltr\" border=\"1\" cellspacing=\"0\" cellpadding=\"0\" data-sheets-root=\"1\">\n<colgroup>\n<col width=\"147\" \/>\n<col width=\"755\" \/><\/colgroup>\n<tbody>\n<tr>\n<td style=\"text-align: center;\" colspan=\"2\" rowspan=\"1\" data-sheets-value=\"{&quot;1&quot;:2,&quot;2&quot;:&quot;CPR6800S&quot;}\">CPR6800S<\/td>\n<\/tr>\n<tr>\n<td data-sheets-value=\"{&quot;1&quot;:2,&quot;2&quot;:&quot;Application&quot;}\">Application<\/td>\n<td data-sheets-value=\"{&quot;1&quot;:2,&quot;2&quot;:&quot;Applicable for continuous level measurement of bulk solid, powder, granules in big vessels or difficult conditions.rn&quot;}\">Applicable for continuous level measurement of bulk solid, powder, granules in big vessels or difficult conditions<\/td>\n<\/tr>\n<tr>\n<td data-sheets-value=\"{&quot;1&quot;:2,&quot;2&quot;:&quot;Measuring range&quot;}\">Measuring range<\/td>\n<td data-sheets-value=\"{&quot;1&quot;:2,&quot;2&quot;:&quot;0 ~ 70 m&quot;}\">0 ~ 70 m<\/td>\n<\/tr>\n<tr>\n<td colspan=\"1\" rowspan=\"2\" data-sheets-value=\"{&quot;1&quot;:2,&quot;2&quot;:&quot;Version&quot;}\">\n<div>Version<\/div>\n<\/td>\n<td data-sheets-value=\"{&quot;1&quot;:2,&quot;2&quot;:&quot;DN200 paraboloid antenna (304ss,\u03a6195mm, H 117mm)&quot;}\">DN200 paraboloid antenna (304ss,\u03a6195mm, H 117mm)<\/td>\n<\/tr>\n<tr>\n<td data-sheets-value=\"{&quot;1&quot;:2,&quot;2&quot;:&quot;DN250 paraboloid antenna (304ss,\u03a6245mm, H 117mm)&quot;}\">DN250 paraboloid antenna (304ss,\u03a6245mm, H 117mm)<\/td>\n<\/tr>\n<tr>\n<td data-sheets-value=\"{&quot;1&quot;:2,&quot;2&quot;:&quot;Power&quot;}\">Power<\/td>\n<td data-sheets-value=\"{&quot;1&quot;:2,&quot;2&quot;:&quot;&lt; 0.5 Wr&quot;}\">&lt; 0.5 W<\/td>\n<\/tr>\n<tr>\n<td data-sheets-value=\"{&quot;1&quot;:2,&quot;2&quot;:&quot;Response time&quot;}\">Response time<\/td>\n<td data-sheets-value=\"{&quot;1&quot;:2,&quot;2&quot;:&quot;&lt; 2 s&quot;}\">&lt; 2 s<\/td>\n<\/tr>\n<tr>\n<td data-sheets-value=\"{&quot;1&quot;:2,&quot;2&quot;:&quot;Frequency&quot;}\">Frequency<\/td>\n<td data-sheets-value=\"{&quot;1&quot;:2,&quot;2&quot;:&quot;26 GHz&quot;}\">26 GHz<\/td>\n<\/tr>\n<tr>\n<td data-sheets-value=\"{&quot;1&quot;:2,&quot;2&quot;:&quot;Process fitting&quot;}\">Process fitting<\/td>\n<td data-sheets-value=\"{&quot;1&quot;:2,&quot;2&quot;:&quot;Flange&quot;}\">Flange<\/td>\n<\/tr>\n<tr>\n<td data-sheets-value=\"{&quot;1&quot;:2,&quot;2&quot;:&quot;Process temperature&quot;}\">Process temperature<\/td>\n<td data-sheets-value=\"{&quot;1&quot;:2,&quot;2&quot;:&quot;-40\u00b0C ~ + 1000\u00b0C&quot;}\">-40\u00b0C ~ + 1000\u00b0C<\/td>\n<\/tr>\n<tr>\n<td data-sheets-value=\"{&quot;1&quot;:2,&quot;2&quot;:&quot;Process &quot;}\">Process<\/td>\n<td data-sheets-value=\"{&quot;1&quot;:2,&quot;2&quot;:&quot;- 1 bar ~ 40 bar&quot;}\">&#8211; 1 bar ~ 40 bar<\/td>\n<\/tr>\n<tr>\n<td data-sheets-value=\"{&quot;1&quot;:2,&quot;2&quot;:&quot;Resolution&quot;}\">Resolution<\/td>\n<td data-sheets-value=\"{&quot;1&quot;:2,&quot;2&quot;:&quot;1 mm&quot;}\">1 mm<\/td>\n<\/tr>\n<tr>\n<td data-sheets-value=\"{&quot;1&quot;:2,&quot;2&quot;:&quot;Accuracy&quot;}\">Accuracy<\/td>\n<td data-sheets-value=\"{&quot;1&quot;:2,&quot;2&quot;:&quot;\u00b1 3 mm&quot;}\">\u00b1 3 mm<\/td>\n<\/tr>\n<tr>\n<td data-sheets-value=\"{&quot;1&quot;:2,&quot;2&quot;:&quot;Repeatability&quot;}\">Repeatability<\/td>\n<td data-sheets-value=\"{&quot;1&quot;:2,&quot;2&quot;:&quot;\u00b1 1.5 mm&quot;}\">\u00b1 1.5 mm<\/td>\n<\/tr>\n<tr>\n<td data-sheets-value=\"{&quot;1&quot;:2,&quot;2&quot;:&quot;Signal output&quot;}\">Signal output<\/td>\n<td data-sheets-value=\"{&quot;1&quot;:2,&quot;2&quot;:&quot;4 ~ 20 mA\/ HART&quot;}\">4 ~ 20 mA\/ HART<\/td>\n<\/tr>\n<tr>\n<td data-sheets-value=\"{&quot;1&quot;:2,&quot;2&quot;:&quot;Display and Adjustment&quot;}\">Display and Adjustment<\/td>\n<td data-sheets-value=\"{&quot;1&quot;:2,&quot;2&quot;:&quot;LCD display, tank side display and tank side hub&quot;}\">LCD display, tank side display and tank side hub<\/td>\n<\/tr>\n<tr>\n<td data-sheets-value=\"{&quot;1&quot;:2,&quot;2&quot;:&quot;Antenna material&quot;}\">Antenna material<\/td>\n<td data-sheets-value=\"{&quot;1&quot;:2,&quot;2&quot;:&quot;316L stainless steel&quot;}\">316L stainless steel<\/td>\n<\/tr>\n<tr>\n<td data-sheets-value=\"{&quot;1&quot;:2,&quot;2&quot;:&quot;Power supply&quot;}\">Power supply<\/td>\n<td data-sheets-value=\"{&quot;1&quot;:2,&quot;2&quot;:&quot;24VDC\/230VAC ( two wire or four wire)&quot;}\">24VDC\/230VAC<\/td>\n<\/tr>\n<tr>\n<td data-sheets-value=\"{&quot;1&quot;:2,&quot;2&quot;:&quot;Protect level&quot;}\">Protect level<\/td>\n<td data-sheets-value=\"{&quot;1&quot;:2,&quot;2&quot;:&quot;IP67&quot;}\">IP67<\/td>\n<\/tr>\n<tr>\n<td data-sheets-value=\"{&quot;1&quot;:2,&quot;2&quot;:&quot;Electrical connection&quot;}\">Electrical connection<\/td>\n<td data-sheets-value=\"{&quot;1&quot;:2,&quot;2&quot;:&quot;2 \u00d7 M20*1.5(Cable diameter 9 ~ 13 mm); \u00bdNPT&quot;}\">2 \u00d7 M20*1.5(Cable diameter 9 ~ 13 mm); \u00bdNPT<\/td>\n<\/tr>\n<tr>\n<td colspan=\"1\" rowspan=\"3\" data-sheets-value=\"{&quot;1&quot;:2,&quot;2&quot;:&quot;Ex information&quot;}\">\n<div>Ex information<\/div>\n<\/td>\n<td data-sheets-value=\"{&quot;1&quot;:2,&quot;2&quot;:&quot;EX ia IIC T6 Ga&quot;}\">EX ia IIC T6 Ga<\/td>\n<\/tr>\n<tr>\n<td data-sheets-value=\"{&quot;1&quot;:2,&quot;2&quot;:&quot;Ex dia [iaGa]IIC T6\/T2 Gb&quot;}\">Ex dia [iaGa]IIC T6\/T2 Gb<\/td>\n<\/tr>\n<tr>\n<td data-sheets-value=\"{&quot;1&quot;:2,&quot;2&quot;:&quot;Ex iaD tD A21 IP67T80\u00baC\/T290\u00baCr&quot;}\">Ex iaD tD A21 IP67T80\u00baC\/T290\u00baC<\/td>\n<\/tr>\n<\/tbody>\n<\/table>\n<p>Radaro parinkimas:<\/p>\n<p><a href=\"https:\/\/eshop.elicsgroup.com\/wp-content\/uploads\/CPR6800S-Specification-Sheet.pdf\">CPR6800S Specification Sheet<\/a><\/p>\n","protected":false},"excerpt":{"rendered":"<p>CPR6800S skirtas nuolatiniam biri\u0173 kiet\u0173j\u0173 med\u017eiag\u0173 matavimui sud\u0117tingomis proceso s\u0105lygomis. Jutiklis idealiai tinka matuoti lyg\u012f auk\u0161tuose bok\u0161tuose, dideliuose bunkeriuose, akmens skaldyklose.<\/p>\n","protected":false},"featured_media":1328,"menu_order":234,"comment_status":"closed","ping_status":"closed","template":"","meta":{"_acf_changed":false},"product_brand":[],"product_cat":[53],"product_tag":[],"class_list":{"0":"post-1298","1":"product","2":"type-product","3":"status-publish","4":"has-post-thumbnail","6":"product_cat-bekontakciai-radarai-26ghz-6ghz","8":"first","9":"onbackorder","10":"shipping-taxable","11":"product-type-simple"},"acf":[],"_links":{"self":[{"href":"https:\/\/elicsgroup.com\/en\/wp-json\/wp\/v2\/product\/1298","targetHints":{"allow":["GET"]}}],"collection":[{"href":"https:\/\/elicsgroup.com\/en\/wp-json\/wp\/v2\/product"}],"about":[{"href":"https:\/\/elicsgroup.com\/en\/wp-json\/wp\/v2\/types\/product"}],"replies":[{"embeddable":true,"href":"https:\/\/elicsgroup.com\/en\/wp-json\/wp\/v2\/comments?post=1298"}],"wp:featuredmedia":[{"embeddable":true,"href":"https:\/\/elicsgroup.com\/en\/wp-json\/wp\/v2\/media\/1328"}],"wp:attachment":[{"href":"https:\/\/elicsgroup.com\/en\/wp-json\/wp\/v2\/media?parent=1298"}],"wp:term":[{"taxonomy":"product_brand","embeddable":true,"href":"https:\/\/elicsgroup.com\/en\/wp-json\/wp\/v2\/product_brand?post=1298"},{"taxonomy":"product_cat","embeddable":true,"href":"https:\/\/elicsgroup.com\/en\/wp-json\/wp\/v2\/product_cat?post=1298"},{"taxonomy":"product_tag","embeddable":true,"href":"https:\/\/elicsgroup.com\/en\/wp-json\/wp\/v2\/product_tag?post=1298"}],"curies":[{"name":"wp","href":"https:\/\/api.w.org\/{rel}","templated":true}]}}