{"id":1259,"date":"2025-03-24T09:17:00","date_gmt":"2025-03-24T07:17:00","guid":{"rendered":"https:\/\/elicsgroup.com\/?post_type=product&#038;p=1259"},"modified":"2025-07-31T17:16:30","modified_gmt":"2025-07-31T14:16:30","slug":"vidutines-itampos-varikliai","status":"publish","type":"product","link":"https:\/\/elicsgroup.com\/en\/produktas\/vidutines-itampos-varikliai\/","title":{"rendered":"Vidutin\u0117s \u012ftampos varikliai"},"content":{"rendered":"<p>D\u0117l tinkamiausio modelio parinkimo, susisiekite su m\u016bs\u0173 in\u017einieri\u0173 komanda.<\/p>\n<p>Nuoroda \u012f gamintojo puslap\u012f:<\/p>\n<p><a href=\"https:\/\/gamak.com\/en\/medium-voltage-electric-motors\" target=\"_blank\" rel=\"noopener\">Medium Voltage Electric Motors Features and Models &#8211; GAMAK<\/a><\/p>\n<p>Ypatyb\u0117s:<\/p>\n<p>Narvo rotorius \/ ketaus r\u0117mas<br \/>\nVisi\u0161kai u\u017edaras (TEFC) &#8211; (TEFV) &#8211; (TEAAC)<\/p>\n<p>\u012etampos diapazonas: 1000 &#8211; 11000 V<br \/>\nGalios diapazonas: 150 &#8211; 3000 kW<br \/>\nKonstrukcijos dydis: 315-630 (IEC)<br \/>\nTvirtinimo tipas: IMB3-IMV1-IMV3<br \/>\nVeikimo tipas : S1 standartinis, S1-8 pasirinktinis<br \/>\nApsaugos klas\u0117: IP 55<br \/>\nIzoliacijos klas\u0117: F (155 \u00b0C)<br \/>\nTemperat\u016bros kilimo klas\u0117: B klas\u0117 (80K)<br \/>\nPoli\u0173 skai\u010dius: 2-12<br \/>\nAu\u0161inimo tipas: IC411-IC416-IC611<br \/>\nPT100 guolyje ir apvijoje<br \/>\nTermistorius<br \/>\nTepimo antgaliai<br \/>\nBendras guolis<\/p>\n<p>Paleidimo b\u016bdas: DOL, VFD, mink\u0161tasis paleidiklis<br \/>\nKabeli\u0173 d\u0117\u017eut\u0117: 180 laipsni\u0173 kampu kei\u010diama (kair\u0117-de\u0161in\u0117)<br \/>\nDa\u017eymas: Standartin\u0117 RAL 7031, kitos spalvos pasirinktinai<br \/>\nApsauga: Iki IP56<br \/>\nGuolis: Standartinis guolis, sustiprinta konstrukcija radialin\u0117ms j\u0117goms pasirinktinai Guoliai<br \/>\nSukimasis: Pasukimas \u012f abi puses<br \/>\nDa\u017enis: 50-60 Hz<\/p>\n","protected":false},"excerpt":{"rendered":"<p>D\u0117l tinkamiausio modelio parinkimo, susisiekite su m\u016bs\u0173 in\u017einieri\u0173 komanda. Nuoroda \u012f gamintojo puslap\u012f: Medium Voltage Electric Motors Features and Models &#8211; GAMAK Ypatyb\u0117s: Narvo rotorius \/ ketaus r\u0117mas Visi\u0161kai u\u017edaras (TEFC) &#8211; (TEFV) &#8211; (TEAAC) \u012etampos diapazonas: 1000 &#8211; 11000 V Galios diapazonas: 150 &#8211; 3000 kW Konstrukcijos dydis: 315-630 (IEC) Tvirtinimo tipas: IMB3-IMV1-IMV3 Veikimo [&hellip;]<\/p>\n","protected":false},"featured_media":1282,"menu_order":245,"comment_status":"closed","ping_status":"closed","template":"","meta":{"_acf_changed":false},"product_brand":[],"product_cat":[51],"product_tag":[],"class_list":{"0":"post-1259","1":"product","2":"type-product","3":"status-publish","4":"has-post-thumbnail","6":"product_cat-varikliai","8":"first","9":"onbackorder","10":"shipping-taxable","11":"product-type-simple"},"acf":[],"_links":{"self":[{"href":"https:\/\/elicsgroup.com\/en\/wp-json\/wp\/v2\/product\/1259","targetHints":{"allow":["GET"]}}],"collection":[{"href":"https:\/\/elicsgroup.com\/en\/wp-json\/wp\/v2\/product"}],"about":[{"href":"https:\/\/elicsgroup.com\/en\/wp-json\/wp\/v2\/types\/product"}],"replies":[{"embeddable":true,"href":"https:\/\/elicsgroup.com\/en\/wp-json\/wp\/v2\/comments?post=1259"}],"wp:featuredmedia":[{"embeddable":true,"href":"https:\/\/elicsgroup.com\/en\/wp-json\/wp\/v2\/media\/1282"}],"wp:attachment":[{"href":"https:\/\/elicsgroup.com\/en\/wp-json\/wp\/v2\/media?parent=1259"}],"wp:term":[{"taxonomy":"product_brand","embeddable":true,"href":"https:\/\/elicsgroup.com\/en\/wp-json\/wp\/v2\/product_brand?post=1259"},{"taxonomy":"product_cat","embeddable":true,"href":"https:\/\/elicsgroup.com\/en\/wp-json\/wp\/v2\/product_cat?post=1259"},{"taxonomy":"product_tag","embeddable":true,"href":"https:\/\/elicsgroup.com\/en\/wp-json\/wp\/v2\/product_tag?post=1259"}],"curies":[{"name":"wp","href":"https:\/\/api.w.org\/{rel}","templated":true}]}}