{"id":1258,"date":"2025-03-24T09:17:00","date_gmt":"2025-03-24T07:17:00","guid":{"rendered":"https:\/\/elicsgroup.com\/?post_type=product&#038;p=1258"},"modified":"2025-07-31T17:16:30","modified_gmt":"2025-07-31T14:16:30","slug":"varikliai-sprogioms-zonoms","status":"publish","type":"product","link":"https:\/\/elicsgroup.com\/en\/produktas\/varikliai-sprogioms-zonoms\/","title":{"rendered":"Varikliai sprogioms zonoms"},"content":{"rendered":"<p>D\u0117l tinkamiausio modelio parinkimo, susisiekite su m\u016bs\u0173 in\u017einieri\u0173 komanda.<\/p>\n<p>Produkt\u0173 katalogas:<\/p>\n<p><a href=\"https:\/\/gamak.com\/en\/ex-proof-motors\" target=\"_blank\" rel=\"noopener\">Ex-Proof Low Voltage Motor &#8211; GAMAK<\/a><\/p>\n<p>Funkcijos:<\/p>\n<p>GAMAK ugniai atspar\u016bs Ex varikliai yra suprojektuoti pagal konkre\u010dius projektavimo kriterijus kiekvienam atitinkamam tipui. \u0160ie tipai klasifikuojami pagal IEC standartus, pavyzd\u017eiui, 71-80-90-90 S -90 L &#8211; 100 L &#8211; 112 M -132 S -132 M -160 M -160 L -180 M -180 L -200 L -225 MS &#8211; 250 M.<\/p>\n<p>\u0160i varikli\u0173 grup\u0117 &#8211; tai 3 fazi\u0173, asinchroninis elektros variklis. Jis turi IP65 apsaugos klas\u0119 ir gali b\u016bti valdomas tiesioginiu maitinimu. Elektri\u0161kai jis suprojektuotas kaip 2-4-6 arba 8 poli\u0173, jo galios diapazonas &#8211; 0,09 kW-75 kW.<\/p>\n<p>Varikli\u0173, suprojektuot\u0173 pagal D degumo klas\u0117s konstrukcij\u0105, korpuso komponentai pagaminti i\u0161 ketaus.<br \/>\nPagal u\u017esakym\u0105 gali b\u016bti gaminami F arba H izoliacijos klas\u0117s varikliai. Pagal atitinkamus standartus varis ir izoliacinis lakas, i\u0161 kuri\u0173 pagamintas F klas\u0117s izoliacijos statorius, gali atlaikyti iki 155 laipsni\u0173, H klas\u0117s izoliacijos atveju \u0161i atsparumo riba padid\u0117ja iki 180 laipsni\u0173.<\/p>\n<p>Tarp izoliacijos var\u017eos ir did\u017eiausios pavir\u0161iaus temperat\u016bros n\u0117ra jokio ry\u0161io.<\/p>\n<p>Ex-proof varikliai suprojektuoti su II 2G Exd IIC T4 Gb apsaugos klas\u0117mis, skirtomis duj\u0173 aplinkai, ir II 2D Extb T135 Db apsaugos klas\u0117mis, skirtomis dulk\u0117tai aplinkai.<\/p>\n<p>Visi GAMAK Ex atspar\u016bs varikliai gaminami su termistoriniais apsaugos elementais, kuri\u0173 suveikimo riba yra 130 laipsni\u0173. Jei variklio apvij\u0173 galvu\u010di\u0173 temperat\u016bra pasiekia pavojing\u0105 lyg\u012f, termistorius u\u017ekerta keli\u0105 perkaitimui nutraukdamas elektros srov\u0119. U\u017e termistoriaus jungtis atsako naudotojas.<\/p>\n<p>Kad suma\u017eintume statinio \u012fsielektrinimo rizik\u0105 savo gaminiuose, apsauginio korpuso da\u017e\u0173 storis nevir\u0161ija 200 mikron\u0173. Taip pat renkam\u0117s rotacini\u0173 plastikini\u0173 sparnuo\u010di\u0173 med\u017eiagas, kuri\u0173 pavir\u0161iaus var\u017ea yra ma\u017eesn\u0117 nei E9 om\u0173.<br \/>\nApribojame \u0161ios serijos varikli\u0173 darbo temperat\u016bros diapazon\u0105 nuo -20 iki +40 laipsni\u0173.<\/p>\n<p>&nbsp;<\/p>\n<p>&nbsp;<\/p>\n<p>&nbsp;<\/p>\n","protected":false},"excerpt":{"rendered":"<p>&#8220;Gamak&#8221; liepsnai atspar\u016bs &#8220;Ex&#8221; tipo elektros varikliai &#8211; tai elektros varikliai, kurie yra atspar\u016bs duj\u0173 ar gar\u0173 sprogimui ir yra sukurti taip, kad b\u016bt\u0173 i\u0161vengta situacij\u0173, kai d\u0117l sprogimo galin\u010dios kilti kibirk\u0161tys susilie\u010dia su aplinkoje esan\u010diomis sprogiomis dujomis ar dulk\u0117mis ir sukelia sprogim\u0105 bei u\u017esidegim\u0105.<\/p>\n","protected":false},"featured_media":1281,"menu_order":244,"comment_status":"closed","ping_status":"closed","template":"","meta":{"_acf_changed":false},"product_brand":[],"product_cat":[51],"product_tag":[],"class_list":{"0":"post-1258","1":"product","2":"type-product","3":"status-publish","4":"has-post-thumbnail","6":"product_cat-varikliai","8":"first","9":"onbackorder","10":"shipping-taxable","11":"product-type-simple"},"acf":[],"_links":{"self":[{"href":"https:\/\/elicsgroup.com\/en\/wp-json\/wp\/v2\/product\/1258","targetHints":{"allow":["GET"]}}],"collection":[{"href":"https:\/\/elicsgroup.com\/en\/wp-json\/wp\/v2\/product"}],"about":[{"href":"https:\/\/elicsgroup.com\/en\/wp-json\/wp\/v2\/types\/product"}],"replies":[{"embeddable":true,"href":"https:\/\/elicsgroup.com\/en\/wp-json\/wp\/v2\/comments?post=1258"}],"wp:featuredmedia":[{"embeddable":true,"href":"https:\/\/elicsgroup.com\/en\/wp-json\/wp\/v2\/media\/1281"}],"wp:attachment":[{"href":"https:\/\/elicsgroup.com\/en\/wp-json\/wp\/v2\/media?parent=1258"}],"wp:term":[{"taxonomy":"product_brand","embeddable":true,"href":"https:\/\/elicsgroup.com\/en\/wp-json\/wp\/v2\/product_brand?post=1258"},{"taxonomy":"product_cat","embeddable":true,"href":"https:\/\/elicsgroup.com\/en\/wp-json\/wp\/v2\/product_cat?post=1258"},{"taxonomy":"product_tag","embeddable":true,"href":"https:\/\/elicsgroup.com\/en\/wp-json\/wp\/v2\/product_tag?post=1258"}],"curies":[{"name":"wp","href":"https:\/\/api.w.org\/{rel}","templated":true}]}}