{"id":1257,"date":"2025-03-24T09:17:00","date_gmt":"2025-03-24T07:17:00","guid":{"rendered":"https:\/\/elicsgroup.com\/?post_type=product&#038;p=1257"},"modified":"2025-07-31T17:16:27","modified_gmt":"2025-07-31T14:16:27","slug":"3-faziu-asinchroniniai-varikliai","status":"publish","type":"product","link":"https:\/\/elicsgroup.com\/en\/produktas\/3-faziu-asinchroniniai-varikliai\/","title":{"rendered":"3 fazi\u0173 asinchroniniai varikliai"},"content":{"rendered":"<p>D\u0117l tinkamiausio modelio parinkimo, susisiekite su m\u016bs\u0173 in\u017einieri\u0173 komanda.<\/p>\n<p>Produkt\u0173 katalogas:<\/p>\n<p><a href=\"https:\/\/gamak.com\/3-fazli-asenkron-motorlar\" target=\"_blank\" rel=\"noopener\">3 Phase Induction Motors &#8211; GAMAK<\/a><\/p>\n<p>Trifazi\u0173 asinchronini\u0173 varikli\u0173 pritaikymas:<\/p>\n<p>Konvejeri\u0173 sistemoms<\/p>\n<p>Kompresoriams<\/p>\n<p>Siurbliams<\/p>\n<p>Ventiliatoriai ir orap\u016bt\u0117s<\/p>\n<p>Frezavimo ir frezavimo ma\u0161inoms<\/p>\n<p>Kranai ir liftai<\/p>\n<p>Dr\u0117kinimo siurbliai<\/p>\n<p>Trifazi\u0173 indukcini\u0173 varikli\u0173 privalumai:<\/p>\n<p>Didelis efektyvumas<\/p>\n<p>Tvirtumas: Jie sukurti taip, kad atlaikyt\u0173 sud\u0117tingas darbo s\u0105lygas, tod\u0117l yra patikimi ir patvar\u016bs ilg\u0105 laik\u0105.<\/p>\n<p>Reikalinga minimali prie\u017ei\u016bra, tod\u0117l sutaupoma l\u0117\u0161\u0173 ir padid\u0117ja veiklos efektyvumas.<\/p>\n<p>Didelis paleidimo momentas: \u0160ie varikliai pasi\u017eymi dideliu paleidimo momentu, tod\u0117l gali efektyviai paleisti ir pagreitinti dideles apkrovas.<\/p>\n<p>Ekonomi\u0161kas<\/p>\n<p>Platus dyd\u017ei\u0173 asortimentas: varikliai yra \u012fvairi\u0173 dyd\u017ei\u0173, tod\u0117l juos galima pritaikyti \u012fvairioms ma\u0161inoms ir \u012frenginiams.<\/p>\n<p>&nbsp;<\/p>\n<p>&nbsp;<\/p>\n","protected":false},"excerpt":{"rendered":"<p>Trifaziai asinchroniniai varikliai pla\u010diai naudojami pramon\u0117s \u012fmon\u0117se, transporto priemon\u0117se, kompresoriuose, siurbliuose, konvejeri\u0173 sistemose ir daugelyje kit\u0173 \u012frengini\u0173 d\u0117l toki\u0173 j\u0173 privalum\u0173, kaip energijos vartojimo efektyvumas, galingas veikimas ir ilgaam\u017ei\u0161kumas.<\/p>\n","protected":false},"featured_media":1280,"menu_order":214,"comment_status":"closed","ping_status":"closed","template":"","meta":{"_acf_changed":false},"product_brand":[],"product_cat":[51],"product_tag":[],"class_list":{"0":"post-1257","1":"product","2":"type-product","3":"status-publish","4":"has-post-thumbnail","6":"product_cat-varikliai","8":"first","9":"onbackorder","10":"shipping-taxable","11":"product-type-simple"},"acf":[],"_links":{"self":[{"href":"https:\/\/elicsgroup.com\/en\/wp-json\/wp\/v2\/product\/1257","targetHints":{"allow":["GET"]}}],"collection":[{"href":"https:\/\/elicsgroup.com\/en\/wp-json\/wp\/v2\/product"}],"about":[{"href":"https:\/\/elicsgroup.com\/en\/wp-json\/wp\/v2\/types\/product"}],"replies":[{"embeddable":true,"href":"https:\/\/elicsgroup.com\/en\/wp-json\/wp\/v2\/comments?post=1257"}],"wp:featuredmedia":[{"embeddable":true,"href":"https:\/\/elicsgroup.com\/en\/wp-json\/wp\/v2\/media\/1280"}],"wp:attachment":[{"href":"https:\/\/elicsgroup.com\/en\/wp-json\/wp\/v2\/media?parent=1257"}],"wp:term":[{"taxonomy":"product_brand","embeddable":true,"href":"https:\/\/elicsgroup.com\/en\/wp-json\/wp\/v2\/product_brand?post=1257"},{"taxonomy":"product_cat","embeddable":true,"href":"https:\/\/elicsgroup.com\/en\/wp-json\/wp\/v2\/product_cat?post=1257"},{"taxonomy":"product_tag","embeddable":true,"href":"https:\/\/elicsgroup.com\/en\/wp-json\/wp\/v2\/product_tag?post=1257"}],"curies":[{"name":"wp","href":"https:\/\/api.w.org\/{rel}","templated":true}]}}