{"id":1256,"date":"2025-03-24T09:17:00","date_gmt":"2025-03-24T07:17:00","guid":{"rendered":"https:\/\/elicsgroup.com\/?post_type=product&#038;p=1256"},"modified":"2025-07-31T17:16:30","modified_gmt":"2025-07-31T14:16:30","slug":"vienfaziai-indukciniai-varikliai","status":"publish","type":"product","link":"https:\/\/elicsgroup.com\/en\/produktas\/vienfaziai-indukciniai-varikliai\/","title":{"rendered":"Vienfaziai indukciniai varikliai"},"content":{"rendered":"<p>D\u0117l tinkamiausio modelio parinkimo, susisiekite su m\u016bs\u0173 in\u017einieri\u0173 komanda.<\/p>\n<p>Produkt\u0173 katalogas:<\/p>\n<p><a href=\"https:\/\/gamak.com\/1-fazli-asenkron-motorlar\" target=\"_blank\" rel=\"noopener\">1 Phase Asynchronous Motors &#8211; GAMAK<\/a><\/p>\n<p>Vienfazi\u0173 indukcini\u0173 varikli\u0173 savyb\u0117s:<\/p>\n<p>Grei\u010dio diapazonas: Asinchroninis vienfazis variklis paprastai pasi\u017eymi vidutiniu grei\u010dio diapazonu, tinkamu \u012fvairioms reikm\u0117ms.<\/p>\n<p>K\u0117bulo diapazonas: Vienfaziai indukciniai varikliai b\u016bna \u012fvairi\u0173 dyd\u017ei\u0173 ir konfig\u016bracij\u0173, kad tikt\u0173 \u012fvairiems \u012frenginiams ir ma\u0161inoms.<\/p>\n<p>Galimi \u012fvair\u016bs tipai, kuriuos galima pritaikyti pagal konkre\u010dius taikymo reikalavimus.<\/p>\n<p>Kiekvienas vienfaz\u0117s asinchronin\u0117s ma\u0161inos tipas pasi\u017eymi savitomis savyb\u0117mis ir pasirenkamas atsi\u017evelgiant \u012f konkre\u010dius taikymo reikalavimus, tokius kaip paleidimo momentas, efektyvumas ir dyd\u017eio apribojimai.<\/p>\n<p>Pasi\u017eymi patikimumu ir ilgu tarnavimo laiku, kai atliekama minimali prie\u017ei\u016bra.<\/p>\n<p>&nbsp;<\/p>\n","protected":false},"excerpt":{"rendered":"<p>Vienfazis asinchroninis variklis, veikiantis nuo vienfazio maitinimo \u0161altinio, atitinka tuos pa\u010dius mechaninius standartus kaip ir trifaziai varikliai. Jie remiasi elektromagnetine indukcija, kad sukurt\u0173 besisukant\u012f magnetin\u012f lauk\u0105 naudodami pagrindin\u0119 ir pagalbin\u0119 apvijas.<\/p>\n","protected":false},"featured_media":1279,"menu_order":246,"comment_status":"closed","ping_status":"closed","template":"","meta":{"_acf_changed":false},"product_brand":[],"product_cat":[51],"product_tag":[],"class_list":{"0":"post-1256","1":"product","2":"type-product","3":"status-publish","4":"has-post-thumbnail","6":"product_cat-varikliai","8":"first","9":"onbackorder","10":"shipping-taxable","11":"product-type-simple"},"acf":[],"_links":{"self":[{"href":"https:\/\/elicsgroup.com\/en\/wp-json\/wp\/v2\/product\/1256","targetHints":{"allow":["GET"]}}],"collection":[{"href":"https:\/\/elicsgroup.com\/en\/wp-json\/wp\/v2\/product"}],"about":[{"href":"https:\/\/elicsgroup.com\/en\/wp-json\/wp\/v2\/types\/product"}],"replies":[{"embeddable":true,"href":"https:\/\/elicsgroup.com\/en\/wp-json\/wp\/v2\/comments?post=1256"}],"wp:featuredmedia":[{"embeddable":true,"href":"https:\/\/elicsgroup.com\/en\/wp-json\/wp\/v2\/media\/1279"}],"wp:attachment":[{"href":"https:\/\/elicsgroup.com\/en\/wp-json\/wp\/v2\/media?parent=1256"}],"wp:term":[{"taxonomy":"product_brand","embeddable":true,"href":"https:\/\/elicsgroup.com\/en\/wp-json\/wp\/v2\/product_brand?post=1256"},{"taxonomy":"product_cat","embeddable":true,"href":"https:\/\/elicsgroup.com\/en\/wp-json\/wp\/v2\/product_cat?post=1256"},{"taxonomy":"product_tag","embeddable":true,"href":"https:\/\/elicsgroup.com\/en\/wp-json\/wp\/v2\/product_tag?post=1256"}],"curies":[{"name":"wp","href":"https:\/\/api.w.org\/{rel}","templated":true}]}}