{"id":1248,"date":"2025-03-24T09:17:00","date_gmt":"2025-03-24T07:17:00","guid":{"rendered":"https:\/\/elicsgroup.com\/?post_type=product&#038;p=1248"},"modified":"2025-07-31T17:16:30","modified_gmt":"2025-07-31T14:16:30","slug":"bateriju-talpykla-c3","status":"publish","type":"product","link":"https:\/\/elicsgroup.com\/en\/produktas\/bateriju-talpykla-c3\/","title":{"rendered":"Baterij\u0173 talpykla C3"},"content":{"rendered":"<p>Baterij\u0173 d\u0117\u017e\u0117s i\u0161matavimai (PlotisxAuk\u0161tisxGylis): 585x210x270 (mm), 1 eil\u0117s, 9 kG.<\/p>\n<p>\u0160i nuotrauka skirta tik susipa\u017einimui su produktu. Tikrasis produktas gali skirtis nuo nuotraukos.<\/p>\n","protected":false},"excerpt":{"rendered":"<p>Baterij\u0173 spinta pagaminta i\u0161 valcuoto plieno arba cinkuoto plieno plok\u0161\u010di\u0173. Elektrostatiniu pur\u0161kimu apdorota kompakti\u0161ka konstrukcija u\u017etikrina, kad spinta yra atsparesn\u0117 dilimui, korozijai ir ugniai.<\/p>\n","protected":false},"featured_media":1278,"menu_order":247,"comment_status":"closed","ping_status":"closed","template":"","meta":{"_acf_changed":false},"product_brand":[],"product_cat":[50],"product_tag":[],"class_list":{"0":"post-1248","1":"product","2":"type-product","3":"status-publish","4":"has-post-thumbnail","6":"product_cat-bateriju-talpyklos","8":"first","9":"onbackorder","10":"shipping-taxable","11":"purchasable","12":"product-type-simple"},"acf":[],"_links":{"self":[{"href":"https:\/\/elicsgroup.com\/en\/wp-json\/wp\/v2\/product\/1248","targetHints":{"allow":["GET"]}}],"collection":[{"href":"https:\/\/elicsgroup.com\/en\/wp-json\/wp\/v2\/product"}],"about":[{"href":"https:\/\/elicsgroup.com\/en\/wp-json\/wp\/v2\/types\/product"}],"replies":[{"embeddable":true,"href":"https:\/\/elicsgroup.com\/en\/wp-json\/wp\/v2\/comments?post=1248"}],"wp:featuredmedia":[{"embeddable":true,"href":"https:\/\/elicsgroup.com\/en\/wp-json\/wp\/v2\/media\/1278"}],"wp:attachment":[{"href":"https:\/\/elicsgroup.com\/en\/wp-json\/wp\/v2\/media?parent=1248"}],"wp:term":[{"taxonomy":"product_brand","embeddable":true,"href":"https:\/\/elicsgroup.com\/en\/wp-json\/wp\/v2\/product_brand?post=1248"},{"taxonomy":"product_cat","embeddable":true,"href":"https:\/\/elicsgroup.com\/en\/wp-json\/wp\/v2\/product_cat?post=1248"},{"taxonomy":"product_tag","embeddable":true,"href":"https:\/\/elicsgroup.com\/en\/wp-json\/wp\/v2\/product_tag?post=1248"}],"curies":[{"name":"wp","href":"https:\/\/api.w.org\/{rel}","templated":true}]}}