{"id":1246,"date":"2025-03-24T09:17:00","date_gmt":"2025-03-24T07:17:00","guid":{"rendered":"https:\/\/elicsgroup.com\/?post_type=product&#038;p=1246"},"modified":"2025-07-31T17:16:33","modified_gmt":"2025-07-31T14:16:33","slug":"rm-serijos-moduliniai-ups-10-90kva","status":"publish","type":"product","link":"https:\/\/elicsgroup.com\/en\/produktas\/rm-serijos-moduliniai-ups-10-90kva\/","title":{"rendered":"RM serijos moduliniai UPS 10-90kVA"},"content":{"rendered":"<p>Susiekite su m\u016bs\u0173 in\u017einieri\u0173 komand\u0105 d\u0117l tinkamiausio sprendimo Jums.<\/p>\n<p>Funkcijos:<\/p>\n<p>Rack montavimo tipo<\/p>\n<p>Modulin\u0117 konstrukcija, suderinama su 19 coli\u0173 standartine stovo spinta, patogi integruoti su serveriais<\/p>\n<p>10\/15 KVA galios modulis 2 U auk\u0161tyje, sutaupoma daug vietos, lengva i\u0161pl\u0117sti paj\u0117gumus<\/p>\n<p>7 coli\u0173 jutiklinis spalvotas LCD ekranas su grafiniu ekranu, kuriame rodoma daugiau informacijos, kad klientui b\u016bt\u0173 lengviau valdyti<\/p>\n<p>UPS galima integruoti su akumuliatori\u0173 spinta ir PDU, tod\u0117l tai puikus pasirinkimas duomen\u0173 centrui.<\/p>\n<p>Sistema gali i\u0161maniai i\u0161jungti kai kuriuos maitinimo modulius, kad padidint\u0173 bendr\u0105 apkrovos norm\u0105 ir pasiekt\u0173 didesn\u012f efektyvum\u0105.<\/p>\n<p>Sistema i\u0161maniai valdo vis\u0105 \u012fkrovimo ir i\u0161krovimo proces\u0105, efektyviai pagerina akumuliatoriaus tarnavimo laik\u0105.<\/p>\n<p>Technin\u0117 specifikacija: <a href=\"https:\/\/eshop.elicsgroup.com\/wp-content\/uploads\/RM-10-90kVA.pdf\">RM 10-90kVA<\/a><\/p>\n","protected":false},"excerpt":{"rendered":"<p>Standartinis 19 coli\u0173 modulinis, kei\u010diamo dyd\u017eio,\u00a0 internetinis dvigubos konversijos UPS, kurio galia svyruoja nuo 10 iki 90 kVA, su lanks\u010dia 3\/3, 3\/1 ir 1\/1 konfig\u016bracija, kompakti\u0161ka konstrukcija yra idealus pasirinkimas ma\u017eiems ir vidutiniams duomen\u0173 centrams.<\/p>\n","protected":false},"featured_media":1276,"menu_order":267,"comment_status":"closed","ping_status":"closed","template":"","meta":{"_acf_changed":false},"product_brand":[],"product_cat":[49],"product_tag":[],"class_list":{"0":"post-1246","1":"product","2":"type-product","3":"status-publish","4":"has-post-thumbnail","6":"product_cat-trifaziai-nepertraukiamo-maitinimo-saltiniai","8":"first","9":"onbackorder","10":"shipping-taxable","11":"product-type-simple"},"acf":[],"_links":{"self":[{"href":"https:\/\/elicsgroup.com\/en\/wp-json\/wp\/v2\/product\/1246","targetHints":{"allow":["GET"]}}],"collection":[{"href":"https:\/\/elicsgroup.com\/en\/wp-json\/wp\/v2\/product"}],"about":[{"href":"https:\/\/elicsgroup.com\/en\/wp-json\/wp\/v2\/types\/product"}],"replies":[{"embeddable":true,"href":"https:\/\/elicsgroup.com\/en\/wp-json\/wp\/v2\/comments?post=1246"}],"wp:featuredmedia":[{"embeddable":true,"href":"https:\/\/elicsgroup.com\/en\/wp-json\/wp\/v2\/media\/1276"}],"wp:attachment":[{"href":"https:\/\/elicsgroup.com\/en\/wp-json\/wp\/v2\/media?parent=1246"}],"wp:term":[{"taxonomy":"product_brand","embeddable":true,"href":"https:\/\/elicsgroup.com\/en\/wp-json\/wp\/v2\/product_brand?post=1246"},{"taxonomy":"product_cat","embeddable":true,"href":"https:\/\/elicsgroup.com\/en\/wp-json\/wp\/v2\/product_cat?post=1246"},{"taxonomy":"product_tag","embeddable":true,"href":"https:\/\/elicsgroup.com\/en\/wp-json\/wp\/v2\/product_tag?post=1246"}],"curies":[{"name":"wp","href":"https:\/\/api.w.org\/{rel}","templated":true}]}}