{"id":1245,"date":"2025-03-24T09:17:00","date_gmt":"2025-03-24T07:17:00","guid":{"rendered":"https:\/\/elicsgroup.com\/?post_type=product&#038;p=1245"},"modified":"2025-07-31T17:16:33","modified_gmt":"2025-07-31T14:16:33","slug":"rm-serijos-moduliniai-ups-25-600kva","status":"publish","type":"product","link":"https:\/\/elicsgroup.com\/en\/produktas\/rm-serijos-moduliniai-ups-25-600kva\/","title":{"rendered":"RM serijos moduliniai UPS 25-600kVA"},"content":{"rendered":"<p>Susiekite su m\u016bs\u0173 in\u017einieri\u0173 komand\u0105 d\u0117l tinkamiausio sprendimo Jums.<\/p>\n<p>Funkcijos:<\/p>\n<p>Nepriklausomas kiekvieno maitinimo modulio LCD ekranas<\/p>\n<p>Kiekvienas maitinimo modulis turi nepriklausom\u0105 skyst\u0173j\u0173 kristal\u0173 ekran\u0105, kuris leid\u017eia naudotojams tiesiogiai matyti b\u016bsenos duomenis ir pavojaus signalus realiuoju laiku<\/p>\n<p>Patogi s\u0105saja<\/p>\n<p>Pateikiama grafin\u0117 ir tekstin\u0117 informacija apie pavojaus signalus, b\u016bsenos duomenis, instrukcijas, kad vartotojai gal\u0117t\u0173 patogiau ir saugiau dirbti.<\/p>\n<p>Izoliuotas oro srautas<\/p>\n<p>Special\u016bs ir nereikalingi kar\u0161to keitimo maitinimo moduliai pasi\u017eymi unikaliausiu strukt\u016bros dizainu. \u0160ioje konstrukcijoje spausdintin\u0117s plok\u0161t\u0117s ir radiatoriai yra dviejuose visi\u0161kai skirtinguose sluoksniuose, tod\u0117l UPS gali veikti dulk\u0117toje aplinkoje, o tai gerokai pagerina jo stabilum\u0105 ir prisitaikym\u0105 prie aplinkos.<\/p>\n<p>Au\u0161inimo oras teka apatiniu sluoksniu, tod\u0117l ant vir\u0161utin\u0117s plok\u0161t\u0117s nekrinta dulk\u0117s<\/p>\n<p>Vienas oro srauto kanalas u\u017etikrina ventiliatori\u0173 dubliavim\u0105, net ir sugedus vienam ventiliatoriui, maitinimo modulis gali veikti normaliai<\/p>\n<p>Vietoj diskre\u010di\u0173 IGBT ir SCR komponent\u0173 RM serijos UPS lygintuve ir keitiklyje naudojami moduliniai IGBT ir SCR, tod\u0117l j\u0173 patikimumas itin didelis.<\/p>\n<p>Visi komponentai viename modulyje, ma\u017eiau gedim\u0173 viet\u0173, didesnis patikimumas<\/p>\n<p>Visi komponentai integruoti \u012f vien\u0105 modulin\u0119 konstrukcij\u0105, ma\u017eesni skirtumai<\/p>\n<p>Reikia ma\u017eiau vietos, UPS yra kompakti\u0161ko dizaino ir didesn\u0117s galios<\/p>\n<p>Integruoti vidiniai terminiai jutikliai tiesiogiai rodo IGBT vidin\u0119 temperat\u016br\u0105<\/p>\n<p>Didelis galios tankis, 300 kVA u\u017eimamas plotas yra 0,66 m\u00b2, galios tankis 409 kW\/m\u00b2, tod\u0117l taupoma vertinga duomen\u0173 centro erdv\u0117<\/p>\n<p>Kar\u0161tai kei\u010diamas maitinimo modulis ir ap\u0117jimo bei steb\u0117jimo modulis<\/p>\n<p>Papildomas \u012fkrovimo modulis, papildoma \u012fkrovimo srov\u0117 50A\u00d7N, skirta ilgalaikiam rezerviniam naudojimui<\/p>\n<p>Kritin\u0117s bangos formos \u012fra\u0161ymas<\/p>\n<p>UPS gali automati\u0161kai \u012fra\u0161yti ir i\u0161saugoti pagrindini\u0173 parametr\u0173 duomenis, kai \u012fvyksta gedimai, kad juos b\u016bt\u0173 galima toliau analizuoti.<\/p>\n<p>Gali \u012fra\u0161yti duomen\u0173 informacij\u0105 ir pateikti kaip bangos form\u0105 tolesnei analizei<\/p>\n<p>Galima lengvai nustatyti gedim\u0173 prie\u017eastis, i\u0161vengti pana\u0161i\u0173 gedim\u0173 ateityje<\/p>\n<p>Technin\u0117 specifikacija: <a href=\"https:\/\/eshop.elicsgroup.com\/wp-content\/uploads\/RM-25-600kVA.pdf\">RM 25-600kVA<\/a><\/p>\n","protected":false},"excerpt":{"rendered":"<p>RM serijos moduliniai UPS yra kompakti\u0161ki, u\u017eimantys ma\u017eiau nei 2\u33a1, o j\u0173 did\u017eiausia galia &#8211; 900 kVA.<\/p>\n","protected":false},"featured_media":1275,"menu_order":268,"comment_status":"closed","ping_status":"closed","template":"","meta":{"_acf_changed":false},"product_brand":[],"product_cat":[49],"product_tag":[],"class_list":{"0":"post-1245","1":"product","2":"type-product","3":"status-publish","4":"has-post-thumbnail","6":"product_cat-trifaziai-nepertraukiamo-maitinimo-saltiniai","8":"first","9":"onbackorder","10":"shipping-taxable","11":"product-type-simple"},"acf":[],"_links":{"self":[{"href":"https:\/\/elicsgroup.com\/en\/wp-json\/wp\/v2\/product\/1245","targetHints":{"allow":["GET"]}}],"collection":[{"href":"https:\/\/elicsgroup.com\/en\/wp-json\/wp\/v2\/product"}],"about":[{"href":"https:\/\/elicsgroup.com\/en\/wp-json\/wp\/v2\/types\/product"}],"replies":[{"embeddable":true,"href":"https:\/\/elicsgroup.com\/en\/wp-json\/wp\/v2\/comments?post=1245"}],"wp:featuredmedia":[{"embeddable":true,"href":"https:\/\/elicsgroup.com\/en\/wp-json\/wp\/v2\/media\/1275"}],"wp:attachment":[{"href":"https:\/\/elicsgroup.com\/en\/wp-json\/wp\/v2\/media?parent=1245"}],"wp:term":[{"taxonomy":"product_brand","embeddable":true,"href":"https:\/\/elicsgroup.com\/en\/wp-json\/wp\/v2\/product_brand?post=1245"},{"taxonomy":"product_cat","embeddable":true,"href":"https:\/\/elicsgroup.com\/en\/wp-json\/wp\/v2\/product_cat?post=1245"},{"taxonomy":"product_tag","embeddable":true,"href":"https:\/\/elicsgroup.com\/en\/wp-json\/wp\/v2\/product_tag?post=1245"}],"curies":[{"name":"wp","href":"https:\/\/api.w.org\/{rel}","templated":true}]}}