{"id":1237,"date":"2025-03-24T09:16:52","date_gmt":"2025-03-24T07:16:52","guid":{"rendered":"https:\/\/elicsgroup.com\/?post_type=product&#038;p=1237"},"modified":"2025-07-31T17:16:33","modified_gmt":"2025-07-31T14:16:33","slug":"rm-serijos-moduliniai-ups-40-500kva","status":"publish","type":"product","link":"https:\/\/elicsgroup.com\/en\/produktas\/rm-serijos-moduliniai-ups-40-500kva\/","title":{"rendered":"RM serijos moduliniai UPS 40-500kVA"},"content":{"rendered":"<p>Susiekite su m\u016bs\u0173 in\u017einieri\u0173 komand\u0105 d\u0117l tinkamiausio sprendimo Jums.<\/p>\n<p>Funkcijos:<\/p>\n<p>500 kVA vienoje spintoje, u\u017eimama ma\u017eiau nei 1,45 m\u00b2 ploto<\/p>\n<p>50 kVA galios modulis 4U auk\u0161tyje, lengva i\u0161pl\u0117sti paj\u0117gumus<\/p>\n<p>Pa\u017eangi 3 lygi\u0173 technologija u\u017etikrina auk\u0161t\u0105 efektyvum\u0105, veikiant\u012f dvigubos konversijos re\u017eimu iki 96 %.<\/p>\n<p>Sistema i\u0161maniai valdo vis\u0105 \u012fkrovimo ir i\u0161krovimo proces\u0105, veiksmingai pagerina akumuliatoriaus veikimo laik\u0105<\/p>\n<p>Sistema gali b\u016bti sukonfig\u016bruota nuo 40 kVA iki 500 kVA vienoje spintoje, 3 lygiagre\u010diai sujungti \u012frenginiai gali b\u016bti iki 1500 kVA galios<\/p>\n<p>10,4 colio jutiklinis spalvotas LCD ekranas su grafiniu ekranu, nepriklausomas kiekvieno maitinimo modulio LCD ekranas<\/p>\n<p>Sistema gali i\u0161maniai i\u0161jungti kai kuriuos maitinimo modulius, kad padidint\u0173 bendr\u0105 apkrovos norm\u0105 ir pasiekt\u0173 didesn\u012f efektyvum\u0105<\/p>\n<p>S\u0105sajos: RS232, RS485, USB, SNMP, AS400, programuojami &#8220;dry contacts&#8221;<\/p>\n<p>Technin\u0117 specifikacija: <a href=\"https:\/\/eshop.elicsgroup.com\/wp-content\/uploads\/RM-40-500kVA.pdf\">RM 40-500kVA<\/a><\/p>\n","protected":false},"excerpt":{"rendered":"<p>RM serijos moduliniai UPS nuo 40 kVA iki 500 kVA yra skirti apsaugoti bet koki\u0105 kritin\u0119 apkrov\u0105 vidutiniuose ir dideliuose duomen\u0173 centruose, kad b\u016bt\u0173 u\u017etikrintas maksimalus prieinamumas. RM serijoje \u012fdiegta naujausia 3 lygi\u0173 technologija ir PFC \u012fvesties valdymas, kuris u\u017etikrina 96 % efektyvum\u0105 ir itin didel\u012f patikimum\u0105. Kompakti\u0161ka konstrukcija u\u017etikrina 500 kVA galios tank\u012f vienoje spintoje, 3 \u012frenginiai gali b\u016bti sujungti lygiagre\u010diai, kad b\u016bt\u0173 u\u017etikrintas iki 1500 kVA paj\u0117gumas arba dubliavimas, tod\u0117l tai puikus pasirinkimas vidutin\u0117ms ir didel\u0117ms patalpoms.<\/p>\n","protected":false},"featured_media":1244,"menu_order":269,"comment_status":"closed","ping_status":"closed","template":"","meta":{"_acf_changed":false},"product_brand":[],"product_cat":[49],"product_tag":[],"class_list":{"0":"post-1237","1":"product","2":"type-product","3":"status-publish","4":"has-post-thumbnail","6":"product_cat-trifaziai-nepertraukiamo-maitinimo-saltiniai","8":"first","9":"onbackorder","10":"shipping-taxable","11":"product-type-simple"},"acf":[],"_links":{"self":[{"href":"https:\/\/elicsgroup.com\/en\/wp-json\/wp\/v2\/product\/1237","targetHints":{"allow":["GET"]}}],"collection":[{"href":"https:\/\/elicsgroup.com\/en\/wp-json\/wp\/v2\/product"}],"about":[{"href":"https:\/\/elicsgroup.com\/en\/wp-json\/wp\/v2\/types\/product"}],"replies":[{"embeddable":true,"href":"https:\/\/elicsgroup.com\/en\/wp-json\/wp\/v2\/comments?post=1237"}],"wp:featuredmedia":[{"embeddable":true,"href":"https:\/\/elicsgroup.com\/en\/wp-json\/wp\/v2\/media\/1244"}],"wp:attachment":[{"href":"https:\/\/elicsgroup.com\/en\/wp-json\/wp\/v2\/media?parent=1237"}],"wp:term":[{"taxonomy":"product_brand","embeddable":true,"href":"https:\/\/elicsgroup.com\/en\/wp-json\/wp\/v2\/product_brand?post=1237"},{"taxonomy":"product_cat","embeddable":true,"href":"https:\/\/elicsgroup.com\/en\/wp-json\/wp\/v2\/product_cat?post=1237"},{"taxonomy":"product_tag","embeddable":true,"href":"https:\/\/elicsgroup.com\/en\/wp-json\/wp\/v2\/product_tag?post=1237"}],"curies":[{"name":"wp","href":"https:\/\/api.w.org\/{rel}","templated":true}]}}