{"id":1236,"date":"2025-03-24T09:16:52","date_gmt":"2025-03-24T07:16:52","guid":{"rendered":"https:\/\/elicsgroup.com\/?post_type=product&#038;p=1236"},"modified":"2025-07-31T17:16:32","modified_gmt":"2025-07-31T14:16:32","slug":"ht33-ups-3f-tower-60-500kva","status":"publish","type":"product","link":"https:\/\/elicsgroup.com\/en\/produktas\/ht33-ups-3f-tower-60-500kva\/","title":{"rendered":"HT33 UPS, 3F, Tower  60-500kVA"},"content":{"rendered":"<p>Susiekite su m\u016bs\u0173 in\u017einieri\u0173 komand\u0105 d\u0117l tinkamiausio sprendimo Jums.<\/p>\n<p>Funkcijos:<\/p>\n<p>Didelis efektyvumas, iki 96 %<\/p>\n<p>Auk\u0161tas \u012f\u0117jimo PF\uff1e0,99; \u012f\u0117jimo srov\u0117s THDi\uff1c3%<\/p>\n<p>Apsauga nuo perkaitimo su 8 jutikliais, per didel\u0117s apkrovos, akumuliatoriaus \u012ftampos kritimo, ventiliatoriaus gedim\u0173, trumpojo jungimo<\/p>\n<p>\u0160altas baterijos paleidimas<\/p>\n<p>Akumuliatoriaus valdymas su i\u0161maniuoju \u012fkrovimo valdymu, gerokai prailgina akumuliatoriaus tarnavimo laik\u0105<\/p>\n<p>Didelis galios tankis<\/p>\n<p>Lygiagre\u010diai galima sujungti iki 1500 kVA<\/p>\n<p>Patogi technin\u0117 prie\u017ei\u016bra<\/p>\n<p>Patogi valdymo s\u0105saja, spalvotas jutiklinis LCD ekranas<\/p>\n<p>Technin\u0117 specifikacija: <a href=\"https:\/\/eshop.elicsgroup.com\/wp-content\/uploads\/HT33-60-500kVA.pdf\">HT33 60-500kVA<\/a><\/p>\n","protected":false},"excerpt":{"rendered":"<p>HT33 serijos trifaziai UPS si\u016blo pa\u017eangias technologijas, kurios padidina na\u0161um\u0105 ir patikimum\u0105: trys didel\u0117s spartos DSP su i\u0161baigtu skaitmeniniu valdymu visi\u0161kai u\u017etikrina auk\u0161t\u0105 maitinimo kokyb\u0119, auk\u0161t\u0105 \u012f\u0117jimo galios koeficient\u0105 ir ma\u017eus \u012f\u0117jimo srov\u0117s i\u0161kraipymus.<\/p>\n","protected":false},"featured_media":1243,"menu_order":266,"comment_status":"closed","ping_status":"closed","template":"","meta":{"_acf_changed":false},"product_brand":[],"product_cat":[49],"product_tag":[],"class_list":{"0":"post-1236","1":"product","2":"type-product","3":"status-publish","4":"has-post-thumbnail","6":"product_cat-trifaziai-nepertraukiamo-maitinimo-saltiniai","8":"first","9":"onbackorder","10":"shipping-taxable","11":"product-type-simple"},"acf":[],"_links":{"self":[{"href":"https:\/\/elicsgroup.com\/en\/wp-json\/wp\/v2\/product\/1236","targetHints":{"allow":["GET"]}}],"collection":[{"href":"https:\/\/elicsgroup.com\/en\/wp-json\/wp\/v2\/product"}],"about":[{"href":"https:\/\/elicsgroup.com\/en\/wp-json\/wp\/v2\/types\/product"}],"replies":[{"embeddable":true,"href":"https:\/\/elicsgroup.com\/en\/wp-json\/wp\/v2\/comments?post=1236"}],"wp:featuredmedia":[{"embeddable":true,"href":"https:\/\/elicsgroup.com\/en\/wp-json\/wp\/v2\/media\/1243"}],"wp:attachment":[{"href":"https:\/\/elicsgroup.com\/en\/wp-json\/wp\/v2\/media?parent=1236"}],"wp:term":[{"taxonomy":"product_brand","embeddable":true,"href":"https:\/\/elicsgroup.com\/en\/wp-json\/wp\/v2\/product_brand?post=1236"},{"taxonomy":"product_cat","embeddable":true,"href":"https:\/\/elicsgroup.com\/en\/wp-json\/wp\/v2\/product_cat?post=1236"},{"taxonomy":"product_tag","embeddable":true,"href":"https:\/\/elicsgroup.com\/en\/wp-json\/wp\/v2\/product_tag?post=1236"}],"curies":[{"name":"wp","href":"https:\/\/api.w.org\/{rel}","templated":true}]}}