{"id":1226,"date":"2025-03-24T09:16:52","date_gmt":"2025-03-24T07:16:52","guid":{"rendered":"https:\/\/elicsgroup.com\/?post_type=product&#038;p=1226"},"modified":"2025-07-31T17:16:31","modified_gmt":"2025-07-31T14:16:31","slug":"ups-10000va-10000w-online-tower-3f-ht33010xl","status":"publish","type":"product","link":"https:\/\/elicsgroup.com\/en\/produktas\/ups-10000va-10000w-online-tower-3f-ht33010xl\/","title":{"rendered":"UPS 10000VA\/10000W Online, Tower, 3F, HT33010XL"},"content":{"rendered":"<p>Funkcijos:<\/p>\n<p>Didelis efektyvumas, iki 95 %<\/p>\n<p>Auk\u0161tas \u012f\u0117jimo PF\uff1e0,99; \u012e\u0117jimo srov\u0117s THDi\uff1c4%<\/p>\n<p>Apsauga nuo perkaitimo su 8 jutikliais, per didel\u0117s apkrovos, akumuliatoriaus \u012ftampos kritimo, ventiliatoriaus gedim\u0173, trumpojo jungimo<\/p>\n<p>Keturi grandin\u0117s pertraukikliai, u\u017etikrinantys visi\u0161k\u0105 apsaug\u0105 \u012fvykus gedimui<\/p>\n<p>Akumuliatoriaus \u0161altasis paleidimas<\/p>\n<p>Akumuliatoriaus valdymas su i\u0161maniuoju \u012fkrovimo valdymu, gerokai prailginantis akumuliatoriaus tarnavimo laik\u0105<\/p>\n<p>Lygiagre\u010diai galima sujungti iki 8 \u012frengini\u0173<\/p>\n<p>Draugi\u0161ka valdymo s\u0105saja, didel\u0117s skiriamosios gebos LCD ekranas<\/p>\n<p>Produkto instrukcija: <a href=\"https:\/\/eshop.elicsgroup.com\/wp-content\/uploads\/User-Manual-for-10-40kVA-Tower-UPS.pdf\">User Manual for 10-40kVA Tower UPS<\/a><\/p>\n<table dir=\"ltr\" border=\"1\" cellspacing=\"0\" cellpadding=\"0\" data-sheets-root=\"1\">\n<colgroup>\n<col width=\"161\" \/>\n<col width=\"94\" \/>\n<col width=\"94\" \/>\n<col width=\"94\" \/>\n<col width=\"94\" \/>\n<col width=\"231\" \/>\n<col width=\"2\" \/>\n<col width=\"2\" \/>\n<col width=\"2\" \/>\n<col width=\"2\" \/>\n<col width=\"2\" \/><\/colgroup>\n<tbody>\n<tr>\n<td style=\"text-align: center;\" colspan=\"11\" rowspan=\"1\" data-sheets-value=\"{&quot;1&quot;:2,&quot;2&quot;:&quot;HT33010XL&quot;}\" data-sheets-numberformat=\"{&quot;1&quot;:1}\">HT33010XL<\/td>\n<\/tr>\n<tr>\n<td colspan=\"11\" rowspan=\"1\" data-sheets-value=\"{&quot;1&quot;:2,&quot;2&quot;:&quot;Main Input&quot;}\" data-sheets-numberformat=\"{&quot;1&quot;:1}\">Main Input<\/td>\n<\/tr>\n<tr>\n<td data-sheets-value=\"{&quot;1&quot;:2,&quot;2&quot;:&quot;Grid System&quot;}\" data-sheets-numberformat=\"{&quot;1&quot;:1}\">Grid System<\/td>\n<td colspan=\"10\" rowspan=\"1\" data-sheets-value=\"{&quot;1&quot;:2,&quot;2&quot;:&quot;3 Phases + Neutral + Ground&quot;}\">3 Phases + Neutral + Ground<\/td>\n<\/tr>\n<tr>\n<td data-sheets-value=\"{&quot;1&quot;:2,&quot;2&quot;:&quot;Rated Input Voltage&quot;}\" data-sheets-numberformat=\"{&quot;1&quot;:1}\">Rated Input Voltage<\/td>\n<td colspan=\"10\" rowspan=\"1\" data-sheets-value=\"{&quot;1&quot;:2,&quot;2&quot;:&quot;380\/400\/415VAC (Line-Line)&quot;}\">380\/400\/415VAC (Line-Line)<\/td>\n<\/tr>\n<tr>\n<td data-sheets-value=\"{&quot;1&quot;:2,&quot;2&quot;:&quot;Rated Frequency&quot;}\" data-sheets-numberformat=\"{&quot;1&quot;:1}\">Rated Frequency<\/td>\n<td colspan=\"10\" rowspan=\"1\" data-sheets-value=\"{&quot;1&quot;:2,&quot;2&quot;:&quot;50\/60Hz&quot;}\">50\/60Hz<\/td>\n<\/tr>\n<tr>\n<td data-sheets-value=\"{&quot;1&quot;:2,&quot;2&quot;:&quot;Input Voltage Range&quot;}\" data-sheets-numberformat=\"{&quot;1&quot;:1}\">Input Voltage Range<\/td>\n<td colspan=\"10\" rowspan=\"1\" data-sheets-value=\"{&quot;1&quot;:2,&quot;2&quot;:&quot;304~478Vac (Line-Line),full load;n228V~304Vac (Line-Line),load decreases linearly according to the min phase voltage &quot;}\">304~478Vac (Line-Line),full load;<br \/>\n228V~304Vac (Line-Line),load decreases linearly according to the min phase voltage<\/td>\n<\/tr>\n<tr>\n<td data-sheets-value=\"{&quot;1&quot;:2,&quot;2&quot;:&quot;Input Frequency Range&quot;}\" data-sheets-numberformat=\"{&quot;1&quot;:1}\">Input Frequency Range<\/td>\n<td colspan=\"10\" rowspan=\"1\" data-sheets-value=\"{&quot;1&quot;:2,&quot;2&quot;:&quot;40Hz\uff5e70Hz&quot;}\">40Hz\uff5e70Hz<\/td>\n<\/tr>\n<tr>\n<td data-sheets-value=\"{&quot;1&quot;:2,&quot;2&quot;:&quot;Input Power Factor&quot;}\" data-sheets-numberformat=\"{&quot;1&quot;:1}\">Input Power Factor<\/td>\n<td colspan=\"10\" rowspan=\"1\" data-sheets-value=\"{&quot;1&quot;:2,&quot;2&quot;:&quot;n&gt;0.99&quot;}\" data-sheets-numberformat=\"{&quot;1&quot;:2,&quot;2&quot;:&quot;&quot;\uffe5&quot;#,##0.00;&quot;\uffe5&quot;-#,##0.00&quot;,&quot;3&quot;:1}\">&gt;0.99<\/td>\n<\/tr>\n<tr>\n<td data-sheets-value=\"{&quot;1&quot;:2,&quot;2&quot;:&quot;Input Current THDi&quot;}\" data-sheets-numberformat=\"{&quot;1&quot;:1}\">Input Current THDi<\/td>\n<td colspan=\"10\" rowspan=\"1\" data-sheets-value=\"{&quot;1&quot;:2,&quot;2&quot;:&quot;&lt;4% (full Linear Load)&quot;}\" data-sheets-numberformat=\"{&quot;1&quot;:2,&quot;2&quot;:&quot;&quot;\uffe5&quot;#,##0.00;&quot;\uffe5&quot;-#,##0.00&quot;,&quot;3&quot;:1}\">&lt;4% (full Linear Load)<\/td>\n<\/tr>\n<tr>\n<td colspan=\"11\" rowspan=\"1\" data-sheets-value=\"{&quot;1&quot;:2,&quot;2&quot;:&quot;Bypass Input&quot;}\" data-sheets-numberformat=\"{&quot;1&quot;:1}\">Bypass Input<\/td>\n<\/tr>\n<tr>\n<td data-sheets-value=\"{&quot;1&quot;:2,&quot;2&quot;:&quot;Rated Bypass Voltage&quot;}\" data-sheets-numberformat=\"{&quot;1&quot;:1}\">Rated Bypass Voltage<\/td>\n<td colspan=\"10\" rowspan=\"1\" data-sheets-value=\"{&quot;1&quot;:2,&quot;2&quot;:&quot;380\/400\/415VAC (Line-Line)&quot;}\">380\/400\/415VAC (Line-Line)<\/td>\n<\/tr>\n<tr>\n<td data-sheets-value=\"{&quot;1&quot;:2,&quot;2&quot;:&quot;Rated Frequency&quot;}\" data-sheets-numberformat=\"{&quot;1&quot;:1}\">Rated Frequency<\/td>\n<td colspan=\"10\" rowspan=\"1\" data-sheets-value=\"{&quot;1&quot;:2,&quot;2&quot;:&quot;50\/60Hz&quot;}\">50\/60Hz<\/td>\n<\/tr>\n<tr>\n<td data-sheets-value=\"{&quot;1&quot;:2,&quot;2&quot;:&quot;Bypass Voltage Range&quot;}\" data-sheets-numberformat=\"{&quot;1&quot;:1}\">Bypass Voltage Range<\/td>\n<td colspan=\"10\" rowspan=\"1\" data-sheets-value=\"{&quot;1&quot;:2,&quot;2&quot;:&quot;Selectable, default -20%\uff5e+15%;nUpper limit: +10%, +15%, +20%, +25%;nLower limit: -10%, -15%, -20%, -30%, -40%&quot;}\" data-sheets-numberformat=\"{&quot;1&quot;:1}\">Selectable, default -20%\uff5e+15%;<br \/>\nUpper limit: +10%, +15%, +20%, +25%;<br \/>\nLower limit: -10%, -15%, -20%, -30%, -40%<\/td>\n<\/tr>\n<tr>\n<td data-sheets-value=\"{&quot;1&quot;:2,&quot;2&quot;:&quot;Bypass Frequency Range&quot;}\" data-sheets-numberformat=\"{&quot;1&quot;:1}\">Bypass Frequency Range<\/td>\n<td colspan=\"10\" rowspan=\"1\" data-sheets-value=\"{&quot;1&quot;:2,&quot;2&quot;:&quot;Selectable, \u00b11Hz, \u00b13Hz, \u00b15Hz&quot;}\">Selectable, \u00b11Hz, \u00b13Hz, \u00b15Hz<\/td>\n<\/tr>\n<tr>\n<td data-sheets-value=\"{&quot;1&quot;:2,&quot;2&quot;:&quot;Bypass Overload&quot;}\" data-sheets-numberformat=\"{&quot;1&quot;:1}\">Bypass Overload<\/td>\n<td colspan=\"10\" rowspan=\"1\" data-sheets-value=\"{&quot;1&quot;:2,&quot;2&quot;:&quot;125% Long term operation;n125%~130% for 10min;n130%~150% for 1min;&quot;}\" data-sheets-numberformat=\"{&quot;1&quot;:1}\">125% Long term operation;<br \/>\n125%~130% for 10min;<br \/>\n130%~150% for 1min;<\/td>\n<\/tr>\n<tr>\n<td colspan=\"11\" rowspan=\"1\" data-sheets-value=\"{&quot;1&quot;:2,&quot;2&quot;:&quot;Output&quot;}\" data-sheets-numberformat=\"{&quot;1&quot;:1}\">Output<\/td>\n<\/tr>\n<tr>\n<td data-sheets-value=\"{&quot;1&quot;:2,&quot;2&quot;:&quot;Rated Inverter Voltage&quot;}\" data-sheets-numberformat=\"{&quot;1&quot;:1}\">Rated Inverter Voltage<\/td>\n<td colspan=\"10\" rowspan=\"1\" data-sheets-value=\"{&quot;1&quot;:2,&quot;2&quot;:&quot;380\/400\/415VAC (Line-Line)&quot;}\">380\/400\/415VAC (Line-Line)<\/td>\n<\/tr>\n<tr>\n<td data-sheets-value=\"{&quot;1&quot;:2,&quot;2&quot;:&quot;Rated Frequency&quot;}\" data-sheets-numberformat=\"{&quot;1&quot;:1}\">Rated Frequency<\/td>\n<td colspan=\"10\" rowspan=\"1\" data-sheets-value=\"{&quot;1&quot;:2,&quot;2&quot;:&quot;50\/60Hz&quot;}\">50\/60Hz<\/td>\n<\/tr>\n<tr>\n<td data-sheets-value=\"{&quot;1&quot;:2,&quot;2&quot;:&quot;Output Power Factor&quot;}\" data-sheets-numberformat=\"{&quot;1&quot;:1}\">Output Power Factor<\/td>\n<td colspan=\"10\" rowspan=\"1\" data-sheets-value=\"{&quot;1&quot;:3,&quot;3&quot;:1}\">1<\/td>\n<\/tr>\n<tr>\n<td data-sheets-value=\"{&quot;1&quot;:2,&quot;2&quot;:&quot;Voltage precision&quot;}\" data-sheets-numberformat=\"{&quot;1&quot;:1}\">Voltage precision<\/td>\n<td colspan=\"10\" rowspan=\"1\" data-sheets-value=\"{&quot;1&quot;:2,&quot;2&quot;:&quot;\u00b11.5%(0-100% linear load)&quot;}\">\u00b11.5%(0-100% linear load)<\/td>\n<\/tr>\n<tr>\n<td data-sheets-value=\"{&quot;1&quot;:2,&quot;2&quot;:&quot;Transient Response &quot;}\" data-sheets-numberformat=\"{&quot;1&quot;:1}\">Transient Response<\/td>\n<td colspan=\"10\" rowspan=\"1\" data-sheets-value=\"{&quot;1&quot;:2,&quot;2&quot;:&quot;&lt;5% for step load (20% - 80% -20%)&quot;}\">&lt;5% for step load (20% &#8211; 80% -20%)<\/td>\n<\/tr>\n<tr>\n<td data-sheets-value=\"{&quot;1&quot;:2,&quot;2&quot;:&quot;Transient recovery&quot;}\" data-sheets-numberformat=\"{&quot;1&quot;:1}\">Transient recovery<\/td>\n<td colspan=\"10\" rowspan=\"1\" data-sheets-value=\"{&quot;1&quot;:2,&quot;2&quot;:&quot;&lt; 30ms for step load (20% - 100% -20%)&quot;}\">&lt; 30ms for step load (20% &#8211; 100% -20%)<\/td>\n<\/tr>\n<tr>\n<td data-sheets-value=\"{&quot;1&quot;:2,&quot;2&quot;:&quot;Output Voltage THDu&quot;}\" data-sheets-numberformat=\"{&quot;1&quot;:1}\">Output Voltage THDu<\/td>\n<td colspan=\"10\" rowspan=\"1\" data-sheets-value=\"{&quot;1&quot;:2,&quot;2&quot;:&quot;&lt;1% (linear load);n&lt;5.5% (non-linear load) according to IEC\/EN62040-3&quot;}\" data-sheets-numberformat=\"{&quot;1&quot;:1}\">&lt;1% (linear load);<br \/>\n&lt;5.5% (non-linear load) according to IEC\/EN62040-3<\/td>\n<\/tr>\n<tr>\n<td data-sheets-value=\"{&quot;1&quot;:2,&quot;2&quot;:&quot;Inverter Overload&quot;}\" data-sheets-numberformat=\"{&quot;1&quot;:1}\">Inverter Overload<\/td>\n<td colspan=\"10\" rowspan=\"1\" data-sheets-value=\"{&quot;1&quot;:2,&quot;2&quot;:&quot;&lt;110%, 60min;n110%~125%,10min;n125%~150%,1min;&quot;}\">&lt;110%, 60min;<br \/>\n110%~125%,10min;<br \/>\n125%~150%,1min;<\/td>\n<\/tr>\n<tr>\n<td data-sheets-value=\"{&quot;1&quot;:2,&quot;2&quot;:&quot;Frequency Regulation&quot;}\" data-sheets-numberformat=\"{&quot;1&quot;:1}\">Frequency Regulation<\/td>\n<td colspan=\"10\" rowspan=\"1\" data-sheets-value=\"{&quot;1&quot;:2,&quot;2&quot;:&quot;50\/60Hz\u00b10.1%&quot;}\">50\/60Hz\u00b10.1%<\/td>\n<\/tr>\n<tr>\n<td data-sheets-value=\"{&quot;1&quot;:2,&quot;2&quot;:&quot;Synchronized Range&quot;}\" data-sheets-numberformat=\"{&quot;1&quot;:1}\">Synchronized Range<\/td>\n<td colspan=\"10\" rowspan=\"1\" data-sheets-value=\"{&quot;1&quot;:2,&quot;2&quot;:&quot;Settable, \u00b10.5Hz \uff5e \u00b15Hz, default \u00b13Hz&quot;}\">Settable, \u00b10.5Hz \uff5e \u00b15Hz, default \u00b13Hz<\/td>\n<\/tr>\n<tr>\n<td data-sheets-value=\"{&quot;1&quot;:2,&quot;2&quot;:&quot;Synchronized Slew Rate&quot;}\" data-sheets-numberformat=\"{&quot;1&quot;:1}\">Synchronized Slew Rate<\/td>\n<td colspan=\"10\" rowspan=\"1\" data-sheets-value=\"{&quot;1&quot;:2,&quot;2&quot;:&quot;Settable, 0.5Hz\/S \uff5e 3Hz\/s, default 0.5Hz\/s&quot;}\">Settable, 0.5Hz\/S \uff5e 3Hz\/s, default 0.5Hz\/s<\/td>\n<\/tr>\n<tr>\n<td colspan=\"11\" rowspan=\"1\" data-sheets-value=\"{&quot;1&quot;:2,&quot;2&quot;:&quot;Battery And Charger&quot;}\" data-sheets-numberformat=\"{&quot;1&quot;:1}\">Battery And Charger<\/td>\n<\/tr>\n<tr>\n<td data-sheets-value=\"{&quot;1&quot;:2,&quot;2&quot;:&quot;Battery Rate Voltage&quot;}\" data-sheets-numberformat=\"{&quot;1&quot;:1}\">Battery Rate Voltage<\/td>\n<td colspan=\"10\" rowspan=\"1\" data-sheets-value=\"{&quot;1&quot;:2,&quot;2&quot;:&quot;\u00b1240VDC&quot;}\">\u00b1240VDC<\/td>\n<\/tr>\n<tr>\n<td data-sheets-value=\"{&quot;1&quot;:2,&quot;2&quot;:&quot;Charger Voltage precision&quot;}\" data-sheets-numberformat=\"{&quot;1&quot;:1}\">Charger Voltage precision<\/td>\n<td colspan=\"10\" rowspan=\"1\" data-sheets-value=\"{&quot;1&quot;:3,&quot;3&quot;:0.01}\" data-sheets-numberformat=\"{&quot;1&quot;:3,&quot;2&quot;:&quot;0%&quot;,&quot;3&quot;:1}\">1%<\/td>\n<\/tr>\n<tr>\n<td data-sheets-value=\"{&quot;1&quot;:2,&quot;2&quot;:&quot;Charger Power&quot;}\" data-sheets-numberformat=\"{&quot;1&quot;:1}\">Charger Power<\/td>\n<td colspan=\"10\" rowspan=\"1\" data-sheets-value=\"{&quot;1&quot;:2,&quot;2&quot;:&quot;max=20% System Power&quot;}\">max=20% System Power<\/td>\n<\/tr>\n<tr>\n<td colspan=\"11\" rowspan=\"1\" data-sheets-value=\"{&quot;1&quot;:2,&quot;2&quot;:&quot;Efficiency&quot;}\" data-sheets-numberformat=\"{&quot;1&quot;:1}\">Efficiency<\/td>\n<\/tr>\n<tr>\n<td data-sheets-value=\"{&quot;1&quot;:2,&quot;2&quot;:&quot;Normal Operation&quot;}\" data-sheets-numberformat=\"{&quot;1&quot;:1}\">Normal Operation<\/td>\n<td colspan=\"10\" rowspan=\"1\" data-sheets-value=\"{&quot;1&quot;:2,&quot;2&quot;:&quot;95%max&quot;}\" data-sheets-numberformat=\"{&quot;1&quot;:1}\">95%max<\/td>\n<\/tr>\n<tr>\n<td data-sheets-value=\"{&quot;1&quot;:2,&quot;2&quot;:&quot;Battery Operation&quot;}\" data-sheets-numberformat=\"{&quot;1&quot;:1}\">Battery Operation<\/td>\n<td colspan=\"10\" rowspan=\"1\" data-sheets-value=\"{&quot;1&quot;:2,&quot;2&quot;:&quot;94.5%max&quot;}\" data-sheets-numberformat=\"{&quot;1&quot;:1}\">94.5%max<\/td>\n<\/tr>\n<tr>\n<td colspan=\"11\" rowspan=\"1\" data-sheets-value=\"{&quot;1&quot;:2,&quot;2&quot;:&quot;System&quot;}\" data-sheets-numberformat=\"{&quot;1&quot;:1}\">System<\/td>\n<\/tr>\n<tr>\n<td data-sheets-value=\"{&quot;1&quot;:2,&quot;2&quot;:&quot;Display&quot;}\" data-sheets-numberformat=\"{&quot;1&quot;:1}\">Display<\/td>\n<td colspan=\"10\" rowspan=\"1\" data-sheets-value=\"{&quot;1&quot;:2,&quot;2&quot;:&quot;LED + LCD &quot;}\">LED + LCD<\/td>\n<\/tr>\n<tr>\n<td data-sheets-value=\"{&quot;1&quot;:2,&quot;2&quot;:&quot;Interface&quot;}\" data-sheets-numberformat=\"{&quot;1&quot;:1}\">Interface<\/td>\n<td colspan=\"10\" rowspan=\"1\" data-sheets-value=\"{&quot;1&quot;:2,&quot;2&quot;:&quot;Standard: RS232, RS485nOption: SNMP, Dry Contact, Parallel kit,nBattery cold start &quot;}\">Standard: RS232, RS485<br \/>\nOption: SNMP, Dry Contact, Parallel kit,<br \/>\nBattery cold start<\/td>\n<\/tr>\n<tr>\n<td colspan=\"11\" rowspan=\"1\" data-sheets-value=\"{&quot;1&quot;:2,&quot;2&quot;:&quot;Environmental&quot;}\" data-sheets-numberformat=\"{&quot;1&quot;:1}\">Environmental<\/td>\n<\/tr>\n<tr>\n<td data-sheets-value=\"{&quot;1&quot;:2,&quot;2&quot;:&quot;Operation Temperature&quot;}\" data-sheets-numberformat=\"{&quot;1&quot;:1}\">Operation Temperature<\/td>\n<td colspan=\"10\" rowspan=\"1\" data-sheets-value=\"{&quot;1&quot;:2,&quot;2&quot;:&quot;0 \uff5e 40 \u2103&quot;}\">0 \uff5e 40 \u2103<\/td>\n<\/tr>\n<tr>\n<td data-sheets-value=\"{&quot;1&quot;:2,&quot;2&quot;:&quot;Storage Temperature&quot;}\" data-sheets-numberformat=\"{&quot;1&quot;:1}\">Storage Temperature<\/td>\n<td colspan=\"10\" rowspan=\"1\" data-sheets-value=\"{&quot;1&quot;:2,&quot;2&quot;:&quot;-40 \uff5e 70 \u2103&quot;}\">-40 \uff5e 70 \u2103<\/td>\n<\/tr>\n<tr>\n<td data-sheets-value=\"{&quot;1&quot;:2,&quot;2&quot;:&quot;Relative Humidity&quot;}\" data-sheets-numberformat=\"{&quot;1&quot;:1}\">Relative Humidity<\/td>\n<td colspan=\"10\" rowspan=\"1\" data-sheets-value=\"{&quot;1&quot;:2,&quot;2&quot;:&quot;0 \uff5e 95% (Non condensing)&quot;}\">0 \uff5e 95% (Non condensing)<\/td>\n<\/tr>\n<tr>\n<td data-sheets-value=\"{&quot;1&quot;:2,&quot;2&quot;:&quot;Noise (1 meter)&quot;}\" data-sheets-numberformat=\"{&quot;1&quot;:1}\">Noise (1 meter)<\/td>\n<td colspan=\"10\" rowspan=\"1\" data-sheets-value=\"{&quot;1&quot;:2,&quot;2&quot;:&quot;58dB @ 100% load, 52dB @ 45% load&quot;}\">58dB @ 100% load, 52dB @ 45% load<\/td>\n<\/tr>\n<tr>\n<td colspan=\"11\" rowspan=\"1\" data-sheets-value=\"{&quot;1&quot;:2,&quot;2&quot;:&quot;Physical data&quot;}\" data-sheets-numberformat=\"{&quot;1&quot;:1}\">Physical data<\/td>\n<\/tr>\n<tr>\n<td data-sheets-value=\"{&quot;1&quot;:2,&quot;2&quot;:&quot;Dimensionn(W*D*H,mm\uff09&quot;}\" data-sheets-numberformat=\"{&quot;1&quot;:1}\">Dimension<br \/>\n(W*D*H,mm\uff09<\/td>\n<td colspan=\"10\" rowspan=\"1\" data-sheets-value=\"{&quot;1&quot;:2,&quot;2&quot;:&quot;250*660*530&quot;}\" data-sheets-numberformat=\"{&quot;1&quot;:1}\">250*660*530<\/td>\n<\/tr>\n<tr>\n<td data-sheets-value=\"{&quot;1&quot;:2,&quot;2&quot;:&quot;Weigh(Kg)&quot;}\" data-sheets-numberformat=\"{&quot;1&quot;:1}\">Weigh(Kg)<\/td>\n<td colspan=\"10\" rowspan=\"1\" data-sheets-value=\"{&quot;1&quot;:2,&quot;2&quot;:&quot;31&quot;}\" data-sheets-numberformat=\"{&quot;1&quot;:1}\">31<\/td>\n<\/tr>\n<\/tbody>\n<\/table>\n<p>&nbsp;<\/p>\n","protected":false},"excerpt":{"rendered":"<p>HT33 serijos UPS naudojamos pa\u017eangios technologijos, didinan\u010dios na\u0161um\u0105 ir patikimum\u0105: du didel\u0117s spartos DSP su i\u0161baigtu skaitmeniniu valdymu, u\u017etikrinan\u010diu auk\u0161t\u0105 maitinimo kokyb\u0119, auk\u0161t\u0105 \u012f\u0117jimo galios koeficient\u0105 ir ma\u017eus \u012f\u0117jimo srov\u0117s i\u0161kraipymus.<\/p>\n","protected":false},"featured_media":1242,"menu_order":257,"comment_status":"closed","ping_status":"closed","template":"","meta":{"_acf_changed":false},"product_brand":[],"product_cat":[49],"product_tag":[],"class_list":{"0":"post-1226","1":"product","2":"type-product","3":"status-publish","4":"has-post-thumbnail","6":"product_cat-trifaziai-nepertraukiamo-maitinimo-saltiniai","8":"first","9":"onbackorder","10":"shipping-taxable","11":"purchasable","12":"product-type-simple"},"acf":[],"_links":{"self":[{"href":"https:\/\/elicsgroup.com\/en\/wp-json\/wp\/v2\/product\/1226","targetHints":{"allow":["GET"]}}],"collection":[{"href":"https:\/\/elicsgroup.com\/en\/wp-json\/wp\/v2\/product"}],"about":[{"href":"https:\/\/elicsgroup.com\/en\/wp-json\/wp\/v2\/types\/product"}],"replies":[{"embeddable":true,"href":"https:\/\/elicsgroup.com\/en\/wp-json\/wp\/v2\/comments?post=1226"}],"wp:featuredmedia":[{"embeddable":true,"href":"https:\/\/elicsgroup.com\/en\/wp-json\/wp\/v2\/media\/1242"}],"wp:attachment":[{"href":"https:\/\/elicsgroup.com\/en\/wp-json\/wp\/v2\/media?parent=1226"}],"wp:term":[{"taxonomy":"product_brand","embeddable":true,"href":"https:\/\/elicsgroup.com\/en\/wp-json\/wp\/v2\/product_brand?post=1226"},{"taxonomy":"product_cat","embeddable":true,"href":"https:\/\/elicsgroup.com\/en\/wp-json\/wp\/v2\/product_cat?post=1226"},{"taxonomy":"product_tag","embeddable":true,"href":"https:\/\/elicsgroup.com\/en\/wp-json\/wp\/v2\/product_tag?post=1226"}],"curies":[{"name":"wp","href":"https:\/\/api.w.org\/{rel}","templated":true}]}}