{"id":1225,"date":"2025-03-24T09:16:52","date_gmt":"2025-03-24T07:16:52","guid":{"rendered":"https:\/\/elicsgroup.com\/?post_type=product&#038;p=1225"},"modified":"2025-07-31T17:16:33","modified_gmt":"2025-07-31T14:16:33","slug":"ups-10000va-10000w-online-tower-1f-230v-ht1110xl","status":"publish","type":"product","link":"https:\/\/elicsgroup.com\/en\/produktas\/ups-10000va-10000w-online-tower-1f-230v-ht1110xl\/","title":{"rendered":"UPS 10000VA\/10000W Online, Tower, 1F, 230V HT1110XL"},"content":{"rendered":"<p>Funkcijos:<\/p>\n<p>Didelis efektyvumas, iki 95 %<\/p>\n<p>kVA=kW, i\u0161\u0117jimo PF=1<\/p>\n<p>3 lygi\u0173 technologija, suderinama su sud\u0117tinga apkrova<\/p>\n<p>Akumuliatoriaus numer\u012f galima nustatyti LCD ekrane<\/p>\n<p>Pa\u017eangus \u012fkrovimo valdymas, veiksmingai gerinantis akumuliatoriaus veikimo laik\u0105<\/p>\n<p>Ma\u017eesnis dydis ir didesnis galios tankis<\/p>\n<p>Lygiagre\u010diai galima sujungti iki 4 \u012frengini\u0173<\/p>\n<p>Pasirinktinai 12 A \u012fkroviklis, skirtas didel\u0117s talpos akumuliatoriams \u012fkrauti<\/p>\n<p>Produkto instrukcija: <a href=\"https:\/\/eshop.elicsgroup.com\/wp-content\/uploads\/User-Manual-for-New-HT11-6-10kVA-Tower-UPSPF1_V1.7.pdf\">User Manual for New HT11 6-10kVA Tower UPS(PF=1)_V1.7<\/a><\/p>\n<table dir=\"ltr\" border=\"1\" cellspacing=\"0\" cellpadding=\"0\" data-sheets-root=\"1\">\n<colgroup>\n<col width=\"293\" \/>\n<col width=\"221\" \/>\n<col width=\"221\" \/>\n<col width=\"120\" \/>\n<col width=\"2\" \/><\/colgroup>\n<tbody>\n<tr>\n<td style=\"text-align: center;\" colspan=\"5\" rowspan=\"1\" data-sheets-value=\"{&quot;1&quot;:2,&quot;2&quot;:&quot;HT1110XL&quot;}\"><strong>HT1110XL<\/strong><\/td>\n<\/tr>\n<tr>\n<td data-sheets-value=\"{&quot;1&quot;:2,&quot;2&quot;:&quot;INPUT&quot;}\"><strong>INPUT<\/strong><\/td>\n<td colspan=\"4\" rowspan=\"1\"><\/td>\n<\/tr>\n<tr>\n<td data-sheets-value=\"{&quot;1&quot;:2,&quot;2&quot;:&quot;Cold Start&quot;}\"><strong>Cold Start<\/strong><\/td>\n<td colspan=\"4\" rowspan=\"1\" data-sheets-value=\"{&quot;1&quot;:2,&quot;2&quot;:&quot;YESnDefault output frequency will be 50Hz or settable&quot;}\">YES<br \/>\nDefault output frequency will be 50Hz or settable<\/td>\n<\/tr>\n<tr>\n<td data-sheets-value=\"{&quot;1&quot;:2,&quot;2&quot;:&quot;Acceptable Input Voltage&quot;}\"><strong>Acceptable Input Voltage<\/strong><\/td>\n<td colspan=\"4\" rowspan=\"1\" data-sheets-value=\"{&quot;1&quot;:2,&quot;2&quot;:&quot;110VAC~288VAC&quot;}\">110VAC~288VAC<\/td>\n<\/tr>\n<tr>\n<td colspan=\"1\" rowspan=\"4\">\n<div><\/div>\n<\/td>\n<td colspan=\"4\" rowspan=\"1\" data-sheets-value=\"{&quot;1&quot;:2,&quot;2&quot;:&quot;100% load@&gt;176VAC&quot;}\">100% load@&gt;176VAC<\/td>\n<\/tr>\n<tr>\n<td colspan=\"4\" rowspan=\"1\" data-sheets-value=\"{&quot;1&quot;:2,&quot;2&quot;:&quot;90% load@&gt;154VAC&quot;}\">90% load@&gt;154VAC<\/td>\n<\/tr>\n<tr>\n<td colspan=\"4\" rowspan=\"1\" data-sheets-value=\"{&quot;1&quot;:2,&quot;2&quot;:&quot;75% load@&gt;132VAC&quot;}\">75% load@&gt;132VAC<\/td>\n<\/tr>\n<tr>\n<td colspan=\"4\" rowspan=\"1\" data-sheets-value=\"{&quot;1&quot;:2,&quot;2&quot;:&quot;50% load@&gt;110VAC&quot;}\">50% load@&gt;110VAC<\/td>\n<\/tr>\n<tr>\n<td data-sheets-value=\"{&quot;1&quot;:2,&quot;2&quot;:&quot;Phase&quot;}\"><strong>Phase<\/strong><\/td>\n<td colspan=\"4\" rowspan=\"1\" data-sheets-value=\"{&quot;1&quot;:2,&quot;2&quot;:&quot;Single phase in,single phase out&quot;}\">Single phase in,single phase out<\/td>\n<\/tr>\n<tr>\n<td data-sheets-value=\"{&quot;1&quot;:2,&quot;2&quot;:&quot;Transfer Voltage Range &quot;}\"><strong>Transfer Voltage Range<\/strong><\/td>\n<td colspan=\"4\" rowspan=\"1\" data-sheets-value=\"{&quot;1&quot;:2,&quot;2&quot;:&quot;220VAC\/230VAC\/240VAC(PF=1), 200VAC\/208VAC(PF=0.9)&quot;}\">220VAC\/230VAC\/240VAC(PF=1), 200VAC\/208VAC(PF=0.9)<\/td>\n<\/tr>\n<tr>\n<td data-sheets-value=\"{&quot;1&quot;:2,&quot;2&quot;:&quot; -Line low transfer&quot;}\" data-sheets-numberformat=\"{&quot;1&quot;:1}\">-Line low transfer<\/td>\n<td colspan=\"4\" rowspan=\"1\" data-sheets-value=\"{&quot;1&quot;:2,&quot;2&quot;:&quot;110VAC&quot;}\">110VAC<\/td>\n<\/tr>\n<tr>\n<td data-sheets-value=\"{&quot;1&quot;:2,&quot;2&quot;:&quot; -Line low recovery&quot;}\" data-sheets-numberformat=\"{&quot;1&quot;:1}\">-Line low recovery<\/td>\n<td colspan=\"4\" rowspan=\"1\" data-sheets-value=\"{&quot;1&quot;:2,&quot;2&quot;:&quot;121VAC&quot;}\">121VAC<\/td>\n<\/tr>\n<tr>\n<td data-sheets-value=\"{&quot;1&quot;:2,&quot;2&quot;:&quot; -Line high transfer&quot;}\" data-sheets-numberformat=\"{&quot;1&quot;:1}\">-Line high transfer<\/td>\n<td colspan=\"4\" rowspan=\"1\" data-sheets-value=\"{&quot;1&quot;:2,&quot;2&quot;:&quot;288VAC&quot;}\">288VAC<\/td>\n<\/tr>\n<tr>\n<td data-sheets-value=\"{&quot;1&quot;:2,&quot;2&quot;:&quot; -Line high recovery&quot;}\" data-sheets-numberformat=\"{&quot;1&quot;:1}\">-Line high recovery<\/td>\n<td colspan=\"4\" rowspan=\"1\" data-sheets-value=\"{&quot;1&quot;:2,&quot;2&quot;:&quot;281VAC&quot;}\">281VAC<\/td>\n<\/tr>\n<tr>\n<td data-sheets-value=\"{&quot;1&quot;:2,&quot;2&quot;:&quot;Input Current&quot;}\"><strong>Input Current<\/strong><\/td>\n<td colspan=\"4\" rowspan=\"1\"><\/td>\n<\/tr>\n<tr>\n<td data-sheets-value=\"{&quot;1&quot;:2,&quot;2&quot;:&quot; -Rating(nominal input voltage)&quot;}\" data-sheets-numberformat=\"{&quot;1&quot;:1}\">-Rating(nominal input voltage)<\/td>\n<td colspan=\"4\" rowspan=\"1\" data-sheets-value=\"{&quot;1&quot;:2,&quot;2&quot;:&quot;53A\/220V&quot;}\">53A\/220V<\/td>\n<\/tr>\n<tr>\n<td data-sheets-value=\"{&quot;1&quot;:2,&quot;2&quot;:&quot;Input Power Factor&quot;}\" data-sheets-numberformat=\"{&quot;1&quot;:1}\"><strong>Input Power Factor<\/strong><\/td>\n<td colspan=\"4\" rowspan=\"1\" data-sheets-value=\"{&quot;1&quot;:2,&quot;2&quot;:&quot;\u22650.99&quot;}\" data-sheets-textstyleruns=\"{&quot;1&quot;:0,&quot;2&quot;:{&quot;3&quot;:&quot;\u5b8b\u4f53&quot;,&quot;4&quot;:12}}\uee10{&quot;1&quot;:1,&quot;2&quot;:{&quot;3&quot;:&quot;Times New Roman&quot;,&quot;4&quot;:12}}\">\u22650.99<\/td>\n<\/tr>\n<tr>\n<td data-sheets-value=\"{&quot;1&quot;:2,&quot;2&quot;:&quot;Input current distortion&quot;}\" data-sheets-numberformat=\"{&quot;1&quot;:1}\"><strong>Input current distortion<\/strong><\/td>\n<td colspan=\"4\" rowspan=\"1\" data-sheets-value=\"{&quot;1&quot;:2,&quot;2&quot;:&quot;&lt;4%&quot;}\">&lt;4%<\/td>\n<\/tr>\n<tr>\n<td data-sheets-value=\"{&quot;1&quot;:2,&quot;2&quot;:&quot;Input Frequency Range&quot;}\" data-sheets-numberformat=\"{&quot;1&quot;:1}\"><strong>Input Frequency Range<\/strong><\/td>\n<td colspan=\"4\" rowspan=\"1\" data-sheets-value=\"{&quot;1&quot;:2,&quot;2&quot;:&quot;40~70Hz&quot;}\" data-sheets-numberformat=\"{&quot;1&quot;:1}\">40~70Hz<\/td>\n<\/tr>\n<tr>\n<td data-sheets-value=\"{&quot;1&quot;:2,&quot;2&quot;:&quot;OUTPUT&quot;}\"><strong>OUTPUT<\/strong><\/td>\n<td colspan=\"4\" rowspan=\"1\"><\/td>\n<\/tr>\n<tr>\n<td data-sheets-value=\"{&quot;1&quot;:2,&quot;2&quot;:&quot;Frequency adaptable&quot;}\"><strong>Frequency adaptable<\/strong><\/td>\n<td colspan=\"4\" rowspan=\"1\" data-sheets-value=\"{&quot;1&quot;:2,&quot;2&quot;:&quot;Settable&quot;}\">Settable<\/td>\n<\/tr>\n<tr>\n<td data-sheets-value=\"{&quot;1&quot;:2,&quot;2&quot;:&quot;Power&quot;}\" data-sheets-numberformat=\"{&quot;1&quot;:1}\"><strong>Power<\/strong><\/td>\n<td colspan=\"4\" rowspan=\"1\"><\/td>\n<\/tr>\n<tr>\n<td data-sheets-value=\"{&quot;1&quot;:2,&quot;2&quot;:&quot; -Power&quot;}\" data-sheets-numberformat=\"{&quot;1&quot;:1}\">-Power<\/td>\n<td colspan=\"4\" rowspan=\"1\" data-sheets-value=\"{&quot;1&quot;:2,&quot;2&quot;:&quot;10KVA&quot;}\">10KVA<\/td>\n<\/tr>\n<tr>\n<td data-sheets-value=\"{&quot;1&quot;:2,&quot;2&quot;:&quot; -Power(kW) &quot;}\" data-sheets-numberformat=\"{&quot;1&quot;:1}\">-Power(kW)<\/td>\n<td colspan=\"4\" rowspan=\"1\" data-sheets-value=\"{&quot;1&quot;:2,&quot;2&quot;:&quot;10KW&quot;}\">10KW<\/td>\n<\/tr>\n<tr>\n<td data-sheets-value=\"{&quot;1&quot;:2,&quot;2&quot;:&quot;Output Voltage&quot;}\" data-sheets-numberformat=\"{&quot;1&quot;:1}\"><strong>Output Voltage<\/strong><\/td>\n<td colspan=\"4\" rowspan=\"1\"><\/td>\n<\/tr>\n<tr>\n<td data-sheets-value=\"{&quot;1&quot;:2,&quot;2&quot;:&quot; -Waveform(Bat. Mode)&quot;}\" data-sheets-numberformat=\"{&quot;1&quot;:1}\">-Waveform(Bat. Mode)<\/td>\n<td colspan=\"4\" rowspan=\"1\" data-sheets-value=\"{&quot;1&quot;:2,&quot;2&quot;:&quot;Pure Sine Wave&quot;}\">Pure Sine Wave<\/td>\n<\/tr>\n<tr>\n<td data-sheets-value=\"{&quot;1&quot;:2,&quot;2&quot;:&quot; -Nominal voltage&quot;}\" data-sheets-numberformat=\"{&quot;1&quot;:1}\">-Nominal voltage<\/td>\n<td colspan=\"4\" rowspan=\"1\" data-sheets-value=\"{&quot;1&quot;:2,&quot;2&quot;:&quot;220VAC\/230VAC\/240VAC, 200VAC\/208VAC(PF=0.9)&quot;}\">220VAC\/230VAC\/240VAC, 200VAC\/208VAC(PF=0.9)<\/td>\n<\/tr>\n<tr>\n<td data-sheets-value=\"{&quot;1&quot;:2,&quot;2&quot;:&quot; -Voltage regulation&quot;}\" data-sheets-numberformat=\"{&quot;1&quot;:1}\">-Voltage regulation<\/td>\n<td colspan=\"4\" rowspan=\"1\" data-sheets-value=\"{&quot;1&quot;:2,&quot;2&quot;:&quot;\u00b1 1 %&quot;}\">\u00b1 1 %<\/td>\n<\/tr>\n<tr>\n<td colspan=\"1\" rowspan=\"2\" data-sheets-value=\"{&quot;1&quot;:2,&quot;2&quot;:&quot; -Voltage distortion&quot;}\" data-sheets-numberformat=\"{&quot;1&quot;:1}\">\n<div>-Voltage distortion<\/div>\n<\/td>\n<td colspan=\"4\" rowspan=\"1\" data-sheets-value=\"{&quot;1&quot;:2,&quot;2&quot;:&quot;\u22641% THD, linear load &quot;}\" data-sheets-textstyleruns=\"{&quot;1&quot;:0,&quot;2&quot;:{&quot;3&quot;:&quot;\u5b8b\u4f53&quot;,&quot;4&quot;:12}}\uee10{&quot;1&quot;:1,&quot;2&quot;:{&quot;3&quot;:&quot;Times New Roman&quot;,&quot;4&quot;:12}}\">\u22641% THD, linear load<\/td>\n<\/tr>\n<tr>\n<td colspan=\"4\" rowspan=\"1\" data-sheets-value=\"{&quot;1&quot;:2,&quot;2&quot;:&quot;\u2264 5% THD, non linear load&quot;}\" data-sheets-textstyleruns=\"{&quot;1&quot;:0,&quot;2&quot;:{&quot;3&quot;:&quot;\u5b8b\u4f53&quot;,&quot;4&quot;:12}}\uee10{&quot;1&quot;:1,&quot;2&quot;:{&quot;3&quot;:&quot;Times New Roman&quot;,&quot;4&quot;:12}}\">\u2264 5% THD, non linear load<\/td>\n<\/tr>\n<tr>\n<td data-sheets-value=\"{&quot;1&quot;:2,&quot;2&quot;:&quot;Output Frequency&quot;}\" data-sheets-numberformat=\"{&quot;1&quot;:1}\"><strong>Output Frequency<\/strong><\/td>\n<td colspan=\"4\" rowspan=\"1\"><\/td>\n<\/tr>\n<tr>\n<td data-sheets-value=\"{&quot;1&quot;:2,&quot;2&quot;:&quot; -Synchronization range&quot;}\">-Synchronization range<\/td>\n<td colspan=\"4\" rowspan=\"1\" data-sheets-value=\"{&quot;1&quot;:2,&quot;2&quot;:&quot;\u00b15Hz default, settable&quot;}\">\u00b15Hz default, settable<\/td>\n<\/tr>\n<tr>\n<td data-sheets-value=\"{&quot;1&quot;:2,&quot;2&quot;:&quot; -Battery mode&quot;}\">-Battery mode<\/td>\n<td colspan=\"4\" rowspan=\"1\" data-sheets-value=\"{&quot;1&quot;:2,&quot;2&quot;:&quot;(50\u00b10.1) Hz default&quot;}\">(50\u00b10.1) Hz default<\/td>\n<\/tr>\n<tr>\n<td data-sheets-value=\"{&quot;1&quot;:2,&quot;2&quot;:&quot;Transfer Time&quot;}\"><strong>Transfer Time<\/strong><\/td>\n<td colspan=\"4\" rowspan=\"1\"><\/td>\n<\/tr>\n<tr>\n<td data-sheets-value=\"{&quot;1&quot;:2,&quot;2&quot;:&quot; -Line mode to battery mode&quot;}\">-Line mode to battery mode<\/td>\n<td colspan=\"4\" rowspan=\"1\" data-sheets-value=\"{&quot;1&quot;:2,&quot;2&quot;:&quot;0ms&quot;}\">0ms<\/td>\n<\/tr>\n<tr>\n<td data-sheets-value=\"{&quot;1&quot;:2,&quot;2&quot;:&quot; -Inverter to bypass&quot;}\">-Inverter to bypass<\/td>\n<td colspan=\"4\" rowspan=\"1\" data-sheets-value=\"{&quot;1&quot;:2,&quot;2&quot;:&quot;0ms&quot;}\">0ms<\/td>\n<\/tr>\n<tr>\n<td data-sheets-value=\"{&quot;1&quot;:2,&quot;2&quot;:&quot;Efficiency&quot;}\"><strong>Efficiency<\/strong><\/td>\n<td colspan=\"4\" rowspan=\"1\"><\/td>\n<\/tr>\n<tr>\n<td data-sheets-value=\"{&quot;1&quot;:2,&quot;2&quot;:&quot; -Line mode with battery full charged&quot;}\">-Line mode with battery full charged<\/td>\n<td colspan=\"4\" rowspan=\"1\" data-sheets-value=\"{&quot;1&quot;:2,&quot;2&quot;:&quot;95%MAX&quot;}\" data-sheets-numberformat=\"{&quot;1&quot;:3,&quot;2&quot;:&quot;0.0%&quot;,&quot;3&quot;:1}\">95%MAX<\/td>\n<\/tr>\n<tr>\n<td data-sheets-value=\"{&quot;1&quot;:2,&quot;2&quot;:&quot; -ECO mode&quot;}\">-ECO mode<\/td>\n<td colspan=\"4\" rowspan=\"1\" data-sheets-value=\"{&quot;1&quot;:3,&quot;3&quot;:0.98}\" data-sheets-numberformat=\"{&quot;1&quot;:3,&quot;2&quot;:&quot;0.0%&quot;,&quot;3&quot;:1}\">98,0%<\/td>\n<\/tr>\n<tr>\n<td data-sheets-value=\"{&quot;1&quot;:2,&quot;2&quot;:&quot;Noise(1m away)&quot;}\"><strong>Noise(1m away)<\/strong><\/td>\n<td colspan=\"4\" rowspan=\"1\" data-sheets-value=\"{&quot;1&quot;:2,&quot;2&quot;:&quot; &lt;58dB&quot;}\" data-sheets-numberformat=\"{&quot;1&quot;:3,&quot;2&quot;:&quot;0%&quot;,&quot;3&quot;:1}\">&lt;58dB<\/td>\n<\/tr>\n<tr>\n<td colspan=\"1\" rowspan=\"3\" data-sheets-value=\"{&quot;1&quot;:2,&quot;2&quot;:&quot;Overload Capability(Inverter)&quot;}\">\n<div><strong>Overload Capability(Inverter)<\/strong><\/div>\n<\/td>\n<td colspan=\"4\" rowspan=\"1\" data-sheets-value=\"{&quot;1&quot;:2,&quot;2&quot;:&quot;105% to 110% : Transfer to bypass after 10 mins.&quot;}\">105% to 110% : Transfer to bypass after 10 mins.<\/td>\n<\/tr>\n<tr>\n<td colspan=\"4\" rowspan=\"1\" data-sheets-value=\"{&quot;1&quot;:2,&quot;2&quot;:&quot;111% to 125% : Transfer to bypass after 1 mins.&quot;}\">111% to 125% : Transfer to bypass after 1 mins.<\/td>\n<\/tr>\n<tr>\n<td colspan=\"4\" rowspan=\"1\" data-sheets-value=\"{&quot;1&quot;:2,&quot;2&quot;:&quot;126% to 150%: Transfer to bypass after 30s&quot;}\">126% to 150%: Transfer to bypass after 30s<\/td>\n<\/tr>\n<tr>\n<td colspan=\"1\" rowspan=\"4\" data-sheets-value=\"{&quot;1&quot;:2,&quot;2&quot;:&quot;Overload Capability (Bypass Mode)&quot;}\">\n<div><strong>Overload Capability (Bypass Mode)<\/strong><\/div>\n<\/td>\n<td colspan=\"4\" rowspan=\"1\" data-sheets-value=\"{&quot;1&quot;:2,&quot;2&quot;:&quot;less than 125%: long time running&quot;}\">less than 125%: long time running<\/td>\n<\/tr>\n<tr>\n<td colspan=\"4\" rowspan=\"1\" data-sheets-value=\"{&quot;1&quot;:2,&quot;2&quot;:&quot; 126% to 130% :Shutdown in 5 mins&quot;}\">126% to 130% :Shutdown in 5 mins<\/td>\n<\/tr>\n<tr>\n<td colspan=\"4\" rowspan=\"1\" data-sheets-value=\"{&quot;1&quot;:2,&quot;2&quot;:&quot; 131% to 150% :Shutdown in 1 mins&quot;}\">131% to 150% :Shutdown in 1 mins<\/td>\n<\/tr>\n<tr>\n<td colspan=\"4\" rowspan=\"1\" data-sheets-value=\"{&quot;1&quot;:2,&quot;2&quot;:&quot;&gt; 150% :Shutdown in 200 ms&quot;}\">&gt; 150% :Shutdown in 200 ms<\/td>\n<\/tr>\n<tr>\n<td data-sheets-value=\"{&quot;1&quot;:2,&quot;2&quot;:&quot;Crest Ratio&quot;}\"><strong>Crest Ratio<\/strong><\/td>\n<td colspan=\"4\" rowspan=\"1\" data-sheets-value=\"{&quot;1&quot;:2,&quot;2&quot;:&quot;3:1&quot;}\" data-sheets-numberformat=\"{&quot;1&quot;:1}\">3:1<\/td>\n<\/tr>\n<tr>\n<td data-sheets-value=\"{&quot;1&quot;:2,&quot;2&quot;:&quot;BATTERY&quot;}\"><strong>BATTERY<\/strong><\/td>\n<td colspan=\"4\" rowspan=\"1\"><\/td>\n<\/tr>\n<tr>\n<td data-sheets-value=\"{&quot;1&quot;:2,&quot;2&quot;:&quot;Rating\/Type&quot;}\"><strong>Rating\/Type<\/strong><\/td>\n<td colspan=\"4\" rowspan=\"1\" data-sheets-value=\"{&quot;1&quot;:2,&quot;2&quot;:&quot;Depend on the capacity of external batteries&quot;}\">Depend on the capacity of external batteries<\/td>\n<\/tr>\n<tr>\n<td data-sheets-value=\"{&quot;1&quot;:2,&quot;2&quot;:&quot;Quantity&quot;}\"><strong>Quantity<\/strong><\/td>\n<td colspan=\"4\" rowspan=\"1\" data-sheets-value=\"{&quot;1&quot;:2,&quot;2&quot;:&quot;16-20PCS settable&quot;}\">16-20PCS settable<\/td>\n<\/tr>\n<tr>\n<td data-sheets-value=\"{&quot;1&quot;:2,&quot;2&quot;:&quot;DC Voltage&quot;}\"><strong>DC Voltage<\/strong><\/td>\n<td colspan=\"4\" rowspan=\"1\" data-sheets-value=\"{&quot;1&quot;:2,&quot;2&quot;:&quot;192VDC default, settable&quot;}\">192VDC default, settable<\/td>\n<\/tr>\n<tr>\n<td data-sheets-value=\"{&quot;1&quot;:2,&quot;2&quot;:&quot;Back-up Time&quot;}\"><strong>Back-up Time<\/strong><\/td>\n<td colspan=\"4\" rowspan=\"1\" data-sheets-value=\"{&quot;1&quot;:2,&quot;2&quot;:&quot;Depend on the capacity of external batteries&quot;}\">Depend on the capacity of external batteries<\/td>\n<\/tr>\n<tr>\n<td data-sheets-value=\"{&quot;1&quot;:2,&quot;2&quot;:&quot;Charger&quot;}\"><strong>Charger<\/strong><\/td>\n<td colspan=\"4\" rowspan=\"1\"><\/td>\n<\/tr>\n<tr>\n<td data-sheets-value=\"{&quot;1&quot;:2,&quot;2&quot;:&quot; -Charging current (max)&quot;}\">-Charging current (max)<\/td>\n<td colspan=\"4\" rowspan=\"1\" data-sheets-value=\"{&quot;1&quot;:2,&quot;2&quot;:&quot;5A max,settable&quot;}\">5A max,settable<\/td>\n<\/tr>\n<tr>\n<td data-sheets-value=\"{&quot;1&quot;:2,&quot;2&quot;:&quot; -Float Charging Voltage&quot;}\">-Float Charging Voltage<\/td>\n<td colspan=\"4\" rowspan=\"1\" data-sheets-value=\"{&quot;1&quot;:2,&quot;2&quot;:&quot;2.25V\/cell default, setttable via software&quot;}\">2.25V\/cell default, setttable via software<\/td>\n<\/tr>\n<tr>\n<td data-sheets-value=\"{&quot;1&quot;:2,&quot;2&quot;:&quot; -Boost Charging Voltage&quot;}\">-Boost Charging Voltage<\/td>\n<td colspan=\"4\" rowspan=\"1\" data-sheets-value=\"{&quot;1&quot;:2,&quot;2&quot;:&quot;2.25V\/cell default, setttable via software&quot;}\">2.25V\/cell default, setttable via software<\/td>\n<\/tr>\n<tr>\n<td data-sheets-value=\"{&quot;1&quot;:2,&quot;2&quot;:&quot; -Charging time&quot;}\">-Charging time<\/td>\n<td colspan=\"4\" rowspan=\"1\" data-sheets-value=\"{&quot;1&quot;:2,&quot;2&quot;:&quot;Depend on the capacity of external batteries&quot;}\">Depend on the capacity of external batteries<\/td>\n<\/tr>\n<tr>\n<td data-sheets-value=\"{&quot;1&quot;:2,&quot;2&quot;:&quot;Leakage current&quot;}\"><strong>Leakage current<\/strong><\/td>\n<td colspan=\"4\" rowspan=\"1\" data-sheets-value=\"{&quot;1&quot;:2,&quot;2&quot;:&quot;&lt;3mA&quot;}\">&lt;3mA<\/td>\n<\/tr>\n<tr>\n<td data-sheets-value=\"{&quot;1&quot;:2,&quot;2&quot;:&quot;Indicator &amp; Alarm&quot;}\"><strong>Indicator &amp; Alarm<\/strong><\/td>\n<td colspan=\"4\" rowspan=\"1\"><\/td>\n<\/tr>\n<tr>\n<td data-sheets-value=\"{&quot;1&quot;:2,&quot;2&quot;:&quot; -Display&quot;}\">-Display<\/td>\n<td colspan=\"4\" rowspan=\"1\" data-sheets-value=\"{&quot;1&quot;:2,&quot;2&quot;:&quot;LED+LCD&quot;}\">LED+LCD<\/td>\n<\/tr>\n<tr>\n<td data-sheets-value=\"{&quot;1&quot;:2,&quot;2&quot;:&quot;Inteface&quot;}\"><strong>Interface<\/strong><\/td>\n<td colspan=\"4\" rowspan=\"1\"><\/td>\n<\/tr>\n<tr>\n<td data-sheets-value=\"{&quot;1&quot;:2,&quot;2&quot;:&quot; -Smart RS232&quot;}\">-Smart RS232<\/td>\n<td colspan=\"4\" rowspan=\"1\" data-sheets-value=\"{&quot;1&quot;:2,&quot;2&quot;:&quot;Standard Cable support INVT Power Monitor Software&quot;}\">Standard Cable support INVT Power Monitor Software<\/td>\n<\/tr>\n<tr>\n<td data-sheets-value=\"{&quot;1&quot;:2,&quot;2&quot;:&quot; -EPO&quot;}\">-EPO<\/td>\n<td colspan=\"4\" rowspan=\"1\" data-sheets-value=\"{&quot;1&quot;:2,&quot;2&quot;:&quot;NC&quot;}\">NC<\/td>\n<\/tr>\n<tr>\n<td data-sheets-value=\"{&quot;1&quot;:2,&quot;2&quot;:&quot; -RS485(option)&quot;}\">-RS485(option)<\/td>\n<td colspan=\"4\" rowspan=\"1\" data-sheets-value=\"{&quot;1&quot;:2,&quot;2&quot;:&quot;Installed in the intelligent slot&quot;}\">Installed in the intelligent slot<\/td>\n<\/tr>\n<tr>\n<td data-sheets-value=\"{&quot;1&quot;:2,&quot;2&quot;:&quot; -SNMP(option)&quot;}\">-SNMP(option)<\/td>\n<td colspan=\"4\" rowspan=\"1\" data-sheets-value=\"{&quot;1&quot;:2,&quot;2&quot;:&quot;Power Managment from SNMP Manager and Web Browser&quot;}\">Power Managment from SNMP Manager and Web Browser<\/td>\n<\/tr>\n<tr>\n<td data-sheets-value=\"{&quot;1&quot;:2,&quot;2&quot;:&quot;Option&quot;}\"><strong>Option<\/strong><\/td>\n<td colspan=\"4\" rowspan=\"1\"><\/td>\n<\/tr>\n<tr>\n<td data-sheets-value=\"{&quot;1&quot;:2,&quot;2&quot;:&quot; -Intelligent Kits&quot;}\">-Intelligent Kits<\/td>\n<td colspan=\"4\" rowspan=\"1\" data-sheets-value=\"{&quot;1&quot;:2,&quot;2&quot;:&quot;DB9 port, dry contact&quot;}\">DB9 port, dry contact<\/td>\n<\/tr>\n<tr>\n<td data-sheets-value=\"{&quot;1&quot;:2,&quot;2&quot;:&quot; -parallel&quot;}\">-parallel<\/td>\n<td colspan=\"4\" rowspan=\"1\" data-sheets-value=\"{&quot;1&quot;:2,&quot;2&quot;:&quot;4 units paralleled&quot;}\">4 units paralleled<\/td>\n<\/tr>\n<tr>\n<td data-sheets-value=\"{&quot;1&quot;:2,&quot;2&quot;:&quot; -Super charger (12A)&quot;}\">-Super charger (12A)<\/td>\n<td colspan=\"4\" rowspan=\"1\" data-sheets-value=\"{&quot;1&quot;:2,&quot;2&quot;:&quot;digitally controlled, 4-steps charge, settable,@PF0.9&quot;}\">digitally controlled, 4-steps charge, settable,@PF0.9<\/td>\n<\/tr>\n<tr>\n<td data-sheets-value=\"{&quot;1&quot;:2,&quot;2&quot;:&quot; -USB&quot;}\">-USB<\/td>\n<td colspan=\"4\" rowspan=\"1\" data-sheets-value=\"{&quot;1&quot;:2,&quot;2&quot;:&quot;B-type USB port&quot;}\">B-type USB port<\/td>\n<\/tr>\n<tr>\n<td data-sheets-value=\"{&quot;1&quot;:2,&quot;2&quot;:&quot; -SNMP Kits&quot;}\">-SNMP Kits<\/td>\n<td colspan=\"4\" rowspan=\"1\" data-sheets-value=\"{&quot;1&quot;:2,&quot;2&quot;:&quot;Pluggable type&quot;}\">Pluggable type<\/td>\n<\/tr>\n<tr>\n<td data-sheets-value=\"{&quot;1&quot;:2,&quot;2&quot;:&quot;Working Enviroment&quot;}\"><strong>Working Enviroment<\/strong><\/td>\n<td colspan=\"4\" rowspan=\"1\"><\/td>\n<\/tr>\n<tr>\n<td data-sheets-value=\"{&quot;1&quot;:2,&quot;2&quot;:&quot;Mechanical&quot;}\"><strong>Mechanical<\/strong><\/td>\n<td colspan=\"4\" rowspan=\"1\"><\/td>\n<\/tr>\n<tr>\n<td data-sheets-value=\"{&quot;1&quot;:2,&quot;2&quot;:&quot; -W\u2573D\u2573H (mm)&quot;}\" data-sheets-textstyleruns=\"{&quot;1&quot;:0}\uee10{&quot;1&quot;:6,&quot;2&quot;:{&quot;3&quot;:&quot;\u5b8b\u4f53&quot;,&quot;4&quot;:12}}\uee10{&quot;1&quot;:7,&quot;2&quot;:{&quot;3&quot;:&quot;Times New Roman&quot;,&quot;4&quot;:12}}\uee10{&quot;1&quot;:8,&quot;2&quot;:{&quot;3&quot;:&quot;\u5b8b\u4f53&quot;,&quot;4&quot;:12}}\uee10{&quot;1&quot;:9,&quot;2&quot;:{&quot;3&quot;:&quot;Times New Roman&quot;,&quot;4&quot;:12}}\">-W\u2573D\u2573H (mm)<\/td>\n<td colspan=\"4\" rowspan=\"1\" data-sheets-value=\"{&quot;1&quot;:2,&quot;2&quot;:&quot;190*485*336&quot;}\">190*485*336<\/td>\n<\/tr>\n<tr>\n<td data-sheets-value=\"{&quot;1&quot;:2,&quot;2&quot;:&quot; -Net Weight (KG)&quot;}\">-Net Weight (KG)<\/td>\n<td colspan=\"4\" rowspan=\"1\" data-sheets-value=\"{&quot;1&quot;:3,&quot;3&quot;:16}\">16<\/td>\n<\/tr>\n<tr>\n<td data-sheets-value=\"{&quot;1&quot;:2,&quot;2&quot;:&quot; -Package Weight (KG)&quot;}\">-Package Weight (KG)<\/td>\n<td colspan=\"4\" rowspan=\"1\" data-sheets-value=\"{&quot;1&quot;:3,&quot;3&quot;:17}\">17<\/td>\n<\/tr>\n<tr>\n<td data-sheets-value=\"{&quot;1&quot;:2,&quot;2&quot;:&quot; -Rack \/ Tower&quot;}\">-Rack \/ Tower<\/td>\n<td colspan=\"4\" rowspan=\"1\" data-sheets-value=\"{&quot;1&quot;:2,&quot;2&quot;:&quot;Tower&quot;}\">Tower<\/td>\n<\/tr>\n<tr>\n<td data-sheets-value=\"{&quot;1&quot;:2,&quot;2&quot;:&quot;Color&quot;}\"><strong>Color<\/strong><\/td>\n<td colspan=\"4\" rowspan=\"1\" data-sheets-value=\"{&quot;1&quot;:2,&quot;2&quot;:&quot;Black default&quot;}\">Black default<\/td>\n<\/tr>\n<\/tbody>\n<\/table>\n<p>&nbsp;<\/p>\n","protected":false},"excerpt":{"rendered":"<p>HT11 serijos, nuo 6 kVA iki 10 kVA, yra dvigubos konversijos UPS su visi\u0161kai DSP valdoma technologija. Vienfaziuose UPS naudojama pa\u017eangi 3 lygi\u0173 technologija, tod\u0117l j\u0173 efektyvumas siekia iki 95 %. D\u0117l kompakti\u0161kos konstrukcijos ir didelio galios tankio (kW=kVA) HT11 serijos UPS idealiai tinka kompiuteriams, telekomunikacij\u0173 \u012frangai ir kitiems jautriems \u012frenginiams.<\/p>\n","protected":false},"featured_media":1241,"menu_order":270,"comment_status":"closed","ping_status":"closed","template":"","meta":{"_acf_changed":false},"product_brand":[],"product_cat":[48],"product_tag":[],"class_list":{"0":"post-1225","1":"product","2":"type-product","3":"status-publish","4":"has-post-thumbnail","6":"product_cat-vienfaziai-nepertraukiamo-maitinimo-saltiniai","8":"first","9":"onbackorder","10":"shipping-taxable","11":"purchasable","12":"product-type-simple"},"acf":[],"_links":{"self":[{"href":"https:\/\/elicsgroup.com\/en\/wp-json\/wp\/v2\/product\/1225","targetHints":{"allow":["GET"]}}],"collection":[{"href":"https:\/\/elicsgroup.com\/en\/wp-json\/wp\/v2\/product"}],"about":[{"href":"https:\/\/elicsgroup.com\/en\/wp-json\/wp\/v2\/types\/product"}],"replies":[{"embeddable":true,"href":"https:\/\/elicsgroup.com\/en\/wp-json\/wp\/v2\/comments?post=1225"}],"wp:featuredmedia":[{"embeddable":true,"href":"https:\/\/elicsgroup.com\/en\/wp-json\/wp\/v2\/media\/1241"}],"wp:attachment":[{"href":"https:\/\/elicsgroup.com\/en\/wp-json\/wp\/v2\/media?parent=1225"}],"wp:term":[{"taxonomy":"product_brand","embeddable":true,"href":"https:\/\/elicsgroup.com\/en\/wp-json\/wp\/v2\/product_brand?post=1225"},{"taxonomy":"product_cat","embeddable":true,"href":"https:\/\/elicsgroup.com\/en\/wp-json\/wp\/v2\/product_cat?post=1225"},{"taxonomy":"product_tag","embeddable":true,"href":"https:\/\/elicsgroup.com\/en\/wp-json\/wp\/v2\/product_tag?post=1225"}],"curies":[{"name":"wp","href":"https:\/\/api.w.org\/{rel}","templated":true}]}}