{"id":1222,"date":"2025-03-24T09:16:52","date_gmt":"2025-03-24T07:16:52","guid":{"rendered":"https:\/\/elicsgroup.com\/?post_type=product&#038;p=1222"},"modified":"2025-07-31T17:16:33","modified_gmt":"2025-07-31T14:16:33","slug":"ups-2000va-1800w-online-tower-1f-230v-ht1102l","status":"publish","type":"product","link":"https:\/\/elicsgroup.com\/en\/produktas\/ups-2000va-1800w-online-tower-1f-230v-ht1102l\/","title":{"rendered":"UPS 2000VA\/1800W Online, Tower, 1F, 230V HT1102L"},"content":{"rendered":"<p>Funkcijos:<\/p>\n<p>Platus \u012f\u0117jimo \u012ftampos diapazonas, o \u012f\u0117jimo PF&gt;97%<\/p>\n<p>Visapusi\u0161ka apsauga nuo vir\u0161\u012ftampi\u0173, trumpojo jungimo ir temperat\u016bros vir\u0161ijimo<\/p>\n<p>LCD\/LED ekranas, stebintis vis\u0105 veikimo b\u016bsen\u0105<\/p>\n<p>Automatinis ventiliatoriaus grei\u010dio reguliavimas<\/p>\n<p>\u012emontuotas TX at\u0161akos i\u0161\u0117jimo transformatorius<\/p>\n<p>Produkto instrukcija: <a href=\"https:\/\/eshop.elicsgroup.com\/wp-content\/uploads\/User-Manual-for-HT11-1-3kVA-True-Online-UPS-_V3.7.pdf\">User Manual for HT11 1-3kVA True Online UPS _V3.7<\/a><\/p>\n<table dir=\"ltr\" border=\"1\" cellspacing=\"0\" cellpadding=\"0\" data-sheets-root=\"1\">\n<colgroup>\n<col width=\"242\" \/>\n<col width=\"180\" \/>\n<col width=\"176\" \/>\n<col width=\"164\" \/>\n<col width=\"2\" \/>\n<col width=\"2\" \/>\n<col width=\"2\" \/><\/colgroup>\n<tbody>\n<tr>\n<td style=\"text-align: center;\" colspan=\"7\" rowspan=\"1\" data-sheets-value=\"{&quot;1&quot;:2,&quot;2&quot;:&quot;HT1102L&quot;}\"><strong>HT1102L<\/strong><\/td>\n<\/tr>\n<tr>\n<td data-sheets-value=\"{&quot;1&quot;:2,&quot;2&quot;:&quot;INPUT&quot;}\"><strong>INPUT<\/strong><\/td>\n<td colspan=\"6\" rowspan=\"1\"><\/td>\n<\/tr>\n<tr>\n<td data-sheets-value=\"{&quot;1&quot;:2,&quot;2&quot;:&quot;Cold Start&quot;}\"><strong>Cold Start<\/strong><\/td>\n<td colspan=\"6\" rowspan=\"1\" data-sheets-value=\"{&quot;1&quot;:2,&quot;2&quot;:&quot;YES, default frequency=50Hz or settable&quot;}\">YES, default frequency=50Hz or settable<\/td>\n<\/tr>\n<tr>\n<td data-sheets-value=\"{&quot;1&quot;:2,&quot;2&quot;:&quot;Acceptable Input Voltage&quot;}\"><strong>Acceptable Input Voltage<\/strong><\/td>\n<td colspan=\"6\" rowspan=\"1\" data-sheets-value=\"{&quot;1&quot;:2,&quot;2&quot;:&quot;110VAC~288VAC&quot;}\">110VAC~288VAC<\/td>\n<\/tr>\n<tr>\n<td colspan=\"1\" rowspan=\"4\">\n<div><\/div>\n<\/td>\n<td colspan=\"6\" rowspan=\"1\" data-sheets-value=\"{&quot;1&quot;:2,&quot;2&quot;:&quot;100% load@&gt;176VAC&quot;}\">100% load@&gt;176VAC<\/td>\n<\/tr>\n<tr>\n<td colspan=\"6\" rowspan=\"1\" data-sheets-value=\"{&quot;1&quot;:2,&quot;2&quot;:&quot;80% load@&gt;154VAC&quot;}\">80% load@&gt;154VAC<\/td>\n<\/tr>\n<tr>\n<td colspan=\"6\" rowspan=\"1\" data-sheets-value=\"{&quot;1&quot;:2,&quot;2&quot;:&quot;70% load@&gt;132VAC&quot;}\">70% load@&gt;132VAC<\/td>\n<\/tr>\n<tr>\n<td colspan=\"6\" rowspan=\"1\" data-sheets-value=\"{&quot;1&quot;:2,&quot;2&quot;:&quot;50% load@&gt;110VAC&quot;}\">50% load@&gt;110VAC<\/td>\n<\/tr>\n<tr>\n<td data-sheets-value=\"{&quot;1&quot;:2,&quot;2&quot;:&quot;Phase&quot;}\"><strong>Phase<\/strong><\/td>\n<td colspan=\"6\" rowspan=\"1\" data-sheets-value=\"{&quot;1&quot;:2,&quot;2&quot;:&quot;Single phase in,single phase out&quot;}\">Single phase in,single phase out<\/td>\n<\/tr>\n<tr>\n<td data-sheets-value=\"{&quot;1&quot;:2,&quot;2&quot;:&quot;Transfer Voltage Range &quot;}\">Transfer Voltage Range<\/td>\n<td colspan=\"6\" rowspan=\"1\" data-sheets-value=\"{&quot;1&quot;:2,&quot;2&quot;:&quot;(200VAC\/208VAC\/220VAC\/230VAC\/240VAC)&quot;}\">(200VAC\/208VAC\/220VAC\/230VAC\/240VAC)<\/td>\n<\/tr>\n<tr>\n<td data-sheets-value=\"{&quot;1&quot;:2,&quot;2&quot;:&quot; -Line low transfer&quot;}\" data-sheets-numberformat=\"{&quot;1&quot;:1}\">-Line low transfer<\/td>\n<td colspan=\"6\" rowspan=\"1\" data-sheets-value=\"{&quot;1&quot;:2,&quot;2&quot;:&quot;110VAC&quot;}\">110VAC<\/td>\n<\/tr>\n<tr>\n<td data-sheets-value=\"{&quot;1&quot;:2,&quot;2&quot;:&quot; -Line low recovery&quot;}\" data-sheets-numberformat=\"{&quot;1&quot;:1}\">-Line low recovery<\/td>\n<td colspan=\"6\" rowspan=\"1\" data-sheets-value=\"{&quot;1&quot;:2,&quot;2&quot;:&quot;121VAC&quot;}\">121VAC<\/td>\n<\/tr>\n<tr>\n<td data-sheets-value=\"{&quot;1&quot;:2,&quot;2&quot;:&quot; -Line high transfer&quot;}\" data-sheets-numberformat=\"{&quot;1&quot;:1}\">-Line high transfer<\/td>\n<td colspan=\"6\" rowspan=\"1\" data-sheets-value=\"{&quot;1&quot;:2,&quot;2&quot;:&quot;288VAC&quot;}\">288VAC<\/td>\n<\/tr>\n<tr>\n<td data-sheets-value=\"{&quot;1&quot;:2,&quot;2&quot;:&quot; -Line high recovery&quot;}\" data-sheets-numberformat=\"{&quot;1&quot;:1}\">-Line high recovery<\/td>\n<td colspan=\"6\" rowspan=\"1\" data-sheets-value=\"{&quot;1&quot;:2,&quot;2&quot;:&quot;281VAC&quot;}\">281VAC<\/td>\n<\/tr>\n<tr>\n<td data-sheets-value=\"{&quot;1&quot;:2,&quot;2&quot;:&quot;Input Current&quot;}\" data-sheets-numberformat=\"{&quot;1&quot;:1}\"><strong>Input Current<\/strong><\/td>\n<td colspan=\"6\" rowspan=\"1\"><\/td>\n<\/tr>\n<tr>\n<td data-sheets-value=\"{&quot;1&quot;:2,&quot;2&quot;:&quot; -Rating(nominal input voltage)&quot;}\" data-sheets-numberformat=\"{&quot;1&quot;:1}\">-Rating(nominal input voltage)<\/td>\n<td colspan=\"6\" rowspan=\"1\" data-sheets-value=\"{&quot;1&quot;:2,&quot;2&quot;:&quot;9.6A&quot;}\">9.6A<\/td>\n<\/tr>\n<tr>\n<td data-sheets-value=\"{&quot;1&quot;:2,&quot;2&quot;:&quot;Input Power Factor&quot;}\" data-sheets-numberformat=\"{&quot;1&quot;:1}\"><strong>Input Power Factor<\/strong><\/td>\n<td colspan=\"6\" rowspan=\"1\" data-sheets-value=\"{&quot;1&quot;:2,&quot;2&quot;:&quot;\u22650.97&quot;}\" data-sheets-textstyleruns=\"{&quot;1&quot;:0,&quot;2&quot;:{&quot;3&quot;:&quot;\u5b8b\u4f53&quot;,&quot;4&quot;:12}}\uee10{&quot;1&quot;:1,&quot;2&quot;:{&quot;3&quot;:&quot;Times New Roman&quot;,&quot;4&quot;:12}}\">\u22650.97<\/td>\n<\/tr>\n<tr>\n<td data-sheets-value=\"{&quot;1&quot;:2,&quot;2&quot;:&quot;Input Frequency Range&quot;}\" data-sheets-numberformat=\"{&quot;1&quot;:1}\"><strong>Input Frequency Range<\/strong><\/td>\n<td colspan=\"6\" rowspan=\"1\" data-sheets-value=\"{&quot;1&quot;:2,&quot;2&quot;:&quot;40~70Hz&quot;}\" data-sheets-numberformat=\"{&quot;1&quot;:1}\">40~70Hz<\/td>\n<\/tr>\n<tr>\n<td data-sheets-value=\"{&quot;1&quot;:2,&quot;2&quot;:&quot;OUTPUT&quot;}\" data-sheets-numberformat=\"{&quot;1&quot;:1}\"><strong>OUTPUT<\/strong><\/td>\n<td colspan=\"6\" rowspan=\"1\"><\/td>\n<\/tr>\n<tr>\n<td data-sheets-value=\"{&quot;1&quot;:2,&quot;2&quot;:&quot;Frequency adaptable&quot;}\"><strong>Frequency adaptable<\/strong><\/td>\n<td colspan=\"6\" rowspan=\"1\" data-sheets-value=\"{&quot;1&quot;:2,&quot;2&quot;:&quot;Settable&quot;}\">Settable<\/td>\n<\/tr>\n<tr>\n<td data-sheets-value=\"{&quot;1&quot;:2,&quot;2&quot;:&quot;Power&quot;}\" data-sheets-numberformat=\"{&quot;1&quot;:1}\"><strong>Power<\/strong><\/td>\n<td colspan=\"6\" rowspan=\"1\"><\/td>\n<\/tr>\n<tr>\n<td data-sheets-value=\"{&quot;1&quot;:2,&quot;2&quot;:&quot; -Power(kVA) max&quot;}\" data-sheets-numberformat=\"{&quot;1&quot;:1}\">-Power(kVA) max<\/td>\n<td colspan=\"6\" rowspan=\"1\" data-sheets-value=\"{&quot;1&quot;:3,&quot;3&quot;:2}\">2<\/td>\n<\/tr>\n<tr>\n<td data-sheets-value=\"{&quot;1&quot;:2,&quot;2&quot;:&quot; -Power(kW) max&quot;}\" data-sheets-numberformat=\"{&quot;1&quot;:1}\">-Power(kW) max<\/td>\n<td colspan=\"6\" rowspan=\"1\" data-sheets-value=\"{&quot;1&quot;:2,&quot;2&quot;:&quot;1.8(1.6 for 200VAC\/208VAC)&quot;}\">1.8(1.6 for 200VAC\/208VAC)<\/td>\n<\/tr>\n<tr>\n<td data-sheets-value=\"{&quot;1&quot;:2,&quot;2&quot;:&quot;Output Voltage&quot;}\" data-sheets-numberformat=\"{&quot;1&quot;:1}\"><strong>Output Voltage<\/strong><\/td>\n<td colspan=\"6\" rowspan=\"1\"><\/td>\n<\/tr>\n<tr>\n<td data-sheets-value=\"{&quot;1&quot;:2,&quot;2&quot;:&quot; -Waveform(Bat. Mode)&quot;}\" data-sheets-numberformat=\"{&quot;1&quot;:1}\">-Waveform(Bat. Mode)<\/td>\n<td colspan=\"6\" rowspan=\"1\" data-sheets-value=\"{&quot;1&quot;:2,&quot;2&quot;:&quot;Pure Sine Wave&quot;}\">Pure Sine Wave<\/td>\n<\/tr>\n<tr>\n<td data-sheets-value=\"{&quot;1&quot;:2,&quot;2&quot;:&quot; -Nominal voltage&quot;}\" data-sheets-numberformat=\"{&quot;1&quot;:1}\">-Nominal voltage<\/td>\n<td colspan=\"6\" rowspan=\"1\" data-sheets-value=\"{&quot;1&quot;:2,&quot;2&quot;:&quot;200\/208\/220\/230\/240VAC&quot;}\">200\/208\/220\/230\/240VAC<\/td>\n<\/tr>\n<tr>\n<td data-sheets-value=\"{&quot;1&quot;:2,&quot;2&quot;:&quot; -Voltage regulation&quot;}\" data-sheets-numberformat=\"{&quot;1&quot;:1}\">-Voltage regulation<\/td>\n<td colspan=\"6\" rowspan=\"1\" data-sheets-value=\"{&quot;1&quot;:2,&quot;2&quot;:&quot;\u00b1 1 %&quot;}\">\u00b1 1 %<\/td>\n<\/tr>\n<tr>\n<td data-sheets-value=\"{&quot;1&quot;:2,&quot;2&quot;:&quot; -Transient response &quot;}\" data-sheets-numberformat=\"{&quot;1&quot;:1}\">-Transient response<\/td>\n<td colspan=\"6\" rowspan=\"1\" data-sheets-value=\"{&quot;1&quot;:2,&quot;2&quot;:&quot;\u22645% (0% - 100% -0%)&quot;}\" data-sheets-textstyleruns=\"{&quot;1&quot;:0,&quot;2&quot;:{&quot;3&quot;:&quot;\u5b8b\u4f53&quot;,&quot;4&quot;:12}}\uee10{&quot;1&quot;:1,&quot;2&quot;:{&quot;3&quot;:&quot;Times New Roman&quot;,&quot;4&quot;:12}}\">\u22645% (0% &#8211; 100% -0%)<\/td>\n<\/tr>\n<tr>\n<td data-sheets-value=\"{&quot;1&quot;:2,&quot;2&quot;:&quot; -Transient recovery&quot;}\" data-sheets-numberformat=\"{&quot;1&quot;:1}\">-Transient recovery<\/td>\n<td colspan=\"6\" rowspan=\"1\" data-sheets-value=\"{&quot;1&quot;:2,&quot;2&quot;:&quot;\u226430ms (0% - 100% -0%)&quot;}\" data-sheets-textstyleruns=\"{&quot;1&quot;:0,&quot;2&quot;:{&quot;2&quot;:{&quot;1&quot;:2,&quot;2&quot;:0},&quot;3&quot;:&quot;Arial&quot;}}\uee10{&quot;1&quot;:3,&quot;2&quot;:{&quot;2&quot;:{&quot;1&quot;:2,&quot;2&quot;:0}}}\">\u226430ms (0% &#8211; 100% -0%)<\/td>\n<\/tr>\n<tr>\n<td data-sheets-value=\"{&quot;1&quot;:2,&quot;2&quot;:&quot; -Voltage distortion&quot;}\" data-sheets-numberformat=\"{&quot;1&quot;:1}\">-Voltage distortion<\/td>\n<td colspan=\"6\" rowspan=\"1\" data-sheets-value=\"{&quot;1&quot;:2,&quot;2&quot;:&quot;\u22642% THD, linear load &quot;}\" data-sheets-textstyleruns=\"{&quot;1&quot;:0,&quot;2&quot;:{&quot;3&quot;:&quot;\u5b8b\u4f53&quot;,&quot;4&quot;:12}}\uee10{&quot;1&quot;:1,&quot;2&quot;:{&quot;3&quot;:&quot;\u5b8b\u4f53&quot;,&quot;4&quot;:12}}\uee10{&quot;1&quot;:2,&quot;2&quot;:{&quot;3&quot;:&quot;Times New Roman&quot;,&quot;4&quot;:12}}\">\u22642% THD, linear load<\/td>\n<\/tr>\n<tr>\n<td><\/td>\n<td colspan=\"6\" rowspan=\"1\" data-sheets-value=\"{&quot;1&quot;:2,&quot;2&quot;:&quot;\u2264 5% THD, non-linear load&quot;}\" data-sheets-textstyleruns=\"{&quot;1&quot;:0,&quot;2&quot;:{&quot;3&quot;:&quot;Arial&quot;}}\uee10{&quot;1&quot;:1}\">\u2264 5% THD, non-linear load<\/td>\n<\/tr>\n<tr>\n<td data-sheets-value=\"{&quot;1&quot;:2,&quot;2&quot;:&quot;Output Frequency&quot;}\" data-sheets-numberformat=\"{&quot;1&quot;:1}\"><strong>Output Frequency<\/strong><\/td>\n<td colspan=\"6\" rowspan=\"1\"><\/td>\n<\/tr>\n<tr>\n<td data-sheets-value=\"{&quot;1&quot;:2,&quot;2&quot;:&quot; -Synchronization range&quot;}\">-Synchronization range<\/td>\n<td colspan=\"6\" rowspan=\"1\" data-sheets-value=\"{&quot;1&quot;:2,&quot;2&quot;:&quot;\u00b15Hz default&quot;}\">\u00b15Hz default<\/td>\n<\/tr>\n<tr>\n<td data-sheets-value=\"{&quot;1&quot;:2,&quot;2&quot;:&quot; -Battery mode&quot;}\">-Battery mode<\/td>\n<td colspan=\"6\" rowspan=\"1\" data-sheets-value=\"{&quot;1&quot;:2,&quot;2&quot;:&quot;(50\u00b10.1) Hz default&quot;}\">(50\u00b10.1) Hz default<\/td>\n<\/tr>\n<tr>\n<td data-sheets-value=\"{&quot;1&quot;:2,&quot;2&quot;:&quot;Transfer Time&quot;}\"><strong>Transfer Time<\/strong><\/td>\n<td colspan=\"6\" rowspan=\"1\"><\/td>\n<\/tr>\n<tr>\n<td data-sheets-value=\"{&quot;1&quot;:2,&quot;2&quot;:&quot; -Line mode to battery mode&quot;}\">-Line mode to battery mode<\/td>\n<td colspan=\"6\" rowspan=\"1\" data-sheets-value=\"{&quot;1&quot;:3,&quot;3&quot;:0}\">0<\/td>\n<\/tr>\n<tr>\n<td data-sheets-value=\"{&quot;1&quot;:2,&quot;2&quot;:&quot; -Inverter to bypass&quot;}\">-Inverter to bypass<\/td>\n<td colspan=\"6\" rowspan=\"1\" data-sheets-value=\"{&quot;1&quot;:2,&quot;2&quot;:&quot;2ms&quot;}\">2ms<\/td>\n<\/tr>\n<tr>\n<td data-sheets-value=\"{&quot;1&quot;:2,&quot;2&quot;:&quot;Efficiency&quot;}\"><strong>Efficiency<\/strong><\/td>\n<td colspan=\"6\" rowspan=\"1\"><\/td>\n<\/tr>\n<tr>\n<td data-sheets-value=\"{&quot;1&quot;:2,&quot;2&quot;:&quot; -Line mode with battery full charged&quot;}\">-Line mode with battery full charged<\/td>\n<td colspan=\"6\" rowspan=\"1\" data-sheets-value=\"{&quot;1&quot;:2,&quot;2&quot;:&quot;91%@100% load, 88%@50% load&quot;}\">91%@100% load, 88%@50% load<\/td>\n<\/tr>\n<tr>\n<td data-sheets-value=\"{&quot;1&quot;:2,&quot;2&quot;:&quot; -ECO mode&quot;}\">-ECO mode<\/td>\n<td colspan=\"6\" rowspan=\"1\" data-sheets-value=\"{&quot;1&quot;:3,&quot;3&quot;:0.97}\" data-sheets-numberformat=\"{&quot;1&quot;:3,&quot;2&quot;:&quot;0.0%&quot;,&quot;3&quot;:1}\">97,0%<\/td>\n<\/tr>\n<tr>\n<td data-sheets-value=\"{&quot;1&quot;:2,&quot;2&quot;:&quot; -Battery mode&quot;}\">-Battery mode<\/td>\n<td colspan=\"6\" rowspan=\"1\" data-sheets-value=\"{&quot;1&quot;:2,&quot;2&quot;:&quot;87%@100% load, 88%@50% load&quot;}\">87%@100% load, 88%@50% load<\/td>\n<\/tr>\n<tr>\n<td data-sheets-value=\"{&quot;1&quot;:2,&quot;2&quot;:&quot;Noise(1m away)&quot;}\"><strong>Noise(1m away)<\/strong><\/td>\n<td colspan=\"6\" rowspan=\"1\" data-sheets-value=\"{&quot;1&quot;:2,&quot;2&quot;:&quot;&lt;45dB@&lt;60%load,&lt;50dB@&gt;60%load&quot;}\">&lt;45dB@&lt;60%load,&lt;50dB@&gt;60%load<\/td>\n<\/tr>\n<tr>\n<td colspan=\"1\" rowspan=\"2\" data-sheets-value=\"{&quot;1&quot;:2,&quot;2&quot;:&quot;Overload Capability(Inverter)&quot;}\">\n<div><strong>Overload Capability(Inverter)<\/strong><\/div>\n<\/td>\n<td colspan=\"6\" rowspan=\"1\" data-sheets-value=\"{&quot;1&quot;:2,&quot;2&quot;:&quot;105%~130%: Transfer to bypass after 1 mins.&quot;}\">105%~130%: Transfer to bypass after 1 mins.<\/td>\n<\/tr>\n<tr>\n<td colspan=\"6\" rowspan=\"1\" data-sheets-value=\"{&quot;1&quot;:2,&quot;2&quot;:&quot;150%: Transfer to bypass after 30s&quot;}\">150%: Transfer to bypass after 30s<\/td>\n<\/tr>\n<tr>\n<td colspan=\"1\" rowspan=\"2\" data-sheets-value=\"{&quot;1&quot;:2,&quot;2&quot;:&quot;Overload Capability(Battery Mode)&quot;}\">\n<div><strong>Overload Capability(Battery Mode)<\/strong><\/div>\n<\/td>\n<td colspan=\"6\" rowspan=\"1\" data-sheets-value=\"{&quot;1&quot;:2,&quot;2&quot;:&quot;105%~130%:shutdown after 10s&quot;}\">105%~130%:shutdown after 10s<\/td>\n<\/tr>\n<tr>\n<td colspan=\"6\" rowspan=\"1\" data-sheets-value=\"{&quot;1&quot;:2,&quot;2&quot;:&quot;150%:shutdown after 5s&quot;}\">150%:shutdown after 5s<\/td>\n<\/tr>\n<tr>\n<td colspan=\"1\" rowspan=\"3\" data-sheets-value=\"{&quot;1&quot;:2,&quot;2&quot;:&quot;Overload Capability (Bypass Mode)&quot;}\">\n<div><strong>Overload Capability (Bypass Mode)<\/strong><\/div>\n<\/td>\n<td colspan=\"6\" rowspan=\"1\" data-sheets-value=\"{&quot;1&quot;:2,&quot;2&quot;:&quot;&lt;130%: Long time&quot;}\">&lt;130%: Long time<\/td>\n<\/tr>\n<tr>\n<td colspan=\"6\" rowspan=\"1\" data-sheets-value=\"{&quot;1&quot;:2,&quot;2&quot;:&quot;&gt;130%&amp;&lt;150%:Shutdown after 10min&quot;}\">&gt;130%&amp;&lt;150%:Shutdown after 10min<\/td>\n<\/tr>\n<tr>\n<td colspan=\"6\" rowspan=\"1\" data-sheets-value=\"{&quot;1&quot;:2,&quot;2&quot;:&quot;&gt;150%&amp;&lt;180%:Shutdown after 5 seconds&quot;}\">&gt;150%&amp;&lt;180%:Shutdown after 5 seconds<\/td>\n<\/tr>\n<tr>\n<td data-sheets-value=\"{&quot;1&quot;:2,&quot;2&quot;:&quot;Crest Ratio&quot;}\"><strong>Crest Ratio<\/strong><\/td>\n<td colspan=\"6\" rowspan=\"1\" data-sheets-value=\"{&quot;1&quot;:2,&quot;2&quot;:&quot;3:1&quot;}\" data-sheets-numberformat=\"{&quot;1&quot;:1}\">3:1<\/td>\n<\/tr>\n<tr>\n<td data-sheets-value=\"{&quot;1&quot;:2,&quot;2&quot;:&quot;BATTERY&quot;}\"><strong>BATTERY<\/strong><\/td>\n<td colspan=\"6\" rowspan=\"1\"><\/td>\n<\/tr>\n<tr>\n<td data-sheets-value=\"{&quot;1&quot;:2,&quot;2&quot;:&quot;Rating\/Type&quot;}\"><strong>Rating\/Type<\/strong><\/td>\n<td colspan=\"6\" rowspan=\"2\" data-sheets-value=\"{&quot;1&quot;:2,&quot;2&quot;:&quot;Depend on the capacity of external batteries&quot;}\">\n<div>Depend on the capacity of external batteries<\/div>\n<\/td>\n<\/tr>\n<tr>\n<td data-sheets-value=\"{&quot;1&quot;:2,&quot;2&quot;:&quot;Quantity&quot;}\"><strong>Quantity<\/strong><\/td>\n<\/tr>\n<tr>\n<td data-sheets-value=\"{&quot;1&quot;:2,&quot;2&quot;:&quot;DC Voltage&quot;}\"><strong>DC Voltage<\/strong><\/td>\n<td colspan=\"6\" rowspan=\"1\" data-sheets-value=\"{&quot;1&quot;:2,&quot;2&quot;:&quot;72VDC&quot;}\">72VDC<\/td>\n<\/tr>\n<tr>\n<td data-sheets-value=\"{&quot;1&quot;:2,&quot;2&quot;:&quot;Back-up Time&quot;}\"><strong>Back-up Time<\/strong><\/td>\n<td colspan=\"6\" rowspan=\"1\" data-sheets-value=\"{&quot;1&quot;:2,&quot;2&quot;:&quot;Depend on the capacity of external batteries&quot;}\">Depend on the capacity of external batteries<\/td>\n<\/tr>\n<tr>\n<td data-sheets-value=\"{&quot;1&quot;:2,&quot;2&quot;:&quot;Battery-Low Voltage&quot;}\"><strong>Battery-Low Voltage<\/strong><\/td>\n<td colspan=\"6\" rowspan=\"1\" data-sheets-value=\"{&quot;1&quot;:2,&quot;2&quot;:&quot;66VAC~70VDC depending on load&quot;}\">66VAC~70VDC depending on load<\/td>\n<\/tr>\n<tr>\n<td data-sheets-value=\"{&quot;1&quot;:2,&quot;2&quot;:&quot;Charger&quot;}\"><strong>Charger<\/strong><\/td>\n<td colspan=\"5\" rowspan=\"1\"><\/td>\n<td><\/td>\n<\/tr>\n<tr>\n<td data-sheets-value=\"{&quot;1&quot;:2,&quot;2&quot;:&quot; -Charging voltage&quot;}\">-Charging voltage<\/td>\n<td colspan=\"6\" rowspan=\"1\" data-sheets-value=\"{&quot;1&quot;:2,&quot;2&quot;:&quot;float:81VDC\/boost:82.8VDC&quot;}\">float:81VDC\/boost:82.8VDC<\/td>\n<\/tr>\n<tr>\n<td data-sheets-value=\"{&quot;1&quot;:2,&quot;2&quot;:&quot; -Charging current (max)&quot;}\">-Charging current (max)<\/td>\n<td colspan=\"6\" rowspan=\"1\" data-sheets-value=\"{&quot;1&quot;:2,&quot;2&quot;:&quot;8A&quot;}\">8A<\/td>\n<\/tr>\n<tr>\n<td data-sheets-value=\"{&quot;1&quot;:2,&quot;2&quot;:&quot; -Charging time&quot;}\">-Charging time<\/td>\n<td colspan=\"6\" rowspan=\"1\" data-sheets-value=\"{&quot;1&quot;:2,&quot;2&quot;:&quot;Depend on the capacity of external batteries&quot;}\">Depend on the capacity of external batteries<\/td>\n<\/tr>\n<tr>\n<td data-sheets-value=\"{&quot;1&quot;:2,&quot;2&quot;:&quot;Leakage current&quot;}\"><strong>Leakage current<\/strong><\/td>\n<td colspan=\"6\" rowspan=\"1\" data-sheets-value=\"{&quot;1&quot;:2,&quot;2&quot;:&quot;&lt;1mA&quot;}\">&lt;1mA<\/td>\n<\/tr>\n<tr>\n<td data-sheets-value=\"{&quot;1&quot;:2,&quot;2&quot;:&quot;INDICATOR &amp; ALARM&quot;}\"><strong>INDICATOR &amp; ALARM<\/strong><\/td>\n<td colspan=\"6\" rowspan=\"1\"><\/td>\n<\/tr>\n<tr>\n<td data-sheets-value=\"{&quot;1&quot;:2,&quot;2&quot;:&quot; -Display&quot;}\">-Display<\/td>\n<td colspan=\"6\" rowspan=\"1\" data-sheets-value=\"{&quot;1&quot;:2,&quot;2&quot;:&quot;LED+LCD&quot;}\">LED+LCD<\/td>\n<\/tr>\n<tr>\n<td data-sheets-value=\"{&quot;1&quot;:2,&quot;2&quot;:&quot; -Alarm&quot;}\">-Alarm<\/td>\n<td colspan=\"6\" rowspan=\"1\" data-sheets-value=\"{&quot;1&quot;:2,&quot;2&quot;:&quot;two short one long&quot;}\">two short one long<\/td>\n<\/tr>\n<tr>\n<td data-sheets-value=\"{&quot;1&quot;:2,&quot;2&quot;:&quot; -Fault&quot;}\">-Fault<\/td>\n<td colspan=\"6\" rowspan=\"1\" data-sheets-value=\"{&quot;1&quot;:2,&quot;2&quot;:&quot;Continuous beeping&quot;}\">Continuous beeping<\/td>\n<\/tr>\n<tr>\n<td data-sheets-value=\"{&quot;1&quot;:2,&quot;2&quot;:&quot;INTERFACE&quot;}\"><strong>INTERFACE<\/strong><\/td>\n<td colspan=\"6\" rowspan=\"1\"><\/td>\n<\/tr>\n<tr>\n<td data-sheets-value=\"{&quot;1&quot;:2,&quot;2&quot;:&quot; -Smart RS232&quot;}\">-Smart RS232<\/td>\n<td colspan=\"6\" rowspan=\"1\" data-sheets-value=\"{&quot;1&quot;:2,&quot;2&quot;:&quot;Standard Cable support INVT Power Monitor Software&quot;}\">Standard Cable support INVT Power Monitor Software<\/td>\n<\/tr>\n<tr>\n<td data-sheets-value=\"{&quot;1&quot;:2,&quot;2&quot;:&quot; -SNMP(option)&quot;}\">-SNMP(option)<\/td>\n<td colspan=\"6\" rowspan=\"1\" data-sheets-value=\"{&quot;1&quot;:2,&quot;2&quot;:&quot;Power Managment from SNMP Manager and Web Browser&quot;}\">Power Managment from SNMP Manager and Web Browser<\/td>\n<\/tr>\n<tr>\n<td data-sheets-value=\"{&quot;1&quot;:2,&quot;2&quot;:&quot;OPTION&quot;}\"><strong>OPTION<\/strong><\/td>\n<td colspan=\"6\" rowspan=\"1\"><\/td>\n<\/tr>\n<tr>\n<td data-sheets-value=\"{&quot;1&quot;:2,&quot;2&quot;:&quot; -Intelligent Kits&quot;}\">-Intelligent Kits<\/td>\n<td colspan=\"6\" rowspan=\"1\" data-sheets-value=\"{&quot;1&quot;:2,&quot;2&quot;:&quot;DB9 port, dry contact&quot;}\">DB9 port, dry contact<\/td>\n<\/tr>\n<tr>\n<td data-sheets-value=\"{&quot;1&quot;:2,&quot;2&quot;:&quot; -USB&quot;}\">-USB<\/td>\n<td colspan=\"6\" rowspan=\"1\" data-sheets-value=\"{&quot;1&quot;:2,&quot;2&quot;:&quot;B-type USB port&quot;}\">B-type USB port<\/td>\n<\/tr>\n<tr>\n<td data-sheets-value=\"{&quot;1&quot;:2,&quot;2&quot;:&quot; -SNMP Kits&quot;}\">-SNMP Kits<\/td>\n<td colspan=\"6\" rowspan=\"1\" data-sheets-value=\"{&quot;1&quot;:2,&quot;2&quot;:&quot;pluggable type&quot;}\">pluggable type<\/td>\n<\/tr>\n<tr>\n<td data-sheets-value=\"{&quot;1&quot;:2,&quot;2&quot;:&quot;MECHANICAL&quot;}\"><strong>MECHANICAL<\/strong><\/td>\n<td colspan=\"6\" rowspan=\"1\"><\/td>\n<\/tr>\n<tr>\n<td data-sheets-value=\"{&quot;1&quot;:2,&quot;2&quot;:&quot; -W\u2573D\u2573H (mm)&quot;}\" data-sheets-textstyleruns=\"{&quot;1&quot;:0}\uee10{&quot;1&quot;:6,&quot;2&quot;:{&quot;3&quot;:&quot;\u5b8b\u4f53&quot;,&quot;4&quot;:12}}\uee10{&quot;1&quot;:7,&quot;2&quot;:{&quot;3&quot;:&quot;Times New Roman&quot;,&quot;4&quot;:12}}\uee10{&quot;1&quot;:8,&quot;2&quot;:{&quot;3&quot;:&quot;\u5b8b\u4f53&quot;,&quot;4&quot;:12}}\uee10{&quot;1&quot;:9,&quot;2&quot;:{&quot;3&quot;:&quot;Times New Roman&quot;,&quot;4&quot;:12}}\">-W\u2573D\u2573H (mm)<\/td>\n<td colspan=\"6\" rowspan=\"1\" data-sheets-value=\"{&quot;1&quot;:2,&quot;2&quot;:&quot;190*375*336\/190*387*236\uff08max\uff09&quot;}\" data-sheets-textstyleruns=\"{&quot;1&quot;:0}\uee10{&quot;1&quot;:12,&quot;2&quot;:{&quot;2&quot;:{&quot;1&quot;:2,&quot;2&quot;:16711680}}}\uee10{&quot;1&quot;:23,&quot;2&quot;:{&quot;2&quot;:{&quot;1&quot;:2,&quot;2&quot;:16711680},&quot;3&quot;:&quot;Arial&quot;}}\uee10{&quot;1&quot;:24,&quot;2&quot;:{&quot;2&quot;:{&quot;1&quot;:2,&quot;2&quot;:16711680}}}\uee10{&quot;1&quot;:27,&quot;2&quot;:{&quot;2&quot;:{&quot;1&quot;:2,&quot;2&quot;:16711680},&quot;3&quot;:&quot;Arial&quot;}}\">190*375*336\/190*387*236\uff08max\uff09<\/td>\n<\/tr>\n<tr>\n<td data-sheets-value=\"{&quot;1&quot;:2,&quot;2&quot;:&quot; -W\u2573D\u2573H (mm)(shipment)&quot;}\" data-sheets-textstyleruns=\"{&quot;1&quot;:0}\uee10{&quot;1&quot;:6,&quot;2&quot;:{&quot;3&quot;:&quot;\u5b8b\u4f53&quot;,&quot;4&quot;:12}}\uee10{&quot;1&quot;:7,&quot;2&quot;:{&quot;3&quot;:&quot;Times New Roman&quot;,&quot;4&quot;:12}}\uee10{&quot;1&quot;:8,&quot;2&quot;:{&quot;3&quot;:&quot;\u5b8b\u4f53&quot;,&quot;4&quot;:12}}\uee10{&quot;1&quot;:9,&quot;2&quot;:{&quot;3&quot;:&quot;Times New Roman&quot;,&quot;4&quot;:12}}\">-W\u2573D\u2573H (mm)(shipment)<\/td>\n<td colspan=\"6\" rowspan=\"1\" data-sheets-value=\"{&quot;1&quot;:2,&quot;2&quot;:&quot;285*470*420&quot;}\">285*470*420<\/td>\n<\/tr>\n<tr>\n<td data-sheets-value=\"{&quot;1&quot;:2,&quot;2&quot;:&quot; -Net Weight (KG)&quot;}\">-Net Weight (KG)<\/td>\n<td colspan=\"6\" rowspan=\"1\" data-sheets-value=\"{&quot;1&quot;:3,&quot;3&quot;:45570}\" data-sheets-numberformat=\"{&quot;1&quot;:5,&quot;2&quot;:&quot;m.d&quot;,&quot;3&quot;:1}\">10.5<\/td>\n<\/tr>\n<tr>\n<td data-sheets-value=\"{&quot;1&quot;:2,&quot;2&quot;:&quot; -Package Weight(KG)&quot;}\">-Package Weight(KG)<\/td>\n<td colspan=\"6\" rowspan=\"1\" data-sheets-value=\"{&quot;1&quot;:3,&quot;3&quot;:12}\">12<\/td>\n<\/tr>\n<tr>\n<td data-sheets-value=\"{&quot;1&quot;:2,&quot;2&quot;:&quot;Color&quot;}\"><strong>Color<\/strong><\/td>\n<td colspan=\"6\" rowspan=\"1\" data-sheets-value=\"{&quot;1&quot;:2,&quot;2&quot;:&quot;Black default&quot;}\">Black default<\/td>\n<\/tr>\n<\/tbody>\n<\/table>\n<p>&nbsp;<\/p>\n","protected":false},"excerpt":{"rendered":"<p>HT11 serija yra dvigubos konversijos UPS su DSP valdymo technologija. D\u0117l auk\u0161to \u012f\u0117jimo ir i\u0161\u0117jimo galios koeficiento, savaime reguliuojamo i\u0161\u0117jimo da\u017enio ir tinklo valdymo HT11 puikiai tinka kompiuteriams, telekomunikacij\u0173 \u012frangai ir kitiems jautriems \u012frenginiams.<\/p>\n","protected":false},"featured_media":1241,"menu_order":274,"comment_status":"closed","ping_status":"closed","template":"","meta":{"_acf_changed":false},"product_brand":[],"product_cat":[48],"product_tag":[],"class_list":{"0":"post-1222","1":"product","2":"type-product","3":"status-publish","4":"has-post-thumbnail","6":"product_cat-vienfaziai-nepertraukiamo-maitinimo-saltiniai","8":"first","9":"onbackorder","10":"shipping-taxable","11":"purchasable","12":"product-type-simple"},"acf":[],"_links":{"self":[{"href":"https:\/\/elicsgroup.com\/en\/wp-json\/wp\/v2\/product\/1222","targetHints":{"allow":["GET"]}}],"collection":[{"href":"https:\/\/elicsgroup.com\/en\/wp-json\/wp\/v2\/product"}],"about":[{"href":"https:\/\/elicsgroup.com\/en\/wp-json\/wp\/v2\/types\/product"}],"replies":[{"embeddable":true,"href":"https:\/\/elicsgroup.com\/en\/wp-json\/wp\/v2\/comments?post=1222"}],"wp:featuredmedia":[{"embeddable":true,"href":"https:\/\/elicsgroup.com\/en\/wp-json\/wp\/v2\/media\/1241"}],"wp:attachment":[{"href":"https:\/\/elicsgroup.com\/en\/wp-json\/wp\/v2\/media?parent=1222"}],"wp:term":[{"taxonomy":"product_brand","embeddable":true,"href":"https:\/\/elicsgroup.com\/en\/wp-json\/wp\/v2\/product_brand?post=1222"},{"taxonomy":"product_cat","embeddable":true,"href":"https:\/\/elicsgroup.com\/en\/wp-json\/wp\/v2\/product_cat?post=1222"},{"taxonomy":"product_tag","embeddable":true,"href":"https:\/\/elicsgroup.com\/en\/wp-json\/wp\/v2\/product_tag?post=1222"}],"curies":[{"name":"wp","href":"https:\/\/api.w.org\/{rel}","templated":true}]}}