{"id":1220,"date":"2025-03-24T09:16:51","date_gmt":"2025-03-24T07:16:51","guid":{"rendered":"https:\/\/elicsgroup.com\/?post_type=product&#038;p=1220"},"modified":"2025-07-31T17:16:34","modified_gmt":"2025-07-31T14:16:34","slug":"ups-6000va-6000w-online-rack-1f-230v-hr1106xl","status":"publish","type":"product","link":"https:\/\/elicsgroup.com\/en\/produktas\/ups-6000va-6000w-online-rack-1f-230v-hr1106xl\/","title":{"rendered":"UPS 6000VA\/6000W Online, Rack, 1F, 230V, HR1106XL"},"content":{"rendered":"<p>Funkcijos:<\/p>\n<p>Platus \u012f\u0117jimo \u012ftampos diapazonas, o \u012f\u0117jimo PF&gt;99 %<\/p>\n<p>Montavimas: 19 coli\u0173 standartin\u0117je spintoje<\/p>\n<p>Visapusi\u0161ka apsauga nuo vir\u0161\u012ftampi\u0173, trumpojo jungimo ir temperat\u016bros vir\u0161ijimo<\/p>\n<p>LCD\/LED ekranas, stebintis vis\u0105 veikimo b\u016bsen\u0105<\/p>\n<p>Automatinis ventiliatoriaus grei\u010dio reguliavimas<\/p>\n<p>S\u0105sajos: RS232, USB, SNMP, i\u0161manioji kortel\u0117<\/p>\n<p>Didelis efektyvumas, iki 95 %<\/p>\n<p>Pa\u017eangus \u012fkrovimo valdymas, veiksmingai gerinantis akumuliatoriaus veikimo laik\u0105<\/p>\n<p>3 lygi\u0173 technologija, suderinama su sud\u0117tinga apkrova<\/p>\n<p>Produkto instrukcija: <a href=\"https:\/\/eshop.elicsgroup.com\/wp-content\/uploads\/User-Manual-for-New-HR11-6-10kVA-Rack-Mounted-UPSPF1_V1.7.pdf\">User Manual for New HR11 6-10kVA Rack Mounted UPS(PF=1)_V1.7<\/a><\/p>\n<table dir=\"ltr\" border=\"1\" cellspacing=\"0\" cellpadding=\"0\" data-sheets-root=\"1\">\n<colgroup>\n<col width=\"242\" \/>\n<col width=\"221\" \/>\n<col width=\"221\" \/>\n<col width=\"96\" \/>\n<col width=\"2\" \/><\/colgroup>\n<tbody>\n<tr>\n<td style=\"text-align: center;\" colspan=\"5\" rowspan=\"1\" data-sheets-value=\"{&quot;1&quot;:2,&quot;2&quot;:&quot;HR1106XL&quot;}\"><strong>HR1106XL<\/strong><\/td>\n<\/tr>\n<tr>\n<td data-sheets-value=\"{&quot;1&quot;:2,&quot;2&quot;:&quot;INPUT&quot;}\"><strong>INPUT<\/strong><\/td>\n<td colspan=\"4\" rowspan=\"1\"><\/td>\n<\/tr>\n<tr>\n<td data-sheets-value=\"{&quot;1&quot;:2,&quot;2&quot;:&quot;Cold Start&quot;}\"><strong>Cold Start<\/strong><\/td>\n<td colspan=\"4\" rowspan=\"1\" data-sheets-value=\"{&quot;1&quot;:2,&quot;2&quot;:&quot;YESnDefault output frequency will be 50Hz or settable&quot;}\">YES<br \/>\nDefault output frequency will be 50Hz or settable<\/td>\n<\/tr>\n<tr>\n<td data-sheets-value=\"{&quot;1&quot;:2,&quot;2&quot;:&quot;Acceptable Input Voltage&quot;}\"><strong>Acceptable Input Voltage<\/strong><\/td>\n<td colspan=\"4\" rowspan=\"1\" data-sheets-value=\"{&quot;1&quot;:2,&quot;2&quot;:&quot;110VAC~288VAC&quot;}\">110VAC~288VAC<\/td>\n<\/tr>\n<tr>\n<td colspan=\"1\" rowspan=\"4\">\n<div><\/div>\n<\/td>\n<td colspan=\"4\" rowspan=\"1\" data-sheets-value=\"{&quot;1&quot;:2,&quot;2&quot;:&quot;100% load@&gt;176VAC&quot;}\">100% load@&gt;176VAC<\/td>\n<\/tr>\n<tr>\n<td colspan=\"4\" rowspan=\"1\" data-sheets-value=\"{&quot;1&quot;:2,&quot;2&quot;:&quot;90% load@&gt;154VAC&quot;}\">90% load@&gt;154VAC<\/td>\n<\/tr>\n<tr>\n<td colspan=\"4\" rowspan=\"1\" data-sheets-value=\"{&quot;1&quot;:2,&quot;2&quot;:&quot;75% load@&gt;132VAC&quot;}\">75% load@&gt;132VAC<\/td>\n<\/tr>\n<tr>\n<td colspan=\"4\" rowspan=\"1\" data-sheets-value=\"{&quot;1&quot;:2,&quot;2&quot;:&quot;50% load@&gt;110VAC&quot;}\">50% load@&gt;110VAC<\/td>\n<\/tr>\n<tr>\n<td data-sheets-value=\"{&quot;1&quot;:2,&quot;2&quot;:&quot;Phase&quot;}\"><strong>Phase<\/strong><\/td>\n<td colspan=\"4\" rowspan=\"1\" data-sheets-value=\"{&quot;1&quot;:2,&quot;2&quot;:&quot;Single phase in,single phase out&quot;}\">Single phase in,single phase out<\/td>\n<\/tr>\n<tr>\n<td data-sheets-value=\"{&quot;1&quot;:2,&quot;2&quot;:&quot;Transfer Voltage Range &quot;}\"><strong>Transfer Voltage Range<\/strong><\/td>\n<td colspan=\"4\" rowspan=\"1\" data-sheets-value=\"{&quot;1&quot;:2,&quot;2&quot;:&quot;200VAC\/208VAC\/220VAC\/230VAC\/240VAC&quot;}\">200VAC\/208VAC\/220VAC\/230VAC\/240VAC<\/td>\n<\/tr>\n<tr>\n<td data-sheets-value=\"{&quot;1&quot;:2,&quot;2&quot;:&quot; -Line low transfer&quot;}\" data-sheets-numberformat=\"{&quot;1&quot;:1}\">-Line low transfer<\/td>\n<td colspan=\"4\" rowspan=\"1\" data-sheets-value=\"{&quot;1&quot;:2,&quot;2&quot;:&quot;110VAC&quot;}\">110VAC<\/td>\n<\/tr>\n<tr>\n<td data-sheets-value=\"{&quot;1&quot;:2,&quot;2&quot;:&quot; -Line low recovery&quot;}\" data-sheets-numberformat=\"{&quot;1&quot;:1}\">-Line low recovery<\/td>\n<td colspan=\"4\" rowspan=\"1\" data-sheets-value=\"{&quot;1&quot;:2,&quot;2&quot;:&quot;121VAC&quot;}\">121VAC<\/td>\n<\/tr>\n<tr>\n<td data-sheets-value=\"{&quot;1&quot;:2,&quot;2&quot;:&quot; -Line high transfer&quot;}\" data-sheets-numberformat=\"{&quot;1&quot;:1}\">-Line high transfer<\/td>\n<td colspan=\"4\" rowspan=\"1\" data-sheets-value=\"{&quot;1&quot;:2,&quot;2&quot;:&quot;288VAC&quot;}\">288VAC<\/td>\n<\/tr>\n<tr>\n<td data-sheets-value=\"{&quot;1&quot;:2,&quot;2&quot;:&quot; -Line high recovery&quot;}\" data-sheets-numberformat=\"{&quot;1&quot;:1}\">-Line high recovery<\/td>\n<td colspan=\"4\" rowspan=\"1\" data-sheets-value=\"{&quot;1&quot;:2,&quot;2&quot;:&quot;281VAC&quot;}\">281VAC<\/td>\n<\/tr>\n<tr>\n<td data-sheets-value=\"{&quot;1&quot;:2,&quot;2&quot;:&quot;Input Current&quot;}\"><strong>Input Current<\/strong><\/td>\n<td colspan=\"4\" rowspan=\"1\"><\/td>\n<\/tr>\n<tr>\n<td data-sheets-value=\"{&quot;1&quot;:2,&quot;2&quot;:&quot; -Rating(full charging)&quot;}\" data-sheets-numberformat=\"{&quot;1&quot;:1}\">-Rating(full charging)<\/td>\n<td colspan=\"4\" rowspan=\"1\" data-sheets-value=\"{&quot;1&quot;:2,&quot;2&quot;:&quot;34A\/220V&quot;}\">34A\/220V<\/td>\n<\/tr>\n<tr>\n<td data-sheets-value=\"{&quot;1&quot;:2,&quot;2&quot;:&quot;Input Power Factor&quot;}\" data-sheets-numberformat=\"{&quot;1&quot;:1}\"><strong>Input Power Factor<\/strong><\/td>\n<td colspan=\"4\" rowspan=\"1\" data-sheets-value=\"{&quot;1&quot;:2,&quot;2&quot;:&quot;\u22650.99&quot;}\" data-sheets-textstyleruns=\"{&quot;1&quot;:0,&quot;2&quot;:{&quot;3&quot;:&quot;\u5b8b\u4f53&quot;,&quot;4&quot;:12}}\uee10{&quot;1&quot;:1,&quot;2&quot;:{&quot;3&quot;:&quot;Times New Roman&quot;,&quot;4&quot;:12}}\">\u22650.99<\/td>\n<\/tr>\n<tr>\n<td data-sheets-value=\"{&quot;1&quot;:2,&quot;2&quot;:&quot;Input current distortion&quot;}\" data-sheets-numberformat=\"{&quot;1&quot;:1}\"><strong>Input current distortion<\/strong><\/td>\n<td colspan=\"4\" rowspan=\"1\" data-sheets-value=\"{&quot;1&quot;:2,&quot;2&quot;:&quot;&lt;4%&quot;}\">&lt;4%<\/td>\n<\/tr>\n<tr>\n<td data-sheets-value=\"{&quot;1&quot;:2,&quot;2&quot;:&quot;Input Frequency Range&quot;}\" data-sheets-numberformat=\"{&quot;1&quot;:1}\"><strong>Input Frequency Range<\/strong><\/td>\n<td colspan=\"4\" rowspan=\"1\" data-sheets-value=\"{&quot;1&quot;:2,&quot;2&quot;:&quot;40~70Hz&quot;}\" data-sheets-numberformat=\"{&quot;1&quot;:1}\">40~70Hz<\/td>\n<\/tr>\n<tr>\n<td data-sheets-value=\"{&quot;1&quot;:2,&quot;2&quot;:&quot;OUTPUT&quot;}\"><strong>OUTPUT<\/strong><\/td>\n<td colspan=\"4\" rowspan=\"1\"><\/td>\n<\/tr>\n<tr>\n<td data-sheets-value=\"{&quot;1&quot;:2,&quot;2&quot;:&quot;Frequency adaptable&quot;}\"><strong>Frequency adaptable<\/strong><\/td>\n<td colspan=\"4\" rowspan=\"1\" data-sheets-value=\"{&quot;1&quot;:2,&quot;2&quot;:&quot;Settable&quot;}\">Settable<\/td>\n<\/tr>\n<tr>\n<td data-sheets-value=\"{&quot;1&quot;:2,&quot;2&quot;:&quot;Power&quot;}\" data-sheets-numberformat=\"{&quot;1&quot;:1}\"><strong>Power<\/strong><\/td>\n<td colspan=\"4\" rowspan=\"1\"><\/td>\n<\/tr>\n<tr>\n<td data-sheets-value=\"{&quot;1&quot;:2,&quot;2&quot;:&quot; -Power&quot;}\" data-sheets-numberformat=\"{&quot;1&quot;:1}\">-Power<\/td>\n<td colspan=\"4\" rowspan=\"1\" data-sheets-value=\"{&quot;1&quot;:2,&quot;2&quot;:&quot;6KVA&quot;}\">6KVA<\/td>\n<\/tr>\n<tr>\n<td data-sheets-value=\"{&quot;1&quot;:2,&quot;2&quot;:&quot; -Power(kW) &quot;}\" data-sheets-numberformat=\"{&quot;1&quot;:1}\">-Power(kW)<\/td>\n<td colspan=\"4\" rowspan=\"1\" data-sheets-value=\"{&quot;1&quot;:2,&quot;2&quot;:&quot;6KW&quot;}\">6KW<\/td>\n<\/tr>\n<tr>\n<td data-sheets-value=\"{&quot;1&quot;:2,&quot;2&quot;:&quot;Output Voltage&quot;}\" data-sheets-numberformat=\"{&quot;1&quot;:1}\"><strong>Output Voltage<\/strong><\/td>\n<td colspan=\"4\" rowspan=\"1\"><\/td>\n<\/tr>\n<tr>\n<td data-sheets-value=\"{&quot;1&quot;:2,&quot;2&quot;:&quot; -Waveform(Bat. Mode)&quot;}\" data-sheets-numberformat=\"{&quot;1&quot;:1}\">-Waveform(Bat. Mode)<\/td>\n<td colspan=\"4\" rowspan=\"1\" data-sheets-value=\"{&quot;1&quot;:2,&quot;2&quot;:&quot;Pure Sine Wave&quot;}\">Pure Sine Wave<\/td>\n<\/tr>\n<tr>\n<td data-sheets-value=\"{&quot;1&quot;:2,&quot;2&quot;:&quot; -Nominal voltage&quot;}\" data-sheets-numberformat=\"{&quot;1&quot;:1}\">-Nominal voltage<\/td>\n<td colspan=\"4\" rowspan=\"1\" data-sheets-value=\"{&quot;1&quot;:2,&quot;2&quot;:&quot;220VAC\/230VAC\/240VAC, 200VAC\/208VAC(PF=0.9)&quot;}\">220VAC\/230VAC\/240VAC, 200VAC\/208VAC(PF=0.9)<\/td>\n<\/tr>\n<tr>\n<td data-sheets-value=\"{&quot;1&quot;:2,&quot;2&quot;:&quot; -Voltage regulation&quot;}\" data-sheets-numberformat=\"{&quot;1&quot;:1}\">-Voltage regulation<\/td>\n<td colspan=\"4\" rowspan=\"1\" data-sheets-value=\"{&quot;1&quot;:2,&quot;2&quot;:&quot;\u00b1 1 %&quot;}\">\u00b1 1 %<\/td>\n<\/tr>\n<tr>\n<td colspan=\"1\" rowspan=\"2\" data-sheets-value=\"{&quot;1&quot;:2,&quot;2&quot;:&quot; -Voltage distortion&quot;}\" data-sheets-numberformat=\"{&quot;1&quot;:1}\">\n<div>-Voltage distortion<\/div>\n<\/td>\n<td colspan=\"4\" rowspan=\"1\" data-sheets-value=\"{&quot;1&quot;:2,&quot;2&quot;:&quot;\u22641% THD, linear load &quot;}\" data-sheets-textstyleruns=\"{&quot;1&quot;:0,&quot;2&quot;:{&quot;3&quot;:&quot;\u5b8b\u4f53&quot;,&quot;4&quot;:12}}\uee10{&quot;1&quot;:1,&quot;2&quot;:{&quot;3&quot;:&quot;Times New Roman&quot;,&quot;4&quot;:12}}\">\u22641% THD, linear load<\/td>\n<\/tr>\n<tr>\n<td colspan=\"4\" rowspan=\"1\" data-sheets-value=\"{&quot;1&quot;:2,&quot;2&quot;:&quot;\u2264 5% THD, non linear load&quot;}\" data-sheets-textstyleruns=\"{&quot;1&quot;:0,&quot;2&quot;:{&quot;3&quot;:&quot;\u5b8b\u4f53&quot;,&quot;4&quot;:12}}\uee10{&quot;1&quot;:1,&quot;2&quot;:{&quot;3&quot;:&quot;Times New Roman&quot;,&quot;4&quot;:12}}\">\u2264 5% THD, non linear load<\/td>\n<\/tr>\n<tr>\n<td data-sheets-value=\"{&quot;1&quot;:2,&quot;2&quot;:&quot;Output Frequency&quot;}\" data-sheets-numberformat=\"{&quot;1&quot;:1}\"><strong>Output Frequency<\/strong><\/td>\n<td colspan=\"4\" rowspan=\"1\"><\/td>\n<\/tr>\n<tr>\n<td data-sheets-value=\"{&quot;1&quot;:2,&quot;2&quot;:&quot; -Synchronization range&quot;}\">-Synchronization range<\/td>\n<td colspan=\"4\" rowspan=\"1\" data-sheets-value=\"{&quot;1&quot;:2,&quot;2&quot;:&quot;\u00b15Hz default, settable&quot;}\">\u00b15Hz default, settable<\/td>\n<\/tr>\n<tr>\n<td data-sheets-value=\"{&quot;1&quot;:2,&quot;2&quot;:&quot; -Battery mode&quot;}\">-Battery mode<\/td>\n<td colspan=\"4\" rowspan=\"1\" data-sheets-value=\"{&quot;1&quot;:2,&quot;2&quot;:&quot;(50\u00b10.1) Hz default&quot;}\">(50\u00b10.1) Hz default<\/td>\n<\/tr>\n<tr>\n<td data-sheets-value=\"{&quot;1&quot;:2,&quot;2&quot;:&quot;Transfer Time&quot;}\"><strong>Transfer Time<\/strong><\/td>\n<td colspan=\"4\" rowspan=\"1\"><\/td>\n<\/tr>\n<tr>\n<td data-sheets-value=\"{&quot;1&quot;:2,&quot;2&quot;:&quot; -Line mode to battery mode&quot;}\">-Line mode to battery mode<\/td>\n<td colspan=\"4\" rowspan=\"1\" data-sheets-value=\"{&quot;1&quot;:2,&quot;2&quot;:&quot;0ms&quot;}\">0ms<\/td>\n<\/tr>\n<tr>\n<td data-sheets-value=\"{&quot;1&quot;:2,&quot;2&quot;:&quot; -Inverter to bypass&quot;}\">-Inverter to bypass<\/td>\n<td colspan=\"4\" rowspan=\"1\" data-sheets-value=\"{&quot;1&quot;:2,&quot;2&quot;:&quot;0ms&quot;}\">0ms<\/td>\n<\/tr>\n<tr>\n<td data-sheets-value=\"{&quot;1&quot;:2,&quot;2&quot;:&quot;Efficiency&quot;}\"><strong>Efficiency<\/strong><\/td>\n<td colspan=\"4\" rowspan=\"1\"><\/td>\n<\/tr>\n<tr>\n<td data-sheets-value=\"{&quot;1&quot;:2,&quot;2&quot;:&quot; -Line mode with battery full charged&quot;}\">-Line mode with battery full charged<\/td>\n<td colspan=\"4\" rowspan=\"1\" data-sheets-value=\"{&quot;1&quot;:2,&quot;2&quot;:&quot;94.6%@100% load, 95%@60% load&quot;}\" data-sheets-numberformat=\"{&quot;1&quot;:3,&quot;2&quot;:&quot;0.0%&quot;,&quot;3&quot;:1}\">94.6%@100% load, 95%@60% load<\/td>\n<\/tr>\n<tr>\n<td data-sheets-value=\"{&quot;1&quot;:2,&quot;2&quot;:&quot; -ECO mode&quot;}\">-ECO mode<\/td>\n<td colspan=\"4\" rowspan=\"1\" data-sheets-value=\"{&quot;1&quot;:3,&quot;3&quot;:0.98}\" data-sheets-numberformat=\"{&quot;1&quot;:3,&quot;2&quot;:&quot;0.0%&quot;,&quot;3&quot;:1}\">98,0%<\/td>\n<\/tr>\n<tr>\n<td data-sheets-value=\"{&quot;1&quot;:2,&quot;2&quot;:&quot;Noise(1m away)&quot;}\"><strong>Noise(1m away)<\/strong><\/td>\n<td colspan=\"4\" rowspan=\"1\" data-sheets-value=\"{&quot;1&quot;:2,&quot;2&quot;:&quot; &lt;58dB&quot;}\" data-sheets-numberformat=\"{&quot;1&quot;:3,&quot;2&quot;:&quot;0%&quot;,&quot;3&quot;:1}\">&lt;58dB<\/td>\n<\/tr>\n<tr>\n<td colspan=\"1\" rowspan=\"3\" data-sheets-value=\"{&quot;1&quot;:2,&quot;2&quot;:&quot;Overload Capability(Inverter)&quot;}\">\n<div><strong>Overload Capability(Inverter)<\/strong><\/div>\n<\/td>\n<td colspan=\"4\" rowspan=\"1\" data-sheets-value=\"{&quot;1&quot;:2,&quot;2&quot;:&quot;105% to 110% : Transfer to bypass after 10 mins.&quot;}\">105% to 110% : Transfer to bypass after 10 mins.<\/td>\n<\/tr>\n<tr>\n<td colspan=\"4\" rowspan=\"1\" data-sheets-value=\"{&quot;1&quot;:2,&quot;2&quot;:&quot;111% to 125% : Transfer to bypass after 1 mins.&quot;}\">111% to 125% : Transfer to bypass after 1 mins.<\/td>\n<\/tr>\n<tr>\n<td colspan=\"4\" rowspan=\"1\" data-sheets-value=\"{&quot;1&quot;:2,&quot;2&quot;:&quot;126% to 150%: Transfer to bypass after 30s&quot;}\">126% to 150%: Transfer to bypass after 30s<\/td>\n<\/tr>\n<tr>\n<td colspan=\"1\" rowspan=\"4\" data-sheets-value=\"{&quot;1&quot;:2,&quot;2&quot;:&quot;Overload Capability (Bypass Mode)&quot;}\">\n<div><strong>Overload Capability (Bypass Mode)<\/strong><\/div>\n<\/td>\n<td colspan=\"4\" rowspan=\"1\" data-sheets-value=\"{&quot;1&quot;:2,&quot;2&quot;:&quot;less than 125%: long time running&quot;}\">less than 125%: long time running<\/td>\n<\/tr>\n<tr>\n<td colspan=\"4\" rowspan=\"1\" data-sheets-value=\"{&quot;1&quot;:2,&quot;2&quot;:&quot; 126% to 130% :Shutdown in 5 mins&quot;}\">126% to 130% :Shutdown in 5 mins<\/td>\n<\/tr>\n<tr>\n<td colspan=\"4\" rowspan=\"1\" data-sheets-value=\"{&quot;1&quot;:2,&quot;2&quot;:&quot; 131% to 150% :Shutdown in 1 mins&quot;}\">131% to 150% :Shutdown in 1 mins<\/td>\n<\/tr>\n<tr>\n<td colspan=\"4\" rowspan=\"1\" data-sheets-value=\"{&quot;1&quot;:2,&quot;2&quot;:&quot;&gt; 150% :Shutdown in 200 ms&quot;}\">&gt; 150% :Shutdown in 200 ms<\/td>\n<\/tr>\n<tr>\n<td data-sheets-value=\"{&quot;1&quot;:2,&quot;2&quot;:&quot;Crest Ratio&quot;}\"><strong>Crest Ratio<\/strong><\/td>\n<td colspan=\"4\" rowspan=\"1\" data-sheets-value=\"{&quot;1&quot;:2,&quot;2&quot;:&quot;3:1&quot;}\" data-sheets-numberformat=\"{&quot;1&quot;:1}\">3:1<\/td>\n<\/tr>\n<tr>\n<td data-sheets-value=\"{&quot;1&quot;:2,&quot;2&quot;:&quot;BATTERY&quot;}\"><strong>BATTERY<\/strong><\/td>\n<td colspan=\"4\" rowspan=\"1\"><\/td>\n<\/tr>\n<tr>\n<td data-sheets-value=\"{&quot;1&quot;:2,&quot;2&quot;:&quot;Rating\/Type&quot;}\"><strong>Rating\/Type<\/strong><\/td>\n<td colspan=\"4\" rowspan=\"1\" data-sheets-value=\"{&quot;1&quot;:2,&quot;2&quot;:&quot;Depend on the capacity of external batteries&quot;}\">Depend on the capacity of external batteries<\/td>\n<\/tr>\n<tr>\n<td data-sheets-value=\"{&quot;1&quot;:2,&quot;2&quot;:&quot;Quantity&quot;}\"><strong>Quantity<\/strong><\/td>\n<td colspan=\"4\" rowspan=\"1\" data-sheets-value=\"{&quot;1&quot;:2,&quot;2&quot;:&quot;16-20PCS settable&quot;}\">16-20PCS settable<\/td>\n<\/tr>\n<tr>\n<td data-sheets-value=\"{&quot;1&quot;:2,&quot;2&quot;:&quot;DC Voltage&quot;}\"><strong>DC Voltage<\/strong><\/td>\n<td colspan=\"4\" rowspan=\"1\" data-sheets-value=\"{&quot;1&quot;:2,&quot;2&quot;:&quot;192VDC default, settable&quot;}\">192VDC default, settable<\/td>\n<\/tr>\n<tr>\n<td data-sheets-value=\"{&quot;1&quot;:2,&quot;2&quot;:&quot;Back-up Time&quot;}\"><strong>Back-up Time<\/strong><\/td>\n<td colspan=\"4\" rowspan=\"1\" data-sheets-value=\"{&quot;1&quot;:2,&quot;2&quot;:&quot;Depend on the capacity of external batteries&quot;}\">Depend on the capacity of external batteries<\/td>\n<\/tr>\n<tr>\n<td data-sheets-value=\"{&quot;1&quot;:2,&quot;2&quot;:&quot;Charger&quot;}\"><strong>Charger<\/strong><\/td>\n<td colspan=\"4\" rowspan=\"1\"><\/td>\n<\/tr>\n<tr>\n<td data-sheets-value=\"{&quot;1&quot;:2,&quot;2&quot;:&quot; -Charging current (max)&quot;}\">-Charging current (max)<\/td>\n<td colspan=\"4\" rowspan=\"1\" data-sheets-value=\"{&quot;1&quot;:2,&quot;2&quot;:&quot;5A max,settable&quot;}\">5A max,settable<\/td>\n<\/tr>\n<tr>\n<td data-sheets-value=\"{&quot;1&quot;:2,&quot;2&quot;:&quot; -Float Charging Voltage&quot;}\">-Float Charging Voltage<\/td>\n<td colspan=\"4\" rowspan=\"1\" data-sheets-value=\"{&quot;1&quot;:2,&quot;2&quot;:&quot;2.25V\/cell default, setttable via software&quot;}\">2.25V\/cell default, setttable via software<\/td>\n<\/tr>\n<tr>\n<td data-sheets-value=\"{&quot;1&quot;:2,&quot;2&quot;:&quot; -Boost Charging Voltage&quot;}\">-Boost Charging Voltage<\/td>\n<td colspan=\"4\" rowspan=\"1\" data-sheets-value=\"{&quot;1&quot;:2,&quot;2&quot;:&quot;2.25V\/cell default, setttable via software&quot;}\">2.25V\/cell default, settable via software<\/td>\n<\/tr>\n<tr>\n<td data-sheets-value=\"{&quot;1&quot;:2,&quot;2&quot;:&quot; -Charging time&quot;}\">-Charging time<\/td>\n<td colspan=\"4\" rowspan=\"1\" data-sheets-value=\"{&quot;1&quot;:2,&quot;2&quot;:&quot;Depend on the capacity of external batteries&quot;}\">Depend on the capacity of external batteries<\/td>\n<\/tr>\n<tr>\n<td data-sheets-value=\"{&quot;1&quot;:2,&quot;2&quot;:&quot;Leakage current&quot;}\"><strong>Leakage current<\/strong><\/td>\n<td colspan=\"4\" rowspan=\"1\" data-sheets-value=\"{&quot;1&quot;:2,&quot;2&quot;:&quot;&lt;3mA&quot;}\">&lt;3mA<\/td>\n<\/tr>\n<tr>\n<td data-sheets-value=\"{&quot;1&quot;:2,&quot;2&quot;:&quot;Indicator &amp; Alarm&quot;}\"><strong>Indicator &amp; Alarm<\/strong><\/td>\n<td colspan=\"4\" rowspan=\"1\"><\/td>\n<\/tr>\n<tr>\n<td data-sheets-value=\"{&quot;1&quot;:2,&quot;2&quot;:&quot; -Display&quot;}\">-Display<\/td>\n<td colspan=\"4\" rowspan=\"1\" data-sheets-value=\"{&quot;1&quot;:2,&quot;2&quot;:&quot;LED+LCD&quot;}\">LED+LCD<\/td>\n<\/tr>\n<tr>\n<td data-sheets-value=\"{&quot;1&quot;:2,&quot;2&quot;:&quot;Inteface&quot;}\"><strong>Interface<\/strong><\/td>\n<td colspan=\"4\" rowspan=\"1\"><\/td>\n<\/tr>\n<tr>\n<td data-sheets-value=\"{&quot;1&quot;:2,&quot;2&quot;:&quot; -Smart RS232&quot;}\">-Smart RS232<\/td>\n<td colspan=\"4\" rowspan=\"1\" data-sheets-value=\"{&quot;1&quot;:2,&quot;2&quot;:&quot;Standard Cable support INVT Power Monitor Software&quot;}\">Standard Cable support INVT Power Monitor Software<\/td>\n<\/tr>\n<tr>\n<td data-sheets-value=\"{&quot;1&quot;:2,&quot;2&quot;:&quot; -EPO&quot;}\">-EPO<\/td>\n<td colspan=\"4\" rowspan=\"1\" data-sheets-value=\"{&quot;1&quot;:2,&quot;2&quot;:&quot;NC&quot;}\">NC<\/td>\n<\/tr>\n<tr>\n<td data-sheets-value=\"{&quot;1&quot;:2,&quot;2&quot;:&quot; -RS485(option)&quot;}\">-RS485(option)<\/td>\n<td colspan=\"4\" rowspan=\"1\" data-sheets-value=\"{&quot;1&quot;:2,&quot;2&quot;:&quot;Installed in the intelligent slot&quot;}\">Installed in the intelligent slot<\/td>\n<\/tr>\n<tr>\n<td data-sheets-value=\"{&quot;1&quot;:2,&quot;2&quot;:&quot; -SNMP(option)&quot;}\">-SNMP(option)<\/td>\n<td colspan=\"4\" rowspan=\"1\" data-sheets-value=\"{&quot;1&quot;:2,&quot;2&quot;:&quot;Power Managment from SNMP Manager and Web Browser&quot;}\">Power Managment from SNMP Manager and Web Browser<\/td>\n<\/tr>\n<tr>\n<td data-sheets-value=\"{&quot;1&quot;:2,&quot;2&quot;:&quot;Option&quot;}\"><strong>Option<\/strong><\/td>\n<td colspan=\"4\" rowspan=\"1\"><\/td>\n<\/tr>\n<tr>\n<td data-sheets-value=\"{&quot;1&quot;:2,&quot;2&quot;:&quot; -Intelligent Kits&quot;}\">-Intelligent Kits<\/td>\n<td colspan=\"4\" rowspan=\"1\" data-sheets-value=\"{&quot;1&quot;:2,&quot;2&quot;:&quot;DB9 port, dry contact&quot;}\">DB9 port, dry contact<\/td>\n<\/tr>\n<tr>\n<td data-sheets-value=\"{&quot;1&quot;:2,&quot;2&quot;:&quot; -parallel&quot;}\">-parallel<\/td>\n<td colspan=\"4\" rowspan=\"1\" data-sheets-value=\"{&quot;1&quot;:2,&quot;2&quot;:&quot;4 units paralleled&quot;}\">4 units paralleled<\/td>\n<\/tr>\n<tr>\n<td data-sheets-value=\"{&quot;1&quot;:2,&quot;2&quot;:&quot; -Super charger (12A)&quot;}\">-Super charger (12A)<\/td>\n<td colspan=\"4\" rowspan=\"1\" data-sheets-value=\"{&quot;1&quot;:2,&quot;2&quot;:&quot;digitally controlled, 4-steps charge, settable, @PF0.9&quot;}\">digitally controlled, 4-steps charge, settable, @PF0.9<\/td>\n<\/tr>\n<tr>\n<td data-sheets-value=\"{&quot;1&quot;:2,&quot;2&quot;:&quot; -USB&quot;}\">-USB<\/td>\n<td colspan=\"4\" rowspan=\"1\" data-sheets-value=\"{&quot;1&quot;:2,&quot;2&quot;:&quot;B-type USB port&quot;}\">B-type USB port<\/td>\n<\/tr>\n<tr>\n<td data-sheets-value=\"{&quot;1&quot;:2,&quot;2&quot;:&quot; -SNMP Kits&quot;}\">-SNMP Kits<\/td>\n<td colspan=\"4\" rowspan=\"1\" data-sheets-value=\"{&quot;1&quot;:2,&quot;2&quot;:&quot;Pluggable type&quot;}\">Pluggable type<\/td>\n<\/tr>\n<tr>\n<td data-sheets-value=\"{&quot;1&quot;:2,&quot;2&quot;:&quot;Mechanical&quot;}\"><strong>Mechanical<\/strong><\/td>\n<td colspan=\"4\" rowspan=\"1\"><\/td>\n<\/tr>\n<tr>\n<td data-sheets-value=\"{&quot;1&quot;:2,&quot;2&quot;:&quot; -W\u2573D\u2573H (mm)&quot;}\" data-sheets-textstyleruns=\"{&quot;1&quot;:0}\uee10{&quot;1&quot;:6,&quot;2&quot;:{&quot;3&quot;:&quot;\u5b8b\u4f53&quot;,&quot;4&quot;:12}}\uee10{&quot;1&quot;:7,&quot;2&quot;:{&quot;3&quot;:&quot;Times New Roman&quot;,&quot;4&quot;:12}}\uee10{&quot;1&quot;:8,&quot;2&quot;:{&quot;3&quot;:&quot;\u5b8b\u4f53&quot;,&quot;4&quot;:12}}\uee10{&quot;1&quot;:9,&quot;2&quot;:{&quot;3&quot;:&quot;Times New Roman&quot;,&quot;4&quot;:12}}\">-W\u2573D\u2573H (mm)<\/td>\n<td colspan=\"4\" rowspan=\"1\" data-sheets-value=\"{&quot;1&quot;:2,&quot;2&quot;:&quot;440*550*86&quot;}\">440*550*86<\/td>\n<\/tr>\n<tr>\n<td data-sheets-value=\"{&quot;1&quot;:2,&quot;2&quot;:&quot; -Net Weight (KG)&quot;}\">-Net Weight (KG)<\/td>\n<td colspan=\"4\" rowspan=\"1\" data-sheets-value=\"{&quot;1&quot;:3,&quot;3&quot;:16}\">16<\/td>\n<\/tr>\n<tr>\n<td data-sheets-value=\"{&quot;1&quot;:2,&quot;2&quot;:&quot; -Package Weight (KG)&quot;}\">-Package Weight (KG)<\/td>\n<td colspan=\"4\" rowspan=\"1\" data-sheets-value=\"{&quot;1&quot;:3,&quot;3&quot;:18}\">18<\/td>\n<\/tr>\n<tr>\n<td data-sheets-value=\"{&quot;1&quot;:2,&quot;2&quot;:&quot; -Rack \/ Tower&quot;}\">-Rack \/ Tower<\/td>\n<td colspan=\"4\" rowspan=\"1\" data-sheets-value=\"{&quot;1&quot;:2,&quot;2&quot;:&quot;Rack\/Tower&quot;}\">Rack\/Tower<\/td>\n<\/tr>\n<tr>\n<td data-sheets-value=\"{&quot;1&quot;:2,&quot;2&quot;:&quot;Color&quot;}\"><strong>Color<\/strong><\/td>\n<td colspan=\"4\" rowspan=\"1\" data-sheets-value=\"{&quot;1&quot;:2,&quot;2&quot;:&quot;Black default&quot;}\">Black default<\/td>\n<\/tr>\n<\/tbody>\n<\/table>\n<p>&nbsp;<\/p>\n","protected":false},"excerpt":{"rendered":"<p>HR11 serijos nepertraukiamo maitinimo \u0161altiniai nuo 1 kVA iki 10 kVA, yra dvigubos konversijos\u00a0 su DSP valdoma technologija, \u0161ios serijos \u012frenginiai idealiai tinka kompiuteriams, telekomunikacij\u0173 \u012frangai ir kitiems jautriems prietaisams.<\/p>\n","protected":false},"featured_media":1240,"menu_order":277,"comment_status":"closed","ping_status":"closed","template":"","meta":{"_acf_changed":false},"product_brand":[],"product_cat":[48],"product_tag":[],"class_list":{"0":"post-1220","1":"product","2":"type-product","3":"status-publish","4":"has-post-thumbnail","6":"product_cat-vienfaziai-nepertraukiamo-maitinimo-saltiniai","8":"first","9":"onbackorder","10":"shipping-taxable","11":"purchasable","12":"product-type-simple"},"acf":[],"_links":{"self":[{"href":"https:\/\/elicsgroup.com\/en\/wp-json\/wp\/v2\/product\/1220","targetHints":{"allow":["GET"]}}],"collection":[{"href":"https:\/\/elicsgroup.com\/en\/wp-json\/wp\/v2\/product"}],"about":[{"href":"https:\/\/elicsgroup.com\/en\/wp-json\/wp\/v2\/types\/product"}],"replies":[{"embeddable":true,"href":"https:\/\/elicsgroup.com\/en\/wp-json\/wp\/v2\/comments?post=1220"}],"wp:featuredmedia":[{"embeddable":true,"href":"https:\/\/elicsgroup.com\/en\/wp-json\/wp\/v2\/media\/1240"}],"wp:attachment":[{"href":"https:\/\/elicsgroup.com\/en\/wp-json\/wp\/v2\/media?parent=1220"}],"wp:term":[{"taxonomy":"product_brand","embeddable":true,"href":"https:\/\/elicsgroup.com\/en\/wp-json\/wp\/v2\/product_brand?post=1220"},{"taxonomy":"product_cat","embeddable":true,"href":"https:\/\/elicsgroup.com\/en\/wp-json\/wp\/v2\/product_cat?post=1220"},{"taxonomy":"product_tag","embeddable":true,"href":"https:\/\/elicsgroup.com\/en\/wp-json\/wp\/v2\/product_tag?post=1220"}],"curies":[{"name":"wp","href":"https:\/\/api.w.org\/{rel}","templated":true}]}}