{"id":1210,"date":"2025-03-24T09:16:51","date_gmt":"2025-03-24T07:16:51","guid":{"rendered":"https:\/\/elicsgroup.com\/?post_type=product&#038;p=1210"},"modified":"2025-07-31T17:16:34","modified_gmt":"2025-07-31T14:16:34","slug":"hibridinis-inverteris-invt-1f-4g-3kw-xd3ktl-2-mpp-ziedai-97-5-efektyvumas","status":"publish","type":"product","link":"https:\/\/elicsgroup.com\/en\/produktas\/hibridinis-inverteris-invt-1f-4g-3kw-xd3ktl-2-mpp-ziedai-97-5-efektyvumas\/","title":{"rendered":"Hibridinis inverteris INVT 1F 4G 3kW XD3KTL, 2 MPP \u017eiedai, 97.5% efektyvumas"},"content":{"rendered":"<p>Ypatyb\u0117s:<\/p>\n<p>Maks. Efektyvumas 97,5 %<\/p>\n<p>Maks. PV \u012f\u0117jimo \u012ftampa 600V<\/p>\n<p>150% padidinta DC \u012fvesties galia<\/p>\n<p>2 MPP sekimo \u012frenginiai, 150 % DC \u012fvesties pertvarkymas<\/p>\n<p>Maks. PV \u012fvesties srov\u0117 16A, suderinama su didel\u0117s galios moduliais<\/p>\n<p>Skaitmenin\u0117 I-V kreiv\u0117s diagnostikos funkcija: tiksliai aptinka PV grandin\u0117s gedimus<\/p>\n<p>IP66 Apsaugos laipsnis: galima montuoti lauke<\/p>\n<p>DC ir AC tipo II SPD: apsauga nuo \u017eaibo<\/p>\n<p>Akumuliatoriaus atvirk\u0161tinio prijungimo apsauga<\/p>\n<p>Intelektualus gedim\u0173 aptikimo algoritmas: realiuoju laiku \u012fra\u0161omos kintamosios srov\u0117s\u00a0 \u012ftampos ir srov\u0117s svyravimai, greitas gedim\u0173 vietos nustatymas<\/p>\n<p>EPS perjungimas iki 10ms<\/p>\n<p>5 met\u0173 garantija<\/p>\n<p>Technin\u0117 specifikacija: <a href=\"https:\/\/eshop.elicsgroup.com\/wp-content\/uploads\/XD3-6kW-Single-Phase-Hybrid-Inverter-Catalog.pdf\">XD3-6kW Single Phase Hybrid Inverter Catalog<\/a><\/p>\n<table dir=\"ltr\" border=\"1\" cellspacing=\"0\" cellpadding=\"0\" data-sheets-root=\"1\">\n<colgroup>\n<col width=\"167\" \/>\n<col width=\"78\" \/>\n<col width=\"78\" \/>\n<col width=\"78\" \/>\n<col width=\"78\" \/>\n<col width=\"78\" \/>\n<col width=\"78\" \/><\/colgroup>\n<tbody>\n<tr>\n<td style=\"text-align: center;\" colspan=\"7\" rowspan=\"1\" data-sheets-value=\"{&quot;1&quot;:2,&quot;2&quot;:&quot;XD3KTL&quot;}\">XD3KTL<\/td>\n<\/tr>\n<tr>\n<td colspan=\"7\" rowspan=\"1\" data-sheets-value=\"{&quot;1&quot;:2,&quot;2&quot;:&quot;Input\uff08PV\uff09&quot;}\">Input\uff08PV\uff09<\/td>\n<\/tr>\n<tr>\n<td data-sheets-value=\"{&quot;1&quot;:2,&quot;2&quot;:&quot;Max. PV Input Power&quot;}\">Max. PV Input Power<\/td>\n<td colspan=\"6\" rowspan=\"1\" data-sheets-value=\"{&quot;1&quot;:2,&quot;2&quot;:&quot;4.5kW&quot;}\">4.5kW<\/td>\n<\/tr>\n<tr>\n<td data-sheets-value=\"{&quot;1&quot;:2,&quot;2&quot;:&quot;Max. PV Input Voltage&quot;}\">Max. PV Input Voltage<\/td>\n<td colspan=\"6\" rowspan=\"1\" data-sheets-value=\"{&quot;1&quot;:2,&quot;2&quot;:&quot;600V&quot;}\">600V<\/td>\n<\/tr>\n<tr>\n<td data-sheets-value=\"{&quot;1&quot;:2,&quot;2&quot;:&quot;Start-up Voltage&quot;}\">Start-up Voltage<\/td>\n<td colspan=\"6\" rowspan=\"1\" data-sheets-value=\"{&quot;1&quot;:2,&quot;2&quot;:&quot;100V&quot;}\">100V<\/td>\n<\/tr>\n<tr>\n<td data-sheets-value=\"{&quot;1&quot;:2,&quot;2&quot;:&quot;Rated Voltage&quot;}\">Rated Voltage<\/td>\n<td colspan=\"6\" rowspan=\"1\" data-sheets-value=\"{&quot;1&quot;:2,&quot;2&quot;:&quot;360V&quot;}\">360V<\/td>\n<\/tr>\n<tr>\n<td data-sheets-value=\"{&quot;1&quot;:2,&quot;2&quot;:&quot;MPPT Voltage Range&quot;}\">MPPT Voltage Range<\/td>\n<td colspan=\"6\" rowspan=\"1\" data-sheets-value=\"{&quot;1&quot;:2,&quot;2&quot;:&quot;100V ~ 550V&quot;}\">100V ~ 550V<\/td>\n<\/tr>\n<tr>\n<td data-sheets-value=\"{&quot;1&quot;:2,&quot;2&quot;:&quot;Number of MPP Trackers&quot;}\">Number of MPP Trackers<\/td>\n<td colspan=\"6\" rowspan=\"1\" data-sheets-value=\"{&quot;1&quot;:3,&quot;3&quot;:2}\">2<\/td>\n<\/tr>\n<tr>\n<td data-sheets-value=\"{&quot;1&quot;:2,&quot;2&quot;:&quot;Number of String per MPPT&quot;}\">Number of String per MPPT<\/td>\n<td colspan=\"6\" rowspan=\"1\" data-sheets-value=\"{&quot;1&quot;:2,&quot;2&quot;:&quot;1 \/ 1&quot;}\" data-sheets-numberformat=\"{&quot;1&quot;:1}\">1 \/ 1<\/td>\n<\/tr>\n<tr>\n<td data-sheets-value=\"{&quot;1&quot;:2,&quot;2&quot;:&quot;Max. Current per MPPT&quot;}\">Max. Current per MPPT<\/td>\n<td colspan=\"6\" rowspan=\"1\" data-sheets-value=\"{&quot;1&quot;:2,&quot;2&quot;:&quot;16A&quot;}\">16A<\/td>\n<\/tr>\n<tr>\n<td data-sheets-value=\"{&quot;1&quot;:2,&quot;2&quot;:&quot;Max. Short Circuit Current per MPPT&quot;}\">Max. Short Circuit Current per MPPT<\/td>\n<td colspan=\"6\" rowspan=\"1\" data-sheets-value=\"{&quot;1&quot;:2,&quot;2&quot;:&quot;24A&quot;}\">24A<\/td>\n<\/tr>\n<tr>\n<td colspan=\"7\" rowspan=\"1\" data-sheets-value=\"{&quot;1&quot;:2,&quot;2&quot;:&quot;Output\uff08AC\uff09&quot;}\">Output\uff08AC\uff09<\/td>\n<\/tr>\n<tr>\n<td data-sheets-value=\"{&quot;1&quot;:2,&quot;2&quot;:&quot;Rated Output Power&quot;}\">Rated Output Power<\/td>\n<td colspan=\"6\" rowspan=\"1\" data-sheets-value=\"{&quot;1&quot;:2,&quot;2&quot;:&quot;3kVA&quot;}\">3kVA<\/td>\n<\/tr>\n<tr>\n<td data-sheets-value=\"{&quot;1&quot;:2,&quot;2&quot;:&quot;Max. Output Power&quot;}\">Max. Output Power<\/td>\n<td colspan=\"6\" rowspan=\"1\" data-sheets-value=\"{&quot;1&quot;:2,&quot;2&quot;:&quot;3.3kVA&quot;}\">3.3kVA<\/td>\n<\/tr>\n<tr>\n<td data-sheets-value=\"{&quot;1&quot;:2,&quot;2&quot;:&quot;Max. Output Current&quot;}\">Max. Output Current<\/td>\n<td colspan=\"6\" rowspan=\"1\" data-sheets-value=\"{&quot;1&quot;:2,&quot;2&quot;:&quot;15A&quot;}\">15A<\/td>\n<\/tr>\n<tr>\n<td data-sheets-value=\"{&quot;1&quot;:2,&quot;2&quot;:&quot;Rated Voltage&quot;}\">Rated Voltage<\/td>\n<td colspan=\"6\" rowspan=\"1\" data-sheets-value=\"{&quot;1&quot;:2,&quot;2&quot;:&quot;230V&quot;}\">230V<\/td>\n<\/tr>\n<tr>\n<td data-sheets-value=\"{&quot;1&quot;:2,&quot;2&quot;:&quot;Rated Frequency&quot;}\">Rated Frequency<\/td>\n<td colspan=\"6\" rowspan=\"1\" data-sheets-value=\"{&quot;1&quot;:2,&quot;2&quot;:&quot;50Hz \/ 60Hz&quot;}\">50Hz \/ 60Hz<\/td>\n<\/tr>\n<tr>\n<td data-sheets-value=\"{&quot;1&quot;:2,&quot;2&quot;:&quot;THDi(@Rated Power)&quot;}\">THDi(@Rated Power)<\/td>\n<td colspan=\"6\" rowspan=\"1\" data-sheets-value=\"{&quot;1&quot;:2,&quot;2&quot;:&quot;\uff1c3%&quot;}\">\uff1c3%<\/td>\n<\/tr>\n<tr>\n<td data-sheets-value=\"{&quot;1&quot;:2,&quot;2&quot;:&quot;Power Factor&quot;}\">Power Factor<\/td>\n<td colspan=\"6\" rowspan=\"1\" data-sheets-value=\"{&quot;1&quot;:2,&quot;2&quot;:&quot;0.8 leading ~ 0.8 lagging&quot;}\">0.8 leading ~ 0.8 lagging<\/td>\n<\/tr>\n<tr>\n<td colspan=\"7\" rowspan=\"1\" data-sheets-value=\"{&quot;1&quot;:2,&quot;2&quot;:&quot;Output\uff08EPS\uff09&quot;}\">Output\uff08EPS\uff09<\/td>\n<\/tr>\n<tr>\n<td data-sheets-value=\"{&quot;1&quot;:2,&quot;2&quot;:&quot;Max. Output Power&quot;}\">Max. Output Power<\/td>\n<td colspan=\"6\" rowspan=\"1\" data-sheets-value=\"{&quot;1&quot;:2,&quot;2&quot;:&quot;3kVA&quot;}\">3kVA<\/td>\n<\/tr>\n<tr>\n<td data-sheets-value=\"{&quot;1&quot;:2,&quot;2&quot;:&quot;Max. Output Current&quot;}\">Max. Output Current<\/td>\n<td colspan=\"6\" rowspan=\"1\" data-sheets-value=\"{&quot;1&quot;:2,&quot;2&quot;:&quot;15A&quot;}\">15A<\/td>\n<\/tr>\n<tr>\n<td data-sheets-value=\"{&quot;1&quot;:2,&quot;2&quot;:&quot;Peak Output Power\uff0cTime&quot;}\">Peak Output Power\uff0cTime<\/td>\n<td colspan=\"6\" rowspan=\"1\" data-sheets-value=\"{&quot;1&quot;:2,&quot;2&quot;:&quot;4.5kW, 10s&quot;}\">4.5kW, 10s<\/td>\n<\/tr>\n<tr>\n<td data-sheets-value=\"{&quot;1&quot;:2,&quot;2&quot;:&quot;Rated Voltage\uff0cFrequency&quot;}\">Rated Voltage\uff0cFrequency<\/td>\n<td colspan=\"6\" rowspan=\"1\" data-sheets-value=\"{&quot;1&quot;:2,&quot;2&quot;:&quot;230V, 50Hz&quot;}\">230V, 50Hz<\/td>\n<\/tr>\n<tr>\n<td data-sheets-value=\"{&quot;1&quot;:2,&quot;2&quot;:&quot;THDv (@Rated Power)&quot;}\">THDv (@Rated Power)<\/td>\n<td colspan=\"6\" rowspan=\"1\" data-sheets-value=\"{&quot;1&quot;:2,&quot;2&quot;:&quot;\uff1c3%&quot;}\">\uff1c3%<\/td>\n<\/tr>\n<tr>\n<td data-sheets-value=\"{&quot;1&quot;:2,&quot;2&quot;:&quot;Switch Time&quot;}\">Switch Time<\/td>\n<td colspan=\"6\" rowspan=\"1\" data-sheets-value=\"{&quot;1&quot;:2,&quot;2&quot;:&quot;\uff1c10ms&quot;}\">\uff1c10ms<\/td>\n<\/tr>\n<tr>\n<td colspan=\"7\" rowspan=\"1\" data-sheets-value=\"{&quot;1&quot;:2,&quot;2&quot;:&quot;Battery&quot;}\">Battery<\/td>\n<\/tr>\n<tr>\n<td data-sheets-value=\"{&quot;1&quot;:2,&quot;2&quot;:&quot;Battery Type&quot;}\">Battery Type<\/td>\n<td colspan=\"6\" rowspan=\"1\" data-sheets-value=\"{&quot;1&quot;:2,&quot;2&quot;:&quot;Lithium, Lead-acid&quot;}\">Lithium, Lead-acid<\/td>\n<\/tr>\n<tr>\n<td data-sheets-value=\"{&quot;1&quot;:2,&quot;2&quot;:&quot;Battery Voltage Range&quot;}\">Battery Voltage Range<\/td>\n<td colspan=\"6\" rowspan=\"1\" data-sheets-value=\"{&quot;1&quot;:2,&quot;2&quot;:&quot;40V ~ 60V&quot;}\">40V ~ 60V<\/td>\n<\/tr>\n<tr>\n<td data-sheets-value=\"{&quot;1&quot;:2,&quot;2&quot;:&quot;Max. Charge \/ Discharge Current&quot;}\">Max. Charge \/ Discharge Current<\/td>\n<td colspan=\"6\" rowspan=\"1\" data-sheets-value=\"{&quot;1&quot;:2,&quot;2&quot;:&quot;100A&quot;}\">100A<\/td>\n<\/tr>\n<tr>\n<td data-sheets-value=\"{&quot;1&quot;:2,&quot;2&quot;:&quot;Communication&quot;}\">Communication<\/td>\n<td colspan=\"6\" rowspan=\"1\" data-sheets-value=\"{&quot;1&quot;:2,&quot;2&quot;:&quot;CAN&quot;}\" data-sheets-textstyleruns=\"{&quot;1&quot;:0,&quot;2&quot;:{&quot;3&quot;:&quot;\u5fae\u8f6f\u96c5\u9ed1&quot;,&quot;4&quot;:7}}\uee10{&quot;1&quot;:1,&quot;2&quot;:{&quot;3&quot;:&quot;\u5fae\u8f6f\u96c5\u9ed1&quot;,&quot;4&quot;:7}}\uee10{&quot;1&quot;:2,&quot;2&quot;:{&quot;3&quot;:&quot;\u5fae\u8f6f\u96c5\u9ed1&quot;,&quot;4&quot;:7}}\">CAN<\/td>\n<\/tr>\n<tr>\n<td colspan=\"7\" rowspan=\"1\" data-sheets-value=\"{&quot;1&quot;:2,&quot;2&quot;:&quot;Efficiency&quot;}\">Efficiency<\/td>\n<\/tr>\n<tr>\n<td data-sheets-value=\"{&quot;1&quot;:2,&quot;2&quot;:&quot;Max. Efficiency&quot;}\">Max. Efficiency<\/td>\n<td colspan=\"6\" rowspan=\"1\" data-sheets-value=\"{&quot;1&quot;:3,&quot;3&quot;:0.975}\" data-sheets-numberformat=\"{&quot;1&quot;:3,&quot;2&quot;:&quot;0.00%&quot;,&quot;3&quot;:1}\">97,50%<\/td>\n<\/tr>\n<tr>\n<td data-sheets-value=\"{&quot;1&quot;:2,&quot;2&quot;:&quot;EU Efficiency&quot;}\">EU Efficiency<\/td>\n<td colspan=\"6\" rowspan=\"1\" data-sheets-value=\"{&quot;1&quot;:3,&quot;3&quot;:0.972}\" data-sheets-numberformat=\"{&quot;1&quot;:3,&quot;2&quot;:&quot;0.00%&quot;,&quot;3&quot;:1}\">97,20%<\/td>\n<\/tr>\n<tr>\n<td data-sheets-value=\"{&quot;1&quot;:2,&quot;2&quot;:&quot;Battery Charge \/ Discharge Efficiency&quot;}\">Battery Charge \/ Discharge Efficiency<\/td>\n<td colspan=\"6\" rowspan=\"1\" data-sheets-value=\"{&quot;1&quot;:3,&quot;3&quot;:0.95}\" data-sheets-numberformat=\"{&quot;1&quot;:3,&quot;2&quot;:&quot;0.00%&quot;,&quot;3&quot;:1}\">95,00%<\/td>\n<\/tr>\n<tr>\n<td colspan=\"7\" rowspan=\"1\" data-sheets-value=\"{&quot;1&quot;:2,&quot;2&quot;:&quot;Protection&quot;}\">Protection<\/td>\n<\/tr>\n<tr>\n<td data-sheets-value=\"{&quot;1&quot;:2,&quot;2&quot;:&quot;DC Switch&quot;}\">DC Switch<\/td>\n<td colspan=\"6\" rowspan=\"1\" data-sheets-value=\"{&quot;1&quot;:2,&quot;2&quot;:&quot;Yes&quot;}\">Yes<\/td>\n<\/tr>\n<tr>\n<td data-sheets-value=\"{&quot;1&quot;:2,&quot;2&quot;:&quot;DC Reverse Polarity Protection&quot;}\">DC Reverse Polarity Protection<\/td>\n<td colspan=\"6\" rowspan=\"1\" data-sheets-value=\"{&quot;1&quot;:2,&quot;2&quot;:&quot;Yes&quot;}\">Yes<\/td>\n<\/tr>\n<tr>\n<td data-sheets-value=\"{&quot;1&quot;:2,&quot;2&quot;:&quot;Anti-islanding Protection&quot;}\">Anti-islanding Protection<\/td>\n<td colspan=\"6\" rowspan=\"1\" data-sheets-value=\"{&quot;1&quot;:2,&quot;2&quot;:&quot;Yes&quot;}\">Yes<\/td>\n<\/tr>\n<tr>\n<td data-sheets-value=\"{&quot;1&quot;:2,&quot;2&quot;:&quot;AC Short Circuit Protection&quot;}\">AC Short Circuit Protection<\/td>\n<td colspan=\"6\" rowspan=\"1\" data-sheets-value=\"{&quot;1&quot;:2,&quot;2&quot;:&quot;Yes&quot;}\">Yes<\/td>\n<\/tr>\n<tr>\n<td data-sheets-value=\"{&quot;1&quot;:2,&quot;2&quot;:&quot;Residual Current Monitoring&quot;}\">Residual Current Monitoring<\/td>\n<td colspan=\"6\" rowspan=\"1\" data-sheets-value=\"{&quot;1&quot;:2,&quot;2&quot;:&quot;Yes&quot;}\">Yes<\/td>\n<\/tr>\n<tr>\n<td data-sheets-value=\"{&quot;1&quot;:2,&quot;2&quot;:&quot;Insulation Resistance Monitoring&quot;}\">Insulation Resistance Monitoring<\/td>\n<td colspan=\"6\" rowspan=\"1\" data-sheets-value=\"{&quot;1&quot;:2,&quot;2&quot;:&quot;Yes&quot;}\">Yes<\/td>\n<\/tr>\n<tr>\n<td data-sheets-value=\"{&quot;1&quot;:2,&quot;2&quot;:&quot;Ground Fault Monitoring&quot;}\">Ground Fault Monitoring<\/td>\n<td colspan=\"6\" rowspan=\"1\" data-sheets-value=\"{&quot;1&quot;:2,&quot;2&quot;:&quot;Yes&quot;}\">Yes<\/td>\n<\/tr>\n<tr>\n<td data-sheets-value=\"{&quot;1&quot;:2,&quot;2&quot;:&quot;Over Current \/ Voltage Protection&quot;}\">Over Current \/ Voltage Protection<\/td>\n<td colspan=\"6\" rowspan=\"1\" data-sheets-value=\"{&quot;1&quot;:2,&quot;2&quot;:&quot;Yes&quot;}\">Yes<\/td>\n<\/tr>\n<tr>\n<td data-sheets-value=\"{&quot;1&quot;:2,&quot;2&quot;:&quot;Battery Soft Start Protection&quot;}\">Battery Soft Start Protection<\/td>\n<td colspan=\"6\" rowspan=\"1\" data-sheets-value=\"{&quot;1&quot;:2,&quot;2&quot;:&quot;Yes&quot;}\">Yes<\/td>\n<\/tr>\n<tr>\n<td data-sheets-value=\"{&quot;1&quot;:2,&quot;2&quot;:&quot;Surge Protection&quot;}\">Surge Protection<\/td>\n<td colspan=\"6\" rowspan=\"1\" data-sheets-value=\"{&quot;1&quot;:2,&quot;2&quot;:&quot;Type II&quot;}\">Type II<\/td>\n<\/tr>\n<tr>\n<td data-sheets-value=\"{&quot;1&quot;:2,&quot;2&quot;:&quot;AFCI\u00a0Protection&quot;}\">AFCI\u00a0Protection<\/td>\n<td colspan=\"6\" rowspan=\"1\" data-sheets-value=\"{&quot;1&quot;:2,&quot;2&quot;:&quot;Optional&quot;}\">Optional<\/td>\n<\/tr>\n<tr>\n<td colspan=\"7\" rowspan=\"1\" data-sheets-value=\"{&quot;1&quot;:2,&quot;2&quot;:&quot;Communication&quot;}\">Communication<\/td>\n<\/tr>\n<tr>\n<td data-sheets-value=\"{&quot;1&quot;:2,&quot;2&quot;:&quot;Display&quot;}\">Display<\/td>\n<td colspan=\"6\" rowspan=\"1\" data-sheets-value=\"{&quot;1&quot;:2,&quot;2&quot;:&quot;LCD&quot;}\">LCD<\/td>\n<\/tr>\n<tr>\n<td data-sheets-value=\"{&quot;1&quot;:2,&quot;2&quot;:&quot;Communication&quot;}\">Communication<\/td>\n<td colspan=\"6\" rowspan=\"1\" data-sheets-value=\"{&quot;1&quot;:2,&quot;2&quot;:&quot;RS485 \/ CAN \/ WIFI \/ 4G \/ LAN \/ Bluetooth&quot;}\">RS485 \/ CAN \/ WIFI \/ 4G \/ LAN \/ Bluetooth<\/td>\n<\/tr>\n<tr>\n<td colspan=\"7\" rowspan=\"1\" data-sheets-value=\"{&quot;1&quot;:2,&quot;2&quot;:&quot;Standard Compliance&quot;}\">Standard Compliance<\/td>\n<\/tr>\n<tr>\n<td data-sheets-value=\"{&quot;1&quot;:2,&quot;2&quot;:&quot;Certification&quot;}\">Certification<\/td>\n<td colspan=\"6\" rowspan=\"1\" data-sheets-value=\"{&quot;1&quot;:2,&quot;2&quot;:&quot;IEC\/EN 62109-1\/2, IEC\/EN 61000-6-1\/3, IEC61727\/IEC62116, nEN50549, CEI0-21, C10\/C11, VDE4105, VDE0126, G98\/99, nRD244\uff0cUNE217001, UNE217002\uff0cAS4777, NRS097-2-1&quot;}\">IEC\/EN 62109-1\/2, IEC\/EN 61000-6-1\/3, IEC61727\/IEC62116,<br \/>\nEN50549, CEI0-21, C10\/C11, VDE4105, VDE0126, G98\/99,<br \/>\nRD244\uff0cUNE217001, UNE217002\uff0cAS4777, NRS097-2-1<\/td>\n<\/tr>\n<tr>\n<td colspan=\"7\" rowspan=\"1\" data-sheets-value=\"{&quot;1&quot;:2,&quot;2&quot;:&quot;General Data&quot;}\">General Data<\/td>\n<\/tr>\n<tr>\n<td data-sheets-value=\"{&quot;1&quot;:2,&quot;2&quot;:&quot;Dimension\uff08W x H x D\uff09&quot;}\">Dimension\uff08W x H x D\uff09<\/td>\n<td colspan=\"6\" rowspan=\"1\" data-sheets-value=\"{&quot;1&quot;:2,&quot;2&quot;:&quot;490 x 395 x 200 mm&quot;}\">490 x 395 x 200 mm<\/td>\n<\/tr>\n<tr>\n<td data-sheets-value=\"{&quot;1&quot;:2,&quot;2&quot;:&quot;Weight&quot;}\">Weight<\/td>\n<td colspan=\"6\" rowspan=\"1\" data-sheets-value=\"{&quot;1&quot;:2,&quot;2&quot;:&quot;20kg&quot;}\">20kg<\/td>\n<\/tr>\n<tr>\n<td data-sheets-value=\"{&quot;1&quot;:2,&quot;2&quot;:&quot;Operating Temperature Range&quot;}\">Operating Temperature Range<\/td>\n<td colspan=\"6\" rowspan=\"1\" data-sheets-value=\"{&quot;1&quot;:2,&quot;2&quot;:&quot;-30\u2103\uff5e+60\u2103&quot;}\" data-sheets-numberformat=\"{&quot;1&quot;:1}\">-30\u2103\uff5e+60\u2103<\/td>\n<\/tr>\n<tr>\n<td data-sheets-value=\"{&quot;1&quot;:2,&quot;2&quot;:&quot;Cooling Method&quot;}\">Cooling Method<\/td>\n<td colspan=\"6\" rowspan=\"1\" data-sheets-value=\"{&quot;1&quot;:2,&quot;2&quot;:&quot;Natural&quot;}\">Natural<\/td>\n<\/tr>\n<tr>\n<td data-sheets-value=\"{&quot;1&quot;:2,&quot;2&quot;:&quot;Protection Degree&quot;}\">Protection Degree<\/td>\n<td colspan=\"6\" rowspan=\"1\" data-sheets-value=\"{&quot;1&quot;:2,&quot;2&quot;:&quot;IP66&quot;}\">IP66<\/td>\n<\/tr>\n<tr>\n<td data-sheets-value=\"{&quot;1&quot;:2,&quot;2&quot;:&quot;Max. Operating Altitude&quot;}\">Max. Operating Altitude<\/td>\n<td colspan=\"6\" rowspan=\"1\" data-sheets-value=\"{&quot;1&quot;:2,&quot;2&quot;:&quot;4000m&quot;}\">4000m<\/td>\n<\/tr>\n<\/tbody>\n<\/table>\n<p>&nbsp;<\/p>\n","protected":false},"excerpt":{"rendered":"<p>XD3-6KTL vienfazis hibridinis inverteris yra naujos kartos saul\u0117s energijos saugojimo produktas, kuris integruoja daugyb\u0117 funkcij\u0173, toki\u0173 kaip \u012fkrovimas, energijos saugojimas, BMS baterij\u0173 valdymo sistema ir kt.<\/p>\n","protected":false},"featured_media":1206,"menu_order":279,"comment_status":"closed","ping_status":"closed","template":"","meta":{"_acf_changed":false},"product_brand":[],"product_cat":[45],"product_tag":[],"class_list":{"0":"post-1210","1":"product","2":"type-product","3":"status-publish","4":"has-post-thumbnail","6":"product_cat-hibridiniai-vienfaziai-inverteriai","8":"first","9":"instock","10":"shipping-taxable","11":"purchasable","12":"product-type-simple"},"acf":[],"_links":{"self":[{"href":"https:\/\/elicsgroup.com\/en\/wp-json\/wp\/v2\/product\/1210","targetHints":{"allow":["GET"]}}],"collection":[{"href":"https:\/\/elicsgroup.com\/en\/wp-json\/wp\/v2\/product"}],"about":[{"href":"https:\/\/elicsgroup.com\/en\/wp-json\/wp\/v2\/types\/product"}],"replies":[{"embeddable":true,"href":"https:\/\/elicsgroup.com\/en\/wp-json\/wp\/v2\/comments?post=1210"}],"wp:featuredmedia":[{"embeddable":true,"href":"https:\/\/elicsgroup.com\/en\/wp-json\/wp\/v2\/media\/1206"}],"wp:attachment":[{"href":"https:\/\/elicsgroup.com\/en\/wp-json\/wp\/v2\/media?parent=1210"}],"wp:term":[{"taxonomy":"product_brand","embeddable":true,"href":"https:\/\/elicsgroup.com\/en\/wp-json\/wp\/v2\/product_brand?post=1210"},{"taxonomy":"product_cat","embeddable":true,"href":"https:\/\/elicsgroup.com\/en\/wp-json\/wp\/v2\/product_cat?post=1210"},{"taxonomy":"product_tag","embeddable":true,"href":"https:\/\/elicsgroup.com\/en\/wp-json\/wp\/v2\/product_tag?post=1210"}],"curies":[{"name":"wp","href":"https:\/\/api.w.org\/{rel}","templated":true}]}}