{"id":1192,"date":"2025-03-24T09:16:42","date_gmt":"2025-03-24T07:16:42","guid":{"rendered":"https:\/\/elicsgroup.com\/?post_type=product&#038;p=1192"},"modified":"2025-07-31T17:16:35","modified_gmt":"2025-07-31T14:16:35","slug":"inverteris-invt-3f-4g-4kw-xg4ktr-2-mpp-ziedai-98-3-efektyvumas","status":"publish","type":"product","link":"https:\/\/elicsgroup.com\/en\/produktas\/inverteris-invt-3f-4g-4kw-xg4ktr-2-mpp-ziedai-98-3-efektyvumas\/","title":{"rendered":"Inverteris INVT 3F 4G 4kW XG4KTR, 2 MPP \u017eiedai, 98.3% efektyvumas"},"content":{"rendered":"<p>Ypatyb\u0117s:<\/p>\n<p>2 MPP \u017eiedai, auk\u0161tas grandin\u0117s steb\u0117jimo tikslumas, greitas dinaminis atsakas<\/p>\n<p>160% padidinta DC \u012fvesties galia<\/p>\n<p>Platus MPPT \u012ftampos diapazonas: 180V -1000V<\/p>\n<p>Suderinamas su didel\u0117s galios moduliais<\/p>\n<p>Skaitmenin\u0117 I-V kreiv\u0117s diagnostikos funkcija: tiksliai aptinka PV grandin\u0117s gedimus<\/p>\n<p>Intelektualus gedim\u0173 aptikimo algoritmas: realiuoju laiku \u012fra\u0161omos kintamosios srov\u0117s\u00a0 \u012ftampos ir srov\u0117s svyravimai, greitas gedim\u0173 vietos nustatymas<\/p>\n<p>Palaiko RS485\/WiFi\/4G: nuotolin\u012f steb\u0117jim\u0105 ir valdym\u0105 per kompiuter\u012f ar mobiluj\u012f telefon\u0105<\/p>\n<p>IP66 Apsaugos laipsnis: galima montuoti lauke<\/p>\n<p>DC ir AC tipo II SPD: apsauga nuo \u017eaibo<\/p>\n<p>10 met\u0173 garantija<\/p>\n<p>Technin\u0117 specifikacija: <a href=\"https:\/\/eshop.elicsgroup.com\/wp-content\/uploads\/INVT_XG3-15KTR-S-Three-Phase-On-Grid-Solar-Inverter-Catalog.pdf\">INVT_XG3-15KTR-S Three Phase On-Grid Solar Inverter Catalog<\/a><\/p>\n<table dir=\"ltr\" border=\"1\" cellspacing=\"0\" cellpadding=\"0\" data-sheets-root=\"1\">\n<colgroup>\n<col width=\"204\" \/>\n<col width=\"94\" \/>\n<col width=\"94\" \/>\n<col width=\"94\" \/>\n<col width=\"94\" \/>\n<col width=\"94\" \/>\n<col width=\"2\" \/>\n<col width=\"94\" \/>\n<col width=\"2\" \/>\n<col width=\"2\" \/>\n<col width=\"2\" \/><\/colgroup>\n<tbody>\n<tr>\n<td style=\"text-align: center;\" colspan=\"11\" rowspan=\"1\" data-sheets-value=\"{&quot;1&quot;:2,&quot;2&quot;:&quot;XG4KTR&quot;}\">XG4KTR<\/td>\n<\/tr>\n<tr>\n<td colspan=\"11\" rowspan=\"1\" data-sheets-value=\"{&quot;1&quot;:2,&quot;2&quot;:&quot;Input (DC)&quot;}\">Input (DC)<\/td>\n<\/tr>\n<tr>\n<td data-sheets-value=\"{&quot;1&quot;:2,&quot;2&quot;:&quot;Max. Input Power&quot;}\">Max. Input Power<\/td>\n<td colspan=\"10\" rowspan=\"1\" data-sheets-value=\"{&quot;1&quot;:2,&quot;2&quot;:&quot;6.4kW&quot;}\">6.4kW<\/td>\n<\/tr>\n<tr>\n<td data-sheets-value=\"{&quot;1&quot;:2,&quot;2&quot;:&quot;Max. Input Voltage &quot;}\" data-sheets-numberformat=\"{&quot;1&quot;:3,&quot;2&quot;:&quot;0.00%&quot;,&quot;3&quot;:1}\">Max. Input Voltage<\/td>\n<td colspan=\"10\" rowspan=\"1\" data-sheets-value=\"{&quot;1&quot;:2,&quot;2&quot;:&quot;1100V&quot;}\">1100V<\/td>\n<\/tr>\n<tr>\n<td data-sheets-value=\"{&quot;1&quot;:2,&quot;2&quot;:&quot;Start Voltage&quot;}\">Start Voltage<\/td>\n<td colspan=\"10\" rowspan=\"1\" data-sheets-value=\"{&quot;1&quot;:2,&quot;2&quot;:&quot;160V&quot;}\">160V<\/td>\n<\/tr>\n<tr>\n<td data-sheets-value=\"{&quot;1&quot;:2,&quot;2&quot;:&quot;Rated Input Voltage&quot;}\">Rated Input Voltage<\/td>\n<td colspan=\"10\" rowspan=\"1\" data-sheets-value=\"{&quot;1&quot;:2,&quot;2&quot;:&quot;600V&quot;}\">600V<\/td>\n<\/tr>\n<tr>\n<td data-sheets-value=\"{&quot;1&quot;:2,&quot;2&quot;:&quot;Full-load MPP Voltage Range&quot;}\">Full-load MPP Voltage Range<\/td>\n<td colspan=\"10\" rowspan=\"1\" data-sheets-value=\"{&quot;1&quot;:2,&quot;2&quot;:&quot;250V ~ 850V&quot;}\">250V ~ 850V<\/td>\n<\/tr>\n<tr>\n<td data-sheets-value=\"{&quot;1&quot;:2,&quot;2&quot;:&quot;MPPT Voltage Range&quot;}\">MPPT Voltage Range<\/td>\n<td colspan=\"10\" rowspan=\"1\" data-sheets-value=\"{&quot;1&quot;:2,&quot;2&quot;:&quot;180V ~ 1000V&quot;}\">180V ~ 1000V<\/td>\n<\/tr>\n<tr>\n<td data-sheets-value=\"{&quot;1&quot;:2,&quot;2&quot;:&quot;Number of MPP Trackers&quot;}\">Number of MPP Trackers<\/td>\n<td colspan=\"10\" rowspan=\"1\" data-sheets-value=\"{&quot;1&quot;:3,&quot;3&quot;:2}\">2<\/td>\n<\/tr>\n<tr>\n<td data-sheets-value=\"{&quot;1&quot;:2,&quot;2&quot;:&quot;Number of String per MPPT&quot;}\">Number of String per MPPT<\/td>\n<td colspan=\"10\" rowspan=\"1\" data-sheets-value=\"{&quot;1&quot;:2,&quot;2&quot;:&quot;1 \/ 1&quot;}\" data-sheets-numberformat=\"{&quot;1&quot;:1}\">1 \/ 1<\/td>\n<\/tr>\n<tr>\n<td data-sheets-value=\"{&quot;1&quot;:2,&quot;2&quot;:&quot;Max. Current per MPPT&quot;}\">Max. Current per MPPT<\/td>\n<td colspan=\"10\" rowspan=\"1\" data-sheets-value=\"{&quot;1&quot;:2,&quot;2&quot;:&quot;14A \/ 14A&quot;}\">14A \/ 14A<\/td>\n<\/tr>\n<tr>\n<td data-sheets-value=\"{&quot;1&quot;:2,&quot;2&quot;:&quot;Max. Short Circuit Current per MPPT&quot;}\">Max. Short Circuit Current per MPPT<\/td>\n<td colspan=\"10\" rowspan=\"1\" data-sheets-value=\"{&quot;1&quot;:2,&quot;2&quot;:&quot;18A \/ 18A&quot;}\">18A \/ 18A<\/td>\n<\/tr>\n<tr>\n<td colspan=\"11\" rowspan=\"1\" data-sheets-value=\"{&quot;1&quot;:2,&quot;2&quot;:&quot;Output (AC)&quot;}\">Output (AC)<\/td>\n<\/tr>\n<tr>\n<td data-sheets-value=\"{&quot;1&quot;:2,&quot;2&quot;:&quot;Max. Output Current&quot;}\">Max. Output Current<\/td>\n<td colspan=\"10\" rowspan=\"1\" data-sheets-value=\"{&quot;1&quot;:2,&quot;2&quot;:&quot;6.4A&quot;}\">6.4A<\/td>\n<\/tr>\n<tr>\n<td data-sheets-value=\"{&quot;1&quot;:2,&quot;2&quot;:&quot;Rated Output Power&quot;}\">Rated Output Power<\/td>\n<td colspan=\"10\" rowspan=\"1\" data-sheets-value=\"{&quot;1&quot;:2,&quot;2&quot;:&quot;4kW&quot;}\">4kW<\/td>\n<\/tr>\n<tr>\n<td data-sheets-value=\"{&quot;1&quot;:2,&quot;2&quot;:&quot;Max. Output Power &quot;}\">Max. Output Power<\/td>\n<td colspan=\"10\" rowspan=\"1\" data-sheets-value=\"{&quot;1&quot;:2,&quot;2&quot;:&quot;4.4kVA&quot;}\">4.4kVA<\/td>\n<\/tr>\n<tr>\n<td data-sheets-value=\"{&quot;1&quot;:2,&quot;2&quot;:&quot;Rated Grid Frequency&quot;}\">Rated Grid Frequency<\/td>\n<td colspan=\"10\" rowspan=\"1\" data-sheets-value=\"{&quot;1&quot;:2,&quot;2&quot;:&quot;50Hz \/ 60Hz&quot;}\">50Hz \/ 60Hz<\/td>\n<\/tr>\n<tr>\n<td data-sheets-value=\"{&quot;1&quot;:2,&quot;2&quot;:&quot;Rated Grid Voltage&quot;}\">Rated Grid Voltage<\/td>\n<td colspan=\"10\" rowspan=\"1\" data-sheets-value=\"{&quot;1&quot;:2,&quot;2&quot;:&quot;230Vac \/ 400Vac, 3L \/ N \/ PE&quot;}\">230Vac \/ 400Vac, 3L \/ N \/ PE<\/td>\n<\/tr>\n<tr>\n<td data-sheets-value=\"{&quot;1&quot;:2,&quot;2&quot;:&quot;Power Factor&quot;}\">Power Factor<\/td>\n<td colspan=\"10\" rowspan=\"1\" data-sheets-value=\"{&quot;1&quot;:2,&quot;2&quot;:&quot;&gt;0.99 ( 0.8 leading ~ 0.8 lagging )&quot;}\" data-sheets-numberformat=\"{&quot;1&quot;:3,&quot;2&quot;:&quot;0.00%&quot;,&quot;3&quot;:1}\">&gt;0.99 ( 0.8 leading ~ 0.8 lagging )<\/td>\n<\/tr>\n<tr>\n<td data-sheets-value=\"{&quot;1&quot;:2,&quot;2&quot;:&quot;THDi&quot;}\">THDi<\/td>\n<td colspan=\"10\" rowspan=\"1\" data-sheets-value=\"{&quot;1&quot;:2,&quot;2&quot;:&quot;&lt;3% ( Rated Power )&quot;}\" data-sheets-numberformat=\"{&quot;1&quot;:3,&quot;2&quot;:&quot;0.00%&quot;,&quot;3&quot;:1}\">&lt;3% ( Rated Power )<\/td>\n<\/tr>\n<tr>\n<td colspan=\"11\" rowspan=\"1\" data-sheets-value=\"{&quot;1&quot;:2,&quot;2&quot;:&quot;Efficiency&quot;}\">Efficiency<\/td>\n<\/tr>\n<tr>\n<td data-sheets-value=\"{&quot;1&quot;:2,&quot;2&quot;:&quot;Max. Efficiency&quot;}\">Max. Efficiency<\/td>\n<td colspan=\"10\" rowspan=\"1\" data-sheets-value=\"{&quot;1&quot;:3,&quot;3&quot;:0.984}\" data-sheets-numberformat=\"{&quot;1&quot;:3,&quot;2&quot;:&quot;0.00%&quot;,&quot;3&quot;:1}\">98,40%<\/td>\n<\/tr>\n<tr>\n<td data-sheets-value=\"{&quot;1&quot;:2,&quot;2&quot;:&quot;European Efficiency &quot;}\">European Efficiency<\/td>\n<td colspan=\"10\" rowspan=\"1\" data-sheets-value=\"{&quot;1&quot;:3,&quot;3&quot;:0.983}\" data-sheets-numberformat=\"{&quot;1&quot;:3,&quot;2&quot;:&quot;0.00%&quot;,&quot;3&quot;:1}\">98,30%<\/td>\n<\/tr>\n<tr>\n<td data-sheets-value=\"{&quot;1&quot;:2,&quot;2&quot;:&quot;MPPT Efficiency &quot;}\">MPPT Efficiency<\/td>\n<td colspan=\"10\" rowspan=\"1\" data-sheets-value=\"{&quot;1&quot;:3,&quot;3&quot;:0.999}\" data-sheets-numberformat=\"{&quot;1&quot;:3,&quot;2&quot;:&quot;0.00%&quot;,&quot;3&quot;:1}\">99,90%<\/td>\n<\/tr>\n<tr>\n<td colspan=\"11\" rowspan=\"1\" data-sheets-value=\"{&quot;1&quot;:2,&quot;2&quot;:&quot;Protection&quot;}\">Protection<\/td>\n<\/tr>\n<tr>\n<td data-sheets-value=\"{&quot;1&quot;:2,&quot;2&quot;:&quot;DC Reverse Polarity Protection&quot;}\">DC Reverse Polarity Protection<\/td>\n<td colspan=\"10\" rowspan=\"1\" data-sheets-value=\"{&quot;1&quot;:2,&quot;2&quot;:&quot;Yes&quot;}\">Yes<\/td>\n<\/tr>\n<tr>\n<td data-sheets-value=\"{&quot;1&quot;:2,&quot;2&quot;:&quot;Anti-islanding Protection&quot;}\">Anti-islanding Protection<\/td>\n<td colspan=\"10\" rowspan=\"1\" data-sheets-value=\"{&quot;1&quot;:2,&quot;2&quot;:&quot;Yes&quot;}\">Yes<\/td>\n<\/tr>\n<tr>\n<td data-sheets-value=\"{&quot;1&quot;:2,&quot;2&quot;:&quot;AC short Circuit Protection&quot;}\">AC short Circuit Protection<\/td>\n<td colspan=\"10\" rowspan=\"1\" data-sheets-value=\"{&quot;1&quot;:2,&quot;2&quot;:&quot;Yes&quot;}\">Yes<\/td>\n<\/tr>\n<tr>\n<td data-sheets-value=\"{&quot;1&quot;:2,&quot;2&quot;:&quot;Residual Current Monitoring Unit&quot;}\">Residual Current Monitoring Unit<\/td>\n<td colspan=\"10\" rowspan=\"1\" data-sheets-value=\"{&quot;1&quot;:2,&quot;2&quot;:&quot;Yes&quot;}\">Yes<\/td>\n<\/tr>\n<tr>\n<td data-sheets-value=\"{&quot;1&quot;:2,&quot;2&quot;:&quot;Insulation Resistance Monitoring&quot;}\">Insulation Resistance Monitoring<\/td>\n<td colspan=\"10\" rowspan=\"1\" data-sheets-value=\"{&quot;1&quot;:2,&quot;2&quot;:&quot;Yes&quot;}\">Yes<\/td>\n<\/tr>\n<tr>\n<td data-sheets-value=\"{&quot;1&quot;:2,&quot;2&quot;:&quot;Ground Fault Monitoring&quot;}\">Ground Fault Monitoring<\/td>\n<td colspan=\"10\" rowspan=\"1\" data-sheets-value=\"{&quot;1&quot;:2,&quot;2&quot;:&quot;Yes&quot;}\">Yes<\/td>\n<\/tr>\n<tr>\n<td data-sheets-value=\"{&quot;1&quot;:2,&quot;2&quot;:&quot;Grid Monitoring&quot;}\">Grid Monitoring<\/td>\n<td colspan=\"10\" rowspan=\"1\" data-sheets-value=\"{&quot;1&quot;:2,&quot;2&quot;:&quot;Yes&quot;}\">Yes<\/td>\n<\/tr>\n<tr>\n<td data-sheets-value=\"{&quot;1&quot;:2,&quot;2&quot;:&quot;Surge Protection&quot;}\">Surge Protection<\/td>\n<td colspan=\"10\" rowspan=\"1\" data-sheets-value=\"{&quot;1&quot;:2,&quot;2&quot;:&quot;Type II&quot;}\">Type II<\/td>\n<\/tr>\n<tr>\n<td data-sheets-value=\"{&quot;1&quot;:2,&quot;2&quot;:&quot;AFCI Protection&quot;}\">AFCI Protection<\/td>\n<td colspan=\"10\" rowspan=\"1\" data-sheets-value=\"{&quot;1&quot;:2,&quot;2&quot;:&quot;Optional&quot;}\">Optional<\/td>\n<\/tr>\n<tr>\n<td colspan=\"11\" rowspan=\"1\" data-sheets-value=\"{&quot;1&quot;:2,&quot;2&quot;:&quot;Communication&quot;}\">Communication<\/td>\n<\/tr>\n<tr>\n<td data-sheets-value=\"{&quot;1&quot;:2,&quot;2&quot;:&quot;Display&quot;}\">Display<\/td>\n<td colspan=\"10\" rowspan=\"1\" data-sheets-value=\"{&quot;1&quot;:2,&quot;2&quot;:&quot;LCD \/ LED+APP&quot;}\" data-sheets-numberformat=\"{&quot;1&quot;:3,&quot;2&quot;:&quot;0.00%&quot;,&quot;3&quot;:1}\">LCD \/ LED+APP<\/td>\n<\/tr>\n<tr>\n<td data-sheets-value=\"{&quot;1&quot;:2,&quot;2&quot;:&quot;Communication&quot;}\">Communication<\/td>\n<td colspan=\"10\" rowspan=\"1\" data-sheets-value=\"{&quot;1&quot;:2,&quot;2&quot;:&quot;Standard\uff1aRS485n Optional\uff1aWiFi \/ GPRS \/ Ethernet&quot;}\" data-sheets-numberformat=\"{&quot;1&quot;:3,&quot;2&quot;:&quot;0.00%&quot;,&quot;3&quot;:1}\">Standard\uff1aRS485<br \/>\nOptional\uff1aWiFi \/ GPRS \/ Ethernet<\/td>\n<\/tr>\n<tr>\n<td colspan=\"11\" rowspan=\"1\" data-sheets-value=\"{&quot;1&quot;:2,&quot;2&quot;:&quot;Standard Compliance&quot;}\">Standard Compliance<\/td>\n<\/tr>\n<tr>\n<td data-sheets-value=\"{&quot;1&quot;:2,&quot;2&quot;:&quot;Certification&quot;}\">Certification<\/td>\n<td colspan=\"10\" rowspan=\"1\" data-sheets-value=\"{&quot;1&quot;:2,&quot;2&quot;:&quot;IEC\/EN 62109-1\/2, IEC\/EN 61000-6-1\/3, IEC61683, IEC60068, IEC61727\/IEC62116, EN50549, nCEI0-21, C10\/C11, VDE 4105, VDE 0124, G98\/G99, RD244, UNE217001, UNE217002, NC RfG\uff0cnTOR Erzeuger, AS4777, ABNT, NB\/T 32004&quot;}\">IEC\/EN 62109-1\/2, IEC\/EN 61000-6-1\/3, IEC61683, IEC60068, IEC61727\/IEC62116, EN50549,<br \/>\nCEI0-21, C10\/C11, VDE 4105, VDE 0124, G98\/G99, RD244, UNE217001, UNE217002, NC RfG\uff0c<br \/>\nTOR Erzeuger, AS4777, ABNT, NB\/T 32004<\/td>\n<\/tr>\n<tr>\n<td colspan=\"11\" rowspan=\"1\" data-sheets-value=\"{&quot;1&quot;:2,&quot;2&quot;:&quot;General Data&quot;}\">General Data<\/td>\n<\/tr>\n<tr>\n<td data-sheets-value=\"{&quot;1&quot;:2,&quot;2&quot;:&quot;Dimensions (W x H x D)&quot;}\">Dimensions (W x H x D)<\/td>\n<td colspan=\"10\" rowspan=\"1\" data-sheets-value=\"{&quot;1&quot;:2,&quot;2&quot;:&quot;481 x 395 x 195 mm&quot;}\">481 x 395 x 195 mm<\/td>\n<\/tr>\n<tr>\n<td data-sheets-value=\"{&quot;1&quot;:2,&quot;2&quot;:&quot;Weight &quot;}\">Weight<\/td>\n<td colspan=\"10\" rowspan=\"1\" data-sheets-value=\"{&quot;1&quot;:2,&quot;2&quot;:&quot;12kg&quot;}\">12kg<\/td>\n<\/tr>\n<tr>\n<td data-sheets-value=\"{&quot;1&quot;:2,&quot;2&quot;:&quot;Operating Temperature Range&quot;}\">Operating Temperature Range<\/td>\n<td colspan=\"10\" rowspan=\"1\" data-sheets-value=\"{&quot;1&quot;:2,&quot;2&quot;:&quot; -30\u00b0C ~ +60\u00b0C&quot;}\">-30\u00b0C ~ +60\u00b0C<\/td>\n<\/tr>\n<tr>\n<td data-sheets-value=\"{&quot;1&quot;:2,&quot;2&quot;:&quot;Cooling Method&quot;}\">Cooling Method<\/td>\n<td colspan=\"10\" rowspan=\"1\" data-sheets-value=\"{&quot;1&quot;:2,&quot;2&quot;:&quot;Natural&quot;}\" data-sheets-numberformat=\"{&quot;1&quot;:3,&quot;2&quot;:&quot;0.00%&quot;,&quot;3&quot;:1}\">Natural<\/td>\n<\/tr>\n<tr>\n<td data-sheets-value=\"{&quot;1&quot;:2,&quot;2&quot;:&quot;Protection Degree&quot;}\">Protection Degree<\/td>\n<td colspan=\"10\" rowspan=\"1\" data-sheets-value=\"{&quot;1&quot;:2,&quot;2&quot;:&quot;IP66&quot;}\" data-sheets-numberformat=\"{&quot;1&quot;:3,&quot;2&quot;:&quot;0.00%&quot;,&quot;3&quot;:1}\">IP66<\/td>\n<\/tr>\n<tr>\n<td data-sheets-value=\"{&quot;1&quot;:2,&quot;2&quot;:&quot;Max. Operating Altitude&quot;}\">Max. Operating Altitude<\/td>\n<td colspan=\"10\" rowspan=\"1\" data-sheets-value=\"{&quot;1&quot;:2,&quot;2&quot;:&quot;4000m&quot;}\" data-sheets-numberformat=\"{&quot;1&quot;:3,&quot;2&quot;:&quot;0.00%&quot;,&quot;3&quot;:1}\">4000m<\/td>\n<\/tr>\n<tr>\n<td data-sheets-value=\"{&quot;1&quot;:2,&quot;2&quot;:&quot;Relative Humidity&quot;}\">Relative Humidity<\/td>\n<td colspan=\"10\" rowspan=\"1\" data-sheets-value=\"{&quot;1&quot;:2,&quot;2&quot;:&quot;0 ~ 100%&quot;}\" data-sheets-numberformat=\"{&quot;1&quot;:3,&quot;2&quot;:&quot;0.00%&quot;,&quot;3&quot;:1}\">0 ~ 100%<\/td>\n<\/tr>\n<tr>\n<td data-sheets-value=\"{&quot;1&quot;:2,&quot;2&quot;:&quot;Topology&quot;}\">Topology<\/td>\n<td colspan=\"10\" rowspan=\"1\" data-sheets-value=\"{&quot;1&quot;:2,&quot;2&quot;:&quot;Transformerless&quot;}\" data-sheets-numberformat=\"{&quot;1&quot;:3,&quot;2&quot;:&quot;0.00%&quot;,&quot;3&quot;:1}\">Transformerless<\/td>\n<\/tr>\n<tr>\n<td data-sheets-value=\"{&quot;1&quot;:2,&quot;2&quot;:&quot;Night Power Consumption&quot;}\">Night Power Consumption<\/td>\n<td colspan=\"10\" rowspan=\"1\" data-sheets-value=\"{&quot;1&quot;:2,&quot;2&quot;:&quot;&lt;1W&quot;}\" data-sheets-numberformat=\"{&quot;1&quot;:3,&quot;2&quot;:&quot;0.00%&quot;,&quot;3&quot;:1}\">&lt;1W<\/td>\n<\/tr>\n<\/tbody>\n<\/table>\n<p>&nbsp;<\/p>\n","protected":false},"excerpt":{"rendered":"<p>XG3-15KTR-S trifazis tinklo inverteris, skirtas konvertuoti saul\u0117s energij\u0105 i\u0161 DC \u012f AC ir tiekti elektros energij\u0105 namams. Jis specialiai sukurtas buitiniams vartotojams ir pasi\u017eymi auk\u0161tu efektyvumu, patikimumu ir paprastu naudojimu.<\/p>\n","protected":false},"featured_media":1206,"menu_order":288,"comment_status":"closed","ping_status":"closed","template":"","meta":{"_acf_changed":false},"product_brand":[],"product_cat":[44],"product_tag":[],"class_list":{"0":"post-1192","1":"product","2":"type-product","3":"status-publish","4":"has-post-thumbnail","6":"product_cat-trifaziai-inverteriai","8":"first","9":"instock","10":"shipping-taxable","11":"purchasable","12":"product-type-simple"},"acf":[],"_links":{"self":[{"href":"https:\/\/elicsgroup.com\/en\/wp-json\/wp\/v2\/product\/1192","targetHints":{"allow":["GET"]}}],"collection":[{"href":"https:\/\/elicsgroup.com\/en\/wp-json\/wp\/v2\/product"}],"about":[{"href":"https:\/\/elicsgroup.com\/en\/wp-json\/wp\/v2\/types\/product"}],"replies":[{"embeddable":true,"href":"https:\/\/elicsgroup.com\/en\/wp-json\/wp\/v2\/comments?post=1192"}],"wp:featuredmedia":[{"embeddable":true,"href":"https:\/\/elicsgroup.com\/en\/wp-json\/wp\/v2\/media\/1206"}],"wp:attachment":[{"href":"https:\/\/elicsgroup.com\/en\/wp-json\/wp\/v2\/media?parent=1192"}],"wp:term":[{"taxonomy":"product_brand","embeddable":true,"href":"https:\/\/elicsgroup.com\/en\/wp-json\/wp\/v2\/product_brand?post=1192"},{"taxonomy":"product_cat","embeddable":true,"href":"https:\/\/elicsgroup.com\/en\/wp-json\/wp\/v2\/product_cat?post=1192"},{"taxonomy":"product_tag","embeddable":true,"href":"https:\/\/elicsgroup.com\/en\/wp-json\/wp\/v2\/product_tag?post=1192"}],"curies":[{"name":"wp","href":"https:\/\/api.w.org\/{rel}","templated":true}]}}