{"id":1187,"date":"2025-03-24T09:16:42","date_gmt":"2025-03-24T07:16:42","guid":{"rendered":"https:\/\/elicsgroup.com\/?post_type=product&#038;p=1187"},"modified":"2025-07-31T17:16:37","modified_gmt":"2025-07-31T14:16:37","slug":"daznio-keitiklis-30kw-gd350-030g-037p-45-as","status":"publish","type":"product","link":"https:\/\/elicsgroup.com\/en\/produktas\/daznio-keitiklis-30kw-gd350-030g-037p-45-as\/","title":{"rendered":"Da\u017enio keitiklis 30kW GD350-030G\/037P-45-AS"},"content":{"rendered":"<p>Funkcijos<\/p>\n<p>1.IP55 apsaugos lygis<br \/>\n2.Kintamosios srov\u0117s jungiklis saugiam valdymui<br \/>\n3.Gali valdyti \u012fvairius elektros variklius.<br \/>\n4.Didel\u0117s pritaikymo galimyb\u0117s: vienu metu galima \u012fd\u0117ti 3 i\u0161pl\u0117timo korteles.<br \/>\n5.Izoliuotas oro kanalas<br \/>\n6.Sekcinio dangtelio konstrukcija leid\u017eia lengvai prijungti laidus<\/p>\n<p>Technin\u0117 specifikacija: <a href=\"https:\/\/eshop.elicsgroup.com\/wp-content\/uploads\/GD350-IP55-Catalog-EN_V1.0.pdf\">GD350-IP55 Catalog (EN)_V1.0<\/a><\/p>\n<table dir=\"ltr\" border=\"1\" cellspacing=\"0\" cellpadding=\"0\" data-sheets-root=\"1\">\n<colgroup>\n<col width=\"214\" \/>\n<col width=\"219\" \/>\n<col width=\"324\" \/><\/colgroup>\n<tbody>\n<tr>\n<td colspan=\"2\" rowspan=\"1\" data-sheets-value=\"{&quot;1&quot;:2,&quot;2&quot;:&quot;Function description&quot;}\">Function description<\/td>\n<td data-sheets-value=\"{&quot;1&quot;:2,&quot;2&quot;:&quot;Description&quot;}\">Description<\/td>\n<\/tr>\n<tr>\n<td colspan=\"1\" rowspan=\"3\" data-sheets-value=\"{&quot;1&quot;:2,&quot;2&quot;:&quot;Power input&quot;}\">\n<div>Power input<\/div>\n<\/td>\n<td data-sheets-value=\"{&quot;1&quot;:2,&quot;2&quot;:&quot;Input voltage (V)&quot;}\">Input voltage (V)<\/td>\n<td data-sheets-value=\"{&quot;1&quot;:2,&quot;2&quot;:&quot;AC 3PH 380V (-15%)~440V(+10%)&quot;}\">AC 3PH 380V (-15%)~440V(+10%)<\/td>\n<\/tr>\n<tr>\n<td data-sheets-value=\"{&quot;1&quot;:2,&quot;2&quot;:&quot;Input current (A)&quot;}\">Input current (A)<\/td>\n<td data-sheets-value=\"{&quot;1&quot;:3,&quot;3&quot;:64}\">64<\/td>\n<\/tr>\n<tr>\n<td data-sheets-value=\"{&quot;1&quot;:2,&quot;2&quot;:&quot;Input frequency (Hz)&quot;}\">Input frequency (Hz)<\/td>\n<td data-sheets-value=\"{&quot;1&quot;:2,&quot;2&quot;:&quot;50 Hz or 60 Hz allowable range 47-63Hz&quot;}\">50 Hz or 60 Hz allowable range 47-63Hz<\/td>\n<\/tr>\n<tr>\n<td colspan=\"1\" rowspan=\"4\" data-sheets-value=\"{&quot;1&quot;:2,&quot;2&quot;:&quot;Power output&quot;}\">\n<div>Power output<\/div>\n<\/td>\n<td data-sheets-value=\"{&quot;1&quot;:2,&quot;2&quot;:&quot;Output voltage (V)&quot;}\">Output voltage (V)<\/td>\n<td data-sheets-value=\"{&quot;1&quot;:2,&quot;2&quot;:&quot;0-input voltage&quot;}\">0-input voltage<\/td>\n<\/tr>\n<tr>\n<td data-sheets-value=\"{&quot;1&quot;:2,&quot;2&quot;:&quot;Output current (A)&quot;}\">Output current (A)<\/td>\n<td data-sheets-value=\"{&quot;1&quot;:3,&quot;3&quot;:60}\">60<\/td>\n<\/tr>\n<tr>\n<td data-sheets-value=\"{&quot;1&quot;:2,&quot;2&quot;:&quot;Output power (kW)&quot;}\">Output power (kW)<\/td>\n<td data-sheets-value=\"{&quot;1&quot;:3,&quot;3&quot;:30}\">30<\/td>\n<\/tr>\n<tr>\n<td data-sheets-value=\"{&quot;1&quot;:2,&quot;2&quot;:&quot;Output frequency (Hz)&quot;}\">Output frequency (Hz)<\/td>\n<td data-sheets-value=\"{&quot;1&quot;:2,&quot;2&quot;:&quot;0-400 Hz&quot;}\">0-400 Hz<\/td>\n<\/tr>\n<tr>\n<td colspan=\"1\" rowspan=\"11\" data-sheets-value=\"{&quot;1&quot;:2,&quot;2&quot;:&quot;Technical control performance&quot;}\">\n<div>Technical control performance<\/div>\n<\/td>\n<td data-sheets-value=\"{&quot;1&quot;:2,&quot;2&quot;:&quot;Control mode&quot;}\">Control mode<\/td>\n<td data-sheets-value=\"{&quot;1&quot;:2,&quot;2&quot;:&quot;Space voltage vector control, sensorless vector control (SVC), feedback vector control (FVC)&quot;}\">Space voltage vector control, sensorless vector control (SVC), feedback vector control (FVC)<\/td>\n<\/tr>\n<tr>\n<td data-sheets-value=\"{&quot;1&quot;:2,&quot;2&quot;:&quot;Motor type&quot;}\">Motor type<\/td>\n<td data-sheets-value=\"{&quot;1&quot;:2,&quot;2&quot;:&quot;Asynchronous motor and permanent magnetic synchronous motor &quot;}\">Asynchronous motor and permanent magnetic synchronous motor<\/td>\n<\/tr>\n<tr>\n<td data-sheets-value=\"{&quot;1&quot;:2,&quot;2&quot;:&quot;Speed regulation ratio&quot;}\">Speed regulation ratio<\/td>\n<td data-sheets-value=\"{&quot;1&quot;:2,&quot;2&quot;:&quot;Asynchronous motor: 1:200 (SVC); Synchronous motor 1: 1:20 (SVC); 1:1000 (FVC)&quot;}\">Asynchronous motor: 1:200 (SVC); Synchronous motor 1: 1:20 (SVC); 1:1000 (FVC)<\/td>\n<\/tr>\n<tr>\n<td data-sheets-value=\"{&quot;1&quot;:2,&quot;2&quot;:&quot;Speed control precision&quot;}\">Speed control precision<\/td>\n<td data-sheets-value=\"{&quot;1&quot;:2,&quot;2&quot;:&quot;\u00b1 0.2% (SVC); \u00b1 0.02 % (FVC)&quot;}\">\u00b1 0.2% (SVC); \u00b1 0.02 % (FVC)<\/td>\n<\/tr>\n<tr>\n<td data-sheets-value=\"{&quot;1&quot;:2,&quot;2&quot;:&quot;Speed fluctuation&quot;}\">Speed fluctuation<\/td>\n<td data-sheets-value=\"{&quot;1&quot;:2,&quot;2&quot;:&quot;\u00b1 0.3% (SVC)&quot;}\">\u00b1 0.3% (SVC)<\/td>\n<\/tr>\n<tr>\n<td data-sheets-value=\"{&quot;1&quot;:2,&quot;2&quot;:&quot;Torque response&quot;}\">Torque response<\/td>\n<td data-sheets-value=\"{&quot;1&quot;:2,&quot;2&quot;:&quot;&lt; 20ms (SVC); &lt; 10ms (FVC)&quot;}\">&lt; 20ms (SVC); &lt; 10ms (FVC)<\/td>\n<\/tr>\n<tr>\n<td data-sheets-value=\"{&quot;1&quot;:2,&quot;2&quot;:&quot;Torque control precision&quot;}\">Torque control precision<\/td>\n<td data-sheets-value=\"{&quot;1&quot;:2,&quot;2&quot;:&quot;10% (SVC); 5% (FVC)&quot;}\">10% (SVC); 5% (FVC)<\/td>\n<\/tr>\n<tr>\n<td colspan=\"1\" rowspan=\"3\" data-sheets-value=\"{&quot;1&quot;:2,&quot;2&quot;:&quot;Starting torque&quot;}\">\n<div>Starting torque<\/div>\n<\/td>\n<td data-sheets-value=\"{&quot;1&quot;:2,&quot;2&quot;:&quot;Asynchronous motor: 0.25Hz\/150% (SVC)&quot;}\">Asynchronous motor: 0.25Hz\/150% (SVC)<\/td>\n<\/tr>\n<tr>\n<td data-sheets-value=\"{&quot;1&quot;:2,&quot;2&quot;:&quot;Synchronous motor: 2.5Hz\/150% (SVC)&quot;}\">Synchronous motor: 2.5Hz\/150% (SVC)<\/td>\n<\/tr>\n<tr>\n<td data-sheets-value=\"{&quot;1&quot;:2,&quot;2&quot;:&quot;0Hz\/200% (FVC)&quot;}\">0Hz\/200% (FVC)<\/td>\n<\/tr>\n<tr>\n<td data-sheets-value=\"{&quot;1&quot;:2,&quot;2&quot;:&quot;Overload capacity&quot;}\">Overload capacity<\/td>\n<td data-sheets-value=\"{&quot;1&quot;:2,&quot;2&quot;:&quot;150% for 1 minute (for the G type); 120% for 1 minute (for the P type)&quot;}\">150% for 1 minute (for the G type); 120% for 1 minute (for the P type)<\/td>\n<\/tr>\n<tr>\n<td colspan=\"1\" rowspan=\"6\" data-sheets-value=\"{&quot;1&quot;:2,&quot;2&quot;:&quot;Running control performance&quot;}\">\n<div>Running control performance<\/div>\n<\/td>\n<td data-sheets-value=\"{&quot;1&quot;:2,&quot;2&quot;:&quot;Frequency setup mode&quot;}\">Frequency setup mode<\/td>\n<td data-sheets-value=\"{&quot;1&quot;:2,&quot;2&quot;:&quot;Digital , analog, pulse frequency, multi-step speed running, simple PLC, PID, Modbus communication, Profibus communication, ETC. Realize switch-over between the set combination and the set channel.&quot;}\">Digital , analog, pulse frequency, multi-step speed running, simple PLC, PID, Modbus communication, Profibus communication, ETC. Realize switch-over between the set combination and the set channel.<\/td>\n<\/tr>\n<tr>\n<td data-sheets-value=\"{&quot;1&quot;:2,&quot;2&quot;:&quot;Automatic voltage regulation&quot;}\">Automatic voltage regulation<\/td>\n<td data-sheets-value=\"{&quot;1&quot;:2,&quot;2&quot;:&quot;The output voltage can be kept constant although the grid voltage changes.&quot;}\">The output voltage can be kept constant although the grid voltage changes.<\/td>\n<\/tr>\n<tr>\n<td data-sheets-value=\"{&quot;1&quot;:2,&quot;2&quot;:&quot;Fault protection&quot;}\">Fault protection<\/td>\n<td data-sheets-value=\"{&quot;1&quot;:2,&quot;2&quot;:&quot;Provide over 30 kinds of fault protection functions: overcurrent, overvoltage, undervoltage, overtemperature, phase loss, overload and etc.&quot;}\">Provide over 30 kinds of fault protection functions: overcurrent, overvoltage, undervoltage, overtemperature, phase loss, overload and etc.<\/td>\n<\/tr>\n<tr>\n<td data-sheets-value=\"{&quot;1&quot;:2,&quot;2&quot;:&quot;Speed tracking restart function&quot;}\">Speed tracking restart function<\/td>\n<td data-sheets-value=\"{&quot;1&quot;:2,&quot;2&quot;:&quot;Realize impact-free starting of the motor in rotating&quot;}\">Realize impact-free starting of the motor in rotating<\/td>\n<\/tr>\n<tr>\n<td data-sheets-value=\"{&quot;1&quot;:2,&quot;2&quot;:&quot;Retention at transient voltage drop&quot;}\">Retention at transient voltage drop<\/td>\n<td data-sheets-value=\"{&quot;1&quot;:2,&quot;2&quot;:&quot;Keeps running with regenerative energy when then grid transiently drops&quot;}\">Keeps running with regenerative energy when then grid transiently drops<\/td>\n<\/tr>\n<tr>\n<td data-sheets-value=\"{&quot;1&quot;:2,&quot;2&quot;:&quot;Motor switchover&quot;}\">Motor switchover<\/td>\n<td data-sheets-value=\"{&quot;1&quot;:2,&quot;2&quot;:&quot;Supports two groups of motor parameters to control motor switchover&quot;}\">Supports two groups of motor parameters to control motor switchover<\/td>\n<\/tr>\n<tr>\n<td colspan=\"1\" rowspan=\"14\" data-sheets-value=\"{&quot;1&quot;:2,&quot;2&quot;:&quot;Peripheral interface&quot;}\">\n<div>Peripheral interface<\/div>\n<\/td>\n<td data-sheets-value=\"{&quot;1&quot;:2,&quot;2&quot;:&quot;Terminal analog input resolution&quot;}\">Terminal analog input resolution<\/td>\n<td data-sheets-value=\"{&quot;1&quot;:2,&quot;2&quot;:&quot;No more than 20mV&quot;}\">No more than 20mV<\/td>\n<\/tr>\n<tr>\n<td data-sheets-value=\"{&quot;1&quot;:2,&quot;2&quot;:&quot;Terminal digital Input resolution&quot;}\">Terminal digital Input resolution<\/td>\n<td data-sheets-value=\"{&quot;1&quot;:2,&quot;2&quot;:&quot;No more than 2ms&quot;}\">No more than 2ms<\/td>\n<\/tr>\n<tr>\n<td data-sheets-value=\"{&quot;1&quot;:2,&quot;2&quot;:&quot;Analog input&quot;}\">Analog input<\/td>\n<td data-sheets-value=\"{&quot;1&quot;:2,&quot;2&quot;:&quot;2 inputs; AI1: 0-10V\/0-20mA; AI2: -10\u00ad\u00ad\u00ad\u00ad\u00ad-10 V&quot;}\" data-sheets-textstyleruns=\"{&quot;1&quot;:0}\uee10{&quot;1&quot;:37,&quot;2&quot;:{&quot;2&quot;:{&quot;1&quot;:3,&quot;3&quot;:1},&quot;3&quot;:&quot;Calibri&quot;,&quot;4&quot;:11}}\uee10{&quot;1&quot;:44,&quot;2&quot;:{&quot;2&quot;:{&quot;1&quot;:3,&quot;3&quot;:1},&quot;3&quot;:&quot;Calibri&quot;,&quot;4&quot;:11}}\">2 inputs; AI1: 0-10V\/0-20mA; AI2: -10\u00ad\u00ad\u00ad\u00ad\u00ad-10 V<\/td>\n<\/tr>\n<tr>\n<td data-sheets-value=\"{&quot;1&quot;:2,&quot;2&quot;:&quot;Analog output&quot;}\">Analog output<\/td>\n<td data-sheets-value=\"{&quot;1&quot;:2,&quot;2&quot;:&quot;1 output; AO1: 0-10V\/0-20mA&quot;}\">1 output; AO1: 0-10V\/0-20mA<\/td>\n<\/tr>\n<tr>\n<td colspan=\"1\" rowspan=\"2\" data-sheets-value=\"{&quot;1&quot;:2,&quot;2&quot;:&quot;Digital input&quot;}\">\n<div>Digital input<\/div>\n<\/td>\n<td data-sheets-value=\"{&quot;1&quot;:2,&quot;2&quot;:&quot;Four regular inputs; max. frequency: 1kHz; internal impedance: 3.3k\u03a9&quot;}\" data-sheets-textstyleruns=\"{&quot;1&quot;:0}\uee10{&quot;1&quot;:67,&quot;2&quot;:{&quot;2&quot;:{&quot;1&quot;:3,&quot;3&quot;:1},&quot;3&quot;:&quot;Calibri&quot;,&quot;4&quot;:11}}\">Four regular inputs; max. frequency: 1kHz; internal impedance: 3.3k\u03a9<\/td>\n<\/tr>\n<tr>\n<td data-sheets-value=\"{&quot;1&quot;:2,&quot;2&quot;:&quot;Two high speed inputs; max. frequency: 50kHz; supporting quadrature encoder input; with speed measurement function&quot;}\">Two high speed inputs; max. frequency: 50kHz; supporting quadrature encoder input; with speed measurement function<\/td>\n<\/tr>\n<tr>\n<td colspan=\"1\" rowspan=\"2\" data-sheets-value=\"{&quot;1&quot;:2,&quot;2&quot;:&quot;Digital output&quot;}\">\n<div>Digital output<\/div>\n<\/td>\n<td data-sheets-value=\"{&quot;1&quot;:2,&quot;2&quot;:&quot;One high-speed pulse output; max. frequency: 50kHz&quot;}\">One high-speed pulse output; max. frequency: 50kHz<\/td>\n<\/tr>\n<tr>\n<td data-sheets-value=\"{&quot;1&quot;:2,&quot;2&quot;:&quot;One Y terminal open collector output&quot;}\">One Y terminal open collector output<\/td>\n<\/tr>\n<tr>\n<td colspan=\"1\" rowspan=\"4\" data-sheets-value=\"{&quot;1&quot;:2,&quot;2&quot;:&quot;Relay output&quot;}\">\n<div>Relay output<\/div>\n<\/td>\n<td data-sheets-value=\"{&quot;1&quot;:2,&quot;2&quot;:&quot;Two programmable relay outputs&quot;}\">Two programmable relay outputs<\/td>\n<\/tr>\n<tr>\n<td data-sheets-value=\"{&quot;1&quot;:2,&quot;2&quot;:&quot;RO1A: NO; RO1B: NC; RO1C: common&quot;}\">RO1A: NO; RO1B: NC; RO1C: common<\/td>\n<\/tr>\n<tr>\n<td data-sheets-value=\"{&quot;1&quot;:2,&quot;2&quot;:&quot;RO2A: NO; RO2B: NC; RO2C: common&quot;}\">RO2A: NO; RO2B: NC; RO2C: common<\/td>\n<\/tr>\n<tr>\n<td data-sheets-value=\"{&quot;1&quot;:2,&quot;2&quot;:&quot;Contact capacity: 3A\/250V, 1A\/DC30V&quot;}\">Contact capacity: 3A\/250V, 1A\/DC30V<\/td>\n<\/tr>\n<tr>\n<td colspan=\"1\" rowspan=\"2\" data-sheets-value=\"{&quot;1&quot;:2,&quot;2&quot;:&quot;Extension interface&quot;}\">\n<div>Extension interface<\/div>\n<\/td>\n<td data-sheets-value=\"{&quot;1&quot;:2,&quot;2&quot;:&quot;Three extended interfaces: SLOT1, SLOT2 and SLOT3 &quot;}\">Three extended interfaces: SLOT1, SLOT2 and SLOT3<\/td>\n<\/tr>\n<tr>\n<td data-sheets-value=\"{&quot;1&quot;:2,&quot;2&quot;:&quot;Expandable PG cards, programmable expansion cards, communication card, I\/O card and etc.&quot;}\">Expandable PG cards, programmable expansion cards, communication card, I\/O card and etc.<\/td>\n<\/tr>\n<tr>\n<td colspan=\"1\" rowspan=\"9\" data-sheets-value=\"{&quot;1&quot;:2,&quot;2&quot;:&quot;Other&quot;}\">\n<div>Other<\/div>\n<\/td>\n<td data-sheets-value=\"{&quot;1&quot;:2,&quot;2&quot;:&quot;Mounting method&quot;}\">Mounting method<\/td>\n<td data-sheets-value=\"{&quot;1&quot;:2,&quot;2&quot;:&quot;Wall mounting and flange mounting&quot;}\">Wall mounting and flange mounting<\/td>\n<\/tr>\n<tr>\n<td data-sheets-value=\"{&quot;1&quot;:2,&quot;2&quot;:&quot;Temperature of running environment&quot;}\">Temperature of running environment<\/td>\n<td data-sheets-value=\"{&quot;1&quot;:2,&quot;2&quot;:&quot;-10 - +50\u00b0C&quot;}\">-10 &#8211; +50\u00b0C<\/td>\n<\/tr>\n<tr>\n<td data-sheets-value=\"{&quot;1&quot;:2,&quot;2&quot;:&quot;Ingress protection rating&quot;}\">Ingress protection rating<\/td>\n<td data-sheets-value=\"{&quot;1&quot;:2,&quot;2&quot;:&quot;IP55&quot;}\">IP55<\/td>\n<\/tr>\n<tr>\n<td data-sheets-value=\"{&quot;1&quot;:2,&quot;2&quot;:&quot;Pollution degree&quot;}\">Pollution degree<\/td>\n<td data-sheets-value=\"{&quot;1&quot;:2,&quot;2&quot;:&quot;Degree 2&quot;}\">Degree 2<\/td>\n<\/tr>\n<tr>\n<td data-sheets-value=\"{&quot;1&quot;:2,&quot;2&quot;:&quot;Cooling method&quot;}\">Cooling method<\/td>\n<td data-sheets-value=\"{&quot;1&quot;:2,&quot;2&quot;:&quot;Forced air cooling&quot;}\">Forced air cooling<\/td>\n<\/tr>\n<tr>\n<td data-sheets-value=\"{&quot;1&quot;:2,&quot;2&quot;:&quot;Braking unit&quot;}\">Braking unit<\/td>\n<td data-sheets-value=\"{&quot;1&quot;:2,&quot;2&quot;:&quot;Built-in brake units are included in the standard configuration of 37kW or lower VFDs. VFDs od 45-110kW support optional built-in brake units. A VFD model with built-in brake unit ends with &quot;-B&quot;. For example GD350-045G\/055P-45-AS-B&quot;}\">Built-in brake units are included in the standard configuration of 37kW or lower VFDs. VFDs od 45-110kW support optional built-in brake units. A VFD model with built-in brake unit ends with &#8220;-B&#8221;. For example GD350-045G\/055P-45-AS-B<\/td>\n<\/tr>\n<tr>\n<td colspan=\"1\" rowspan=\"2\" data-sheets-value=\"{&quot;1&quot;:2,&quot;2&quot;:&quot;EMC filter&quot;}\">\n<div>EMC filter<\/div>\n<\/td>\n<td data-sheets-value=\"{&quot;1&quot;:2,&quot;2&quot;:&quot;Conducted emissions of all models meet the requirements of C3 in the IEC\/EN 61800-3 standard. The -AS models offers the 30m motor cable, meeting the C3 requirements. External filter is optional: Conducted emission can meet the requirements of C2 in the IEC\/EN 61800-3 standard.&quot;}\">Conducted emissions of all models meet the requirements of C3 in the IEC\/EN 61800-3 standard. The -AS models offers the 30m motor cable, meeting the C3 requirements. External filter is optional: Conducted emission can meet the requirements of C2 in the IEC\/EN 61800-3 standard.<\/td>\n<\/tr>\n<tr>\n<td data-sheets-value=\"{&quot;1&quot;:2,&quot;2&quot;:&quot;Note: It is required to observe the EMC compliance required by the appendix of the manual. The motor and motor cables shall be selected based on technical requirements specified in the appendix of manual.&quot;}\" data-sheets-textstyleruns=\"{&quot;1&quot;:0}\uee10{&quot;1&quot;:6,&quot;2&quot;:{&quot;5&quot;:0}}\">Note: It is required to observe the EMC compliance required by the appendix of the manual. The motor and motor cables shall be selected based on technical requirements specified in the appendix of manual.<\/td>\n<\/tr>\n<tr>\n<td data-sheets-value=\"{&quot;1&quot;:2,&quot;2&quot;:&quot;STO certification level&quot;}\">STO certification level<\/td>\n<td data-sheets-value=\"{&quot;1&quot;:2,&quot;2&quot;:&quot;Meet the SIL2 level&quot;}\">Meet the SIL2 level<\/td>\n<\/tr>\n<\/tbody>\n<\/table>\n<p>&nbsp;<\/p>\n","protected":false},"excerpt":{"rendered":"<p>GD350 IP55 yra didelio na\u0161umo ir daugiafunkcinis da\u017enio keitiklis. IP55 apsaugos klas\u0117 u\u017etikrina geriausi\u0105 apsaug\u0105 esant nepalankioms s\u0105lygoms. GD350 IP55 taip pat pasi\u017eymi tokiomis savyb\u0117mis, kaip paprastas naudojimas, puikus na\u0161umas, didelis pritaikomumas. Kartu integruotas kintamosios srov\u0117s jungiklis u\u017etikrina patogum\u0105 ir saugum\u0105 valdant varikl\u012f. Jis pla\u010diai naudojamas akvakult\u016bros \u016bkiuose, vandens valymo \u012frenginiuose, ventiliatoriuose ir kt.<\/p>\n","protected":false},"featured_media":1204,"menu_order":309,"comment_status":"closed","ping_status":"closed","template":"","meta":{"_acf_changed":false},"product_brand":[],"product_cat":[42],"product_tag":[],"class_list":{"0":"post-1187","1":"product","2":"type-product","3":"status-publish","4":"has-post-thumbnail","6":"product_cat-trifaziai-daznio-keitikliai-daznio-keitikliai-gd350-ip55","8":"first","9":"instock","10":"shipping-taxable","11":"purchasable","12":"product-type-simple"},"acf":[],"_links":{"self":[{"href":"https:\/\/elicsgroup.com\/en\/wp-json\/wp\/v2\/product\/1187","targetHints":{"allow":["GET"]}}],"collection":[{"href":"https:\/\/elicsgroup.com\/en\/wp-json\/wp\/v2\/product"}],"about":[{"href":"https:\/\/elicsgroup.com\/en\/wp-json\/wp\/v2\/types\/product"}],"replies":[{"embeddable":true,"href":"https:\/\/elicsgroup.com\/en\/wp-json\/wp\/v2\/comments?post=1187"}],"wp:featuredmedia":[{"embeddable":true,"href":"https:\/\/elicsgroup.com\/en\/wp-json\/wp\/v2\/media\/1204"}],"wp:attachment":[{"href":"https:\/\/elicsgroup.com\/en\/wp-json\/wp\/v2\/media?parent=1187"}],"wp:term":[{"taxonomy":"product_brand","embeddable":true,"href":"https:\/\/elicsgroup.com\/en\/wp-json\/wp\/v2\/product_brand?post=1187"},{"taxonomy":"product_cat","embeddable":true,"href":"https:\/\/elicsgroup.com\/en\/wp-json\/wp\/v2\/product_cat?post=1187"},{"taxonomy":"product_tag","embeddable":true,"href":"https:\/\/elicsgroup.com\/en\/wp-json\/wp\/v2\/product_tag?post=1187"}],"curies":[{"name":"wp","href":"https:\/\/api.w.org\/{rel}","templated":true}]}}