{"id":1177,"date":"2025-03-24T09:16:42","date_gmt":"2025-03-24T07:16:42","guid":{"rendered":"https:\/\/elicsgroup.com\/?post_type=product&#038;p=1177"},"modified":"2025-07-31T17:16:38","modified_gmt":"2025-07-31T14:16:38","slug":"daznio-keitiklis-22kw-gd270-022-4-l1-c2","status":"publish","type":"product","link":"https:\/\/elicsgroup.com\/en\/produktas\/daznio-keitiklis-22kw-gd270-022-4-l1-c2\/","title":{"rendered":"Da\u017enio keitiklis 22kW GD270-022-4(-L1\/-C2)"},"content":{"rendered":"<p>Funkcijos<\/p>\n<ol>\n<li>Dyd\u017eio prana\u0161umas: pritaikyta knygos tipo konstrukcija, leid\u017eianti lengvai montuoti ir suteikia kompakti\u0161k\u0105 form\u0105<\/li>\n<li>Variklio suderinamumas: palaiko sinchronini\u0173 ir asinchronini\u0173 varikli\u0173 valdym\u0105<\/li>\n<li>\u012ediekite ir paleiskite: integruota su ventiliatori\u0173 ir siurbli\u0173 pramonin\u0117mis taikymo funkcijomis (HVAC)<\/li>\n<li>Energijos taupymas ir auk\u0161tas efektyvumas: naudoja nauj\u0105 ECO algoritm\u0105, suma\u017einant\u012f eksploatavimo i\u0161laidas<\/li>\n<li>Konfig\u016bruojama pagal pageidavim\u0105: gali b\u016bti konfig\u016bruojama pasirinktinai su integruotu DC reaktoriumi ir i\u0161vesties reaktoriumi.<\/li>\n<li>Didelis i\u0161pl\u0117timo paj\u0117gumas: palaiko Profibus-DP, Profinet, CANopen komunikacijas ir I\/O i\u0161pl\u0117timus<\/li>\n<li>Patobulintas apsaugos mechanizmas: sustiprintas apsauginis sluoksnis pagrindin\u0117je plok\u0161t\u0117je<\/li>\n<\/ol>\n<p>Technin\u0117 specifikacija: <a href=\"https:\/\/eshop.elicsgroup.com\/wp-content\/uploads\/GD270-CatalogEN-20230817V2.4.pdf\">GD270 Catalog(EN)-20230817(V2.4)<\/a><\/p>\n<table dir=\"ltr\" border=\"1\" cellspacing=\"0\" cellpadding=\"0\" data-sheets-root=\"1\">\n<colgroup>\n<col width=\"194\" \/>\n<col width=\"194\" \/>\n<col width=\"428\" \/><\/colgroup>\n<tbody>\n<tr>\n<td colspan=\"2\" rowspan=\"1\" data-sheets-value=\"{&quot;1&quot;:2,&quot;2&quot;:&quot;Function description&quot;}\">Function description<\/td>\n<td data-sheets-value=\"{&quot;1&quot;:2,&quot;2&quot;:&quot;Description&quot;}\">Description<\/td>\n<\/tr>\n<tr>\n<td colspan=\"1\" rowspan=\"4\" data-sheets-value=\"{&quot;1&quot;:2,&quot;2&quot;:&quot;Power input&quot;}\">\n<div>Power input<\/div>\n<\/td>\n<td data-sheets-value=\"{&quot;1&quot;:2,&quot;2&quot;:&quot;Input voltage (V)&quot;}\">Input voltage (V)<\/td>\n<td data-sheets-value=\"{&quot;1&quot;:2,&quot;2&quot;:&quot;AC 3PH 380\u2013480V. Rated voltage: 380V&quot;}\">AC 3PH 380\u2013480V. Rated voltage: 380V<\/td>\n<\/tr>\n<tr>\n<td data-sheets-value=\"{&quot;1&quot;:2,&quot;2&quot;:&quot;Allowed voltage transient fluctuation&quot;}\">Allowed voltage transient fluctuation<\/td>\n<td data-sheets-value=\"{&quot;1&quot;:2,&quot;2&quot;:&quot;-15%\u2013+10%&quot;}\">-15%\u2013+10%<\/td>\n<\/tr>\n<tr>\n<td data-sheets-value=\"{&quot;1&quot;:2,&quot;2&quot;:&quot;Input current (A)&quot;}\">Input current (A)<\/td>\n<td data-sheets-value=\"{&quot;1&quot;:3,&quot;3&quot;:54}\">54<\/td>\n<\/tr>\n<tr>\n<td data-sheets-value=\"{&quot;1&quot;:2,&quot;2&quot;:&quot;Input frequency (Hz)&quot;}\">Input frequency (Hz)<\/td>\n<td data-sheets-value=\"{&quot;1&quot;:2,&quot;2&quot;:&quot;50 Hz or 60 Hz allowable range 47-63Hz&quot;}\">50 Hz or 60 Hz allowable range 47-63Hz<\/td>\n<\/tr>\n<tr>\n<td colspan=\"1\" rowspan=\"4\" data-sheets-value=\"{&quot;1&quot;:2,&quot;2&quot;:&quot;Power output&quot;}\">\n<div>Power output<\/div>\n<\/td>\n<td data-sheets-value=\"{&quot;1&quot;:2,&quot;2&quot;:&quot;Output voltage (V)&quot;}\">Output voltage (V)<\/td>\n<td data-sheets-value=\"{&quot;1&quot;:2,&quot;2&quot;:&quot;0-input voltage&quot;}\">0-input voltage<\/td>\n<\/tr>\n<tr>\n<td data-sheets-value=\"{&quot;1&quot;:2,&quot;2&quot;:&quot;Output current (A)&quot;}\">Output current (A)<\/td>\n<td data-sheets-value=\"{&quot;1&quot;:3,&quot;3&quot;:45}\">45<\/td>\n<\/tr>\n<tr>\n<td data-sheets-value=\"{&quot;1&quot;:2,&quot;2&quot;:&quot;Output power (kW)&quot;}\">Output power (kW)<\/td>\n<td data-sheets-value=\"{&quot;1&quot;:3,&quot;3&quot;:22}\">22<\/td>\n<\/tr>\n<tr>\n<td data-sheets-value=\"{&quot;1&quot;:2,&quot;2&quot;:&quot;Output frequency (Hz)&quot;}\">Output frequency (Hz)<\/td>\n<td data-sheets-value=\"{&quot;1&quot;:2,&quot;2&quot;:&quot;0-400 Hz&quot;}\">0-400 Hz<\/td>\n<\/tr>\n<tr>\n<td colspan=\"1\" rowspan=\"8\" data-sheets-value=\"{&quot;1&quot;:2,&quot;2&quot;:&quot;Technical control performance&quot;}\">\n<div>Technical control performance<\/div>\n<\/td>\n<td data-sheets-value=\"{&quot;1&quot;:2,&quot;2&quot;:&quot;Control mode&quot;}\">Control mode<\/td>\n<td data-sheets-value=\"{&quot;1&quot;:2,&quot;2&quot;:&quot;Space voltage vector control, sensorless vector control (SVC)&quot;}\">Space voltage vector control, sensorless vector control (SVC)<\/td>\n<\/tr>\n<tr>\n<td data-sheets-value=\"{&quot;1&quot;:2,&quot;2&quot;:&quot;Motor type&quot;}\">Motor type<\/td>\n<td data-sheets-value=\"{&quot;1&quot;:2,&quot;2&quot;:&quot;Asynchronous motor (AM) and permanent magnetic synchronous motor (SM)&quot;}\">Asynchronous motor (AM) and permanent magnetic synchronous motor (SM)<\/td>\n<\/tr>\n<tr>\n<td data-sheets-value=\"{&quot;1&quot;:2,&quot;2&quot;:&quot;Speed ratio&quot;}\">Speed ratio<\/td>\n<td data-sheets-value=\"{&quot;1&quot;:2,&quot;2&quot;:&quot;For Asynchronous motors (AMs): 1:200 (SVC); for synchronous motors (SMs): 1:20 (SVC)&quot;}\">For Asynchronous motors (AMs): 1:200 (SVC); for synchronous motors (SMs): 1:20 (SVC)<\/td>\n<\/tr>\n<tr>\n<td data-sheets-value=\"{&quot;1&quot;:2,&quot;2&quot;:&quot;Speed control accuracy&quot;}\">Speed control accuracy<\/td>\n<td data-sheets-value=\"{&quot;1&quot;:2,&quot;2&quot;:&quot;\u00b1 0.2% (SVC)&quot;}\">\u00b1 0.2% (SVC)<\/td>\n<\/tr>\n<tr>\n<td data-sheets-value=\"{&quot;1&quot;:2,&quot;2&quot;:&quot;Speed fluctuation&quot;}\">Speed fluctuation<\/td>\n<td data-sheets-value=\"{&quot;1&quot;:2,&quot;2&quot;:&quot;\u00b1 0.3% (SVC)&quot;}\">\u00b1 0.3% (SVC)<\/td>\n<\/tr>\n<tr>\n<td data-sheets-value=\"{&quot;1&quot;:2,&quot;2&quot;:&quot;Torque response&quot;}\">Torque response<\/td>\n<td data-sheets-value=\"{&quot;1&quot;:2,&quot;2&quot;:&quot;&lt; 20ms (SVC)&quot;}\">&lt; 20ms (SVC)<\/td>\n<\/tr>\n<tr>\n<td data-sheets-value=\"{&quot;1&quot;:2,&quot;2&quot;:&quot;Torque control accuracy&quot;}\">Torque control accuracy<\/td>\n<td data-sheets-value=\"{&quot;1&quot;:2,&quot;2&quot;:&quot;\u00b1 10% (SVC)&quot;}\">\u00b1 10% (SVC)<\/td>\n<\/tr>\n<tr>\n<td data-sheets-value=\"{&quot;1&quot;:2,&quot;2&quot;:&quot;Overload capacity&quot;}\">Overload capacity<\/td>\n<td data-sheets-value=\"{&quot;1&quot;:2,&quot;2&quot;:&quot;Able to run at 110% of rated current for 1min, and overload allowed for every 5 min.&quot;}\">Able to run at 110% of rated current for 1min, and overload allowed for every 5 min.<\/td>\n<\/tr>\n<tr>\n<td colspan=\"1\" rowspan=\"4\" data-sheets-value=\"{&quot;1&quot;:2,&quot;2&quot;:&quot;Running control performance&quot;}\">\n<div>Running control performance<\/div>\n<\/td>\n<td data-sheets-value=\"{&quot;1&quot;:2,&quot;2&quot;:&quot;Frequency setting method&quot;}\">Frequency setting method<\/td>\n<td data-sheets-value=\"{&quot;1&quot;:2,&quot;2&quot;:&quot;Settings can be implemented through digital, analog, pulse frequency, multi-step speed running, simple PLC, PID communication, communication and etc. Settings can be combined and the setting channels can be switched.&quot;}\">Settings can be implemented through digital, analog, pulse frequency, multi-step speed running, simple PLC, PID communication, communication and etc. Settings can be combined and the setting channels can be switched.<\/td>\n<\/tr>\n<tr>\n<td data-sheets-value=\"{&quot;1&quot;:2,&quot;2&quot;:&quot;Automatic voltage regulation&quot;}\">Automatic voltage regulation<\/td>\n<td data-sheets-value=\"{&quot;1&quot;:2,&quot;2&quot;:&quot;The output voltage can be kept constant although the grid voltage changes.&quot;}\">The output voltage can be kept constant although the grid voltage changes.<\/td>\n<\/tr>\n<tr>\n<td data-sheets-value=\"{&quot;1&quot;:2,&quot;2&quot;:&quot;Fault protection&quot;}\">Fault protection<\/td>\n<td data-sheets-value=\"{&quot;1&quot;:2,&quot;2&quot;:&quot;Many protection functions available such as protection against overcurrent, overvoltage, undervoltage, overtemperature, phase loss and overload.&quot;}\">Many protection functions available such as protection against overcurrent, overvoltage, undervoltage, overtemperature, phase loss and overload.<\/td>\n<\/tr>\n<tr>\n<td data-sheets-value=\"{&quot;1&quot;:2,&quot;2&quot;:&quot;Speed tracking restart&quot;}\">Speed tracking restart<\/td>\n<td data-sheets-value=\"{&quot;1&quot;:2,&quot;2&quot;:&quot;Used to implement impact-free smooth startup for rotating motors&quot;}\">Used to implement impact-free smooth startup for rotating motors<\/td>\n<\/tr>\n<tr>\n<td colspan=\"1\" rowspan=\"13\" data-sheets-value=\"{&quot;1&quot;:2,&quot;2&quot;:&quot;Peripheral interface&quot;}\">\n<div>Peripheral interface<\/div>\n<\/td>\n<td data-sheets-value=\"{&quot;1&quot;:2,&quot;2&quot;:&quot;Terminal analog input resolution&quot;}\">Terminal analog input resolution<\/td>\n<td data-sheets-value=\"{&quot;1&quot;:2,&quot;2&quot;:&quot;No more than 20mV&quot;}\">No more than 20mV<\/td>\n<\/tr>\n<tr>\n<td data-sheets-value=\"{&quot;1&quot;:2,&quot;2&quot;:&quot;Terminal digital Input resolution&quot;}\">Terminal digital Input resolution<\/td>\n<td data-sheets-value=\"{&quot;1&quot;:2,&quot;2&quot;:&quot;No more than 2ms&quot;}\">No more than 2ms<\/td>\n<\/tr>\n<tr>\n<td data-sheets-value=\"{&quot;1&quot;:2,&quot;2&quot;:&quot;Analog input&quot;}\">Analog input<\/td>\n<td data-sheets-value=\"{&quot;1&quot;:2,&quot;2&quot;:&quot;Two inputs; AI1: 0(2)-10V\/0(4)-20mA; AI2: -10\u00ad\u00ad\u00ad\u00ad\u00ad-+10 V&quot;}\">Two inputs; AI1: 0(2)-10V\/0(4)-20mA; AI2: -10\u00ad\u00ad\u00ad\u00ad\u00ad-+10 V<\/td>\n<\/tr>\n<tr>\n<td data-sheets-value=\"{&quot;1&quot;:2,&quot;2&quot;:&quot;Analog output&quot;}\">Analog output<\/td>\n<td data-sheets-value=\"{&quot;1&quot;:2,&quot;2&quot;:&quot;Two outputs; AO0\/AO1: 0(2)-10V\/0(4)-20mA&quot;}\">Two outputs; AO0\/AO1: 0(2)-10V\/0(4)-20mA<\/td>\n<\/tr>\n<tr>\n<td colspan=\"1\" rowspan=\"2\" data-sheets-value=\"{&quot;1&quot;:2,&quot;2&quot;:&quot;Digital input&quot;}\">\n<div>Digital input<\/div>\n<\/td>\n<td data-sheets-value=\"{&quot;1&quot;:2,&quot;2&quot;:&quot;Five regular inputs; max. frequency: 1kHz; internal impedance: 3.3k\u03a9&quot;}\">Five regular inputs; max. frequency: 1kHz; internal impedance: 3.3k\u03a9<\/td>\n<\/tr>\n<tr>\n<td data-sheets-value=\"{&quot;1&quot;:2,&quot;2&quot;:&quot;On high-speed input max. frequency:50kHZ&quot;}\">On high-speed input max. frequency:50kHZ<\/td>\n<\/tr>\n<tr>\n<td data-sheets-value=\"{&quot;1&quot;:2,&quot;2&quot;:&quot;Digital output&quot;}\">Digital output<\/td>\n<td data-sheets-value=\"{&quot;1&quot;:2,&quot;2&quot;:&quot;One Y terminal open collector output, sharing the terminal with S4. The function can be selected through a jumper.&quot;}\">One Y terminal open collector output, sharing the terminal with S4. The function can be selected through a jumper.<\/td>\n<\/tr>\n<tr>\n<td colspan=\"1\" rowspan=\"4\" data-sheets-value=\"{&quot;1&quot;:2,&quot;2&quot;:&quot;Relay output&quot;}\">\n<div>Relay output<\/div>\n<\/td>\n<td data-sheets-value=\"{&quot;1&quot;:2,&quot;2&quot;:&quot;Two programmable relay outputs. &quot;}\">Two programmable relay outputs.<\/td>\n<\/tr>\n<tr>\n<td data-sheets-value=\"{&quot;1&quot;:2,&quot;2&quot;:&quot;RO1A: NO; RO1B: NC; RO1C: common&quot;}\">RO1A: NO; RO1B: NC; RO1C: common<\/td>\n<\/tr>\n<tr>\n<td data-sheets-value=\"{&quot;1&quot;:2,&quot;2&quot;:&quot;RO2A: NO; RO2B: NC; RO2C: common&quot;}\">RO2A: NO; RO2B: NC; RO2C: common<\/td>\n<\/tr>\n<tr>\n<td data-sheets-value=\"{&quot;1&quot;:2,&quot;2&quot;:&quot;Contact Capacity: 3A\/AC250V, 1A\/DC30V&quot;}\">Contact Capacity: 3A\/AC250V, 1A\/DC30V<\/td>\n<\/tr>\n<tr>\n<td colspan=\"1\" rowspan=\"2\" data-sheets-value=\"{&quot;1&quot;:2,&quot;2&quot;:&quot;Extended interfaces&quot;}\">\n<div>Extended interfaces<\/div>\n<\/td>\n<td data-sheets-value=\"{&quot;1&quot;:2,&quot;2&quot;:&quot;Three extended interfaces: SLOT1 and SLOT2&quot;}\">Three extended interfaces: SLOT1 and SLOT2<\/td>\n<\/tr>\n<tr>\n<td data-sheets-value=\"{&quot;1&quot;:2,&quot;2&quot;:&quot;Supporting communication expansion cards, I\/O cards and so on.&quot;}\">Supporting communication expansion cards, I\/O cards and so on.<\/td>\n<\/tr>\n<tr>\n<td colspan=\"1\" rowspan=\"7\" data-sheets-value=\"{&quot;1&quot;:2,&quot;2&quot;:&quot;Other&quot;}\">\n<div>Other<\/div>\n<\/td>\n<td data-sheets-value=\"{&quot;1&quot;:2,&quot;2&quot;:&quot;Mounting method&quot;}\">Mounting method<\/td>\n<td data-sheets-value=\"{&quot;1&quot;:2,&quot;2&quot;:&quot;Supports wall mounting, floor mounting and flange mounting&quot;}\">Supports wall mounting, floor mounting and flange mounting<\/td>\n<\/tr>\n<tr>\n<td data-sheets-value=\"{&quot;1&quot;:2,&quot;2&quot;:&quot;Temperature of running environment&quot;}\">Temperature of running environment<\/td>\n<td data-sheets-value=\"{&quot;1&quot;:2,&quot;2&quot;:&quot;-10 - +50\u00b0C; derating is required if the ambient temperature exceeds 40\u00b0C&quot;}\" data-sheets-textstyleruns=\"{&quot;1&quot;:0}\uee10{&quot;1&quot;:9,&quot;2&quot;:{&quot;2&quot;:{&quot;1&quot;:3,&quot;3&quot;:1},&quot;3&quot;:&quot;Calibri&quot;,&quot;4&quot;:11}}\uee10{&quot;1&quot;:11,&quot;2&quot;:{&quot;2&quot;:{&quot;1&quot;:3,&quot;3&quot;:1},&quot;3&quot;:&quot;Calibri&quot;,&quot;4&quot;:11}}\uee10{&quot;1&quot;:71,&quot;2&quot;:{&quot;2&quot;:{&quot;1&quot;:3,&quot;3&quot;:1},&quot;3&quot;:&quot;Calibri&quot;,&quot;4&quot;:11}}\">-10 &#8211; +50\u00b0C; derating is required if the ambient temperature exceeds 40\u00b0C<\/td>\n<\/tr>\n<tr>\n<td colspan=\"1\" rowspan=\"2\" data-sheets-value=\"{&quot;1&quot;:2,&quot;2&quot;:&quot;Ingress protection rating&quot;}\">\n<div>Ingress protection rating<\/div>\n<\/td>\n<td data-sheets-value=\"{&quot;1&quot;:2,&quot;2&quot;:&quot;IP20 for 200kW and lower&quot;}\">IP20 for 200kW and lower<\/td>\n<\/tr>\n<tr>\n<td data-sheets-value=\"{&quot;1&quot;:2,&quot;2&quot;:&quot;IP00 for 220kW and higher&quot;}\">IP00 for 220kW and higher<\/td>\n<\/tr>\n<tr>\n<td data-sheets-value=\"{&quot;1&quot;:2,&quot;2&quot;:&quot;Pollution degree&quot;}\">Pollution degree<\/td>\n<td data-sheets-value=\"{&quot;1&quot;:2,&quot;2&quot;:&quot;Degree 2&quot;}\">Degree 2<\/td>\n<\/tr>\n<tr>\n<td colspan=\"1\" rowspan=\"2\" data-sheets-value=\"{&quot;1&quot;:2,&quot;2&quot;:&quot;Cooling method&quot;}\">\n<div>Cooling method<\/div>\n<\/td>\n<td data-sheets-value=\"{&quot;1&quot;:2,&quot;2&quot;:&quot;For 1.5kW: Natural air cooling&quot;}\">For 1.5kW: Natural air cooling<\/td>\n<\/tr>\n<tr>\n<td data-sheets-value=\"{&quot;1&quot;:2,&quot;2&quot;:&quot;For 2.2kW and higher: Forced air cooling&quot;}\">For 2.2kW and higher: Forced air cooling<\/td>\n<\/tr>\n<\/tbody>\n<\/table>\n<p>&nbsp;<\/p>\n","protected":false},"excerpt":{"rendered":"<p>GD270 serijos da\u017enio keitikliai skirti ventiliatoriams ir siurbliams valdyti &#8211; nuotek\u0173 valymo, \u0160VOK, chemijos, metalurgijos, elektros energijos ir kitose pramon\u0117s \u0161akose, pasi\u017eymi dideliu energijos vartojimo efektyvumu ir lankstumu.<\/p>\n","protected":false},"featured_media":1173,"menu_order":320,"comment_status":"closed","ping_status":"closed","template":"","meta":{"_acf_changed":false},"product_brand":[],"product_cat":[40],"product_tag":[],"class_list":{"0":"post-1177","1":"product","2":"type-product","3":"status-publish","4":"has-post-thumbnail","6":"product_cat-trifaziai-daznio-keitikliai-daznio-keitikliai-gd270-siurbliams-ir-ventiliatoriams","8":"first","9":"instock","10":"shipping-taxable","11":"purchasable","12":"product-type-simple"},"acf":[],"_links":{"self":[{"href":"https:\/\/elicsgroup.com\/en\/wp-json\/wp\/v2\/product\/1177","targetHints":{"allow":["GET"]}}],"collection":[{"href":"https:\/\/elicsgroup.com\/en\/wp-json\/wp\/v2\/product"}],"about":[{"href":"https:\/\/elicsgroup.com\/en\/wp-json\/wp\/v2\/types\/product"}],"replies":[{"embeddable":true,"href":"https:\/\/elicsgroup.com\/en\/wp-json\/wp\/v2\/comments?post=1177"}],"wp:featuredmedia":[{"embeddable":true,"href":"https:\/\/elicsgroup.com\/en\/wp-json\/wp\/v2\/media\/1173"}],"wp:attachment":[{"href":"https:\/\/elicsgroup.com\/en\/wp-json\/wp\/v2\/media?parent=1177"}],"wp:term":[{"taxonomy":"product_brand","embeddable":true,"href":"https:\/\/elicsgroup.com\/en\/wp-json\/wp\/v2\/product_brand?post=1177"},{"taxonomy":"product_cat","embeddable":true,"href":"https:\/\/elicsgroup.com\/en\/wp-json\/wp\/v2\/product_cat?post=1177"},{"taxonomy":"product_tag","embeddable":true,"href":"https:\/\/elicsgroup.com\/en\/wp-json\/wp\/v2\/product_tag?post=1177"}],"curies":[{"name":"wp","href":"https:\/\/api.w.org\/{rel}","templated":true}]}}