{"id":1154,"date":"2025-03-24T09:16:34","date_gmt":"2025-03-24T07:16:34","guid":{"rendered":"https:\/\/elicsgroup.com\/?post_type=product&#038;p=1154"},"modified":"2025-11-24T09:18:29","modified_gmt":"2025-11-24T07:18:29","slug":"daznio-keitiklis-18-5-kw-gd20-018g-4-eu","status":"publish","type":"product","link":"https:\/\/elicsgroup.com\/en\/produktas\/daznio-keitiklis-18-5-kw-gd20-018g-4-eu\/","title":{"rendered":"Da\u017enio keitiklis 18.5 kW GD20-018G-4-EU"},"content":{"rendered":"<p>Pagrindin\u0117s funkcijos<\/p>\n<p>1.STO (saugus sukimo momento i\u0161jungimas)<br \/>\n2.VF ir bejutiklinis vektorinis valdymas<br \/>\n3.Iki 0,5 Hz\/150 % paleidimo momento<br \/>\n4.\u012emontuotas stabd\u017ei\u0173 blokas ir gausios s\u0105sajos<br \/>\n5.I\u0161orin\u0117 klaviat\u016bra parametrams kopijuoti<br \/>\n6.Standartiniai C3 filtrai (\u22654 kW); pasirinktinai C3 filtrai (\u22642,2 kW) ir C2 filtrai<br \/>\n7.Teikiamos pritaikymo paslaugos (pvz., PTC ir &#8220;Fire-Mode&#8221;)<br \/>\n8.2 met\u0173 garantija<br \/>\n9.UL\/cUL, TUV, SUD, CE sertifikatai<\/p>\n<p>Technin\u0117 specifikacija: <a href=\"https:\/\/eshop.elicsgroup.com\/wp-content\/uploads\/GD20-EU-CatalogEN-201908V1.2\uff09.pdf\">GD20-EU Catalog(EN)-201908(V1.2\uff09<\/a><\/p>\n<table dir=\"ltr\" cellspacing=\"0\" cellpadding=\"0\" data-sheets-root=\"1\">\n<colgroup>\n<col width=\"109\" \/>\n<col width=\"173\" \/>\n<col width=\"148\" \/>\n<col width=\"202\" \/><\/colgroup>\n<tbody>\n<tr>\n<td colspan=\"2\" rowspan=\"1\" data-sheets-value=\"{&quot;1&quot;:2,&quot;2&quot;:&quot;Function&quot;}\">Function<\/td>\n<td colspan=\"2\" rowspan=\"1\" data-sheets-value=\"{&quot;1&quot;:2,&quot;2&quot;:&quot;Specification&quot;}\">Specification<\/td>\n<\/tr>\n<tr>\n<td colspan=\"1\" rowspan=\"3\" data-sheets-value=\"{&quot;1&quot;:2,&quot;2&quot;:&quot;Power input&quot;}\">\n<div>Power input<\/div>\n<\/td>\n<td data-sheets-value=\"{&quot;1&quot;:2,&quot;2&quot;:&quot;Input Voltage&quot;}\">Input Voltage<\/td>\n<td colspan=\"2\" rowspan=\"1\" data-sheets-value=\"{&quot;1&quot;:2,&quot;2&quot;:&quot;3PH 380V (-15%)~440V(+10%)&quot;}\">3PH 380V (-15%)~440V(+10%)<\/td>\n<\/tr>\n<tr>\n<td data-sheets-value=\"{&quot;1&quot;:2,&quot;2&quot;:&quot;Input current(A)&quot;}\">Input current(A)<\/td>\n<td colspan=\"2\" rowspan=\"1\" data-sheets-value=\"{&quot;1&quot;:3,&quot;3&quot;:47}\">47<\/td>\n<\/tr>\n<tr>\n<td data-sheets-value=\"{&quot;1&quot;:2,&quot;2&quot;:&quot;Input frequency (Hz)&quot;}\">Input frequency (Hz)<\/td>\n<td colspan=\"2\" rowspan=\"1\" data-sheets-value=\"{&quot;1&quot;:2,&quot;2&quot;:&quot;50 Hz or 60 Hz allowable range 47-63Hz&quot;}\">50 Hz or 60 Hz allowable range 47-63Hz<\/td>\n<\/tr>\n<tr>\n<td colspan=\"1\" rowspan=\"4\" data-sheets-value=\"{&quot;1&quot;:2,&quot;2&quot;:&quot;Power output&quot;}\">\n<div>Power output<\/div>\n<\/td>\n<td data-sheets-value=\"{&quot;1&quot;:2,&quot;2&quot;:&quot;Output motor capacity (kW)&quot;}\">Output motor capacity (kW)<\/td>\n<td colspan=\"2\" rowspan=\"1\" data-sheets-value=\"{&quot;1&quot;:2,&quot;2&quot;:&quot;18.5&quot;}\">18.5<\/td>\n<\/tr>\n<tr>\n<td data-sheets-value=\"{&quot;1&quot;:2,&quot;2&quot;:&quot;Output current (A)&quot;}\">Output current (A)<\/td>\n<td colspan=\"2\" rowspan=\"1\" data-sheets-value=\"{&quot;1&quot;:3,&quot;3&quot;:38}\">38<\/td>\n<\/tr>\n<tr>\n<td data-sheets-value=\"{&quot;1&quot;:2,&quot;2&quot;:&quot;Output voltage (V)&quot;}\">Output voltage (V)<\/td>\n<td colspan=\"2\" rowspan=\"1\" data-sheets-value=\"{&quot;1&quot;:2,&quot;2&quot;:&quot;0-input voltage, &lt; error 5%&quot;}\">0-input voltage, &lt; error 5%<\/td>\n<\/tr>\n<tr>\n<td data-sheets-value=\"{&quot;1&quot;:2,&quot;2&quot;:&quot;Output frequency&quot;}\">Output frequency<\/td>\n<td colspan=\"2\" rowspan=\"1\" data-sheets-value=\"{&quot;1&quot;:2,&quot;2&quot;:&quot;0-400 Hz&quot;}\">0-400 Hz<\/td>\n<\/tr>\n<tr>\n<td colspan=\"1\" rowspan=\"10\" data-sheets-value=\"{&quot;1&quot;:2,&quot;2&quot;:&quot;Technical control feature&quot;}\">\n<div>Technical control feature<\/div>\n<\/td>\n<td data-sheets-value=\"{&quot;1&quot;:2,&quot;2&quot;:&quot;Control mode&quot;}\">Control mode<\/td>\n<td colspan=\"2\" rowspan=\"1\" data-sheets-value=\"{&quot;1&quot;:2,&quot;2&quot;:&quot;SVPWM, SVC&quot;}\">SVPWM, SVC<\/td>\n<\/tr>\n<tr>\n<td data-sheets-value=\"{&quot;1&quot;:2,&quot;2&quot;:&quot;Adjustable-speed ratio&quot;}\">Adjustable-speed ratio<\/td>\n<td colspan=\"2\" rowspan=\"1\" data-sheets-value=\"{&quot;1&quot;:2,&quot;2&quot;:&quot;1:100&quot;,&quot;6&quot;:1}\">1:100<\/td>\n<\/tr>\n<tr>\n<td data-sheets-value=\"{&quot;1&quot;:2,&quot;2&quot;:&quot;Speed control accuracy&quot;}\">Speed control accuracy<\/td>\n<td colspan=\"2\" rowspan=\"1\" data-sheets-value=\"{&quot;1&quot;:2,&quot;2&quot;:&quot;\u00b1 0,2% (SVC)&quot;}\" data-sheets-textstyleruns=\"{&quot;1&quot;:0,&quot;2&quot;:{&quot;2&quot;:{&quot;1&quot;:3,&quot;3&quot;:1},&quot;3&quot;:&quot;Calibri&quot;,&quot;4&quot;:11}}\uee10{&quot;1&quot;:2,&quot;2&quot;:{&quot;2&quot;:{&quot;1&quot;:3,&quot;3&quot;:1},&quot;3&quot;:&quot;Calibri&quot;,&quot;4&quot;:11}}\">\u00b1 0,2% (SVC)<\/td>\n<\/tr>\n<tr>\n<td data-sheets-value=\"{&quot;1&quot;:2,&quot;2&quot;:&quot;Speed fluctuation&quot;}\">Speed fluctuation<\/td>\n<td colspan=\"2\" rowspan=\"1\" data-sheets-value=\"{&quot;1&quot;:2,&quot;2&quot;:&quot;\u00b1 0,3% (SVC)&quot;}\">\u00b1 0,3% (SVC)<\/td>\n<\/tr>\n<tr>\n<td data-sheets-value=\"{&quot;1&quot;:2,&quot;2&quot;:&quot;Torque response&quot;}\">Torque response<\/td>\n<td colspan=\"2\" rowspan=\"1\" data-sheets-value=\"{&quot;1&quot;:2,&quot;2&quot;:&quot;&lt;20ms (SVC)&quot;}\">&lt;20ms (SVC)<\/td>\n<\/tr>\n<tr>\n<td data-sheets-value=\"{&quot;1&quot;:2,&quot;2&quot;:&quot;Torque control accuracy&quot;}\">Torque control accuracy<\/td>\n<td colspan=\"2\" rowspan=\"1\" data-sheets-value=\"{&quot;1&quot;:3,&quot;3&quot;:0.1}\" data-sheets-numberformat=\"{&quot;1&quot;:3,&quot;2&quot;:&quot;0%&quot;,&quot;3&quot;:1}\">10%<\/td>\n<\/tr>\n<tr>\n<td data-sheets-value=\"{&quot;1&quot;:2,&quot;2&quot;:&quot;Starting torque&quot;}\">Starting torque<\/td>\n<td colspan=\"2\" rowspan=\"1\" data-sheets-value=\"{&quot;1&quot;:2,&quot;2&quot;:&quot;0, 5 Hz\/150% (SVC)&quot;}\">0, 5 Hz\/150% (SVC)<\/td>\n<\/tr>\n<tr>\n<td colspan=\"1\" rowspan=\"3\" data-sheets-value=\"{&quot;1&quot;:2,&quot;2&quot;:&quot;Overload capability&quot;}\">\n<div>Overload capability<\/div>\n<\/td>\n<td colspan=\"2\" rowspan=\"1\" data-sheets-value=\"{&quot;1&quot;:2,&quot;2&quot;:&quot;150% of rated current: 1 minute &quot;}\">150% of rated current: 1 minute<\/td>\n<\/tr>\n<tr>\n<td colspan=\"2\" rowspan=\"1\" data-sheets-value=\"{&quot;1&quot;:2,&quot;2&quot;:&quot;180% of rated current: 10 seconds&quot;}\">180% of rated current: 10 seconds<\/td>\n<\/tr>\n<tr>\n<td colspan=\"2\" rowspan=\"1\" data-sheets-value=\"{&quot;1&quot;:2,&quot;2&quot;:&quot;200% of rated current: 1 second&quot;}\">200% of rated current: 1 second<\/td>\n<\/tr>\n<tr>\n<td colspan=\"1\" rowspan=\"4\" data-sheets-value=\"{&quot;1&quot;:2,&quot;2&quot;:&quot;Running control feature&quot;}\">\n<div>Running control feature<\/div>\n<\/td>\n<td colspan=\"1\" rowspan=\"2\" data-sheets-value=\"{&quot;1&quot;:2,&quot;2&quot;:&quot;Frequency setting method&quot;}\">\n<div>Frequency setting method<\/div>\n<\/td>\n<td colspan=\"2\" rowspan=\"1\" data-sheets-value=\"{&quot;1&quot;:2,&quot;2&quot;:&quot;Digital setting, analog setting, pulse frequency setting, multi step speed running setting, simple PLC setting, PID setting, MODBUS communication setting. &quot;}\">Digital setting, analog setting, pulse frequency setting, multi step speed running setting, simple PLC setting, PID setting, MODBUS communication setting.<\/td>\n<\/tr>\n<tr>\n<td colspan=\"2\" rowspan=\"1\" data-sheets-value=\"{&quot;1&quot;:2,&quot;2&quot;:&quot;Shift between the set combination and set channel.&quot;}\">Shift between the set combination and set channel.<\/td>\n<\/tr>\n<tr>\n<td data-sheets-value=\"{&quot;1&quot;:2,&quot;2&quot;:&quot;Auto-adjustment of the voltage&quot;}\">Auto-adjustment of the voltage<\/td>\n<td colspan=\"2\" rowspan=\"1\" data-sheets-value=\"{&quot;1&quot;:2,&quot;2&quot;:&quot;Keep a stable voltage automatically when the grid voltage transients&quot;}\">Keep a stable voltage automatically when the grid voltage transients<\/td>\n<\/tr>\n<tr>\n<td data-sheets-value=\"{&quot;1&quot;:2,&quot;2&quot;:&quot;Fault protection&quot;}\">Fault protection<\/td>\n<td colspan=\"2\" rowspan=\"1\" data-sheets-value=\"{&quot;1&quot;:2,&quot;2&quot;:&quot;Provide comprehensive fault protection functions: over-current, over-voltage, under-voltage, over-heating, phase loss and overload, etc.&quot;}\">Provide comprehensive fault protection functions: over-current, over-voltage, under-voltage, over-heating, phase loss and overload, etc.<\/td>\n<\/tr>\n<tr>\n<td colspan=\"1\" rowspan=\"5\" data-sheets-value=\"{&quot;1&quot;:2,&quot;2&quot;:&quot;Peripheral interface&quot;}\">\n<div>Peripheral interface<\/div>\n<\/td>\n<td data-sheets-value=\"{&quot;1&quot;:2,&quot;2&quot;:&quot;Analog input&quot;}\">Analog input<\/td>\n<td colspan=\"2\" rowspan=\"1\" data-sheets-value=\"{&quot;1&quot;:2,&quot;2&quot;:&quot;1 (AI2) 0~10 V\/0~20mA and 1 (AI3) -10 ~10 V&quot;}\">1 (AI2) 0~10 V\/0~20mA and 1 (AI3) -10 ~10 V<\/td>\n<\/tr>\n<tr>\n<td data-sheets-value=\"{&quot;1&quot;:2,&quot;2&quot;:&quot;Analog output&quot;}\">Analog output<\/td>\n<td colspan=\"2\" rowspan=\"1\" data-sheets-value=\"{&quot;1&quot;:2,&quot;2&quot;:&quot;2 (AO1, AO2) 0~10V\/0~20mA (Only 1 AO for inverters\u2264 2.2 kW&quot;}\">2 (AO1, AO2) 0~10V\/0~20mA (Only 1 AO for inverters\u2264 2.2 kW<\/td>\n<\/tr>\n<tr>\n<td data-sheets-value=\"{&quot;1&quot;:2,&quot;2&quot;:&quot;Digital input&quot;}\">Digital input<\/td>\n<td colspan=\"2\" rowspan=\"1\" data-sheets-value=\"{&quot;1&quot;:2,&quot;2&quot;:&quot;4 common inputs, the Max. frequency: 1kHz; 1 high speed input, the Max. frequency: 50kHz.&quot;}\">4 common inputs, the Max. frequency: 1kHz; 1 high speed input, the Max. frequency: 50kHz.<\/td>\n<\/tr>\n<tr>\n<td data-sheets-value=\"{&quot;1&quot;:2,&quot;2&quot;:&quot;Digital output&quot;}\">Digital output<\/td>\n<td colspan=\"2\" rowspan=\"1\" data-sheets-value=\"{&quot;1&quot;:2,&quot;2&quot;:&quot;1 Y1 terminal output.&quot;}\">1 Y1 terminal output.<\/td>\n<\/tr>\n<tr>\n<td data-sheets-value=\"{&quot;1&quot;:2,&quot;2&quot;:&quot;Relay output&quot;}\">Relay output<\/td>\n<td colspan=\"2\" rowspan=\"1\" data-sheets-value=\"{&quot;1&quot;:2,&quot;2&quot;:&quot;2 programmable relay outputs (only 1 relay output for inverters\u2264 2.2 kW.) RO1A NO, RO1B NC, RO1C common terminal. RO2A NO, RO2B NC, RO2C common terminal. Contactor capacity: 3A\/AC250V&quot;}\">2 programmable relay outputs (only 1 relay output for inverters\u2264 2.2 kW.) RO1A NO, RO1B NC, RO1C common terminal. RO2A NO, RO2B NC, RO2C common terminal. Contactor capacity: 3A\/AC250V<\/td>\n<\/tr>\n<tr>\n<td colspan=\"1\" rowspan=\"10\" data-sheets-value=\"{&quot;1&quot;:2,&quot;2&quot;:&quot;Others&quot;}\">\n<div>Others<\/div>\n<\/td>\n<td data-sheets-value=\"{&quot;1&quot;:2,&quot;2&quot;:&quot;Mountable method&quot;}\">Mountable method<\/td>\n<td colspan=\"2\" rowspan=\"1\" data-sheets-value=\"{&quot;1&quot;:2,&quot;2&quot;:&quot;Wall and rail mountable&quot;}\">Wall and rail mountable<\/td>\n<\/tr>\n<tr>\n<td data-sheets-value=\"{&quot;1&quot;:2,&quot;2&quot;:&quot;Breaking Unit&quot;}\">Breaking Unit<\/td>\n<td colspan=\"2\" rowspan=\"1\" data-sheets-value=\"{&quot;1&quot;:2,&quot;2&quot;:&quot;\u2264 37 kW built-in. 45~110 kW optional built-in (Model &quot;-B&quot;)&quot;}\">\u2264 37 kW built-in. 45~110 kW optional built-in (Model &#8220;-B&#8221;)<\/td>\n<\/tr>\n<tr>\n<td data-sheets-value=\"{&quot;1&quot;:2,&quot;2&quot;:&quot;EMI filter&quot;}\">EMI filter<\/td>\n<td colspan=\"2\" rowspan=\"1\" data-sheets-value=\"{&quot;1&quot;:2,&quot;2&quot;:&quot;Optional filter: meet the degree requirement of IEC61800-3 C2, IEC61800-3 C3.&quot;}\">Optional filter: meet the degree requirement of IEC61800-3 C2, IEC61800-3 C3.<\/td>\n<\/tr>\n<tr>\n<td colspan=\"1\" rowspan=\"2\" data-sheets-value=\"{&quot;1&quot;:2,&quot;2&quot;:&quot;Temperature of the running environment&quot;}\">\n<div>Temperature of the running environment<\/div>\n<\/td>\n<td colspan=\"2\" rowspan=\"1\" data-sheets-value=\"{&quot;1&quot;:2,&quot;2&quot;:&quot;-10~50\u00b0C&quot;}\" data-sheets-textstyleruns=\"{&quot;1&quot;:0}\uee10{&quot;1&quot;:6,&quot;2&quot;:{&quot;2&quot;:{&quot;1&quot;:3,&quot;3&quot;:1},&quot;3&quot;:&quot;Calibri&quot;,&quot;4&quot;:11}}\">-10~50\u00b0C<\/td>\n<\/tr>\n<tr>\n<td colspan=\"2\" rowspan=\"1\" data-sheets-value=\"{&quot;1&quot;:2,&quot;2&quot;:&quot;Above 40\u00b0C, derate 1% for every additional 100m.&quot;}\" data-sheets-textstyleruns=\"{&quot;1&quot;:0}\uee10{&quot;1&quot;:8,&quot;2&quot;:{&quot;2&quot;:{&quot;1&quot;:3,&quot;3&quot;:1},&quot;3&quot;:&quot;Calibri&quot;,&quot;4&quot;:11}}\">Above 40\u00b0C, derate 1% for every additional 100m.<\/td>\n<\/tr>\n<tr>\n<td colspan=\"1\" rowspan=\"2\" data-sheets-value=\"{&quot;1&quot;:2,&quot;2&quot;:&quot;Altitude&quot;}\">\n<div>Altitude<\/div>\n<\/td>\n<td colspan=\"2\" rowspan=\"1\" data-sheets-value=\"{&quot;1&quot;:2,&quot;2&quot;:&quot;&lt;1000 m&quot;}\">&lt;1000 m<\/td>\n<\/tr>\n<tr>\n<td colspan=\"2\" rowspan=\"1\" data-sheets-value=\"{&quot;1&quot;:2,&quot;2&quot;:&quot;Above 1000m, derate 1% for every additional 100m.&quot;}\" data-sheets-textstyleruns=\"{&quot;1&quot;:0}\uee10{&quot;1&quot;:21,&quot;2&quot;:{&quot;2&quot;:{&quot;1&quot;:3,&quot;3&quot;:1},&quot;3&quot;:&quot;Calibri&quot;,&quot;4&quot;:11}}\">Above 1000m, derate 1% for every additional 100m.<\/td>\n<\/tr>\n<tr>\n<td data-sheets-value=\"{&quot;1&quot;:2,&quot;2&quot;:&quot;Protective degree&quot;}\">Protective degree<\/td>\n<td colspan=\"2\" rowspan=\"1\" data-sheets-value=\"{&quot;1&quot;:2,&quot;2&quot;:&quot;IP20&quot;}\">IP20<\/td>\n<\/tr>\n<tr>\n<td data-sheets-value=\"{&quot;1&quot;:2,&quot;2&quot;:&quot;Safety&quot;}\">Safety<\/td>\n<td colspan=\"2\" rowspan=\"1\" data-sheets-value=\"{&quot;1&quot;:2,&quot;2&quot;:&quot;Meet the requirement of CE&quot;}\">Meet the requirement of CE<\/td>\n<\/tr>\n<tr>\n<td data-sheets-value=\"{&quot;1&quot;:2,&quot;2&quot;:&quot;Cooling&quot;}\">Cooling<\/td>\n<td colspan=\"2\" rowspan=\"1\" data-sheets-value=\"{&quot;1&quot;:2,&quot;2&quot;:&quot;Fan cooling&quot;}\">Fan cooling<\/td>\n<\/tr>\n<\/tbody>\n<\/table>\n<p>&nbsp;<\/p>\n","protected":false},"excerpt":{"rendered":"<p>Goodrive20-EU yra bendrosios paskirties vektorinio valdymo keitiklis su sertifikuota STO funkcija. Jis orientuotas \u012f OEM \u012frangos rinkas, daugiausia apiman\u010dias vandens valymo, spausdinimo ir pakavimo, vyniojimo \u012frangos, popieriaus, kirpimo \u012frangos, plastiko, maisto, kabeli\u0173, tekstil\u0117s ma\u0161in\u0173, \u0161ildymo, vedinimo, oro kondicienieri\u0173 sistemoms ir kt.<\/p>\n","protected":false},"featured_media":1099,"menu_order":12,"comment_status":"closed","ping_status":"closed","template":"","meta":{"_acf_changed":false},"product_brand":[],"product_cat":[36],"product_tag":[],"class_list":{"0":"post-1154","1":"product","2":"type-product","3":"status-publish","4":"has-post-thumbnail","6":"product_cat-trifaziai-daznio-keitikliai","8":"first","9":"onbackorder","10":"shipping-taxable","11":"purchasable","12":"product-type-simple"},"acf":[],"_links":{"self":[{"href":"https:\/\/elicsgroup.com\/en\/wp-json\/wp\/v2\/product\/1154","targetHints":{"allow":["GET"]}}],"collection":[{"href":"https:\/\/elicsgroup.com\/en\/wp-json\/wp\/v2\/product"}],"about":[{"href":"https:\/\/elicsgroup.com\/en\/wp-json\/wp\/v2\/types\/product"}],"replies":[{"embeddable":true,"href":"https:\/\/elicsgroup.com\/en\/wp-json\/wp\/v2\/comments?post=1154"}],"wp:featuredmedia":[{"embeddable":true,"href":"https:\/\/elicsgroup.com\/en\/wp-json\/wp\/v2\/media\/1099"}],"wp:attachment":[{"href":"https:\/\/elicsgroup.com\/en\/wp-json\/wp\/v2\/media?parent=1154"}],"wp:term":[{"taxonomy":"product_brand","embeddable":true,"href":"https:\/\/elicsgroup.com\/en\/wp-json\/wp\/v2\/product_brand?post=1154"},{"taxonomy":"product_cat","embeddable":true,"href":"https:\/\/elicsgroup.com\/en\/wp-json\/wp\/v2\/product_cat?post=1154"},{"taxonomy":"product_tag","embeddable":true,"href":"https:\/\/elicsgroup.com\/en\/wp-json\/wp\/v2\/product_tag?post=1154"}],"curies":[{"name":"wp","href":"https:\/\/api.w.org\/{rel}","templated":true}]}}