{"id":2340,"date":"2025-02-26T12:52:43","date_gmt":"2025-02-26T10:52:43","guid":{"rendered":"https:\/\/elicsgroup.com\/process-and-plant-set-up\/"},"modified":"2025-07-31T14:41:51","modified_gmt":"2025-07-31T11:41:51","slug":"process-and-plant-set-up","status":"publish","type":"page","link":"https:\/\/elicsgroup.com\/en\/process-and-plant-set-up\/","title":{"rendered":"Process and plant set-up"},"content":{"rendered":"\t\t<div data-elementor-type=\"wp-page\" data-elementor-id=\"2340\" class=\"elementor elementor-2340 elementor-403\" data-elementor-post-type=\"page\">\n\t\t\t\t<div class=\"elementor-element elementor-element-7df31a6 e-con-full e-flex e-con e-parent\" data-id=\"7df31a6\" data-element_type=\"container\" data-e-type=\"container\" data-settings=\"{&quot;background_background&quot;:&quot;classic&quot;,&quot;background_motion_fx_motion_fx_scrolling&quot;:&quot;yes&quot;,&quot;background_motion_fx_translateY_effect&quot;:&quot;yes&quot;,&quot;background_motion_fx_translateY_speed&quot;:{&quot;unit&quot;:&quot;px&quot;,&quot;size&quot;:6,&quot;sizes&quot;:[]},&quot;background_motion_fx_devices&quot;:[&quot;desktop&quot;,&quot;laptop&quot;],&quot;background_motion_fx_translateY_affectedRange&quot;:{&quot;unit&quot;:&quot;%&quot;,&quot;size&quot;:&quot;&quot;,&quot;sizes&quot;:{&quot;start&quot;:0,&quot;end&quot;:100}}}\">\n\t\t<div class=\"elementor-element elementor-element-b09d651 e-con-full e-flex elementor-invisible e-con e-child\" data-id=\"b09d651\" data-element_type=\"container\" data-e-type=\"container\" data-settings=\"{&quot;background_background&quot;:&quot;classic&quot;,&quot;animation&quot;:&quot;fadeIn&quot;}\">\n\t\t\t\t<div class=\"elementor-element elementor-element-5cebc02 elementor-widget elementor-widget-heading\" data-id=\"5cebc02\" data-element_type=\"widget\" data-e-type=\"widget\" data-widget_type=\"heading.default\">\n\t\t\t\t<div class=\"elementor-widget-container\">\n\t\t\t\t\t<h4 class=\"elementor-heading-title elementor-size-default\">.Services<\/h4>\t\t\t\t<\/div>\n\t\t\t\t<\/div>\n\t\t\t\t<div class=\"elementor-element elementor-element-e848552 elementor-widget elementor-widget-heading\" data-id=\"e848552\" data-element_type=\"widget\" data-e-type=\"widget\" data-widget_type=\"heading.default\">\n\t\t\t\t<div class=\"elementor-widget-container\">\n\t\t\t\t\t<h1 class=\"elementor-heading-title elementor-size-default\">Process and plant set-up<\/h1>\t\t\t\t<\/div>\n\t\t\t\t<\/div>\n\t\t\t\t<div class=\"elementor-element elementor-element-fbf3d02 elementor-widget elementor-widget-text-editor\" data-id=\"fbf3d02\" data-element_type=\"widget\" data-e-type=\"widget\" data-widget_type=\"text-editor.default\">\n\t\t\t\t<div class=\"elementor-widget-container\">\n\t\t\t\t\t\t\t\t\t<p>We have an experienced team that has successfully carried out work in explosion and fire hazardous areas, boiler rooms, water supply and treatment plants, power stations, food and other industrial facilities.<\/p>\t\t\t\t\t\t\t\t<\/div>\n\t\t\t\t<\/div>\n\t\t\t\t<div class=\"elementor-element elementor-element-d0b2c7f elementor-mobile-align-left elementor-invisible elementor-widget elementor-widget-button\" data-id=\"d0b2c7f\" data-element_type=\"widget\" data-e-type=\"widget\" data-settings=\"{&quot;_animation&quot;:&quot;fadeInUp&quot;,&quot;_animation_delay&quot;:600,&quot;sticky&quot;:&quot;top&quot;,&quot;sticky_anchor_link_offset&quot;:90,&quot;sticky_on&quot;:[&quot;desktop&quot;,&quot;laptop&quot;,&quot;tablet&quot;,&quot;mobile&quot;],&quot;sticky_offset&quot;:0,&quot;sticky_effects_offset&quot;:0}\" data-widget_type=\"button.default\">\n\t\t\t\t<div class=\"elementor-widget-container\">\n\t\t\t\t\t\t\t\t\t<div class=\"elementor-button-wrapper\">\n\t\t\t\t\t<a class=\"elementor-button elementor-button-link elementor-size-sm\" href=\"#scrolldown\">\n\t\t\t\t\t\t<span class=\"elementor-button-content-wrapper\">\n\t\t\t\t\t\t<span class=\"elementor-button-icon\">\n\t\t\t\t<svg aria-hidden=\"true\" class=\"e-font-icon-svg e-fas-chevron-right\" viewBox=\"0 0 320 512\" xmlns=\"http:\/\/www.w3.org\/2000\/svg\"><path d=\"M285.476 272.971L91.132 467.314c-9.373 9.373-24.569 9.373-33.941 0l-22.667-22.667c-9.357-9.357-9.375-24.522-.04-33.901L188.505 256 34.484 101.255c-9.335-9.379-9.317-24.544.04-33.901l22.667-22.667c9.373-9.373 24.569-9.373 33.941 0L285.475 239.03c9.373 9.372 9.373 24.568.001 33.941z\"><\/path><\/svg>\t\t\t<\/span>\n\t\t\t\t\t\t\t\t\t<span class=\"elementor-button-text\">Find out more<\/span>\n\t\t\t\t\t<\/span>\n\t\t\t\t\t<\/a>\n\t\t\t\t<\/div>\n\t\t\t\t\t\t\t\t<\/div>\n\t\t\t\t<\/div>\n\t\t\t\t<\/div>\n\t\t\t\t<\/div>\n\t\t<div class=\"elementor-element elementor-element-639cace e-con-full e-flex e-con e-parent\" data-id=\"639cace\" data-element_type=\"container\" data-e-type=\"container\" id=\"scrolldown\" data-settings=\"{&quot;background_background&quot;:&quot;classic&quot;}\">\n\t\t<div class=\"elementor-element elementor-element-6635858 e-con-full e-flex e-con e-child\" data-id=\"6635858\" data-element_type=\"container\" data-e-type=\"container\">\n\t\t\t\t<div class=\"elementor-element elementor-element-5892c90 elementor-pagination-position-outside elementor-widget elementor-widget-image-carousel\" data-id=\"5892c90\" data-element_type=\"widget\" data-e-type=\"widget\" data-settings=\"{&quot;slides_to_show&quot;:&quot;2&quot;,&quot;navigation&quot;:&quot;dots&quot;,&quot;image_spacing_custom&quot;:{&quot;unit&quot;:&quot;px&quot;,&quot;size&quot;:40,&quot;sizes&quot;:[]},&quot;image_spacing_custom_tablet&quot;:{&quot;unit&quot;:&quot;px&quot;,&quot;size&quot;:20,&quot;sizes&quot;:[]},&quot;slides_to_show_mobile&quot;:&quot;2&quot;,&quot;autoplay&quot;:&quot;yes&quot;,&quot;autoplay_speed&quot;:5000,&quot;infinite&quot;:&quot;yes&quot;,&quot;speed&quot;:500,&quot;image_spacing_custom_laptop&quot;:{&quot;unit&quot;:&quot;px&quot;,&quot;size&quot;:&quot;&quot;,&quot;sizes&quot;:[]},&quot;image_spacing_custom_mobile&quot;:{&quot;unit&quot;:&quot;px&quot;,&quot;size&quot;:&quot;&quot;,&quot;sizes&quot;:[]}}\" data-widget_type=\"image-carousel.default\">\n\t\t\t\t<div class=\"elementor-widget-container\">\n\t\t\t\t\t\t\t<div class=\"elementor-image-carousel-wrapper swiper\" role=\"region\" aria-roledescription=\"carousel\" aria-label=\"Image Carousel\" dir=\"ltr\">\n\t\t\t<div class=\"elementor-image-carousel swiper-wrapper\" aria-live=\"off\">\n\t\t\t\t\t\t\t\t<div class=\"swiper-slide\" role=\"group\" aria-roledescription=\"slide\" aria-label=\"1 of 4\"><figure class=\"swiper-slide-inner\"><img decoding=\"async\" class=\"swiper-slide-image\" src=\"https:\/\/elicsgroup.com\/wp-content\/uploads\/elementor\/thumbs\/Leonardo_Kino_XL_A_team_of_engineers_conducting_installation_i_1-r24cp3rvzmpyaadeb8r3cvawhanukzuvsjd4179rvc.webp\" alt=\"Leonardo_Kino_XL_A_team_of_engineers_conducting_installation_i_1\" \/><\/figure><\/div><div class=\"swiper-slide\" role=\"group\" aria-roledescription=\"slide\" aria-label=\"2 of 4\"><figure class=\"swiper-slide-inner\"><img decoding=\"async\" class=\"swiper-slide-image\" src=\"https:\/\/elicsgroup.com\/wp-content\/uploads\/elementor\/thumbs\/Leonardo_Kino_XL_Depict_a_team_of_skilled_engineers_collaborat_2-r20tt5jn29jgmpkpxpyr2kqhslidq7er3a3m247u54.webp\" alt=\"Leonardo_Kino_XL_Depict_a_team_of_skilled_engineers_collaborat_2\" \/><\/figure><\/div><div class=\"swiper-slide\" role=\"group\" aria-roledescription=\"slide\" aria-label=\"3 of 4\"><figure class=\"swiper-slide-inner\"><img decoding=\"async\" class=\"swiper-slide-image\" src=\"https:\/\/elicsgroup.com\/wp-content\/uploads\/elementor\/thumbs\/Leonardo_Kino_XL_Showcase_advanced_industrial_automation_syste_3-r20tt4lsvfi6b3m337k4i2z177n0iib0r5g4ku98bc.webp\" alt=\"Leonardo_Kino_XL_Showcase_advanced_industrial_automation_syste_3\" \/><\/figure><\/div><div class=\"swiper-slide\" role=\"group\" aria-roledescription=\"slide\" aria-label=\"4 of 4\"><figure class=\"swiper-slide-inner\"><img decoding=\"async\" class=\"swiper-slide-image\" src=\"https:\/\/elicsgroup.com\/wp-content\/uploads\/elementor\/thumbs\/Leonardo_Kino_XL_Programable_automation_controllers_Industryle_1-r1u0zsfgbypj6lh8slggl3iqjzgm9nypp6dnf1vplk.jpg\" alt=\"Leonardo_Kino_XL_Programable_automation_controllers_Industryle_1\" \/><\/figure><\/div>\t\t\t<\/div>\n\t\t\t\t\t\t\t\n\t\t\t\t\t\t\t\t\t<div class=\"swiper-pagination\"><\/div>\n\t\t\t\t\t\t\t\t\t<\/div>\n\t\t\t\t\t\t<\/div>\n\t\t\t\t<\/div>\n\t\t\t\t<\/div>\n\t\t<div class=\"elementor-element elementor-element-74ab7f0 e-con-full e-flex e-con e-child\" data-id=\"74ab7f0\" data-element_type=\"container\" data-e-type=\"container\">\n\t\t\t\t<div class=\"elementor-element elementor-element-7de20eb elementor-widget__width-initial elementor-widget elementor-widget-heading\" data-id=\"7de20eb\" data-element_type=\"widget\" data-e-type=\"widget\" data-widget_type=\"heading.default\">\n\t\t\t\t<div class=\"elementor-widget-container\">\n\t\t\t\t\t<h2 class=\"elementor-heading-title elementor-size-default\">Every new challenge is an opportunity for us to grow and gain new experience<\/h2>\t\t\t\t<\/div>\n\t\t\t\t<\/div>\n\t\t\t\t<div class=\"elementor-element elementor-element-85ec095 elementor-widget elementor-widget-text-editor\" data-id=\"85ec095\" data-element_type=\"widget\" data-e-type=\"widget\" data-widget_type=\"text-editor.default\">\n\t\t\t\t<div class=\"elementor-widget-container\">\n\t\t\t\t\t\t\t\t\t<p><strong>The company carries out the following work:<\/strong><\/p>\n<ul>\n<li>Installation of cable ducts and fixing structures<\/li>\n<li>Installation of various electrical, hydraulic and pneumatic systems and equipment<\/li>\n<li>Installation of impulse and signal lines<\/li>\n<li>Installation of distribution panels, junction boxes (including ATEX type)<\/li>\n<li>Installation of piping and non-electric heating systems<\/li>\n<li>Installation of analysers and measuring instruments<\/li>\n<li>Installation and commissioning of operator control panels and other specialised control equipment<\/li>\n<li>Assembly of power and control panels<\/li>\n<li>Assembly and installation of various communications and IT cabinets;<\/li>\n<\/ul>\n<p> <\/p>\n<p><strong>Experience in:<\/strong><\/p>\n<ul>\n<li>Oil refining industry<\/li>\n<li>Storage and transport of petroleum products<\/li>\n<li>Chemical industry<\/li>\n<li>Energy and cogeneration plants<\/li>\n<li>Food and drink industry<\/li>\n<li>Water and wastewater treatment sector<\/li>\n<\/ul>\t\t\t\t\t\t\t\t<\/div>\n\t\t\t\t<\/div>\n\t\t\t\t<div class=\"elementor-element elementor-element-680af92 elementor-widget elementor-widget-button\" data-id=\"680af92\" data-element_type=\"widget\" data-e-type=\"widget\" data-widget_type=\"button.default\">\n\t\t\t\t<div class=\"elementor-widget-container\">\n\t\t\t\t\t\t\t\t\t<div class=\"elementor-button-wrapper\">\n\t\t\t\t\t<a class=\"elementor-button elementor-button-link elementor-size-sm elementor-animation-float\" href=\"#scrolltoobjects\">\n\t\t\t\t\t\t<span class=\"elementor-button-content-wrapper\">\n\t\t\t\t\t\t<span class=\"elementor-button-icon\">\n\t\t\t\t<svg aria-hidden=\"true\" class=\"e-font-icon-svg e-fas-chevron-right\" viewBox=\"0 0 320 512\" xmlns=\"http:\/\/www.w3.org\/2000\/svg\"><path d=\"M285.476 272.971L91.132 467.314c-9.373 9.373-24.569 9.373-33.941 0l-22.667-22.667c-9.357-9.357-9.375-24.522-.04-33.901L188.505 256 34.484 101.255c-9.335-9.379-9.317-24.544.04-33.901l22.667-22.667c9.373-9.373 24.569-9.373 33.941 0L285.475 239.03c9.373 9.372 9.373 24.568.001 33.941z\"><\/path><\/svg>\t\t\t<\/span>\n\t\t\t\t\t\t\t\t\t<span class=\"elementor-button-text\">Projects implemented<\/span>\n\t\t\t\t\t<\/span>\n\t\t\t\t\t<\/a>\n\t\t\t\t<\/div>\n\t\t\t\t\t\t\t\t<\/div>\n\t\t\t\t<\/div>\n\t\t\t\t<\/div>\n\t\t\t\t<\/div>\n\t\t<div class=\"elementor-element elementor-element-8fdec7b e-flex e-con-boxed e-con e-parent\" data-id=\"8fdec7b\" data-element_type=\"container\" data-e-type=\"container\" id=\"scrolltoobjects\" data-settings=\"{&quot;background_background&quot;:&quot;classic&quot;}\">\n\t\t\t\t\t<div class=\"e-con-inner\">\n\t\t<div class=\"elementor-element elementor-element-710e0e2 e-con-full e-flex e-con e-child\" data-id=\"710e0e2\" data-element_type=\"container\" data-e-type=\"container\">\n\t\t\t\t<div class=\"elementor-element elementor-element-d2e8eef elementor-widget__width-initial elementor-widget elementor-widget-heading\" data-id=\"d2e8eef\" data-element_type=\"widget\" data-e-type=\"widget\" data-widget_type=\"heading.default\">\n\t\t\t\t<div class=\"elementor-widget-container\">\n\t\t\t\t\t<h2 class=\"elementor-heading-title elementor-size-default\">Projects implemented by this service<\/h2>\t\t\t\t<\/div>\n\t\t\t\t<\/div>\n\t\t\t\t<div class=\"elementor-element elementor-element-6d5138c elementor-widget elementor-widget-button\" data-id=\"6d5138c\" data-element_type=\"widget\" data-e-type=\"widget\" data-widget_type=\"button.default\">\n\t\t\t\t<div class=\"elementor-widget-container\">\n\t\t\t\t\t\t\t\t\t<div class=\"elementor-button-wrapper\">\n\t\t\t\t\t<a class=\"elementor-button elementor-button-link elementor-size-sm elementor-animation-float\" href=\"#\">\n\t\t\t\t\t\t<span class=\"elementor-button-content-wrapper\">\n\t\t\t\t\t\t<span class=\"elementor-button-icon\">\n\t\t\t\t<svg aria-hidden=\"true\" class=\"e-font-icon-svg e-fas-chevron-right\" viewBox=\"0 0 320 512\" xmlns=\"http:\/\/www.w3.org\/2000\/svg\"><path d=\"M285.476 272.971L91.132 467.314c-9.373 9.373-24.569 9.373-33.941 0l-22.667-22.667c-9.357-9.357-9.375-24.522-.04-33.901L188.505 256 34.484 101.255c-9.335-9.379-9.317-24.544.04-33.901l22.667-22.667c9.373-9.373 24.569-9.373 33.941 0L285.475 239.03c9.373 9.372 9.373 24.568.001 33.941z\"><\/path><\/svg>\t\t\t<\/span>\n\t\t\t\t\t\t\t\t\t<span class=\"elementor-button-text\">All projects<\/span>\n\t\t\t\t\t<\/span>\n\t\t\t\t\t<\/a>\n\t\t\t\t<\/div>\n\t\t\t\t\t\t\t\t<\/div>\n\t\t\t\t<\/div>\n\t\t\t\t<\/div>\n\t\t<div class=\"elementor-element elementor-element-a66cf63 e-con-full e-flex e-con e-child\" data-id=\"a66cf63\" data-element_type=\"container\" data-e-type=\"container\">\n\t\t\t\t<\/div>\n\t\t\t\t\t<\/div>\n\t\t\t\t<\/div>\n\t\t<div class=\"elementor-element elementor-element-0faa707 e-con-full e-flex e-con e-parent\" data-id=\"0faa707\" data-element_type=\"container\" data-e-type=\"container\" data-settings=\"{&quot;background_background&quot;:&quot;classic&quot;}\">\n\t\t\t\t<div class=\"elementor-element elementor-element-890f344 elementor-grid-4 elementor-grid-mobile-2 elementor-grid-tablet-2 elementor-widget elementor-widget-loop-grid\" data-id=\"890f344\" data-element_type=\"widget\" data-e-type=\"widget\" data-settings=\"{&quot;template_id&quot;:234,&quot;columns&quot;:4,&quot;row_gap&quot;:{&quot;unit&quot;:&quot;px&quot;,&quot;size&quot;:0,&quot;sizes&quot;:[]},&quot;columns_mobile&quot;:2,&quot;_skin&quot;:&quot;post&quot;,&quot;columns_tablet&quot;:&quot;2&quot;,&quot;edit_handle_selector&quot;:&quot;[data-elementor-type=\\&quot;loop-item\\&quot;]&quot;,&quot;row_gap_laptop&quot;:{&quot;unit&quot;:&quot;px&quot;,&quot;size&quot;:&quot;&quot;,&quot;sizes&quot;:[]},&quot;row_gap_tablet&quot;:{&quot;unit&quot;:&quot;px&quot;,&quot;size&quot;:&quot;&quot;,&quot;sizes&quot;:[]},&quot;row_gap_mobile&quot;:{&quot;unit&quot;:&quot;px&quot;,&quot;size&quot;:&quot;&quot;,&quot;sizes&quot;:[]}}\" data-widget_type=\"loop-grid.post\">\n\t\t\t\t<div class=\"elementor-widget-container\">\n\t\t\t\t\t\t\t<div class=\"elementor-loop-container elementor-grid\" role=\"list\">\n\t\t<style id=\"loop-234\">.elementor-234 .elementor-element.elementor-element-845928c{--display:flex;--padding-top:0px;--padding-bottom:0px;--padding-left:0px;--padding-right:0px;}.elementor-widget-call-to-action .elementor-cta__title{font-family:var( --e-global-typography-primary-font-family ), Sans-serif;font-size:var( --e-global-typography-primary-font-size );font-weight:var( --e-global-typography-primary-font-weight );}.elementor-widget-call-to-action .elementor-cta__description{font-family:var( --e-global-typography-text-font-family ), Sans-serif;font-size:var( --e-global-typography-text-font-size );font-weight:var( --e-global-typography-text-font-weight );}.elementor-widget-call-to-action .elementor-cta__button{font-family:var( --e-global-typography-accent-font-family ), Sans-serif;font-size:var( --e-global-typography-accent-font-size );font-weight:var( --e-global-typography-accent-font-weight );}.elementor-widget-call-to-action .elementor-ribbon-inner{background-color:var( --e-global-color-accent );font-family:var( --e-global-typography-accent-font-family ), Sans-serif;font-size:var( --e-global-typography-accent-font-size );font-weight:var( --e-global-typography-accent-font-weight );}.elementor-234 .elementor-element.elementor-element-d53cae8 .elementor-cta__content{min-height:550px;text-align:start;}.elementor-234 .elementor-element.elementor-element-d53cae8 .elementor-cta__title{font-family:\"Montserrat\", Sans-serif;font-weight:600;line-height:1.5em;color:var( --e-global-color-c78b926 );}.elementor-234 .elementor-element.elementor-element-d53cae8 .elementor-cta__description{font-family:\"Montserrat\", Sans-serif;font-size:16px;font-weight:400;line-height:1.5em;}.elementor-234 .elementor-element.elementor-element-d53cae8 .elementor-cta:hover .elementor-cta__title{color:var( --e-global-color-7708453 );}.elementor-234 .elementor-element.elementor-element-d53cae8 .elementor-cta:not(:hover) .elementor-cta__bg-overlay{background-color:#222222CC;}.elementor-234 .elementor-element.elementor-element-d53cae8 .elementor-cta:hover .elementor-cta__bg-overlay{background-color:#0201011F;}.elementor-234 .elementor-element.elementor-element-d53cae8 .elementor-cta .elementor-cta__bg, .elementor-234 .elementor-element.elementor-element-d53cae8 .elementor-cta .elementor-cta__bg-overlay{transition-duration:500ms;}.elementor-234 .elementor-element.elementor-element-d53cae8 > .elementor-widget-container{border-style:solid;border-width:1px 1px 1px 1px;border-color:#2B363D;}@media(max-width:1440px){.elementor-widget-call-to-action .elementor-cta__title{font-size:var( --e-global-typography-primary-font-size );}.elementor-widget-call-to-action .elementor-cta__description{font-size:var( --e-global-typography-text-font-size );}.elementor-widget-call-to-action .elementor-cta__button{font-size:var( --e-global-typography-accent-font-size );}.elementor-widget-call-to-action .elementor-ribbon-inner{font-size:var( --e-global-typography-accent-font-size );}.elementor-234 .elementor-element.elementor-element-d53cae8 .elementor-cta__content{min-height:400px;}}@media(max-width:1024px){.elementor-widget-call-to-action .elementor-cta__title{font-size:var( --e-global-typography-primary-font-size );}.elementor-widget-call-to-action .elementor-cta__description{font-size:var( --e-global-typography-text-font-size );}.elementor-widget-call-to-action .elementor-cta__button{font-size:var( --e-global-typography-accent-font-size );}.elementor-widget-call-to-action .elementor-ribbon-inner{font-size:var( --e-global-typography-accent-font-size );}}@media(max-width:767px){.elementor-widget-call-to-action .elementor-cta__title{font-size:var( --e-global-typography-primary-font-size );}.elementor-widget-call-to-action .elementor-cta__description{font-size:var( --e-global-typography-text-font-size );}.elementor-widget-call-to-action .elementor-cta__button{font-size:var( --e-global-typography-accent-font-size );}.elementor-widget-call-to-action .elementor-ribbon-inner{font-size:var( --e-global-typography-accent-font-size );}.elementor-234 .elementor-element.elementor-element-d53cae8 .elementor-cta__content{min-height:300px;padding:20px 20px 20px 20px;}.elementor-234 .elementor-element.elementor-element-d53cae8 .elementor-cta__title{font-size:18px;}}<\/style>\t\t<div data-elementor-type=\"loop-item\" data-elementor-id=\"234\" class=\"elementor elementor-234 e-loop-item e-loop-item-2404 post-2404 post type-post status-publish format-standard has-post-thumbnail hentry category-facilities tag-ongoing\" data-elementor-post-type=\"elementor_library\" data-custom-edit-handle=\"1\">\n\t\t\t<div class=\"elementor-element elementor-element-845928c e-flex e-con-boxed e-con e-parent\" data-id=\"845928c\" data-element_type=\"container\" data-e-type=\"container\">\n\t\t\t\t\t<div class=\"e-con-inner\">\n\t\t\t\t<div class=\"elementor-element elementor-element-d53cae8 elementor-cta--skin-cover elementor-cta--valign-bottom elementor-widget elementor-widget-call-to-action\" data-id=\"d53cae8\" data-element_type=\"widget\" data-e-type=\"widget\" data-widget_type=\"call-to-action.default\">\n\t\t\t\t<div class=\"elementor-widget-container\">\n\t\t\t\t\t\t\t<a class=\"elementor-cta\" href=\"https:\/\/elicsgroup.com\/en\/ab-orlen-lietuva\/\">\n\t\t\t\t\t<div class=\"elementor-cta__bg-wrapper\">\n\t\t\t\t<div class=\"elementor-cta__bg elementor-bg\" style=\"background-image: url(https:\/\/elicsgroup.com\/wp-content\/uploads\/2025\/03\/b7a1a600-7dcf-11ed-93db-c1fc3aed5aa7-1024x607.jpg);\" role=\"img\" aria-label=\"b7a1a600-7dcf-11ed-93db-c1fc3aed5aa7\"><\/div>\n\t\t\t\t<div class=\"elementor-cta__bg-overlay\"><\/div>\n\t\t\t<\/div>\n\t\t\t\t\t\t\t<div class=\"elementor-cta__content\">\n\t\t\t\t\n\t\t\t\t\t\t\t\t\t<h2 class=\"elementor-cta__title elementor-cta__content-item elementor-content-item\">\n\t\t\t\t\t\tAB ORLEN Lietuva\t\t\t\t\t<\/h2>\n\t\t\t\t\n\t\t\t\t\t\t\t\t\t<div class=\"elementor-cta__description elementor-cta__content-item elementor-content-item\">\n\t\t\t\t\t\t<p>Client: AB ORLEN Lietuva Customer: AB ORLEN Lietuva Ma\u017eeiki\u0173 g.\t\t\t\t\t<\/div>\n\t\t\t\t\n\t\t\t\t\t\t\t<\/div>\n\t\t\t\t\t\t<\/a>\n\t\t\t\t\t\t<\/div>\n\t\t\t\t<\/div>\n\t\t\t\t\t<\/div>\n\t\t\t\t<\/div>\n\t\t\t\t<\/div>\n\t\t\t\t<div data-elementor-type=\"loop-item\" data-elementor-id=\"234\" class=\"elementor elementor-234 e-loop-item e-loop-item-2405 post-2405 post type-post status-publish format-standard has-post-thumbnail hentry category-facilities tag-ongoing\" data-elementor-post-type=\"elementor_library\" data-custom-edit-handle=\"1\">\n\t\t\t<div class=\"elementor-element elementor-element-845928c e-flex e-con-boxed e-con e-parent\" data-id=\"845928c\" data-element_type=\"container\" data-e-type=\"container\">\n\t\t\t\t\t<div class=\"e-con-inner\">\n\t\t\t\t<div class=\"elementor-element elementor-element-d53cae8 elementor-cta--skin-cover elementor-cta--valign-bottom elementor-widget elementor-widget-call-to-action\" data-id=\"d53cae8\" data-element_type=\"widget\" data-e-type=\"widget\" data-widget_type=\"call-to-action.default\">\n\t\t\t\t<div class=\"elementor-widget-container\">\n\t\t\t\t\t\t\t<a class=\"elementor-cta\" href=\"https:\/\/elicsgroup.com\/en\/ab-orlen-lietuva-2\/\">\n\t\t\t\t\t<div class=\"elementor-cta__bg-wrapper\">\n\t\t\t\t<div class=\"elementor-cta__bg elementor-bg\" style=\"background-image: url(https:\/\/elicsgroup.com\/wp-content\/uploads\/2025\/03\/https-_blogs-images.forbes.com_markvenables_files_2018_12_Future-Downstream-1200x676-1.jpg);\" role=\"img\" aria-label=\"https-_blogs-images.forbes.com_markvenables_files_2018_12_Future-Downstream-1200x676-1\"><\/div>\n\t\t\t\t<div class=\"elementor-cta__bg-overlay\"><\/div>\n\t\t\t<\/div>\n\t\t\t\t\t\t\t<div class=\"elementor-cta__content\">\n\t\t\t\t\n\t\t\t\t\t\t\t\t\t<h2 class=\"elementor-cta__title elementor-cta__content-item elementor-content-item\">\n\t\t\t\t\t\tAB ORLEN Lietuva\t\t\t\t\t<\/h2>\n\t\t\t\t\n\t\t\t\t\t\t\t\t\t<div class=\"elementor-cta__description elementor-cta__content-item elementor-content-item\">\n\t\t\t\t\t\t<p>Client: AB ORLEN Lietuva Customer: UAB &#8220;TEC Consulting&#8221; Ma\u017eeiki\u0173 g.\t\t\t\t\t<\/div>\n\t\t\t\t\n\t\t\t\t\t\t\t<\/div>\n\t\t\t\t\t\t<\/a>\n\t\t\t\t\t\t<\/div>\n\t\t\t\t<\/div>\n\t\t\t\t\t<\/div>\n\t\t\t\t<\/div>\n\t\t\t\t<\/div>\n\t\t\t\t<div data-elementor-type=\"loop-item\" data-elementor-id=\"234\" class=\"elementor elementor-234 e-loop-item e-loop-item-2406 post-2406 post type-post status-publish format-standard has-post-thumbnail hentry category-facilities tag-ongoing\" data-elementor-post-type=\"elementor_library\" data-custom-edit-handle=\"1\">\n\t\t\t<div class=\"elementor-element elementor-element-845928c e-flex e-con-boxed e-con e-parent\" data-id=\"845928c\" data-element_type=\"container\" data-e-type=\"container\">\n\t\t\t\t\t<div class=\"e-con-inner\">\n\t\t\t\t<div class=\"elementor-element elementor-element-d53cae8 elementor-cta--skin-cover elementor-cta--valign-bottom elementor-widget elementor-widget-call-to-action\" data-id=\"d53cae8\" data-element_type=\"widget\" data-e-type=\"widget\" data-widget_type=\"call-to-action.default\">\n\t\t\t\t<div class=\"elementor-widget-container\">\n\t\t\t\t\t\t\t<a class=\"elementor-cta\" href=\"https:\/\/elicsgroup.com\/en\/uab-vilniaus-cogeneracine-jegaine\/\">\n\t\t\t\t\t<div class=\"elementor-cta__bg-wrapper\">\n\t\t\t\t<div class=\"elementor-cta__bg elementor-bg\" style=\"background-image: url(https:\/\/elicsgroup.com\/wp-content\/uploads\/2025\/03\/ruduo-2023-10-1024x682.jpg);\" role=\"img\" aria-label=\"ruduo-2023-10\"><\/div>\n\t\t\t\t<div class=\"elementor-cta__bg-overlay\"><\/div>\n\t\t\t<\/div>\n\t\t\t\t\t\t\t<div class=\"elementor-cta__content\">\n\t\t\t\t\n\t\t\t\t\t\t\t\t\t<h2 class=\"elementor-cta__title elementor-cta__content-item elementor-content-item\">\n\t\t\t\t\t\tUAB &#8220;VILNIAUS COGENERACIN\u0116 J\u0116GAIN\u0116&#8221;\t\t\t\t\t<\/h2>\n\t\t\t\t\n\t\t\t\t\t\t\t\t\t<div class=\"elementor-cta__description elementor-cta__content-item elementor-content-item\">\n\t\t\t\t\t\t<p>Client: UAB &#8220;VILNIAUS KOGENERACIN\u0116 JOGENERACIN\u0116&#8221;, Jo\u010dioni\u0173 str. 13, LT-02300 Vilnius\t\t\t\t\t<\/div>\n\t\t\t\t\n\t\t\t\t\t\t\t<\/div>\n\t\t\t\t\t\t<\/a>\n\t\t\t\t\t\t<\/div>\n\t\t\t\t<\/div>\n\t\t\t\t\t<\/div>\n\t\t\t\t<\/div>\n\t\t\t\t<\/div>\n\t\t\t\t<\/div>\n\t\t\n\t\t\t\t\t\t<\/div>\n\t\t\t\t<\/div>\n\t\t\t\t<\/div>\n\t\t\t\t<\/div>\n\t\t","protected":false},"excerpt":{"rendered":"<p>.Services We have an experienced team that has successfully carried out work in explosion and fire hazardous areas, boiler rooms, water supply and treatment plants, power stations, food and other industrial facilities. Find out more Every new challenge is an opportunity for us to grow and gain new experience The company carries out the following [&hellip;]<\/p>\n","protected":false},"author":1,"featured_media":0,"parent":0,"menu_order":17,"comment_status":"closed","ping_status":"closed","template":"elementor_header_footer","meta":{"_acf_changed":false,"footnotes":""},"class_list":["post-2340","page","type-page","status-publish","hentry"],"acf":[],"_links":{"self":[{"href":"https:\/\/elicsgroup.com\/en\/wp-json\/wp\/v2\/pages\/2340","targetHints":{"allow":["GET"]}}],"collection":[{"href":"https:\/\/elicsgroup.com\/en\/wp-json\/wp\/v2\/pages"}],"about":[{"href":"https:\/\/elicsgroup.com\/en\/wp-json\/wp\/v2\/types\/page"}],"author":[{"embeddable":true,"href":"https:\/\/elicsgroup.com\/en\/wp-json\/wp\/v2\/users\/1"}],"replies":[{"embeddable":true,"href":"https:\/\/elicsgroup.com\/en\/wp-json\/wp\/v2\/comments?post=2340"}],"version-history":[{"count":2,"href":"https:\/\/elicsgroup.com\/en\/wp-json\/wp\/v2\/pages\/2340\/revisions"}],"predecessor-version":[{"id":2342,"href":"https:\/\/elicsgroup.com\/en\/wp-json\/wp\/v2\/pages\/2340\/revisions\/2342"}],"wp:attachment":[{"href":"https:\/\/elicsgroup.com\/en\/wp-json\/wp\/v2\/media?parent=2340"}],"curies":[{"name":"wp","href":"https:\/\/api.w.org\/{rel}","templated":true}]}}