{"id":2335,"date":"2025-03-04T10:50:22","date_gmt":"2025-03-04T08:50:22","guid":{"rendered":"https:\/\/elicsgroup.com\/projects\/"},"modified":"2025-07-31T14:41:52","modified_gmt":"2025-07-31T11:41:52","slug":"projects","status":"publish","type":"page","link":"https:\/\/elicsgroup.com\/en\/projects\/","title":{"rendered":"Projects"},"content":{"rendered":"\t\t<div data-elementor-type=\"wp-page\" data-elementor-id=\"2335\" class=\"elementor elementor-2335 elementor-801\" data-elementor-post-type=\"page\">\n\t\t\t\t<div class=\"elementor-element elementor-element-3212e64 e-flex e-con-boxed e-con e-parent\" data-id=\"3212e64\" data-element_type=\"container\" data-e-type=\"container\" data-settings=\"{&quot;background_background&quot;:&quot;classic&quot;}\">\n\t\t\t\t\t<div class=\"e-con-inner\">\n\t\t\t\t<div class=\"elementor-element elementor-element-2b299c7 elementor-widget__width-initial elementor-widget elementor-widget-heading\" data-id=\"2b299c7\" data-element_type=\"widget\" data-e-type=\"widget\" data-widget_type=\"heading.default\">\n\t\t\t\t<div class=\"elementor-widget-container\">\n\t\t\t\t\t<h1 class=\"elementor-heading-title elementor-size-default\">Projects<\/h1>\t\t\t\t<\/div>\n\t\t\t\t<\/div>\n\t\t\t\t\t<\/div>\n\t\t\t\t<\/div>\n\t\t<div class=\"elementor-element elementor-element-f0a65d5 e-flex e-con-boxed e-con e-parent\" data-id=\"f0a65d5\" data-element_type=\"container\" data-e-type=\"container\">\n\t\t\t\t\t<div class=\"e-con-inner\">\n\t\t\t\t<div class=\"elementor-element elementor-element-78c7646 elementor-widget elementor-widget-taxonomy-filter\" data-id=\"78c7646\" data-element_type=\"widget\" data-e-type=\"widget\" data-settings=\"{&quot;selected_element&quot;:&quot;e55d2fc&quot;,&quot;taxonomy&quot;:&quot;post_tag&quot;,&quot;multiple_selection&quot;:&quot;no&quot;,&quot;horizontal_scroll&quot;:&quot;disable&quot;}\" data-widget_type=\"taxonomy-filter.default\">\n\t\t\t\t<div class=\"elementor-widget-container\">\n\t\t\t\t\t\t\t<search class=\"e-filter\" role=\"search\" data-base-url=\"https:\/\/elicsgroup.com\/en\/\" data-page-num=\"1\">\n\t\t\t\t\t\t\t<button class=\"e-filter-item\" data-filter=\"ongoing\" aria-pressed=\"false\">Ongoing<\/button>\n\t\t\t\n\t\t\t\t\t\t\t\t\t<button class=\"e-filter-item\" data-filter=\"__all\" aria-pressed=\"true\">\n\t\t\t\tAll\t\t\t<\/button>\n\t\t\t\t\t<\/search>\n\t\t\t\t\t\t<\/div>\n\t\t\t\t<\/div>\n\t\t\t\t<div class=\"elementor-element elementor-element-e55d2fc elementor-grid-mobile-2 elementor-grid-3 elementor-grid-tablet-2 elementor-widget elementor-widget-loop-grid\" data-id=\"e55d2fc\" data-element_type=\"widget\" data-e-type=\"widget\" data-settings=\"{&quot;template_id&quot;:806,&quot;columns_mobile&quot;:2,&quot;row_gap_mobile&quot;:{&quot;unit&quot;:&quot;px&quot;,&quot;size&quot;:10,&quot;sizes&quot;:[]},&quot;pagination_type&quot;:&quot;load_more_infinite_scroll&quot;,&quot;_skin&quot;:&quot;post&quot;,&quot;columns&quot;:&quot;3&quot;,&quot;columns_tablet&quot;:&quot;2&quot;,&quot;edit_handle_selector&quot;:&quot;[data-elementor-type=\\&quot;loop-item\\&quot;]&quot;,&quot;load_more_spinner&quot;:{&quot;value&quot;:&quot;fas fa-spinner&quot;,&quot;library&quot;:&quot;fa-solid&quot;},&quot;row_gap&quot;:{&quot;unit&quot;:&quot;px&quot;,&quot;size&quot;:&quot;&quot;,&quot;sizes&quot;:[]},&quot;row_gap_laptop&quot;:{&quot;unit&quot;:&quot;px&quot;,&quot;size&quot;:&quot;&quot;,&quot;sizes&quot;:[]},&quot;row_gap_tablet&quot;:{&quot;unit&quot;:&quot;px&quot;,&quot;size&quot;:&quot;&quot;,&quot;sizes&quot;:[]}}\" data-widget_type=\"loop-grid.post\">\n\t\t\t\t<div class=\"elementor-widget-container\">\n\t\t\t\t\t\t\t<div class=\"elementor-loop-container elementor-grid\" role=\"list\">\n\t\t<style id=\"loop-806\">.elementor-806 .elementor-element.elementor-element-cf0bedd{--display:flex;--gap:20px 20px;--row-gap:20px;--column-gap:20px;--padding-top:0px;--padding-bottom:0px;--padding-left:0px;--padding-right:0px;}.elementor-widget-call-to-action .elementor-cta__title{font-family:var( --e-global-typography-primary-font-family ), Sans-serif;font-size:var( --e-global-typography-primary-font-size );font-weight:var( --e-global-typography-primary-font-weight );}.elementor-widget-call-to-action .elementor-cta__description{font-family:var( --e-global-typography-text-font-family ), Sans-serif;font-size:var( --e-global-typography-text-font-size );font-weight:var( --e-global-typography-text-font-weight );}.elementor-widget-call-to-action .elementor-cta__button{font-family:var( --e-global-typography-accent-font-family ), Sans-serif;font-size:var( --e-global-typography-accent-font-size );font-weight:var( --e-global-typography-accent-font-weight );}.elementor-widget-call-to-action .elementor-ribbon-inner{background-color:var( --e-global-color-accent );font-family:var( --e-global-typography-accent-font-family ), Sans-serif;font-size:var( --e-global-typography-accent-font-size );font-weight:var( --e-global-typography-accent-font-weight );}.elementor-806 .elementor-element.elementor-element-4af3a26 .elementor-cta__content{min-height:450px;text-align:start;}.elementor-806 .elementor-element.elementor-element-4af3a26 .elementor-cta__title{font-family:\"Montserrat\", Sans-serif;font-size:17px;font-weight:600;line-height:1.5em;color:var( --e-global-color-7708453 );}.elementor-806 .elementor-element.elementor-element-4af3a26 .elementor-cta__description{font-family:\"Montserrat\", Sans-serif;font-size:16px;font-weight:400;line-height:1.5em;}.elementor-806 .elementor-element.elementor-element-4af3a26 .elementor-cta:hover .elementor-cta__title{color:var( --e-global-color-7708453 );}.elementor-806 .elementor-element.elementor-element-4af3a26 .elementor-cta:not(:hover) .elementor-cta__bg-overlay{background-color:#22222254;}.elementor-806 .elementor-element.elementor-element-4af3a26 .elementor-cta:hover .elementor-cta__bg-overlay{background-color:#0201011F;}.elementor-806 .elementor-element.elementor-element-4af3a26 .elementor-cta .elementor-cta__bg, .elementor-806 .elementor-element.elementor-element-4af3a26 .elementor-cta .elementor-cta__bg-overlay{transition-duration:500ms;}.elementor-806 .elementor-element.elementor-element-4af3a26 > .elementor-widget-container{border-style:none;}@media(max-width:1440px){.elementor-widget-call-to-action .elementor-cta__title{font-size:var( --e-global-typography-primary-font-size );}.elementor-widget-call-to-action .elementor-cta__description{font-size:var( --e-global-typography-text-font-size );}.elementor-widget-call-to-action .elementor-cta__button{font-size:var( --e-global-typography-accent-font-size );}.elementor-widget-call-to-action .elementor-ribbon-inner{font-size:var( --e-global-typography-accent-font-size );}.elementor-806 .elementor-element.elementor-element-4af3a26 .elementor-cta__content{min-height:400px;}}@media(min-width:768px){.elementor-806 .elementor-element.elementor-element-cf0bedd{--content-width:424px;}}@media(max-width:1024px) and (min-width:768px){.elementor-806 .elementor-element.elementor-element-cf0bedd{--content-width:400px;}}@media(max-width:1024px){.elementor-806 .elementor-element.elementor-element-cf0bedd{--justify-content:space-between;}.elementor-widget-call-to-action .elementor-cta__title{font-size:var( --e-global-typography-primary-font-size );}.elementor-widget-call-to-action .elementor-cta__description{font-size:var( --e-global-typography-text-font-size );}.elementor-widget-call-to-action .elementor-cta__button{font-size:var( --e-global-typography-accent-font-size );}.elementor-widget-call-to-action .elementor-ribbon-inner{font-size:var( --e-global-typography-accent-font-size );}}@media(max-width:767px){.elementor-806 .elementor-element.elementor-element-cf0bedd{--content-width:500px;}.elementor-widget-call-to-action .elementor-cta__title{font-size:var( --e-global-typography-primary-font-size );}.elementor-widget-call-to-action .elementor-cta__description{font-size:var( --e-global-typography-text-font-size );}.elementor-widget-call-to-action .elementor-cta__button{font-size:var( --e-global-typography-accent-font-size );}.elementor-widget-call-to-action .elementor-ribbon-inner{font-size:var( --e-global-typography-accent-font-size );}.elementor-806 .elementor-element.elementor-element-4af3a26 .elementor-cta__content{min-height:300px;padding:20px 20px 20px 20px;}.elementor-806 .elementor-element.elementor-element-4af3a26 .elementor-cta__title{font-size:18px;}}\/* Start custom CSS for call-to-action, class: .elementor-element-4af3a26 *\/.floating-effect:hover {\n    transform: translateY(-5px); \/* Slightly move the item up *\/\n    box-shadow: 0px 10px 20px rgba(0, 0, 0, 0.3); \/* Add a soft shadow *\/\n}\n\n.floating-effect {\n    transition: all 0.3s ease-in-out;\n}\/* End custom CSS *\/<\/style>\t\t<div data-elementor-type=\"loop-item\" data-elementor-id=\"806\" class=\"elementor elementor-806 e-loop-item e-loop-item-2404 post-2404 post type-post status-publish format-standard has-post-thumbnail hentry category-facilities tag-ongoing\" data-elementor-post-type=\"elementor_library\" data-custom-edit-handle=\"1\">\n\t\t\t<div class=\"elementor-element elementor-element-cf0bedd e-flex e-con-boxed e-con e-parent\" data-id=\"cf0bedd\" data-element_type=\"container\" data-e-type=\"container\">\n\t\t\t\t\t<div class=\"e-con-inner\">\n\t\t\t\t<div class=\"elementor-element elementor-element-4af3a26 elementor-cta--skin-cover elementor-cta--valign-bottom floating-effect elementor-widget elementor-widget-call-to-action\" data-id=\"4af3a26\" data-element_type=\"widget\" data-e-type=\"widget\" data-widget_type=\"call-to-action.default\">\n\t\t\t\t<div class=\"elementor-widget-container\">\n\t\t\t\t\t\t\t<a class=\"elementor-cta\" href=\"https:\/\/elicsgroup.com\/en\/ab-orlen-lietuva\/\">\n\t\t\t\t\t<div class=\"elementor-cta__bg-wrapper\">\n\t\t\t\t<div class=\"elementor-cta__bg elementor-bg\" style=\"background-image: url(https:\/\/elicsgroup.com\/wp-content\/uploads\/2025\/03\/b7a1a600-7dcf-11ed-93db-c1fc3aed5aa7-1024x607.jpg);\" role=\"img\" aria-label=\"b7a1a600-7dcf-11ed-93db-c1fc3aed5aa7\"><\/div>\n\t\t\t\t<div class=\"elementor-cta__bg-overlay\"><\/div>\n\t\t\t<\/div>\n\t\t\t\t\t\t\t<div class=\"elementor-cta__content\">\n\t\t\t\t\n\t\t\t\t\t\t\t\t\t<h2 class=\"elementor-cta__title elementor-cta__content-item elementor-content-item\">\n\t\t\t\t\t\tAB ORLEN Lietuva\t\t\t\t\t<\/h2>\n\t\t\t\t\n\t\t\t\t\t\t\t\t\t<div class=\"elementor-cta__description elementor-cta__content-item elementor-content-item\">\n\t\t\t\t\t\t<p>Client: AB ORLEN Lietuva Customer: AB ORLEN Lietuva Ma\u017eeiki\u0173 g.\t\t\t\t\t<\/div>\n\t\t\t\t\n\t\t\t\t\t\t\t<\/div>\n\t\t\t\t\t\t<\/a>\n\t\t\t\t\t\t<\/div>\n\t\t\t\t<\/div>\n\t\t\t\t\t<\/div>\n\t\t\t\t<\/div>\n\t\t\t\t<\/div>\n\t\t\t\t<div data-elementor-type=\"loop-item\" data-elementor-id=\"806\" class=\"elementor elementor-806 e-loop-item e-loop-item-2405 post-2405 post type-post status-publish format-standard has-post-thumbnail hentry category-facilities tag-ongoing\" data-elementor-post-type=\"elementor_library\" data-custom-edit-handle=\"1\">\n\t\t\t<div class=\"elementor-element elementor-element-cf0bedd e-flex e-con-boxed e-con e-parent\" data-id=\"cf0bedd\" data-element_type=\"container\" data-e-type=\"container\">\n\t\t\t\t\t<div class=\"e-con-inner\">\n\t\t\t\t<div class=\"elementor-element elementor-element-4af3a26 elementor-cta--skin-cover elementor-cta--valign-bottom floating-effect elementor-widget elementor-widget-call-to-action\" data-id=\"4af3a26\" data-element_type=\"widget\" data-e-type=\"widget\" data-widget_type=\"call-to-action.default\">\n\t\t\t\t<div class=\"elementor-widget-container\">\n\t\t\t\t\t\t\t<a class=\"elementor-cta\" href=\"https:\/\/elicsgroup.com\/en\/ab-orlen-lietuva-2\/\">\n\t\t\t\t\t<div class=\"elementor-cta__bg-wrapper\">\n\t\t\t\t<div class=\"elementor-cta__bg elementor-bg\" style=\"background-image: url(https:\/\/elicsgroup.com\/wp-content\/uploads\/2025\/03\/https-_blogs-images.forbes.com_markvenables_files_2018_12_Future-Downstream-1200x676-1.jpg);\" role=\"img\" aria-label=\"https-_blogs-images.forbes.com_markvenables_files_2018_12_Future-Downstream-1200x676-1\"><\/div>\n\t\t\t\t<div class=\"elementor-cta__bg-overlay\"><\/div>\n\t\t\t<\/div>\n\t\t\t\t\t\t\t<div class=\"elementor-cta__content\">\n\t\t\t\t\n\t\t\t\t\t\t\t\t\t<h2 class=\"elementor-cta__title elementor-cta__content-item elementor-content-item\">\n\t\t\t\t\t\tAB ORLEN Lietuva\t\t\t\t\t<\/h2>\n\t\t\t\t\n\t\t\t\t\t\t\t\t\t<div class=\"elementor-cta__description elementor-cta__content-item elementor-content-item\">\n\t\t\t\t\t\t<p>Client: AB ORLEN Lietuva Customer: UAB &#8220;TEC Consulting&#8221; Ma\u017eeiki\u0173 g.\t\t\t\t\t<\/div>\n\t\t\t\t\n\t\t\t\t\t\t\t<\/div>\n\t\t\t\t\t\t<\/a>\n\t\t\t\t\t\t<\/div>\n\t\t\t\t<\/div>\n\t\t\t\t\t<\/div>\n\t\t\t\t<\/div>\n\t\t\t\t<\/div>\n\t\t\t\t<div data-elementor-type=\"loop-item\" data-elementor-id=\"806\" class=\"elementor elementor-806 e-loop-item e-loop-item-2406 post-2406 post type-post status-publish format-standard has-post-thumbnail hentry category-facilities tag-ongoing\" data-elementor-post-type=\"elementor_library\" data-custom-edit-handle=\"1\">\n\t\t\t<div class=\"elementor-element elementor-element-cf0bedd e-flex e-con-boxed e-con e-parent\" data-id=\"cf0bedd\" data-element_type=\"container\" data-e-type=\"container\">\n\t\t\t\t\t<div class=\"e-con-inner\">\n\t\t\t\t<div class=\"elementor-element elementor-element-4af3a26 elementor-cta--skin-cover elementor-cta--valign-bottom floating-effect elementor-widget elementor-widget-call-to-action\" data-id=\"4af3a26\" data-element_type=\"widget\" data-e-type=\"widget\" data-widget_type=\"call-to-action.default\">\n\t\t\t\t<div class=\"elementor-widget-container\">\n\t\t\t\t\t\t\t<a class=\"elementor-cta\" href=\"https:\/\/elicsgroup.com\/en\/uab-vilniaus-cogeneracine-jegaine\/\">\n\t\t\t\t\t<div class=\"elementor-cta__bg-wrapper\">\n\t\t\t\t<div class=\"elementor-cta__bg elementor-bg\" style=\"background-image: url(https:\/\/elicsgroup.com\/wp-content\/uploads\/2025\/03\/ruduo-2023-10-1024x682.jpg);\" role=\"img\" aria-label=\"ruduo-2023-10\"><\/div>\n\t\t\t\t<div class=\"elementor-cta__bg-overlay\"><\/div>\n\t\t\t<\/div>\n\t\t\t\t\t\t\t<div class=\"elementor-cta__content\">\n\t\t\t\t\n\t\t\t\t\t\t\t\t\t<h2 class=\"elementor-cta__title elementor-cta__content-item elementor-content-item\">\n\t\t\t\t\t\tUAB &#8220;VILNIAUS COGENERACIN\u0116 J\u0116GAIN\u0116&#8221;\t\t\t\t\t<\/h2>\n\t\t\t\t\n\t\t\t\t\t\t\t\t\t<div class=\"elementor-cta__description elementor-cta__content-item elementor-content-item\">\n\t\t\t\t\t\t<p>Client: UAB &#8220;VILNIAUS KOGENERACIN\u0116 JOGENERACIN\u0116&#8221;, Jo\u010dioni\u0173 str. 13, LT-02300 Vilnius\t\t\t\t\t<\/div>\n\t\t\t\t\n\t\t\t\t\t\t\t<\/div>\n\t\t\t\t\t\t<\/a>\n\t\t\t\t\t\t<\/div>\n\t\t\t\t<\/div>\n\t\t\t\t\t<\/div>\n\t\t\t\t<\/div>\n\t\t\t\t<\/div>\n\t\t\t\t<\/div>\n\t\t\t\t\t<span class=\"e-load-more-spinner\">\n\t\t\t\t<svg aria-hidden=\"true\" class=\"e-font-icon-svg e-fas-spinner\" viewBox=\"0 0 512 512\" xmlns=\"http:\/\/www.w3.org\/2000\/svg\"><path d=\"M304 48c0 26.51-21.49 48-48 48s-48-21.49-48-48 21.49-48 48-48 48 21.49 48 48zm-48 368c-26.51 0-48 21.49-48 48s21.49 48 48 48 48-21.49 48-48-21.49-48-48-48zm208-208c-26.51 0-48 21.49-48 48s21.49 48 48 48 48-21.49 48-48-21.49-48-48-48zM96 256c0-26.51-21.49-48-48-48S0 229.49 0 256s21.49 48 48 48 48-21.49 48-48zm12.922 99.078c-26.51 0-48 21.49-48 48s21.49 48 48 48 48-21.49 48-48c0-26.509-21.491-48-48-48zm294.156 0c-26.51 0-48 21.49-48 48s21.49 48 48 48 48-21.49 48-48c0-26.509-21.49-48-48-48zM108.922 60.922c-26.51 0-48 21.49-48 48s21.49 48 48 48 48-21.49 48-48-21.491-48-48-48z\"><\/path><\/svg>\t\t\t<\/span>\n\t\t\n\t\t\t\t\t\t<\/div>\n\t\t\t\t<\/div>\n\t\t\t\t\t<\/div>\n\t\t\t\t<\/div>\n\t\t\t\t<\/div>\n\t\t","protected":false},"excerpt":{"rendered":"<p>Baigtas Vykdomas All<\/p>\n","protected":false},"author":1,"featured_media":0,"parent":0,"menu_order":27,"comment_status":"closed","ping_status":"closed","template":"elementor_header_footer","meta":{"_acf_changed":false,"footnotes":""},"class_list":["post-2335","page","type-page","status-publish","hentry"],"acf":[],"_links":{"self":[{"href":"https:\/\/elicsgroup.com\/en\/wp-json\/wp\/v2\/pages\/2335","targetHints":{"allow":["GET"]}}],"collection":[{"href":"https:\/\/elicsgroup.com\/en\/wp-json\/wp\/v2\/pages"}],"about":[{"href":"https:\/\/elicsgroup.com\/en\/wp-json\/wp\/v2\/types\/page"}],"author":[{"embeddable":true,"href":"https:\/\/elicsgroup.com\/en\/wp-json\/wp\/v2\/users\/1"}],"replies":[{"embeddable":true,"href":"https:\/\/elicsgroup.com\/en\/wp-json\/wp\/v2\/comments?post=2335"}],"version-history":[{"count":1,"href":"https:\/\/elicsgroup.com\/en\/wp-json\/wp\/v2\/pages\/2335\/revisions"}],"predecessor-version":[{"id":2336,"href":"https:\/\/elicsgroup.com\/en\/wp-json\/wp\/v2\/pages\/2335\/revisions\/2336"}],"wp:attachment":[{"href":"https:\/\/elicsgroup.com\/en\/wp-json\/wp\/v2\/media?parent=2335"}],"curies":[{"name":"wp","href":"https:\/\/api.w.org\/{rel}","templated":true}]}}