{"id":2026,"date":"2025-03-06T14:28:09","date_gmt":"2025-03-06T12:28:09","guid":{"rendered":"https:\/\/elicsgroup.com\/cart\/"},"modified":"2026-01-09T14:17:30","modified_gmt":"2026-01-09T12:17:30","slug":"cart","status":"publish","type":"page","link":"https:\/\/elicsgroup.com\/en\/cart\/","title":{"rendered":"Cart"},"content":{"rendered":"\n<div data-block-name=\"woocommerce\/cart\" class=\"wp-block-woocommerce-cart alignwide is-loading\">\n<div data-block-name=\"woocommerce\/filled-cart-block\" class=\"wp-block-woocommerce-filled-cart-block\">\n<div data-block-name=\"woocommerce\/cart-items-block\" class=\"wp-block-woocommerce-cart-items-block\">\n<div data-block-name=\"woocommerce\/cart-line-items-block\" class=\"wp-block-woocommerce-cart-line-items-block\"><\/div>\n\n\n\n<div data-block-name=\"woocommerce\/cart-cross-sells-block\" class=\"wp-block-woocommerce-cart-cross-sells-block\">\n<h2 class=\"wp-block-heading has-large-font-size\">You may be interested in\u2026<\/h2>\n\n\n\n<div data-block-name=\"woocommerce\/cart-cross-sells-products-block\" class=\"wp-block-woocommerce-cart-cross-sells-products-block\"><\/div>\n<\/div>\n<\/div>\n\n\n\n<div data-block-name=\"woocommerce\/cart-totals-block\" class=\"wp-block-woocommerce-cart-totals-block\">\n<div data-block-name=\"woocommerce\/cart-order-summary-block\" class=\"wp-block-woocommerce-cart-order-summary-block\">\n<div data-block-name=\"woocommerce\/cart-order-summary-heading-block\" class=\"wp-block-woocommerce-cart-order-summary-heading-block\"><\/div><div data-block-name=\"woocommerce\/cart-order-summary-coupon-form-block\" class=\"wp-block-woocommerce-cart-order-summary-coupon-form-block\"><\/div><div data-block-name=\"woocommerce\/cart-order-summary-totals-block\" class=\"wp-block-woocommerce-cart-order-summary-totals-block\">\n<div data-block-name=\"woocommerce\/cart-order-summary-subtotal-block\" class=\"wp-block-woocommerce-cart-order-summary-subtotal-block\"><\/div>\n<div data-block-name=\"woocommerce\/cart-order-summary-discount-block\" class=\"wp-block-woocommerce-cart-order-summary-discount-block\"><\/div>\n<div data-block-name=\"woocommerce\/cart-order-summary-fee-block\" class=\"wp-block-woocommerce-cart-order-summary-fee-block\"><\/div>\n<div data-block-name=\"woocommerce\/cart-order-summary-shipping-block\" class=\"wp-block-woocommerce-cart-order-summary-shipping-block\"><\/div>\n<div data-block-name=\"woocommerce\/cart-order-summary-taxes-block\" class=\"wp-block-woocommerce-cart-order-summary-taxes-block\"><\/div><\/div>\n<\/div>\n\n\n\n<div data-block-name=\"woocommerce\/cart-express-payment-block\" class=\"wp-block-woocommerce-cart-express-payment-block\"><\/div>\n\n\n\n<div data-block-name=\"woocommerce\/proceed-to-checkout-block\" class=\"wp-block-woocommerce-proceed-to-checkout-block\"><\/div>\n\n\n\n<div data-block-name=\"woocommerce\/cart-accepted-payment-methods-block\" class=\"wp-block-woocommerce-cart-accepted-payment-methods-block\"><\/div>\n<\/div>\n<\/div>\n\n\n\n<div data-block-name=\"woocommerce\/empty-cart-block\" class=\"wp-block-woocommerce-empty-cart-block\">\n<h2 class=\"wp-block-heading has-text-align-center with-empty-cart-icon wc-block-cart__empty-cart__title\">J\u016bs\u0173 krep\u0161elis kol kas tu\u0161\u010dias.<\/h2>\n\n\n\n<hr class=\"wp-block-separator has-alpha-channel-opacity is-style-dots\"\/>\n\n\n\n<h2 class=\"wp-block-heading has-text-align-center\">Naujausi produktai<\/h2>\n\n\n<div data-block-name=\"woocommerce\/product-new\" data-columns=\"4\" data-rows=\"1\" class=\"wc-block-grid wp-block-product-new wp-block-woocommerce-product-new wc-block-product-new has-4-columns\"><ul class=\"wc-block-grid__products\"><li class=\"wc-block-grid__product\">\n\t\t\t\t<a href=\"https:\/\/elicsgroup.com\/en\/produktas\/test-product\/\" class=\"wc-block-grid__product-link\">\n\t\t\t\t\t\n\t\t\t\t\t<div class=\"wc-block-grid__product-image\"><img fetchpriority=\"high\" decoding=\"async\" width=\"800\" height=\"600\" src=\"https:\/\/elicsgroup.com\/wp-content\/uploads\/woocommerce-placeholder-800x600.png\" class=\"woocommerce-placeholder wp-post-image\" alt=\"\" \/><\/div>\n\t\t\t\t\t<div class=\"wc-block-grid__product-title\">Test Product<\/div>\n\t\t\t\t<\/a>\n\t\t\t\t<div class=\"wc-block-grid__product-price price\"><span class=\"woocommerce-Price-amount amount\">10,00&nbsp;<span class=\"woocommerce-Price-currencySymbol\">&euro;<\/span><\/span><\/div>\n\t\t\t\t\n\t\t\t\t<div class=\"wp-block-button wc-block-grid__product-add-to-cart\"><a href=\"\/en\/wp-json\/wp\/v2\/pages\/2026?add-to-cart=3050\" aria-label=\"Add to cart: &ldquo;Test Product&rdquo;\" data-quantity=\"1\" data-product_id=\"3050\" data-product_sku=\"prod-001-lt\" data-price=\"10\" rel=\"nofollow\" class=\"wp-block-button__link  add_to_cart_button ajax_add_to_cart\">Add to cart<\/a><\/div>\n\t\t\t<\/li><li class=\"wc-block-grid__product\">\n\t\t\t\t<a href=\"https:\/\/elicsgroup.com\/en\/produktas\/miniature-circuit-breaker-1p-c20a-6ka-ac-hyundai-hgd63m1pmcs0000c00020\/\" class=\"wc-block-grid__product-link\">\n\t\t\t\t\t\n\t\t\t\t\t<div class=\"wc-block-grid__product-image\"><img decoding=\"async\" width=\"800\" height=\"600\" src=\"https:\/\/elicsgroup.com\/wp-content\/uploads\/2026\/04\/HGD63M1PMCS0000C00020-800x600.jpg\" class=\"attachment-woocommerce_thumbnail size-woocommerce_thumbnail\" alt=\"Miniature circuit breaker 1P C20A 6kA AC, HYUNDAI HGD63M1PMCS0000C00020\" \/><\/div>\n\t\t\t\t\t<div class=\"wc-block-grid__product-title\">Miniature circuit breaker 1P C20A 6kA AC, HYUNDAI HGD63M1PMCS0000C00020<\/div>\n\t\t\t\t<\/a>\n\t\t\t\t<div class=\"wc-block-grid__product-price price\"><\/div>\n\t\t\t\t\n\t\t\t\t<div class=\"wp-block-button wc-block-grid__product-add-to-cart\"><a href=\"https:\/\/elicsgroup.com\/en\/produktas\/miniature-circuit-breaker-1p-c20a-6ka-ac-hyundai-hgd63m1pmcs0000c00020\/\" aria-label=\"Select options for &ldquo;Miniature circuit breaker 1P C20A 6kA AC, HYUNDAI HGD63M1PMCS0000C00020&rdquo;\" data-quantity=\"1\" data-product_id=\"2900\" data-product_sku=\"E06419\" data-price=\"0\" rel=\"nofollow\" class=\"wp-block-button__link  add_to_cart_button\">Read more<\/a><\/div>\n\t\t\t<\/li><li class=\"wc-block-grid__product\">\n\t\t\t\t<a href=\"https:\/\/elicsgroup.com\/en\/produktas\/slegio-jutiklis-18-601g-0-4-bar-g-1-2-en-837-m12-jungtis\/\" class=\"wc-block-grid__product-link\">\n\t\t\t\t\t\n\t\t\t\t\t<div class=\"wc-block-grid__product-image\"><img decoding=\"async\" width=\"289\" height=\"275\" src=\"https:\/\/elicsgroup.com\/wp-content\/uploads\/2025\/10\/Slegis.png\" class=\"attachment-woocommerce_thumbnail size-woocommerce_thumbnail\" alt=\"Sl\u0117gio jutiklis 18.601G 0-4 bar, G 1\/2&quot; EN 837,  M12 jungtis\" \/><\/div>\n\t\t\t\t\t<div class=\"wc-block-grid__product-title\">Sl\u0117gio jutiklis 18.601G 0-4 bar, G 1\/2&#8243; EN 837,  M12 jungtis<\/div>\n\t\t\t\t<\/a>\n\t\t\t\t<div class=\"wc-block-grid__product-price price\"><span class=\"woocommerce-Price-amount amount\">147,60&nbsp;<span class=\"woocommerce-Price-currencySymbol\">&euro;<\/span><\/span><\/div>\n\t\t\t\t\n\t\t\t\t<div class=\"wp-block-button wc-block-grid__product-add-to-cart\"><a href=\"\/en\/wp-json\/wp\/v2\/pages\/2026?add-to-cart=2686\" aria-label=\"Add to cart: &ldquo;Sl\u0117gio jutiklis 18.601G 0-4 bar, G 1\/2&quot; EN 837,  M12 jungtis&rdquo;\" data-quantity=\"1\" data-product_id=\"2686\" data-product_sku=\"\" data-price=\"147.6\" rel=\"nofollow\" class=\"wp-block-button__link  add_to_cart_button ajax_add_to_cart\">Add to cart<\/a><\/div>\n\t\t\t<\/li><li class=\"wc-block-grid__product\">\n\t\t\t\t<a href=\"https:\/\/elicsgroup.com\/en\/produktas\/slegio-jutiklis-18-601g-0-4-bar-g-1-2-en-837-din-jungtis\/\" class=\"wc-block-grid__product-link\">\n\t\t\t\t\t\n\t\t\t\t\t<div class=\"wc-block-grid__product-image\"><img loading=\"lazy\" decoding=\"async\" width=\"276\" height=\"294\" src=\"https:\/\/elicsgroup.com\/wp-content\/uploads\/2025\/10\/17-600.png\" class=\"attachment-woocommerce_thumbnail size-woocommerce_thumbnail\" alt=\"Sl\u0117gio jutiklis 18.601G 0-4 bar, G 1\/2&quot; EN 837,  DIN jungtis\" \/><\/div>\n\t\t\t\t\t<div class=\"wc-block-grid__product-title\">Sl\u0117gio jutiklis 18.601G 0-4 bar, G 1\/2&#8243; EN 837,  DIN jungtis<\/div>\n\t\t\t\t<\/a>\n\t\t\t\t<div class=\"wc-block-grid__product-price price\"><span class=\"woocommerce-Price-amount amount\">142,00&nbsp;<span class=\"woocommerce-Price-currencySymbol\">&euro;<\/span><\/span><\/div>\n\t\t\t\t\n\t\t\t\t<div class=\"wp-block-button wc-block-grid__product-add-to-cart\"><a href=\"\/en\/wp-json\/wp\/v2\/pages\/2026?add-to-cart=2685\" aria-label=\"Add to cart: &ldquo;Sl\u0117gio jutiklis 18.601G 0-4 bar, G 1\/2&quot; EN 837,  DIN jungtis&rdquo;\" data-quantity=\"1\" data-product_id=\"2685\" data-product_sku=\"\" data-price=\"142\" rel=\"nofollow\" class=\"wp-block-button__link  add_to_cart_button ajax_add_to_cart\">Add to cart<\/a><\/div>\n\t\t\t<\/li><\/ul><\/div><\/div>\n<\/div>\n","protected":false},"excerpt":{"rendered":"","protected":false},"author":1,"featured_media":0,"parent":0,"menu_order":28,"comment_status":"closed","ping_status":"closed","template":"","meta":{"_acf_changed":false,"footnotes":""},"class_list":["post-2026","page","type-page","status-publish","hentry"],"acf":[],"_links":{"self":[{"href":"https:\/\/elicsgroup.com\/en\/wp-json\/wp\/v2\/pages\/2026","targetHints":{"allow":["GET"]}}],"collection":[{"href":"https:\/\/elicsgroup.com\/en\/wp-json\/wp\/v2\/pages"}],"about":[{"href":"https:\/\/elicsgroup.com\/en\/wp-json\/wp\/v2\/types\/page"}],"author":[{"embeddable":true,"href":"https:\/\/elicsgroup.com\/en\/wp-json\/wp\/v2\/users\/1"}],"replies":[{"embeddable":true,"href":"https:\/\/elicsgroup.com\/en\/wp-json\/wp\/v2\/comments?post=2026"}],"version-history":[{"count":2,"href":"https:\/\/elicsgroup.com\/en\/wp-json\/wp\/v2\/pages\/2026\/revisions"}],"predecessor-version":[{"id":2703,"href":"https:\/\/elicsgroup.com\/en\/wp-json\/wp\/v2\/pages\/2026\/revisions\/2703"}],"wp:attachment":[{"href":"https:\/\/elicsgroup.com\/en\/wp-json\/wp\/v2\/media?parent=2026"}],"curies":[{"name":"wp","href":"https:\/\/api.w.org\/{rel}","templated":true}]}}